{"id":4615,"date":"2025-10-23T03:37:54","date_gmt":"2025-10-23T03:37:54","guid":{"rendered":"https:\/\/getcreamjet.com\/product\/carregador-de-natas-creamjet-2000g-original\/"},"modified":"2025-10-23T03:37:54","modified_gmt":"2025-10-23T03:37:54","slug":"carregador-de-natas-creamjet-2000g-original","status":"publish","type":"product","link":"https:\/\/getcreamjet.com\/pt-pt\/produto\/carregador-de-natas-creamjet-2000g-original\/","title":{"rendered":"Carregador de Natas CreamJet 2000g Original"},"content":{"rendered":"<h2>Tanque de Natas Batidas Original CreamJet 2000g<\/h2>\n<h4><strong>Tanque de \u00d3xido Nitroso Grau Alimentar Premium \u2022 99.99% de Pureza \u2022 Cilindro de Grande Capacidade para Uso Profissional<!-- notionvc: a0b8e79f-0fe8-4f7d-b52d-fd3821a90413 --><\/strong><\/h4>\n<p data-start=\"406\" data-end=\"885\">Apresentamos o Cartucho Original CreamJet 2000 g \/ 3.3 L &#8211; o nosso tanque monstro concebido para cozinhas de alto volume, caf\u00e9s, padarias, catering e locais de eventos. Quando se trata de volume combinado com qualidade, esta   m\u00e1quina \u00e9 perfeita para fornecer ambos: grande capacidade com \u00f3xido nitroso limpo e de grau alimentar. Fabricada com rigoroso controlo de qualidade e protocolos de seguran\u00e7a,   pode ter a certeza de que com o cilindro grande da CreamJet nunca ficar\u00e1  sem \u00f3xido nitroso quando o neg\u00f3cio estiver no auge, al\u00e9m de fornecer sempre natas batidas leves, est\u00e1veis e livres de sabores estranhos.<\/p>\n<hr data-start=\"887\" data-end=\"890\">\n<h4 data-start=\"892\" data-end=\"927\">Principais Caracter\u00edsticas e Especifica\u00e7\u00f5es T\u00e9cnicas<\/h4>\n<div class=\"_tableContainer_1rjym_1\">\n<div class=\"_tableWrapper_1rjym_13 group flex w-fit flex-col-reverse\" tabindex=\"-1\">\n<table class=\"w-fit min-w-(--thread-content-width)\" data-start=\"929\" data-end=\"1947\">\n<thead data-start=\"929\" data-end=\"950\">\n<tr data-start=\"929\" data-end=\"950\">\n<th data-start=\"929\" data-end=\"939\" data-col-size=\"sm\">Caracter\u00edstica<\/th>\n<th data-start=\"939\" data-end=\"950\" data-col-size=\"lg\">Detalhes<\/th>\n<\/tr>\n<\/thead>\n<tbody data-start=\"961\" data-end=\"1947\">\n<tr data-start=\"961\" data-end=\"1058\">\n<td data-start=\"961\" data-end=\"987\" data-col-size=\"sm\">Peso \/ Volume do G\u00e1s<\/td>\n<p><strong data-start=\"963\" data-end=\"986\"><\/p>\n<td data-start=\"987\" data-end=\"1058\" data-col-size=\"lg\">2000 gramas de N2O, Volume de \u00c1gua: aproximadamente 3.3 litros<\/td>\n<p><\/strong><br \/>\n<\/tr>\n<tr data-start=\"1059\" data-end=\"1188\">\n<td data-start=\"1059\" data-end=\"1072\" data-col-size=\"sm\">Pureza<\/td>\n<td data-start=\"1072\" data-end=\"1188\" data-col-size=\"lg\">\u2265 99.99% N2O de grau alimentar \u2014 pureza ultra-alta para proporcionar sabor limpo, textura suave e natas batidas est\u00e1veis<\/td>\n<\/tr>\n<tr data-start=\"1189\" data-end=\"1384\">\n<td data-start=\"1189\" data-end=\"1221\" data-col-size=\"sm\">Normas e Certifica\u00e7\u00e3o\n<\/td>\n<td data-start=\"1221\" data-end=\"1384\" data-col-size=\"lg\">Fabricado sob ISO-9001 \/ ISO-9002 (ou sistemas europeus de seguran\u00e7a e qualidade equivalentes), testado de acordo com as normas EN \/ Europeias relevantes (ex: EN ISO 11118 ou similar)<\/td>\n<\/tr>\n<tr data-start=\"1385\" data-end=\"1534\">\n<td data-start=\"1385\" data-end=\"1409\" data-col-size=\"sm\">Material e Revestimento\n<\/td>\n<td data-start=\"1409\" data-end=\"1534\" data-col-size=\"lg\">Cilindro robusto de a\u00e7o ou metal ferroso, descart\u00e1vel mas recicl\u00e1vel; projetado para durabilidade e seguran\u00e7a sob alta press\u00e3o<\/td>\n<\/tr>\n<tr data-start=\"1535\" data-end=\"1679\">\n<td data-start=\"1535\" data-end=\"1565\" data-col-size=\"sm\">Press\u00e3o de Trabalho e Teste\n<\/td>\n<td data-start=\"1565\" data-end=\"1679\" data-col-size=\"lg\">Press\u00e3o de trabalho t\u00edpica ~ 110-120 bar, press\u00e3o de teste mais alta (ex: 165 bar ou mais) para garantir margens de seguran\u00e7a<\/td>\n<\/tr>\n<tr data-start=\"1680\" data-end=\"1792\">\n<td data-start=\"1680\" data-end=\"1697\" data-col-size=\"sm\">Dimens\u00f5es\n<\/td>\n<td data-start=\"1697\" data-end=\"1792\" data-col-size=\"lg\">(Aproximadas) di\u00e2metro ~ 105 mm, altura ~ 540 mm (varia ligeiramente consoante o design da embalagem)<\/td>\n<\/tr>\n<tr data-start=\"1793\" data-end=\"1947\">\n<td data-start=\"1793\" data-end=\"1818\" data-col-size=\"sm\">V\u00e1lvula \/ Conex\u00e3o<\/td>\n<td data-col-size=\"lg\" data-start=\"1818\" data-end=\"1947\">V\u00e1lvula padr\u00e3o (ex: M11x1 ou similar), compat\u00edvel com reguladores \/ adaptadores de press\u00e3o usados para sif\u00f5es e dispensadores de natas<\/td>\n<\/tr>\n<\/tbody>\n<\/table>\n<\/div>\n<\/div>\n<hr data-start=\"1949\" data-end=\"1952\">\n<h4 data-start=\"1954\" data-end=\"1979\">Benef\u00edcios e Casos de Uso<\/h4>\n<ul data-start=\"1981\" data-end=\"2855\">\n<li data-start=\"1981\" data-end=\"2191\">\n<p data-start=\"1983\" data-end=\"2191\">Enorme Sa\u00edda: Equivalente a muitas dezenas de pequenos cartuchos de 8 g \u2014 perfeito para caf\u00e9s, cami\u00f5es de catering ou confeitarias movimentadas. Estes usos exigir\u00e3o menos cilindros no geral, o que reduzir\u00e1 o armazenamento, os custos e o desperd\u00edcio. <\/p>\n<\/li>\n<li data-start=\"2192\" data-end=\"2396\">\n<p data-start=\"2194\" data-end=\"2396\">Confiabilidade Durante Alta Demanda: Quer se trate de uma produ\u00e7\u00e3o de sobremesas de alto volume, servi\u00e7o cont\u00ednuo num caf\u00e9 ou eventos de servi\u00e7o com alta demanda, este tanque de nitroso     fornece a sa\u00edda de nitroso sem necessidade de trocar os cartuchos.<\/p>\n<\/li>\n<li data-start=\"2397\" data-end=\"2540\">\n<p data-start=\"2399\" data-end=\"2540\">Econ\u00f3mico: Quando medido por por\u00e7\u00e3o, os cilindros grandes reduzem drasticamente o custo do g\u00e1s por uso em compara\u00e7\u00e3o com os pequenos carregadores individuais.<\/p>\n<\/li>\n<li data-start=\"2541\" data-end=\"2730\">\n<p data-start=\"2543\" data-end=\"2730\">Desempenho Confi\u00e1vel: Com alta pureza e fabrica\u00e7\u00e3o de precis\u00e3o, pode geralmente esperar estabilidade de espuma confi\u00e1vel, recupera\u00e7\u00e3o r\u00e1pida p\u00f3s-dispensa\u00e7\u00e3o e m\u00ednimo met\u00e1lico ou nenhum sabor residual forte.<\/p>\n<\/li>\n<li data-start=\"2731\" data-end=\"2855\">\n<p data-start=\"2733\" data-end=\"2855\">Seguro e em Conformidade: Passa em testes de seguran\u00e7a rigorosos e normas regulamentares de materiais para torn\u00e1-lo a op\u00e7\u00e3o mais segura, f\u00e1cil e em conformidade para os utilizadores.<\/p>\n<\/li>\n<\/ul>\n<hr data-start=\"2857\" data-end=\"2860\">\n<h4 data-start=\"2862\" data-end=\"2879\">A Quem se Destina<\/h4>\n<ul data-start=\"2881\" data-end=\"3111\">\n<li data-start=\"2881\" data-end=\"2934\">\n<p data-start=\"2883\" data-end=\"2934\">Profissionais de culin\u00e1ria, pastelarias, caf\u00e9s de doces<\/p>\n<\/li>\n<li data-start=\"2935\" data-end=\"2998\">\n<p data-start=\"2937\" data-end=\"2998\">Cadeias de Cafetarias com bebidas de natas batidas frequentes servidas diariamente<\/p>\n<\/li>\n<li data-start=\"2999\" data-end=\"3035\">\n<p data-start=\"3001\" data-end=\"3035\">Empresas de catering e food trucks<\/p>\n<\/li>\n<li data-start=\"3036\" data-end=\"3111\">\n<p data-start=\"3038\" data-end=\"3111\">Locais de eventos que requerem grandes quantidades de outputs distintos de alta qualidade<\/p>\n<\/li>\n<\/ul>\n<hr data-start=\"3113\" data-end=\"3116\">\n<h4 data-start=\"3118\" data-end=\"3133\">Dicas de Uso<\/h4>\n<ul data-start=\"3135\" data-end=\"3514\">\n<li data-start=\"3135\" data-end=\"3249\">\n<p data-start=\"3137\" data-end=\"3249\">Use com um regulador de press\u00e3o ou adaptador de g\u00e1s (para tanques de g\u00e1s de maior volume) para controlar o g\u00e1s libertado por dispensa\u00e7\u00e3o.<\/p>\n<\/li>\n<li data-start=\"3250\" data-end=\"3343\">\n<p data-start=\"3252\" data-end=\"3343\">Mantenha sempre o cartucho na vertical, num ambiente fresco e seco, sem luz solar direta nem altas temperaturas ambientes por longos per\u00edodos.<\/p>\n<\/li>\n<li data-start=\"3344\" data-end=\"3457\">\n<p data-start=\"3346\" data-end=\"3457\">Certifique-se de que o cartucho \u00e9 compat\u00edvel com o seu dispensador de natas batidas; verifique a compatibilidade do encaixe da mangueira, tamanhos de rosca, tamanhos de v\u00e1lvula e adaptadores de seguran\u00e7a.<\/p>\n<\/li>\n<li data-start=\"3458\" data-end=\"3514\">\n<p data-start=\"3460\" data-end=\"3514\">Agite bem depois de o g\u00e1s estar dentro do dispensador para obter a textura ideal.<\/p>\n<\/li>\n<\/ul>\n<hr data-start=\"3516\" data-end=\"3519\">\n<h4 data-start=\"3521\" data-end=\"3588\">Quem gostaria de usar o cartucho de grande formato da CreamJet em compara\u00e7\u00e3o com recipientes menores para natas batidas?<\/h4>\n<ul data-start=\"3590\" data-end=\"3905\">\n<li data-start=\"3590\" data-end=\"3689\">\n<p data-start=\"3592\" data-end=\"3689\">Abastece os tanques de g\u00e1s muito menos vezes: um tanque de 2000 g pode substituir &#8211; dezenas e dezenas &#8211; de carregadores padr\u00e3o de 8 g.<\/p>\n<\/li>\n<li data-start=\"3690\" data-end=\"3760\">\n<p data-start=\"3692\" data-end=\"3760\">Menos tempo de servi\u00e7o ocupado obstru\u00eddo: fornecimento di\u00e1rio mais consistente.<\/p>\n<\/li>\n<li data-start=\"3761\" data-end=\"3813\">\n<p data-start=\"3763\" data-end=\"3813\">Menor custo por uso para produ\u00e7\u00e3o de trabalho eficiente em termos de custo e desperd\u00edcio de embalagem.<\/p>\n<\/li>\n<li data-start=\"3814\" data-end=\"3905\">\n<p data-start=\"3816\" data-end=\"3905\">Padr\u00e3o mant\u00e9m a qualidade CreamJet: mesma alta pureza, mesmo desempenho, produ\u00e7\u00e3o em escala.<\/p>\n<\/li>\n<\/ul>\n<hr data-start=\"3907\" data-end=\"3910\">\n<h4 data-start=\"3912\" data-end=\"3934\">Liga\u00e7\u00f5es e Recursos<\/h4>\n<ul data-start=\"3936\" data-end=\"4289\">\n<li data-start=\"4053\" data-end=\"4169\">\n<p data-start=\"4055\" data-end=\"4169\">Compare com o nosso <a href=\"https:\/\/getcreamjet.com\/pt-pt\/produto\/creamjet-640g-original-garrafa-de-chantilly\/\">Cartucho Original de 640 g<\/a> para uso em menor escala<\/p>\n<\/li>\n<li data-start=\"4170\" data-end=\"4289\">\n<p data-start=\"4172\" data-end=\"4289\">N\u00e3o tem a certeza de quantos precisar\u00e1 para um evento? Experimente a nossa <a class=\"decorated-link cursor-pointer\" href=\"https:\/\/getcreamjet.com\/whipped-cream-charger-calculator\/\" rel=\"noopener\" data-start=\"4224\" data-end=\"4289\">Calculadora de Uso de Carregadores de Natas<\/a> <\/p>\n<\/li>\n<\/ul>\n<p data-start=\"4291\" data-end=\"4347\">Para inspira\u00e7\u00e3o, receitas e melhores pr\u00e1ticas, consulte:<\/p>\n<ul data-start=\"4349\" data-end=\"4696\">\n<li data-start=\"4349\" data-end=\"4446\">\n<p data-start=\"4351\" data-end=\"4446\"><a class=\"decorated-link cursor-pointer\" href=\"https:\/\/www.seriouseats.com\/super-thick-fruity-whipped-cream-recipe\" target=\"_new\" rel=\"noopener\" data-start=\"4351\" data-end=\"4444\">Serious Eats \u2013 Receita de Natas Batidas Frutadas Super Grossas<\/a><\/p>\n<\/li>\n<li data-start=\"4349\" data-end=\"4446\"><a href=\"https:\/\/www.seriouseats.com\/the-science-of-whipped-cream-butter-creme-fraiche\">Serious Eats &#8211; Ci\u00eancia da Nata: Bater, Manteiga e Al\u00e9m<\/a><\/li>\n<li data-start=\"4447\" data-end=\"4571\">\n<p data-start=\"4449\" data-end=\"4571\"><a class=\"decorated-link cursor-pointer\" href=\"https:\/\/www.thespruceeats.com\/dessert-4162795\" target=\"_new\" rel=\"noopener\" data-start=\"4449\" data-end=\"4569\">The Spruce Eats \u2013 Receitas de Natas Batidas Caseiras<\/a><\/p>\n<\/li>\n<li data-start=\"4572\" data-end=\"4696\">\n<p data-start=\"4574\" data-end=\"4696\"><a class=\"decorated-link cursor-pointer\" href=\"https:\/\/www.tasteofhome.com\/recipes\/sweetened-whipped-cream\/\" target=\"_new\" rel=\"noopener\" data-start=\"4574\" data-end=\"4694\">Taste of Home \u2013 Natas Batidas Caseiras<\/a><\/p>\n<\/li>\n<li data-start=\"4572\" data-end=\"4696\"><a href=\"https:\/\/www.inspiredtaste.net\/55823\/whipped-cream\/\">InspiredTaste &#8211; Natas Batidas Perfeitas<\/a><\/li>\n<li data-start=\"4572\" data-end=\"4696\"><a href=\"https:\/\/sallysbakingaddiction.com\/homemade-whipped-cream\/\">Sally&#8217;s Baking &#8211; Natas Batidas Caseiras<\/a><\/li>\n<\/ul>\n<h4 data-start=\"4703\" data-end=\"4715\"><\/h4>\n<p data-start=\"4717\" data-end=\"5044\">Se a sua opera\u00e7\u00e3o requer volume significativo, qualidade consistente e efici\u00eancia de custos, o Tanque Original N2O CreamJet 2000 g \u00e9 o que voc\u00ea precisa. \u00c9 capaz de um desempenho profissional sem sacrificar a pureza ou a seguran\u00e7a.  CreamJet d\u00e1-lhe o poder a granel \u2014 sempre \u00e0 m\u00e3o para criar excel\u00eancia.<\/p>\n","protected":false},"excerpt":{"rendered":"<p>Carregadores de Natas Batidas CreamJet 3.3L \/ 2000g \u2013 Tanque Carregador de Natas de Cilindro Grande \u2013 Sabor Original \u2013 Carregadores de Natas Batidas N2O Grau Alimentar para Dispensadores \u2013 \u00d3xido Nitroso Puro Premium<\/p>\n","protected":false},"featured_media":4737,"comment_status":"open","ping_status":"closed","template":"","meta":{"_uag_custom_page_level_css":"","site-sidebar-layout":"default","site-content-layout":"default","ast-site-content-layout":"default","site-content-style":"default","site-sidebar-style":"default","ast-global-header-display":"","ast-banner-title-visibility":"","ast-main-header-display":"","ast-hfb-above-header-display":"","ast-hfb-below-header-display":"","ast-hfb-mobile-header-display":"","site-post-title":"","ast-breadcrumbs-content":"","ast-featured-img":"","footer-sml-layout":"","ast-disable-related-posts":"","theme-transparent-header-meta":"default","adv-header-id-meta":"","stick-header-meta":"","header-above-stick-meta":"","header-main-stick-meta":"","header-below-stick-meta":"","astra-migrate-meta-layouts":"default","ast-page-background-enabled":"default","ast-page-background-meta":{"desktop":{"background-color":"","background-image":"","background-repeat":"repeat","background-position":"center center","background-size":"auto","background-attachment":"scroll","background-type":"","background-media":"","overlay-type":"","overlay-color":"","overlay-opacity":"","overlay-gradient":""},"tablet":{"background-color":"","background-image":"","background-repeat":"repeat","background-position":"center center","background-size":"auto","background-attachment":"scroll","background-type":"","background-media":"","overlay-type":"","overlay-color":"","overlay-opacity":"","overlay-gradient":""},"mobile":{"background-color":"","background-image":"","background-repeat":"repeat","background-position":"center center","background-size":"auto","background-attachment":"scroll","background-type":"","background-media":"","overlay-type":"","overlay-color":"","overlay-opacity":"","overlay-gradient":""}},"ast-content-background-meta":{"desktop":{"background-color":"var(--ast-global-color-5)","background-image":"","background-repeat":"repeat","background-position":"center center","background-size":"auto","background-attachment":"scroll","background-type":"","background-media":"","overlay-type":"","overlay-color":"","overlay-opacity":"","overlay-gradient":""},"tablet":{"background-color":"var(--ast-global-color-5)","background-image":"","background-repeat":"repeat","background-position":"center center","background-size":"auto","background-attachment":"scroll","background-type":"","background-media":"","overlay-type":"","overlay-color":"","overlay-opacity":"","overlay-gradient":""},"mobile":{"background-color":"var(--ast-global-color-5)","background-image":"","background-repeat":"repeat","background-position":"center center","background-size":"auto","background-attachment":"scroll","background-type":"","background-media":"","overlay-type":"","overlay-color":"","overlay-opacity":"","overlay-gradient":""}}},"product_brand":[],"product_cat":[83],"product_tag":[],"class_list":{"0":"post-4615","1":"product","2":"type-product","3":"status-publish","4":"has-post-thumbnail","6":"product_cat-carregadores-de-n2o-2000g","7":"desktop-align-center","8":"tablet-align-center","9":"mobile-align-center","11":"first","12":"instock","13":"sale","14":"shipping-taxable","15":"purchasable","16":"product-type-variable"},"uagb_featured_image_src":{"full":["https:\/\/getcreamjet.com\/wp-content\/uploads\/2025\/10\/CreamJet-2000g-Original.webp",2048,2048,false],"thumbnail":["https:\/\/getcreamjet.com\/wp-content\/uploads\/2025\/10\/CreamJet-2000g-Original-150x150.webp",150,150,true],"medium":["https:\/\/getcreamjet.com\/wp-content\/uploads\/2025\/10\/CreamJet-2000g-Original-300x300.webp",300,300,true],"medium_large":["https:\/\/getcreamjet.com\/wp-content\/uploads\/2025\/10\/CreamJet-2000g-Original-768x768.webp",768,768,true],"large":["https:\/\/getcreamjet.com\/wp-content\/uploads\/2025\/10\/CreamJet-2000g-Original-1024x1024.webp",1024,1024,true],"1536x1536":["https:\/\/getcreamjet.com\/wp-content\/uploads\/2025\/10\/CreamJet-2000g-Original-1536x1536.webp",1536,1536,true],"2048x2048":["https:\/\/getcreamjet.com\/wp-content\/uploads\/2025\/10\/CreamJet-2000g-Original.webp",2048,2048,false],"woocommerce_thumbnail":["https:\/\/getcreamjet.com\/wp-content\/uploads\/2025\/10\/CreamJet-2000g-Original-300x300.webp",300,300,true],"woocommerce_single":["https:\/\/getcreamjet.com\/wp-content\/uploads\/2025\/10\/CreamJet-2000g-Original-600x600.webp",600,600,true],"woocommerce_gallery_thumbnail":["https:\/\/getcreamjet.com\/wp-content\/uploads\/2025\/10\/CreamJet-2000g-Original-100x100.webp",100,100,true]},"uagb_author_info":{"display_name":"Whipped Chief","author_link":"https:\/\/getcreamjet.com\/pt-pt\/author\/"},"uagb_comment_info":0,"uagb_excerpt":"Carregadores de Natas Batidas CreamJet 3.3L \/ 2000g \u2013 Tanque Carregador de Natas de Cilindro Grande \u2013 Sabor Original \u2013 Carregadores de Natas Batidas N2O Grau Alimentar para Dispensadores \u2013 \u00d3xido Nitroso Puro Premium","_links":{"self":[{"href":"https:\/\/getcreamjet.com\/pt-pt\/wp-json\/wp\/v2\/product\/4615","targetHints":{"allow":["GET"]}}],"collection":[{"href":"https:\/\/getcreamjet.com\/pt-pt\/wp-json\/wp\/v2\/product"}],"about":[{"href":"https:\/\/getcreamjet.com\/pt-pt\/wp-json\/wp\/v2\/types\/product"}],"replies":[{"embeddable":true,"href":"https:\/\/getcreamjet.com\/pt-pt\/wp-json\/wp\/v2\/comments?post=4615"}],"wp:featuredmedia":[{"embeddable":true,"href":"https:\/\/getcreamjet.com\/pt-pt\/wp-json\/wp\/v2\/media\/4737"}],"wp:attachment":[{"href":"https:\/\/getcreamjet.com\/pt-pt\/wp-json\/wp\/v2\/media?parent=4615"}],"wp:term":[{"taxonomy":"product_brand","embeddable":true,"href":"https:\/\/getcreamjet.com\/pt-pt\/wp-json\/wp\/v2\/product_brand?post=4615"},{"taxonomy":"product_cat","embeddable":true,"href":"https:\/\/getcreamjet.com\/pt-pt\/wp-json\/wp\/v2\/product_cat?post=4615"},{"taxonomy":"product_tag","embeddable":true,"href":"https:\/\/getcreamjet.com\/pt-pt\/wp-json\/wp\/v2\/product_tag?post=4615"}],"curies":[{"name":"wp","href":"https:\/\/api.w.org\/{rel}","templated":true}]}}