{"id":4371,"date":"2025-10-31T03:56:40","date_gmt":"2025-10-31T03:56:40","guid":{"rendered":"https:\/\/getcreamjet.com\/product\/creamjet-garrafa-de-oxido-nitroso-3000g-original\/"},"modified":"2025-10-31T03:56:40","modified_gmt":"2025-10-31T03:56:40","slug":"creamjet-garrafa-de-oxido-nitroso-3000g-original","status":"publish","type":"product","link":"https:\/\/getcreamjet.com\/pt-pt\/produto\/creamjet-garrafa-de-oxido-nitroso-3000g-original\/","title":{"rendered":"CreamJet Garrafa de \u00d3xido Nitroso 3000g Original"},"content":{"rendered":"<h2>CreamJet Original 4.5L \/ 3000g \u2013 Pot\u00eancia Culin\u00e1ria Pura<\/h2>\n<p data-start=\"175\" data-end=\"338\">Melhore as suas cria\u00e7\u00f5es com a Garrafa de \u00d3xido <strong data-start=\"203\" data-end=\"254\">Nitroso CreamJet Original de 4.5L<\/strong> \u2014 o equil\u00edbrio perfeito entre desempenho, pureza e consist\u00eancia de n\u00edvel profissional.<\/p>\n<p data-start=\"340\" data-end=\"545\">Cheio com 3000g de N2O de qualidade alimentar 99.99%, este potente tanque fornece o equivalente a 375 carregadores padr\u00e3o de 8g, o que o torna um meio de valor imbat\u00edvel que dura tempo suficiente para cozinhas, caf\u00e9s e servi\u00e7os de catering de eventos continuarem a trabalhar.<\/p>\n<h3 data-start=\"552\" data-end=\"575\">\ud83c\udf1f Principais Caracter\u00edsticas<\/h3>\n<p data-start=\"577\" data-end=\"817\">\u2022 G\u00e1s de Qualidade Alimentar Puro a 99.99%<br data-start=\"609\" data-end=\"612\">Desfrute do sabor limpo e neutro sempre. O N2O da CreamJet n\u00e3o tem res\u00edduos ou aditivos &#8211; proporcionando \u00e0 sua nata batida, mousses ou infus\u00f5es uma pureza, suavidade e equil\u00edbrio em todos os aspetos.&#8221; <\/p>\n<p data-start=\"819\" data-end=\"1064\">\u2022 Alta Capacidade. Baixo Desperd\u00edcio!!<br data-start=\"850\" data-end=\"853\">O tanque de 4.5L \/ 3000g foi concebido para minimizar o reabastecimento e maximizar a efici\u00eancia. Cada carga fornece uma sa\u00edda consistente e potente, tornando o tanque ideal para produ\u00e7\u00e3o de sobremesas de alto volume, infus\u00f5es de bebidas ou eventos de catering de grande escala.&#8221; <\/p>\n<p data-start=\"1066\" data-end=\"1273\"><strong data-start=\"1066\" data-end=\"1117\">\u2022 Constru\u00eddo para Profissionais e Criadores Dom\u00e9sticos<\/strong><br data-start=\"1117\" data-end=\"1120\">Quer seja um Chef de Pastelaria, Barista, ou Mixologista Criativo, CreamJet pode simplificar a aplica\u00e7\u00e3o de texturas e obter resultados de qualidade rapidamente em todas as ocasi\u00f5es.&#8221;<\/p>\n<p data-start=\"1275\" data-end=\"1469\"><strong data-start=\"1275\" data-end=\"1304\">\u2022 Compatibilidade Universal<\/strong><br data-start=\"1304\" data-end=\"1307\">Concebido para funcionar com a maioria dos dispensadores e reguladores de natas batidas padr\u00e3o. Um sistema de v\u00e1lvula cuidadosamente projetado liberta o g\u00e1s suavemente, enquanto oferece ao utilizador controlo e    sa\u00edda total de g\u00e1s com o m\u00ednimo de fugas, permitindo a m\u00e1xima precis\u00e3o.<\/p>\n<p data-start=\"1471\" data-end=\"1693\"><strong data-start=\"1471\" data-end=\"1503\">\u2022 Qualidade e Seguran\u00e7a Certificadas<\/strong><br data-start=\"1503\" data-end=\"1506\">Produzido de acordo com as rigorosas normas ISO 9001 e ISO 9002 para seguran\u00e7a alimentar, qualidade e desempenho. Existem numerosos passos tomados para limpar cada garrafa para fornecer o   resultado mais puro para o consumidor<\/p>\n<h3 data-start=\"1700\" data-end=\"1722\"><strong data-start=\"1707\" data-end=\"1722\">\ud83c\udf70 Perfeito Para<\/strong><\/h3>\n<p data-start=\"1723\" data-end=\"1823\">Nata batida \u2022 Mousses \u2022 Sobremesas \u2022 Molhos \u2022 Cocktails \u2022 Infus\u00e3o Nitro \u2022 Artes de espuma culin\u00e1ria<\/p>\n<p data-start=\"1825\" data-end=\"1992\">De caf\u00e9s a bares de cocktails, CreamJet Original \u00e9 o seu parceiro para bater facilmente, infus\u00e3o suave, ao mesmo tempo que proporciona uso profissional ou de restaurante sempre.<\/p>\n<h3 data-start=\"1999\" data-end=\"2023\"><strong data-start=\"2006\" data-end=\"2023\">\u26a0\ufe0f Aviso de Seguran\u00e7a<\/strong><\/h3>\n<p data-start=\"2024\" data-end=\"2195\">N\u00c3O inale o conte\u00fado. O uso indevido pode ser prejudicial para a sa\u00fade<br data-start=\"2091\" data-end=\"2094\">Retire sempre o bico ap\u00f3s o uso para evitar fugas. Armazene em local fresco e seco, longe da luz solar direta.&#8221; <\/p>\n<hr data-start=\"2197\" data-end=\"2200\">\n<p data-start=\"2202\" data-end=\"2241\"><strong data-start=\"2202\" data-end=\"2241\">CreamJet \u2014 Precis\u00e3o em Cada Batida.<\/strong><\/p>\n","protected":false},"excerpt":{"rendered":"<p>CreamJet Original 3000g(4.5L) fornece N2O de qualidade alimentar puro a 99.99% para nata batida, sobremesas e cocktails suaves e consistentes. Constru\u00eddo para profissionais e criadores dom\u00e9sticos, oferece alta capacidade, compatibilidade universal e seguran\u00e7a certificada ISO. <\/p>\n","protected":false},"featured_media":4729,"comment_status":"open","ping_status":"closed","template":"","meta":{"_uag_custom_page_level_css":"","site-sidebar-layout":"default","site-content-layout":"","ast-site-content-layout":"default","site-content-style":"default","site-sidebar-style":"default","ast-global-header-display":"","ast-banner-title-visibility":"","ast-main-header-display":"","ast-hfb-above-header-display":"","ast-hfb-below-header-display":"","ast-hfb-mobile-header-display":"","site-post-title":"","ast-breadcrumbs-content":"","ast-featured-img":"","footer-sml-layout":"","ast-disable-related-posts":"","theme-transparent-header-meta":"default","adv-header-id-meta":"","stick-header-meta":"","header-above-stick-meta":"","header-main-stick-meta":"","header-below-stick-meta":"","astra-migrate-meta-layouts":"default","ast-page-background-enabled":"default","ast-page-background-meta":{"desktop":{"background-color":"","background-image":"","background-repeat":"repeat","background-position":"center center","background-size":"auto","background-attachment":"scroll","background-type":"","background-media":"","overlay-type":"","overlay-color":"","overlay-opacity":"","overlay-gradient":""},"tablet":{"background-color":"","background-image":"","background-repeat":"repeat","background-position":"center center","background-size":"auto","background-attachment":"scroll","background-type":"","background-media":"","overlay-type":"","overlay-color":"","overlay-opacity":"","overlay-gradient":""},"mobile":{"background-color":"","background-image":"","background-repeat":"repeat","background-position":"center center","background-size":"auto","background-attachment":"scroll","background-type":"","background-media":"","overlay-type":"","overlay-color":"","overlay-opacity":"","overlay-gradient":""}},"ast-content-background-meta":{"desktop":{"background-color":"var(--ast-global-color-5)","background-image":"","background-repeat":"repeat","background-position":"center center","background-size":"auto","background-attachment":"scroll","background-type":"","background-media":"","overlay-type":"","overlay-color":"","overlay-opacity":"","overlay-gradient":""},"tablet":{"background-color":"var(--ast-global-color-5)","background-image":"","background-repeat":"repeat","background-position":"center center","background-size":"auto","background-attachment":"scroll","background-type":"","background-media":"","overlay-type":"","overlay-color":"","overlay-opacity":"","overlay-gradient":""},"mobile":{"background-color":"var(--ast-global-color-5)","background-image":"","background-repeat":"repeat","background-position":"center center","background-size":"auto","background-attachment":"scroll","background-type":"","background-media":"","overlay-type":"","overlay-color":"","overlay-opacity":"","overlay-gradient":""}}},"product_brand":[],"product_cat":[95],"product_tag":[],"class_list":{"0":"post-4371","1":"product","2":"type-product","3":"status-publish","4":"has-post-thumbnail","6":"product_cat-tanques-de-oxido-nitroso-3000g","7":"desktop-align-center","8":"tablet-align-center","9":"mobile-align-center","11":"first","12":"instock","13":"sale","14":"featured","15":"shipping-taxable","16":"purchasable","17":"product-type-variable"},"uagb_featured_image_src":{"full":["https:\/\/getcreamjet.com\/wp-content\/uploads\/2025\/10\/CreamJet-3000g-Original.webp",2048,2048,false],"thumbnail":["https:\/\/getcreamjet.com\/wp-content\/uploads\/2025\/10\/CreamJet-3000g-Original-150x150.webp",150,150,true],"medium":["https:\/\/getcreamjet.com\/wp-content\/uploads\/2025\/10\/CreamJet-3000g-Original-300x300.webp",300,300,true],"medium_large":["https:\/\/getcreamjet.com\/wp-content\/uploads\/2025\/10\/CreamJet-3000g-Original-768x768.webp",768,768,true],"large":["https:\/\/getcreamjet.com\/wp-content\/uploads\/2025\/10\/CreamJet-3000g-Original-1024x1024.webp",1024,1024,true],"1536x1536":["https:\/\/getcreamjet.com\/wp-content\/uploads\/2025\/10\/CreamJet-3000g-Original-1536x1536.webp",1536,1536,true],"2048x2048":["https:\/\/getcreamjet.com\/wp-content\/uploads\/2025\/10\/CreamJet-3000g-Original.webp",2048,2048,false],"woocommerce_thumbnail":["https:\/\/getcreamjet.com\/wp-content\/uploads\/2025\/10\/CreamJet-3000g-Original-300x300.webp",300,300,true],"woocommerce_single":["https:\/\/getcreamjet.com\/wp-content\/uploads\/2025\/10\/CreamJet-3000g-Original-600x600.webp",600,600,true],"woocommerce_gallery_thumbnail":["https:\/\/getcreamjet.com\/wp-content\/uploads\/2025\/10\/CreamJet-3000g-Original-100x100.webp",100,100,true]},"uagb_author_info":{"display_name":"Whipped Chief","author_link":"https:\/\/getcreamjet.com\/pt-pt\/author\/"},"uagb_comment_info":0,"uagb_excerpt":"CreamJet Original 3000g(4.5L) fornece N2O de qualidade alimentar puro a 99.99% para nata batida, sobremesas e cocktails suaves e consistentes. Constru\u00eddo para profissionais e criadores dom\u00e9sticos, oferece alta capacidade, compatibilidade universal e seguran\u00e7a certificada ISO.","_links":{"self":[{"href":"https:\/\/getcreamjet.com\/pt-pt\/wp-json\/wp\/v2\/product\/4371","targetHints":{"allow":["GET"]}}],"collection":[{"href":"https:\/\/getcreamjet.com\/pt-pt\/wp-json\/wp\/v2\/product"}],"about":[{"href":"https:\/\/getcreamjet.com\/pt-pt\/wp-json\/wp\/v2\/types\/product"}],"replies":[{"embeddable":true,"href":"https:\/\/getcreamjet.com\/pt-pt\/wp-json\/wp\/v2\/comments?post=4371"}],"wp:featuredmedia":[{"embeddable":true,"href":"https:\/\/getcreamjet.com\/pt-pt\/wp-json\/wp\/v2\/media\/4729"}],"wp:attachment":[{"href":"https:\/\/getcreamjet.com\/pt-pt\/wp-json\/wp\/v2\/media?parent=4371"}],"wp:term":[{"taxonomy":"product_brand","embeddable":true,"href":"https:\/\/getcreamjet.com\/pt-pt\/wp-json\/wp\/v2\/product_brand?post=4371"},{"taxonomy":"product_cat","embeddable":true,"href":"https:\/\/getcreamjet.com\/pt-pt\/wp-json\/wp\/v2\/product_cat?post=4371"},{"taxonomy":"product_tag","embeddable":true,"href":"https:\/\/getcreamjet.com\/pt-pt\/wp-json\/wp\/v2\/product_tag?post=4371"}],"curies":[{"name":"wp","href":"https:\/\/api.w.org\/{rel}","templated":true}]}}