{"id":4331,"date":"2025-10-23T13:50:53","date_gmt":"2025-10-23T13:50:53","guid":{"rendered":"https:\/\/getcreamjet.com\/product\/creamjet-cream-charger-640g-original\/"},"modified":"2025-11-07T02:23:37","modified_gmt":"2025-11-07T02:23:37","slug":"creamjet-640g-original-garrafa-de-chantilly","status":"publish","type":"product","link":"https:\/\/getcreamjet.com\/pt-pt\/produto\/creamjet-640g-original-garrafa-de-chantilly\/","title":{"rendered":"CreamJet 640g Original Garrafa de Chantilly"},"content":{"rendered":"<h2>CreamJet 640g Original Garrafa de Chantilly<\/h2>\n<h4><strong>Premium N2O Whip Cream Charger Cylinder for Any Whip Cream Dispenser \u2013 Original Flavor \u2013 Food Grade Pure Nitrous Oxide Tank<\/strong><\/h4>\n<p>&nbsp;<\/p>\n<p data-start=\"384\" data-end=\"698\">Introducing the <strong data-start=\"463\" data-end=\"489\">CreamJet 640g canister, <\/strong>the perfect combination of <strong data-start=\"416\" data-end=\"453\">capacity, purity, and convenience<\/strong>. Equivalent to <strong data-start=\"505\" data-end=\"547\">80\u2013100 servings of fresh whipped cream<\/strong>, this mid-size cylinder is great for <strong data-start=\"596\" data-end=\"644\">home bakers, small caf\u00e9s, and event caterers<\/strong> who seek professional results but don&#8217;t have bulk storage capabilities.<\/p>\n<p data-start=\"700\" data-end=\"721\">\u2728 Caracter\u00edsticas principais:<\/p>\n<ul data-start=\"722\" data-end=\"1253\">\n<li data-start=\"722\" data-end=\"817\">\n<p data-start=\"724\" data-end=\"817\">\u2705 640g de N\u2082O Grau Alimentar (pureza 99,99%) \u2013 para chantilly limpo, suave e est\u00e1vel<\/p>\n<\/li>\n<li data-start=\"818\" data-end=\"903\">\n<p data-start=\"820\" data-end=\"903\">\u2705 Popular garrafa leve de 0,95L \u2013 port\u00e1til e eficaz para uso di\u00e1rio<\/p>\n<\/li>\n<li data-start=\"904\" data-end=\"1044\">\n<p data-start=\"906\" data-end=\"1044\">\u2705 Equivalente a 80\u2013100 doses, dependendo do dispensador e textura desejada (<a class=\"decorated-link cursor-pointer\" href=\"https:\/\/getcreamjet.com\/whipped-cream-charger-calculator\/\" rel=\"noopener\" data-start=\"986\" data-end=\"1041\">calcule aqui<\/a>)<\/p>\n<\/li>\n<li data-start=\"1045\" data-end=\"1108\">\n<p data-start=\"1047\" data-end=\"1108\">\u2705 Compat\u00edvel universalmente com dispensadores de chantilly padr\u00e3o<\/p>\n<\/li>\n<li data-start=\"1109\" data-end=\"1174\">\n<p data-start=\"1111\" data-end=\"1174\">\u2705 <strong data-start=\"1113\" data-end=\"1145\">\u00c0 prova de fugas e certificada<\/strong> ISO para seguran\u00e7a e fiabilidade<\/p>\n<\/li>\n<li data-start=\"1175\" data-end=\"1253\">\n<p data-start=\"1177\" data-end=\"1253\">\u2705 Ideal para <strong data-start=\"1189\" data-end=\"1251\">sobremesas, caf\u00e9s, cocktails e infus\u00f5es criativas<\/strong><\/p>\n<\/li>\n<\/ul>\n<p data-start=\"1255\" data-end=\"1466\">\ud83d\udca1 Procura uma op\u00e7\u00e3o menor? Experimente um Dispensador de <a href=\"https:\/\/isi-store.com\/products\/gourmet-whip-1-2-pint\">1\/2 Pint para<\/a> sobremesas r\u00e1pidas ou cilindros <a href=\"\/product\/whip-cream-canister-nitrous-oxide-cylinder-nos-whippet-original-1364g\/\">CreamJet maiores<\/a> para volume profissional.<\/p>\n<p data-start=\"1468\" data-end=\"1825\">Se precisa de mais inspira\u00e7\u00e3o, visite o nosso <a class=\"decorated-link cursor-pointer\" href=\"https:\/\/getcreamjet.com\/pt-pt\/categoria-produto\/sem-categoria\/\" rel=\"noopener\" data-start=\"1498\" data-end=\"1555\">Blog de Receitas<\/a> de Chantilly ou explore guias de sobremesas no <a class=\"decorated-link cursor-pointer\" href=\"https:\/\/www.seriouseats.com\/dessert-recipes-5117878\" target=\"_new\" rel=\"noopener\" data-start=\"1592\" data-end=\"1649\">Serious Eats,<\/a> The <a class=\"decorated-link cursor-pointer\" href=\"https:\/\/www.thespruceeats.com\/american-food-desserts-4162668\" target=\"_new\" rel=\"noopener\" data-start=\"1651\" data-end=\"1738\">Spruce Eats <\/a>e <a class=\"decorated-link cursor-pointer\" href=\"https:\/\/www.tasteofhome.com\/?s=whipped+cream\" target=\"_new\" rel=\"noopener\" data-start=\"1744\" data-end=\"1822\">Taste of Home<\/a>.<\/p>\n<p data-start=\"1827\" data-end=\"2000\">Com o <strong data-start=\"1836\" data-end=\"1871\">CreamJet Original<\/strong>, ter\u00e1 sempre a quantidade perfeita de energia para o seu chantilly \u2013 <strong data-start=\"1945\" data-end=\"1997\">f\u00e1cil de armazenar, simples de usar e sempre delicioso.<\/strong><\/p>\n<p>Use os seus carregadores CreamJet para elevar sobremesas, bebidas e projetos culin\u00e1rios infinitos. Os carregadores CreamJet s\u00e3o produzidos com N\u2082O grau alimentar puro (99,99%) e fabricados sob rigorosos padr\u00f5es ISO 9001 &amp; 9002. Com a CreamJet, pode ter a certeza de que est\u00e1 a usar o carregador da mais alta qualidade, testado para a sua seguran\u00e7a e consist\u00eancia.<\/p>\n<p>Ao contr\u00e1rio dos carregadores descart\u00e1veis, os nossos tanques grandes cont\u00eam g\u00e1s suficiente para v\u00e1rias utiliza\u00e7\u00f5es antes de ser necess\u00e1rio recarregar. Ideal para cozinhas, caf\u00e9s e pasteleiros caseiros que querem efici\u00eancia sem interrup\u00e7\u00f5es. Com CreamJet, pode garantir chantilly fofo e est\u00e1vel para cupcakes, cappuccinos ou at\u00e9 experi\u00eancias em gastronomia molecular \u2014 tudo sem o gosto met\u00e1lico desagrad\u00e1vel comum noutros carregadores.<\/p>\n<h4>\u2728 Porque deve escolher CreamJet:<\/h4>\n<p>\u2705 N\u2082O Ultra Puro (99,99%) para sabor e textura perfeitos<\/p>\n<p>\u2705 Cilindros dur\u00e1veis e \u00e0 prova de fugas<\/p>\n<p>\u2705 Compat\u00edvel com a maioria dos dispensadores (encontre o nosso de 1\/2 pint aqui)<\/p>\n<p>\u2705 Ideal para casa e profissionais<\/p>\n<p>\u2705 Excelente para infus\u00f5es de sabor e cocktails<\/p>\n<p>\ud83d\udca1 Tem um evento grande? O nosso <a href=\"https:\/\/getcreamjet.com\/whipped-cream-charger-calculator\/\">Calculador de Carregadores CreamJet <\/a>permite saber exatamente quantos cilindros precisa para garantir chantilly para todos os convidados.<\/p>\n<p>Com CreamJet, cada espiral de chantilly \u00e9 uma afirma\u00e7\u00e3o de confian\u00e7a!<\/p>\n","protected":false},"excerpt":{"rendered":"<p>Crafted from recyclable stainless steel and filled with pure food-grade N\u2082O, CreamJet 640g Cylinders ensure safe, efficient, and eco-friendly culinary performance.<\/p>\n","protected":false},"featured_media":4733,"comment_status":"open","ping_status":"closed","template":"","meta":{"_uag_custom_page_level_css":"","site-sidebar-layout":"default","site-content-layout":"default","ast-site-content-layout":"default","site-content-style":"default","site-sidebar-style":"default","ast-global-header-display":"","ast-banner-title-visibility":"","ast-main-header-display":"","ast-hfb-above-header-display":"","ast-hfb-below-header-display":"","ast-hfb-mobile-header-display":"","site-post-title":"","ast-breadcrumbs-content":"","ast-featured-img":"","footer-sml-layout":"","ast-disable-related-posts":"","theme-transparent-header-meta":"default","adv-header-id-meta":"","stick-header-meta":"","header-above-stick-meta":"","header-main-stick-meta":"","header-below-stick-meta":"","astra-migrate-meta-layouts":"set","ast-page-background-enabled":"default","ast-page-background-meta":{"desktop":{"background-color":"","background-image":"","background-repeat":"repeat","background-position":"center center","background-size":"auto","background-attachment":"scroll","background-type":"","background-media":"","overlay-type":"","overlay-color":"","overlay-opacity":"","overlay-gradient":""},"tablet":{"background-color":"","background-image":"","background-repeat":"repeat","background-position":"center center","background-size":"auto","background-attachment":"scroll","background-type":"","background-media":"","overlay-type":"","overlay-color":"","overlay-opacity":"","overlay-gradient":""},"mobile":{"background-color":"","background-image":"","background-repeat":"repeat","background-position":"center center","background-size":"auto","background-attachment":"scroll","background-type":"","background-media":"","overlay-type":"","overlay-color":"","overlay-opacity":"","overlay-gradient":""}},"ast-content-background-meta":{"desktop":{"background-color":"var(--ast-global-color-5)","background-image":"","background-repeat":"repeat","background-position":"center center","background-size":"auto","background-attachment":"scroll","background-type":"","background-media":"","overlay-type":"","overlay-color":"","overlay-opacity":"","overlay-gradient":""},"tablet":{"background-color":"var(--ast-global-color-5)","background-image":"","background-repeat":"repeat","background-position":"center center","background-size":"auto","background-attachment":"scroll","background-type":"","background-media":"","overlay-type":"","overlay-color":"","overlay-opacity":"","overlay-gradient":""},"mobile":{"background-color":"var(--ast-global-color-5)","background-image":"","background-repeat":"repeat","background-position":"center center","background-size":"auto","background-attachment":"scroll","background-type":"","background-media":"","overlay-type":"","overlay-color":"","overlay-opacity":"","overlay-gradient":""}}},"product_brand":[],"product_cat":[65],"product_tag":[],"class_list":{"0":"post-4331","1":"product","2":"type-product","3":"status-publish","4":"has-post-thumbnail","6":"product_cat-botijas-de-nata-640g","7":"desktop-align-center","8":"tablet-align-center","9":"mobile-align-center","11":"first","12":"instock","13":"sale","14":"featured","15":"shipping-taxable","16":"purchasable","17":"product-type-variable"},"uagb_featured_image_src":{"full":["https:\/\/getcreamjet.com\/wp-content\/uploads\/2025\/10\/CreamJet-640g-Original.webp",2048,2048,false],"thumbnail":["https:\/\/getcreamjet.com\/wp-content\/uploads\/2025\/10\/CreamJet-640g-Original-150x150.webp",150,150,true],"medium":["https:\/\/getcreamjet.com\/wp-content\/uploads\/2025\/10\/CreamJet-640g-Original-300x300.webp",300,300,true],"medium_large":["https:\/\/getcreamjet.com\/wp-content\/uploads\/2025\/10\/CreamJet-640g-Original-768x768.webp",768,768,true],"large":["https:\/\/getcreamjet.com\/wp-content\/uploads\/2025\/10\/CreamJet-640g-Original-1024x1024.webp",1024,1024,true],"1536x1536":["https:\/\/getcreamjet.com\/wp-content\/uploads\/2025\/10\/CreamJet-640g-Original-1536x1536.webp",1536,1536,true],"2048x2048":["https:\/\/getcreamjet.com\/wp-content\/uploads\/2025\/10\/CreamJet-640g-Original.webp",2048,2048,false],"woocommerce_thumbnail":["https:\/\/getcreamjet.com\/wp-content\/uploads\/2025\/10\/CreamJet-640g-Original-300x300.webp",300,300,true],"woocommerce_single":["https:\/\/getcreamjet.com\/wp-content\/uploads\/2025\/10\/CreamJet-640g-Original-600x600.webp",600,600,true],"woocommerce_gallery_thumbnail":["https:\/\/getcreamjet.com\/wp-content\/uploads\/2025\/10\/CreamJet-640g-Original-100x100.webp",100,100,true]},"uagb_author_info":{"display_name":"Whipped Chief","author_link":"https:\/\/getcreamjet.com\/pt-pt\/author\/"},"uagb_comment_info":0,"uagb_excerpt":"Crafted from recyclable stainless steel and filled with pure food-grade N\u2082O, CreamJet 640g Cylinders ensure safe, efficient, and eco-friendly culinary performance.","_links":{"self":[{"href":"https:\/\/getcreamjet.com\/pt-pt\/wp-json\/wp\/v2\/product\/4331","targetHints":{"allow":["GET"]}}],"collection":[{"href":"https:\/\/getcreamjet.com\/pt-pt\/wp-json\/wp\/v2\/product"}],"about":[{"href":"https:\/\/getcreamjet.com\/pt-pt\/wp-json\/wp\/v2\/types\/product"}],"replies":[{"embeddable":true,"href":"https:\/\/getcreamjet.com\/pt-pt\/wp-json\/wp\/v2\/comments?post=4331"}],"wp:featuredmedia":[{"embeddable":true,"href":"https:\/\/getcreamjet.com\/pt-pt\/wp-json\/wp\/v2\/media\/4733"}],"wp:attachment":[{"href":"https:\/\/getcreamjet.com\/pt-pt\/wp-json\/wp\/v2\/media?parent=4331"}],"wp:term":[{"taxonomy":"product_brand","embeddable":true,"href":"https:\/\/getcreamjet.com\/pt-pt\/wp-json\/wp\/v2\/product_brand?post=4331"},{"taxonomy":"product_cat","embeddable":true,"href":"https:\/\/getcreamjet.com\/pt-pt\/wp-json\/wp\/v2\/product_cat?post=4331"},{"taxonomy":"product_tag","embeddable":true,"href":"https:\/\/getcreamjet.com\/pt-pt\/wp-json\/wp\/v2\/product_tag?post=4331"}],"curies":[{"name":"wp","href":"https:\/\/api.w.org\/{rel}","templated":true}]}}