{"id":4555,"date":"2025-09-23T16:41:47","date_gmt":"2025-09-23T16:41:47","guid":{"rendered":"https:\/\/getcreamjet.com\/become-a-distributor\/"},"modified":"2025-11-11T09:35:27","modified_gmt":"2025-11-11T09:35:27","slug":"become-a-distributor","status":"publish","type":"page","link":"https:\/\/getcreamjet.com\/pt-pt\/become-a-distributor\/","title":{"rendered":"Torne-se um Distribuidor"},"content":{"rendered":"\n<p><strong>Junte-se \u00e0 Fam\u00edlia CreamJet \u2013 Aceda a Pre\u00e7os de Atacado e Fa\u00e7a o Seu Neg\u00f3cio Crescer<\/strong><\/p>\n\n<p>Est\u00e1 pronto para oferecer cilindros de \u00d3xido Nitroso CreamJet de alta qualidade aos seus clientes? Ao tornar-se um distribuidor, ter\u00e1 acesso a pre\u00e7os exclusivos de atacado, suporte dedicado e entrega r\u00e1pida que ajudam o seu neg\u00f3cio a prosperar. <\/p>\n\n<p>Quer dirija uma loja de artigos para festas, um neg\u00f3cio de planeamento de eventos ou uma loja online, a parceria com a CreamJet d\u00e1-lhe a vantagem de ter produtos premium que os clientes adoram.<\/p>\n\n<hr class=\"wp-block-separator has-alpha-channel-opacity\"\/>\n\n<h2 class=\"wp-block-heading\" id=\"h-why-partner-with-creamjet\">Porqu\u00ea Ser Parceiro da CreamJet<\/h2>\n\n<ul class=\"wp-block-list\">\n<li><strong>Pre\u00e7os Exclusivos de Atacado<\/strong>: Desfrute de tarifas especiais concebidas para distribuidores.<\/li>\n\n\n\n<li><strong>Produtos de Alta Qualidade<\/strong>: Cilindros e tanques de g\u00e1s $\\text{N}_2\\text{O}$ padr\u00e3o UE para uso seguro e confi\u00e1vel.<\/li>\n\n\n\n<li><strong>Entrega R\u00e1pida e Confi\u00e1vel:<\/strong> Com o suporte de armaz\u00e9ns locais na UE e nos EUA, pode receber as suas encomendas rapidamente para manter o seu neg\u00f3cio a funcionar sem problemas.<\/li>\n\n\n\n<li>Suporte e Recursos: Materiais de marketing, orienta\u00e7\u00e3o e dicas para aumentar as suas vendas.<\/li>\n<\/ul>\n\n<hr class=\"wp-block-separator has-alpha-channel-opacity\"\/>\n\n<h2 class=\"wp-block-heading\" id=\"h-who-can-become-a-distributor\">Quem Pode Tornar-se um Distribuidor?<\/h2>\n\n<ul class=\"wp-block-list\">\n<li>Lojas de varejo (festas, presentes ou mercadorias em geral), vendas e experi\u00eancia em marketing<\/li>\n\n\n\n<li>Planeadores de eventos e decoradores<\/li>\n\n\n\n<li>Lojas online (Com\u00e9rcio Eletr\u00f3nico) <\/li>\n\n\n\n<li>Compradores a granel \u00e0 procura de um fornecimento consistente e de alta qualidade de garrafas de g\u00e1s \u00f3xido nitroso<\/li>\n<\/ul>\n\n<p>Ao aderir \u00e0 nossa rede de distribui\u00e7\u00e3o, pode oferecer aos seus clientes produtos premium a pre\u00e7os de atacado, aumentando os seus lucros e expandindo a sua gama de produtos.<\/p>\n\n<h2 class=\"wp-block-heading has-text-color has-link-color wp-elements-52f5eabd0dd870eb549ae097c4c72b19\" id=\"h-sell-our-brand-boost-your-profit\" style=\"color:#b7588a\">VENDA A NOSSA MARCA, AUMENTE O SEU LUCRO<\/h2>\n<style id=\"wpforms-css-vars-4506-block-663ad544-de77-4f42-8f92-e55a5a779625\">\n\t\t\t\t#wpforms-4506.wpforms-block-663ad544-de77-4f42-8f92-e55a5a779625 {\n\t\t\t\t--wpforms-label-color: rgba(0, 0, 0, 0.85);\n--wpforms-label-sublabel-color: rgba(0, 0, 0, 0.55);\n--wpforms-field-border-radius: 10px;\n--wpforms-field-border-color: #B7588A;\n--wpforms-field-border-color-spare: #B7588A;\n--wpforms-field-text-color: rgba(0, 0, 0, 0.7);\n--wpforms-button-border-radius: 10px;\n--wpforms-button-background-color: #B7588A;\n--wpforms-background-color: rgba(0, 0, 0, 0);\n--wpforms-field-size-input-height: 43px;\n--wpforms-field-size-input-spacing: 15px;\n--wpforms-field-size-font-size: 16px;\n--wpforms-field-size-line-height: 19px;\n--wpforms-field-size-padding-h: 14px;\n--wpforms-field-size-checkbox-size: 16px;\n--wpforms-field-size-sublabel-spacing: 5px;\n--wpforms-field-size-icon-size: 1;\n--wpforms-label-size-font-size: 16px;\n--wpforms-label-size-line-height: 19px;\n--wpforms-label-size-sublabel-font-size: 14px;\n--wpforms-label-size-sublabel-line-height: 17px;\n--wpforms-button-size-font-size: 20px;\n--wpforms-button-size-height: 48px;\n--wpforms-button-size-padding-h: 20px;\n--wpforms-button-size-margin-top: 15px;\n--wpforms-container-shadow-size-box-shadow: none;\n\t\t\t}\n\t\t\t<\/style><div class=\"wpforms-container wpforms-container-full wpforms-block wpforms-block-663ad544-de77-4f42-8f92-e55a5a779625 wpforms-render-modern\" id=\"wpforms-4506\"><form id=\"wpforms-form-4506\" class=\"wpforms-validate wpforms-form wpforms-ajax-form\" data-formid=\"4506\" method=\"post\" enctype=\"multipart\/form-data\" action=\"\/pt-pt\/wp-json\/wp\/v2\/pages\/4555\" data-token=\"f779c542e3809c4b6551d1cc52e1b19f\" data-token-time=\"1778070831\"><noscript class=\"wpforms-error-noscript\">Please enable JavaScript in your browser to complete this form.<\/noscript><div id=\"wpforms-error-noscript\" style=\"display: none;\">Please enable JavaScript in your browser to complete this form.<\/div><div class=\"wpforms-field-container\"><div id=\"wpforms-4506-field_2-container\" class=\"wpforms-field wpforms-field-layout\" data-field-id=\"2\"><div class=\"wpforms-field-layout-rows wpforms-field-large\"><div class=\"wpforms-layout-row\"><div class=\"wpforms-layout-column wpforms-layout-column-50\"><div id=\"wpforms-4506-field_1-container\" class=\"wpforms-field wpforms-field-text\" data-field-id=\"1\"><label class=\"wpforms-field-label\" for=\"wpforms-4506-field_1\">Nome Completo <span class=\"wpforms-required-label\" aria-hidden=\"true\">*<\/span><\/label><input type=\"text\" id=\"wpforms-4506-field_1\" class=\"wpforms-field-medium wpforms-field-required\" name=\"wpforms[fields][1]\" aria-errormessage=\"wpforms-4506-field_1-error\" required><\/div><\/div><div class=\"wpforms-layout-column wpforms-layout-column-50\"><div id=\"wpforms-4506-field_3-container\" class=\"wpforms-field wpforms-field-email\" data-field-id=\"3\"><label class=\"wpforms-field-label\" for=\"wpforms-4506-field_3\">E-mail <span class=\"wpforms-required-label\" aria-hidden=\"true\">*<\/span><\/label><input type=\"email\" id=\"wpforms-4506-field_3\" class=\"wpforms-field-medium wpforms-field-required\" name=\"wpforms[fields][3]\" spellcheck=\"false\" aria-errormessage=\"wpforms-4506-field_3-error\" required><\/div><\/div><\/div><div class=\"wpforms-layout-row\"><div class=\"wpforms-layout-column wpforms-layout-column-50\"><div id=\"wpforms-4506-field_8-container\" class=\"wpforms-field wpforms-field-text\" data-field-id=\"8\"><label class=\"wpforms-field-label\" for=\"wpforms-4506-field_8\">Cidade <span class=\"wpforms-required-label\" aria-hidden=\"true\">*<\/span><\/label><input type=\"text\" id=\"wpforms-4506-field_8\" class=\"wpforms-field-medium wpforms-field-required\" name=\"wpforms[fields][8]\" aria-errormessage=\"wpforms-4506-field_8-error\" required><\/div><\/div><div class=\"wpforms-layout-column wpforms-layout-column-50\"><div id=\"wpforms-4506-field_9-container\" class=\"wpforms-field wpforms-field-text\" data-field-id=\"9\"><label class=\"wpforms-field-label\" for=\"wpforms-4506-field_9\">Pa\u00eds <span class=\"wpforms-required-label\" aria-hidden=\"true\">*<\/span><\/label><input type=\"text\" id=\"wpforms-4506-field_9\" class=\"wpforms-field-medium wpforms-field-required\" name=\"wpforms[fields][9]\" aria-errormessage=\"wpforms-4506-field_9-error\" required><\/div><\/div><\/div><\/div><\/div>\t\t<div id=\"wpforms-4506-field_4-container\"\n\t\t\tclass=\"wpforms-field wpforms-field-text\"\n\t\t\tdata-field-type=\"text\"\n\t\t\tdata-field-id=\"4\"\n\t\t\t>\n\t\t\t<label class=\"wpforms-field-label\" for=\"wpforms-4506-field_4\" >WhatsApp Cidade Telefone<\/label>\n\t\t\t<input type=\"text\" id=\"wpforms-4506-field_4\" class=\"wpforms-field-medium\" name=\"wpforms[fields][4]\" >\n\t\t<\/div>\n\t\t<div id=\"wpforms-4506-field_5-container\" class=\"wpforms-field wpforms-field-text\" data-field-id=\"5\"><label class=\"wpforms-field-label\" for=\"wpforms-4506-field_5\">Telefone \/ WhatsApp <span class=\"wpforms-required-label\" aria-hidden=\"true\">*<\/span><\/label><input type=\"text\" id=\"wpforms-4506-field_5\" class=\"wpforms-field-medium wpforms-field-required\" name=\"wpforms[fields][5]\" aria-errormessage=\"wpforms-4506-field_5-error\" required><\/div><div id=\"wpforms-4506-field_10-container\" class=\"wpforms-field wpforms-field-textarea\" data-field-id=\"10\"><label class=\"wpforms-field-label\" for=\"wpforms-4506-field_10\">Mensagem<\/label><textarea id=\"wpforms-4506-field_10\" class=\"wpforms-field-medium\" name=\"wpforms[fields][10]\" aria-errormessage=\"wpforms-4506-field_10-error\" ><\/textarea><\/div><script>\n\t\t\t\t( function() {\n\t\t\t\t\tconst style = document.createElement( 'style' );\n\t\t\t\t\tstyle.appendChild( document.createTextNode( '#wpforms-4506-field_4-container { position: absolute !important; overflow: hidden !important; display: inline !important; height: 1px !important; width: 1px !important; z-index: -1000 !important; padding: 0 !important; } #wpforms-4506-field_4-container input { visibility: hidden; } #wpforms-conversational-form-page #wpforms-4506-field_4-container label { counter-increment: none; }' ) );\n\t\t\t\t\tdocument.head.appendChild( style );\n\t\t\t\t\tdocument.currentScript?.remove();\n\t\t\t\t} )();\n\t\t\t<\/script><\/div><!-- .wpforms-field-container --><div class=\"wpforms-submit-container\" ><input type=\"hidden\" name=\"wpforms[id]\" value=\"4506\"><input type=\"hidden\" name=\"page_title\" value=\"\"><input type=\"hidden\" name=\"page_url\" value=\"https:\/\/getcreamjet.com\/pt-pt\/wp-json\/wp\/v2\/pages\/4555\"><input type=\"hidden\" name=\"url_referer\" value=\"\"><button type=\"submit\" name=\"wpforms[submit]\" id=\"wpforms-submit-4506\" class=\"wpforms-submit\" data-alt-text=\"A enviar...\" data-submit-text=\"Enviar\" aria-live=\"assertive\" value=\"wpforms-submit\">Enviar<\/button><img decoding=\"async\" src=\"https:\/\/getcreamjet.com\/wp-content\/plugins\/wpforms\/assets\/images\/submit-spin.svg\" class=\"wpforms-submit-spinner\" style=\"display: none;\" width=\"26\" height=\"26\" alt=\"Loading\"><\/div><\/form><\/div>  <!-- .wpforms-container -->","protected":false},"excerpt":{"rendered":"<p>Junte-se \u00e0 Fam\u00edlia CreamJet \u2013 Aceda a Pre\u00e7os de Atacado e Fa\u00e7a o Seu Neg\u00f3cio Crescer Est\u00e1 pronto para oferecer cilindros de \u00d3xido Nitroso CreamJet de alta qualidade aos seus clientes? Ao tornar-se um distribuidor, ter\u00e1 acesso a pre\u00e7os exclusivos de atacado, suporte dedicado e entrega r\u00e1pida que ajudam o seu neg\u00f3cio a prosperar. Quer [&hellip;]<\/p>\n","protected":false},"author":1,"featured_media":0,"parent":0,"menu_order":0,"comment_status":"closed","ping_status":"closed","template":"","meta":{"_uag_custom_page_level_css":"","site-sidebar-layout":"default","site-content-layout":"","ast-site-content-layout":"default","site-content-style":"default","site-sidebar-style":"default","ast-global-header-display":"","ast-banner-title-visibility":"","ast-main-header-display":"","ast-hfb-above-header-display":"","ast-hfb-below-header-display":"","ast-hfb-mobile-header-display":"","site-post-title":"","ast-breadcrumbs-content":"","ast-featured-img":"","footer-sml-layout":"","ast-disable-related-posts":"","theme-transparent-header-meta":"","adv-header-id-meta":"","stick-header-meta":"","header-above-stick-meta":"","header-main-stick-meta":"","header-below-stick-meta":"","astra-migrate-meta-layouts":"default","ast-page-background-enabled":"default","ast-page-background-meta":{"desktop":{"background-color":"","background-image":"","background-repeat":"repeat","background-position":"center center","background-size":"auto","background-attachment":"scroll","background-type":"","background-media":"","overlay-type":"","overlay-color":"","overlay-opacity":"","overlay-gradient":""},"tablet":{"background-color":"","background-image":"","background-repeat":"repeat","background-position":"center center","background-size":"auto","background-attachment":"scroll","background-type":"","background-media":"","overlay-type":"","overlay-color":"","overlay-opacity":"","overlay-gradient":""},"mobile":{"background-color":"","background-image":"","background-repeat":"repeat","background-position":"center center","background-size":"auto","background-attachment":"scroll","background-type":"","background-media":"","overlay-type":"","overlay-color":"","overlay-opacity":"","overlay-gradient":""}},"ast-content-background-meta":{"desktop":{"background-color":"var(--ast-global-color-5)","background-image":"","background-repeat":"repeat","background-position":"center center","background-size":"auto","background-attachment":"scroll","background-type":"","background-media":"","overlay-type":"","overlay-color":"","overlay-opacity":"","overlay-gradient":""},"tablet":{"background-color":"var(--ast-global-color-5)","background-image":"","background-repeat":"repeat","background-position":"center center","background-size":"auto","background-attachment":"scroll","background-type":"","background-media":"","overlay-type":"","overlay-color":"","overlay-opacity":"","overlay-gradient":""},"mobile":{"background-color":"var(--ast-global-color-5)","background-image":"","background-repeat":"repeat","background-position":"center center","background-size":"auto","background-attachment":"scroll","background-type":"","background-media":"","overlay-type":"","overlay-color":"","overlay-opacity":"","overlay-gradient":""}},"footnotes":""},"class_list":["post-4555","page","type-page","status-publish","hentry"],"_hostinger_reach_plugin_has_subscription_block":false,"_hostinger_reach_plugin_is_elementor":false,"uagb_featured_image_src":{"full":false,"thumbnail":false,"medium":false,"medium_large":false,"large":false,"1536x1536":false,"2048x2048":false,"woocommerce_thumbnail":false,"woocommerce_single":false,"woocommerce_gallery_thumbnail":false},"uagb_author_info":{"display_name":"Whipped Chief","author_link":"https:\/\/getcreamjet.com\/pt-pt\/author\/yuyuuyuuugmail-com\/"},"uagb_comment_info":0,"uagb_excerpt":"Junte-se \u00e0 Fam\u00edlia CreamJet \u2013 Aceda a Pre\u00e7os de Atacado e Fa\u00e7a o Seu Neg\u00f3cio Crescer Est\u00e1 pronto para oferecer cilindros de \u00d3xido Nitroso CreamJet de alta qualidade aos seus clientes? Ao tornar-se um distribuidor, ter\u00e1 acesso a pre\u00e7os exclusivos de atacado, suporte dedicado e entrega r\u00e1pida que ajudam o seu neg\u00f3cio a prosperar. Quer&hellip;","_links":{"self":[{"href":"https:\/\/getcreamjet.com\/pt-pt\/wp-json\/wp\/v2\/pages\/4555","targetHints":{"allow":["GET"]}}],"collection":[{"href":"https:\/\/getcreamjet.com\/pt-pt\/wp-json\/wp\/v2\/pages"}],"about":[{"href":"https:\/\/getcreamjet.com\/pt-pt\/wp-json\/wp\/v2\/types\/page"}],"author":[{"embeddable":true,"href":"https:\/\/getcreamjet.com\/pt-pt\/wp-json\/wp\/v2\/users\/1"}],"replies":[{"embeddable":true,"href":"https:\/\/getcreamjet.com\/pt-pt\/wp-json\/wp\/v2\/comments?post=4555"}],"version-history":[{"count":5,"href":"https:\/\/getcreamjet.com\/pt-pt\/wp-json\/wp\/v2\/pages\/4555\/revisions"}],"predecessor-version":[{"id":4561,"href":"https:\/\/getcreamjet.com\/pt-pt\/wp-json\/wp\/v2\/pages\/4555\/revisions\/4561"}],"wp:attachment":[{"href":"https:\/\/getcreamjet.com\/pt-pt\/wp-json\/wp\/v2\/media?parent=4555"}],"curies":[{"name":"wp","href":"https:\/\/api.w.org\/{rel}","templated":true}]}}