{"id":4543,"date":"2025-08-19T13:50:53","date_gmt":"2025-08-19T13:50:53","guid":{"rendered":"https:\/\/getcreamjet.com\/sobre-nos\/"},"modified":"2025-11-11T08:53:12","modified_gmt":"2025-11-11T08:53:12","slug":"sobre-nos","status":"publish","type":"page","link":"https:\/\/getcreamjet.com\/pt-pt\/sobre-nos\/","title":{"rendered":"Sobre N\u00f3s"},"content":{"rendered":"\n<div class=\"wp-block-uagb-container uagb-block-f90b5c01 alignfull uagb-is-root-container\"><div class=\"uagb-container-inner-blocks-wrap\">\n<div class=\"wp-block-uagb-advanced-heading uagb-block-a2c96383\"><h1 class=\"uagb-heading-text\">Sobre a CreamJet<br\/>Fabricante Premium de \u00d3xido Nitroso<\/h1><p class=\"uagb-desc-text\">Na Yolotech Co., Ltd, orgulhamo-nos de ser um dos maiores fabricantes de carregadores de natas batidas e fornecedores de \u00f3xido nitroso na China. Desde a nossa funda\u00e7\u00e3o em 2017, crescemos e tornamo-nos um parceiro de confian\u00e7a para chefs, distribuidores e clientes industriais em todo o mundo.<br\/>A nossa instala\u00e7\u00e3o opera com 10 linhas de produ\u00e7\u00e3o de N2O totalmente automatizadas, atingindo uma capacidade anual de 10.000 toneladas m\u00e9tricas. Com tecnologia avan\u00e7ada de purifica\u00e7\u00e3o, garantimos uma pureza do g\u00e1s de at\u00e9 99,9995%, cumprindo as normas internacionais alimentares, eletr\u00f3nicas e industriais. Isso garante que cada cilindro e cada lote de carregadores de natas batidas que produzimos seja seguro, confi\u00e1vel e consistente.   <br\/><br\/>Os Nossos Produtos:<br\/>Carregadores de Natas de 8g \u2013 pequenos, eficientes e amplamente utilizados em cozinhas e caf\u00e9s.<br\/>Cilindros de N2O de 0,95L e 2,2L \u2013 concebidos para catering profissional e utiliza\u00e7\u00e3o em larga escala.<br\/>\u00d3xido Nitroso de Grau Alimentar \u2013 certificado para cumprir as diretrizes da Autoridade <a href=\"https:\/\/www.efsa.europa.eu\">Europeia para a Seguran\u00e7a dos Alimentos (EFSA)<\/a>.<br\/>Al\u00e9m disso, o nosso ambiente de sala limpa e rigorosa gest\u00e3o de qualidade est\u00e3o em conformidade com as <a href=\"https:\/\/www.iso.org\/iso-9001-quality-management.html\">normas ISO 9001<\/a>, garantindo que cada cliente receba produtos da mais alta qualidade.<\/p><\/div>\n<\/div><\/div>\n\n<div class=\"wp-block-uagb-container uagb-layout-grid uagb-block-4689bb59 alignfull uagb-is-root-container\"><div class=\"uagb-container-inner-blocks-wrap\">\n<div class=\"wp-block-uagb-info-box uagb-block-789b7c5a uagb-infobox__content-wrap  uagb-infobox-icon-above-title uagb-infobox-image-valign-top\"><div class=\"uagb-ifb-content\"><div class=\"uagb-ifb-image-content\"><img loading=\"lazy\" decoding=\"async\" src=\"https:\/\/getcreamjet.com\/wp-content\/uploads\/2025\/08\/185f18139727297eec9e4b890ccdb846.jpeg\" alt=\"Whipped cream chargers factory overview &#x2013; premium N2O manufacturing facility in China.\" width=\"996\" height=\"561\" loading=\"lazy\"\/><\/div><div class=\"uagb-ifb-title-wrap\"><h4 class=\"uagb-ifb-title\">Vis\u00e3o Geral da F\u00e1brica<\/h4><\/div><p class=\"uagb-ifb-desc\">Uma instala\u00e7\u00e3o de produ\u00e7\u00e3o moderna dedicada ao fabrico de carregadores de natas batidas de alta qualidade, com pureza e escala.<\/p><\/div><\/div>\n\n\n\n<div class=\"wp-block-uagb-info-box uagb-block-a2559c1e uagb-infobox__content-wrap  uagb-infobox-icon-above-title uagb-infobox-image-valign-top\"><div class=\"uagb-ifb-content\"><div class=\"uagb-ifb-image-content\"><img loading=\"lazy\" decoding=\"async\" src=\"https:\/\/getcreamjet.com\/wp-content\/uploads\/2025\/08\/dcf9816ad794a8ad9e2304dd28be1838-e1756646586960.jpeg\" alt=\"Advanced equipment for whipped cream chargers production ensuring precision and consistency.\" width=\"600\" height=\"373\" loading=\"lazy\"\/><\/div><div class=\"uagb-ifb-title-wrap\"><h4 class=\"uagb-ifb-title\">Equipamento Avan\u00e7ado<\/h4><\/div><p class=\"uagb-ifb-desc\">Maquinaria de ponta garante precis\u00e3o, seguran\u00e7a e qualidade consistente em cada lote de carregadores de natas batidas.<\/p><\/div><\/div>\n\n\n\n<div class=\"wp-block-uagb-info-box uagb-block-2b4ca534 uagb-infobox__content-wrap  uagb-infobox-icon-above-title uagb-infobox-image-valign-top\"><div class=\"uagb-ifb-content\"><div class=\"uagb-ifb-image-content\"><img loading=\"lazy\" decoding=\"async\" src=\"https:\/\/getcreamjet.com\/wp-content\/uploads\/2025\/08\/u39860287121821230971fm253fmtautoapp120fJPEG-e1756646654410.webp\" alt=\"Cleanroom environment for whipped cream chargers production &#x2013; hygienic and controlled.\" width=\"750\" height=\"436\" loading=\"lazy\"\/><\/div><div class=\"uagb-ifb-title-wrap\"><h4 class=\"uagb-ifb-title\">Ambiente de Sala Limpa<\/h4><\/div><p class=\"uagb-ifb-desc\">Uma sala limpa de \u00faltima gera\u00e7\u00e3o que proporciona um ambiente livre de poeira para garantir os mais altos padr\u00f5es para cartuchos de natas batidas.<\/p><\/div><\/div>\n<\/div><\/div>\n\n<div class=\"wp-block-uagb-container uagb-layout-grid uagb-block-96cc2b14 alignfull uagb-is-root-container\"><div class=\"uagb-container-inner-blocks-wrap\">\n<div class=\"wp-block-uagb-advanced-heading uagb-block-a3e4e806\"><h2 class=\"uagb-heading-text\">A Nossa Jornada<\/h2><p class=\"uagb-desc-text\">A hist\u00f3ria da CreamJet come\u00e7ou com curiosidade e ci\u00eancia. No in\u00edcio da d\u00e9cada de 1980, o nosso consultor, o Sr. Liu, trabalhou no Instituto de Pesquisa de G\u00e1s de Pequim. A sua experi\u00eancia guiou mais tarde uma jovem equipa de P&amp;D em 2011 para explorar novos m\u00e9todos de produ\u00e7\u00e3o de g\u00e1s $\\text{N}_2\\text{O}$ atrav\u00e9s de decomposi\u00e7\u00e3o t\u00e9rmica avan\u00e7ada.<br\/>Em dezembro de 2017, constru\u00edmos a nossa primeira base de produ\u00e7\u00e3o. Hoje, operamos 10 linhas de produ\u00e7\u00e3o, servindo mercados globais com carregadores de natas batidas e cilindros de $\\text{N}_2\\text{O}$ premium. Como resultado, a Yolotech tornou-se um fornecedor chave para empresas de servi\u00e7os alimentares, laborat\u00f3rios e distribuidores grossistas em todo o mundo.    <\/p><\/div>\n\n\n\n<div class=\"wp-block-uagb-container uagb-layout-grid uagb-block-3ba89de4\">\n<div class=\"wp-block-uagb-info-box uagb-block-fa00d0ac uagb-infobox__content-wrap  uagb-infobox-icon-above-title uagb-infobox-image-valign-top wp-block-uagb-info-box--has-margin\"><div class=\"uagb-infobox-margin-wrapper\"><div class=\"uagb-ifb-content\"><div class=\"uagb-ifb-icon-wrap\"><svg xmlns=\"https:\/\/www.w3.org\/2000\/svg\" viewbox=\"0 0 448 512\"><path d=\"M400 480H48c-26.4 0-48-21.6-48-48V80c0-26.4 21.6-48 48-48h352c26.4 0 48 21.6 48 48v352c0 26.4-21.6 48-48 48zM199.6 178.5c0-30.7-17.6-45.1-39.7-45.1-25.8 0-40 19.8-40 44.5v154.8c0 25.8 13.7 45.6 40.5 45.6 21.5 0 39.2-14 39.2-45.6v-41.8l60.6 75.7c12.3 14.9 39 16.8 55.8 0 14.6-15.1 14.8-36.8 4-50.4l-49.1-62.8 40.5-58.7c9.4-13.5 9.5-34.5-5.6-49.1-16.4-15.9-44.6-17.3-61.4 7l-44.8 64.7v-38.8z\"><\/path><\/svg><\/div><div class=\"uagb-ifb-title-wrap\"><h4 class=\"uagb-ifb-title\">In\u00edcio<\/h4><\/div><p class=\"uagb-ifb-desc\">In\u00edcio dos anos 80. O nosso consultor t\u00e9cnico, o Sr. Liu, trabalhou no Instituto de Pesquisa de G\u00e1s de Pequim <\/p><\/div><\/div><\/div>\n\n\n\n<div class=\"wp-block-uagb-info-box uagb-block-af8a42c3 uagb-infobox__content-wrap  uagb-infobox-icon-above-title uagb-infobox-image-valign-top wp-block-uagb-info-box--has-margin\"><div class=\"uagb-infobox-margin-wrapper\"><div class=\"uagb-ifb-content\"><div class=\"uagb-ifb-icon-wrap\"><svg xmlns=\"https:\/\/www.w3.org\/2000\/svg\" viewbox=\"0 0 448 512\"><path d=\"M448 336v-288C448 21.49 426.5 0 400 0H96C42.98 0 0 42.98 0 96v320c0 53.02 42.98 96 96 96h320c17.67 0 32-14.33 32-31.1c0-11.72-6.607-21.52-16-27.1v-81.36C441.8 362.8 448 350.2 448 336zM143.1 128h192C344.8 128 352 135.2 352 144C352 152.8 344.8 160 336 160H143.1C135.2 160 128 152.8 128 144C128 135.2 135.2 128 143.1 128zM143.1 192h192C344.8 192 352 199.2 352 208C352 216.8 344.8 224 336 224H143.1C135.2 224 128 216.8 128 208C128 199.2 135.2 192 143.1 192zM384 448H96c-17.67 0-32-14.33-32-32c0-17.67 14.33-32 32-32h288V448z\"><\/path><\/svg><\/div><div class=\"uagb-ifb-title-wrap\"><h4 class=\"uagb-ifb-title\">Pesquisa de Linha de Produ\u00e7\u00e3o<\/h4><\/div><p class=\"uagb-ifb-desc\">Outubro de 2011. Com o apoio do Sr. Liu, uma jovem equipa de $\\text{P\\&amp;D}$ come\u00e7ou a pesquisar a linha de produ\u00e7\u00e3o de g\u00e1s $\\text{N}_2\\text{O}$ com base na decomposi\u00e7\u00e3o t\u00e9rmica de nitrato de am\u00f3nio. <\/p><\/div><\/div><\/div>\n\n\n\n<div class=\"wp-block-uagb-info-box uagb-block-fda31292 uagb-infobox__content-wrap  uagb-infobox-icon-above-title uagb-infobox-image-valign-top wp-block-uagb-info-box--has-margin\"><div class=\"uagb-infobox-margin-wrapper\"><div class=\"uagb-ifb-content\"><div class=\"uagb-ifb-icon-wrap\"><svg xmlns=\"https:\/\/www.w3.org\/2000\/svg\" viewbox=\"0 0 384 512\"><path d=\"M336 0C362.5 0 384 21.49 384 48V464C384 490.5 362.5 512 336 512H240V432C240 405.5 218.5 384 192 384C165.5 384 144 405.5 144 432V512H48C21.49 512 0 490.5 0 464V48C0 21.49 21.49 0 48 0H336zM64 272C64 280.8 71.16 288 80 288H112C120.8 288 128 280.8 128 272V240C128 231.2 120.8 224 112 224H80C71.16 224 64 231.2 64 240V272zM176 224C167.2 224 160 231.2 160 240V272C160 280.8 167.2 288 176 288H208C216.8 288 224 280.8 224 272V240C224 231.2 216.8 224 208 224H176zM256 272C256 280.8 263.2 288 272 288H304C312.8 288 320 280.8 320 272V240C320 231.2 312.8 224 304 224H272C263.2 224 256 231.2 256 240V272zM80 96C71.16 96 64 103.2 64 112V144C64 152.8 71.16 160 80 160H112C120.8 160 128 152.8 128 144V112C128 103.2 120.8 96 112 96H80zM160 144C160 152.8 167.2 160 176 160H208C216.8 160 224 152.8 224 144V112C224 103.2 216.8 96 208 96H176C167.2 96 160 103.2 160 112V144zM272 96C263.2 96 256 103.2 256 112V144C256 152.8 263.2 160 272 160H304C312.8 160 320 152.8 320 144V112C320 103.2 312.8 96 304 96H272z\"><\/path><\/svg><\/div><div class=\"uagb-ifb-title-wrap\"><h4 class=\"uagb-ifb-title\"><br\/><strong>Constru\u00e7\u00e3o da Base de Produ\u00e7\u00e3o<\/strong><\/h4><\/div><p class=\"uagb-ifb-desc\">Dezembro de 2017, constru\u00edmos a 1\u00aa linha de produ\u00e7\u00e3o.<\/p><\/div><\/div><\/div>\n\n\n\n<div class=\"wp-block-uagb-info-box uagb-block-58e06198 uagb-infobox__content-wrap  uagb-infobox-icon-above-title uagb-infobox-image-valign-top wp-block-uagb-info-box--has-margin\"><div class=\"uagb-infobox-margin-wrapper\"><div class=\"uagb-ifb-content\"><div class=\"uagb-ifb-icon-wrap\"><svg xmlns=\"https:\/\/www.w3.org\/2000\/svg\" viewbox=\"0 0 512 512\"><path d=\"M470.7 9.441C473.7 12.49 476 16 477.6 19.75C479.1 23.5 479.1 27.6 480 31.9V32V128C480 145.7 465.7 160 448 160C430.3 160 416 145.7 416 128V109.3L310.6 214.6C298.8 226.5 279.9 227.2 267.2 216.3L175.1 138.1L84.82 216.3C71.41 227.8 51.2 226.2 39.7 212.8C28.2 199.4 29.76 179.2 43.17 167.7L155.2 71.7C167.2 61.43 184.8 61.43 196.8 71.7L286.3 148.4L370.7 64H352C334.3 64 320 49.67 320 32C320 14.33 334.3 0 352 0H447.1C456.8 0 464.8 3.554 470.6 9.305L470.7 9.441zM0 304C0 277.5 21.49 256 48 256H464C490.5 256 512 277.5 512 304V464C512 490.5 490.5 512 464 512H48C21.49 512 0 490.5 0 464V304zM48 464H96C96 437.5 74.51 416 48 416V464zM48 304V352C74.51 352 96 330.5 96 304H48zM464 416C437.5 416 416 437.5 416 464H464V416zM416 304C416 330.5 437.5 352 464 352V304H416zM256 320C220.7 320 192 348.7 192 384C192 419.3 220.7 448 256 448C291.3 448 320 419.3 320 384C320 348.7 291.3 320 256 320z\"><\/path><\/svg><\/div><div class=\"uagb-ifb-title-wrap\"><h4 class=\"uagb-ifb-title\">Principal Fabricante<\/h4><\/div><p class=\"uagb-ifb-desc\">No ano de 2023, temos 10 linhas de produ\u00e7\u00e3o com uma produ\u00e7\u00e3o de 10.000t m\u00e9tricas. Temos linha autom\u00e1tica para carregadores de natas de 8g e cilindros de 0,95L, 2,2L e 3,3L. <\/p><\/div><\/div><\/div>\n<\/div>\n<\/div><\/div>\n\n<div class=\"wp-block-uagb-container uagb-layout-grid uagb-block-f078c05e alignfull uagb-is-root-container\"><div class=\"uagb-container-inner-blocks-wrap\">\n<div class=\"wp-block-uagb-advanced-heading uagb-block-51999f88\"><h2 class=\"uagb-heading-text\">Obtenha Hoje os Cilindros Carregadores de Natas de Melhor Valor!<\/h2><\/div>\n\n\n\n<div class=\"wp-block-uagb-buttons uagb-buttons__outer-wrap uagb-btn__default-btn uagb-btn-tablet__default-btn uagb-btn-mobile__default-btn uagb-block-59a9eda1\"><div class=\"uagb-buttons__wrap uagb-buttons-layout-wrap \">\n<div class=\"wp-block-uagb-buttons-child uagb-buttons__outer-wrap uagb-block-7b8e4b74 wp-block-button\"><div class=\"uagb-button__wrapper\"><a class=\"uagb-buttons-repeater wp-block-button__link\" aria-label=\"\" href=\"loja-2\/\" rel=\"follow noopener\" target=\"_self\" role=\"button\"><div class=\"uagb-button__link\">COMPRE AGORA<\/div><span class=\"uagb-button__icon uagb-button__icon-position-after\"><svg xmlns=\"https:\/\/www.w3.org\/2000\/svg\" viewbox=\"0 0 256 512\" aria-hidden=\"true\" focussable=\"false\"><path d=\"M64 448c-8.188 0-16.38-3.125-22.62-9.375c-12.5-12.5-12.5-32.75 0-45.25L178.8 256L41.38 118.6c-12.5-12.5-12.5-32.75 0-45.25s32.75-12.5 45.25 0l160 160c12.5 12.5 12.5 32.75 0 45.25l-160 160C80.38 444.9 72.19 448 64 448z\"><\/path><\/svg><\/span><\/a><\/div><\/div>\n<\/div><\/div>\n<\/div><\/div>\n\n<h4 class=\"wp-block-heading\" id=\"h-why-choose-yolotech-amp-creamjet\">Porqu\u00ea Escolher a Yolotech &amp; CreamJet?<\/h4>\n\n<ul class=\"wp-block-list\">\n<li>Fabricante de g\u00e1s N2O de confian\u00e7a com tecnologia patenteada<\/li>\n\n\n\n<li>Ampla gama de produtos de carregadores de natas batidas e cilindros<\/li>\n\n\n\n<li>Certifica\u00e7\u00f5es internacionais de seguran\u00e7a e qualidade<\/li>\n\n\n\n<li>Rede de exporta\u00e7\u00e3o que alcan\u00e7a a Europa, Am\u00e9rica do Norte e \u00c1sia, se estiver \u00e0 procura de &#8220;carregadores de natas perto de mim&#8221;, considere encomendar online agora. <\/li>\n<\/ul>\n\n<p>Al\u00e9m disso, a nossa miss\u00e3o \u00e9 simples: fornecer carregadores de natas puras, premium e perfeitas que elevam cada receita, desde sobremesas fofas a cocktails criativos.<\/p>\n\n<div class=\"wp-block-uagb-container uagb-block-2feb6b2f alignfull uagb-is-root-container\">\n<div class=\"wp-block-uagb-image uagb-block-e9b32d74 wp-block-uagb-image--layout-default wp-block-uagb-image--effect-static wp-block-uagb-image--align-none\"><figure class=\"wp-block-uagb-image__figure\"><img loading=\"lazy\" decoding=\"async\" srcset=\"https:\/\/getcreamjet.com\/wp-content\/uploads\/2022\/06\/graphic05-free-img.png ,https:\/\/getcreamjet.com\/wp-content\/uploads\/2022\/06\/graphic05-free-img.png 780w, https:\/\/getcreamjet.com\/wp-content\/uploads\/2022\/06\/graphic05-free-img.png 360w\" sizes=\"auto, (max-width: 480px) 150px\" src=\"https:\/\/getcreamjet.com\/wp-content\/uploads\/2022\/06\/graphic05-free-img.png\" alt=\"\" class=\"uag-image-2571\" width=\"1929\" height=\"79\" title=\"graphic05-free-img\" loading=\"lazy\" role=\"img\"><\/figure><\/div>\n<\/div>\n\n<div class=\"wp-block-uagb-container uagb-layout-grid uagb-block-baca6a3d alignfull uagb-is-root-container\"><div class=\"uagb-container-inner-blocks-wrap\">\n<div class=\"wp-block-uagb-info-box uagb-block-cff3259d uagb-infobox__content-wrap  uagb-infobox-icon-above-title uagb-infobox-image-valign-top wp-block-uagb-info-box--has-margin\"><div class=\"uagb-infobox-margin-wrapper\"><div class=\"uagb-ifb-content\"><div class=\"uagb-ifb-image-content\"><img loading=\"lazy\" decoding=\"async\" src=\"https:\/\/getcreamjet.com\/wp-content\/uploads\/2020\/03\/globe-free-img.png\" alt=\"\" width=\"20\" height=\"20\" loading=\"lazy\"\/><\/div><div class=\"uagb-ifb-title-wrap\"><h4 class=\"uagb-ifb-title\">Envio Mundial<\/h4><\/div><p class=\"uagb-ifb-desc\">Entregamos os nossos produtos de forma r\u00e1pida e confi\u00e1vel a todos os cantos do globo.<\/p><\/div><\/div><\/div>\n\n\n\n<div class=\"wp-block-uagb-info-box uagb-block-5979dbc8 uagb-infobox__content-wrap  uagb-infobox-icon-above-title uagb-infobox-image-valign-top wp-block-uagb-info-box--has-margin\"><div class=\"uagb-infobox-margin-wrapper\"><div class=\"uagb-ifb-content\"><div class=\"uagb-ifb-image-content\"><img loading=\"lazy\" decoding=\"async\" src=\"https:\/\/getcreamjet.com\/wp-content\/uploads\/2020\/03\/quality-free-img.png\" alt=\"\" width=\"20\" height=\"20\" loading=\"lazy\"\/><\/div><div class=\"uagb-ifb-title-wrap\"><h4 class=\"uagb-ifb-title\">Melhor Qualidade<\/h4><\/div><p class=\"uagb-ifb-desc\">Fabricado com precis\u00e3o para garantir um desempenho puro, premium e perfeito em todos os momentos.<\/p><\/div><\/div><\/div>\n\n\n\n<div class=\"wp-block-uagb-info-box uagb-block-82cf9d53 uagb-infobox__content-wrap  uagb-infobox-icon-above-title uagb-infobox-image-valign-top wp-block-uagb-info-box--has-margin\"><div class=\"uagb-infobox-margin-wrapper\"><div class=\"uagb-ifb-content\"><div class=\"uagb-ifb-image-content\"><img loading=\"lazy\" decoding=\"async\" src=\"https:\/\/getcreamjet.com\/wp-content\/uploads\/2020\/03\/tag-free-img.png\" alt=\"\" width=\"20\" height=\"20\" loading=\"lazy\"\/><\/div><div class=\"uagb-ifb-title-wrap\"><h4 class=\"uagb-ifb-title\">Melhores Ofertas<\/h4><\/div><p class=\"uagb-ifb-desc\">Desfrute dos pre\u00e7os mais baixos e de ofertas exclusivas da China e fabricadas na China.<\/p><\/div><\/div><\/div>\n\n\n\n<div class=\"wp-block-uagb-info-box uagb-block-aef228c5 uagb-infobox__content-wrap  uagb-infobox-icon-above-title uagb-infobox-image-valign-top wp-block-uagb-info-box--has-margin\"><div class=\"uagb-infobox-margin-wrapper\"><div class=\"uagb-ifb-content\"><div class=\"uagb-ifb-image-content\"><img loading=\"lazy\" decoding=\"async\" src=\"https:\/\/getcreamjet.com\/wp-content\/uploads\/2020\/03\/lock-free-img.png\" alt=\"\" width=\"20\" height=\"20\" loading=\"lazy\"\/><\/div><div class=\"uagb-ifb-title-wrap\"><h4 class=\"uagb-ifb-title\">Pagamentos Seguros<\/h4><\/div><p class=\"uagb-ifb-desc\">Compre com confian\u00e7a usando os nossos sistemas de pagamento seguros e encriptados.<\/p><\/div><\/div><\/div>\n<\/div><\/div>\n\n<p><\/p>\n","protected":false},"excerpt":{"rendered":"<p>Sobre a CreamJetFabricante Premium de \u00d3xido Nitroso Na Yolotech Co., Ltd, orgulhamo-nos de ser um dos maiores fabricantes de carregadores de natas batidas e fornecedores de \u00f3xido nitroso na China. Desde a nossa funda\u00e7\u00e3o em 2017, crescemos e tornamo-nos um parceiro de confian\u00e7a para chefs, distribuidores e clientes industriais em todo o mundo.A nossa instala\u00e7\u00e3o [&hellip;]<\/p>\n","protected":false},"author":1,"featured_media":0,"parent":0,"menu_order":0,"comment_status":"closed","ping_status":"closed","template":"","meta":{"_uag_custom_page_level_css":"","site-sidebar-layout":"no-sidebar","site-content-layout":"plain-container","ast-site-content-layout":"full-width-container","site-content-style":"unboxed","site-sidebar-style":"unboxed","ast-global-header-display":"","ast-banner-title-visibility":"","ast-main-header-display":"","ast-hfb-above-header-display":"","ast-hfb-below-header-display":"","ast-hfb-mobile-header-display":"","site-post-title":"disabled","ast-breadcrumbs-content":"","ast-featured-img":"disabled","footer-sml-layout":"","ast-disable-related-posts":"","theme-transparent-header-meta":"enabled","adv-header-id-meta":"","stick-header-meta":"","header-above-stick-meta":"","header-main-stick-meta":"","header-below-stick-meta":"","astra-migrate-meta-layouts":"default","ast-page-background-enabled":"default","ast-page-background-meta":{"desktop":{"background-color":"","background-image":"","background-repeat":"repeat","background-position":"center center","background-size":"auto","background-attachment":"scroll","background-type":"","background-media":"","overlay-type":"","overlay-color":"","overlay-opacity":"","overlay-gradient":""},"tablet":{"background-color":"","background-image":"","background-repeat":"repeat","background-position":"center center","background-size":"auto","background-attachment":"scroll","background-type":"","background-media":"","overlay-type":"","overlay-color":"","overlay-opacity":"","overlay-gradient":""},"mobile":{"background-color":"","background-image":"","background-repeat":"repeat","background-position":"center center","background-size":"auto","background-attachment":"scroll","background-type":"","background-media":"","overlay-type":"","overlay-color":"","overlay-opacity":"","overlay-gradient":""}},"ast-content-background-meta":{"desktop":{"background-color":"var(--ast-global-color-5)","background-image":"","background-repeat":"repeat","background-position":"center center","background-size":"auto","background-attachment":"scroll","background-type":"","background-media":"","overlay-type":"","overlay-color":"","overlay-opacity":"","overlay-gradient":""},"tablet":{"background-color":"var(--ast-global-color-5)","background-image":"","background-repeat":"repeat","background-position":"center center","background-size":"auto","background-attachment":"scroll","background-type":"","background-media":"","overlay-type":"","overlay-color":"","overlay-opacity":"","overlay-gradient":""},"mobile":{"background-color":"var(--ast-global-color-5)","background-image":"","background-repeat":"repeat","background-position":"center center","background-size":"auto","background-attachment":"scroll","background-type":"","background-media":"","overlay-type":"","overlay-color":"","overlay-opacity":"","overlay-gradient":""}},"footnotes":""},"class_list":["post-4543","page","type-page","status-publish","hentry"],"_hostinger_reach_plugin_has_subscription_block":false,"_hostinger_reach_plugin_is_elementor":false,"uagb_featured_image_src":{"full":false,"thumbnail":false,"medium":false,"medium_large":false,"large":false,"1536x1536":false,"2048x2048":false,"woocommerce_thumbnail":false,"woocommerce_single":false,"woocommerce_gallery_thumbnail":false},"uagb_author_info":{"display_name":"Whipped Chief","author_link":"https:\/\/getcreamjet.com\/pt-pt\/author\/yuyuuyuuugmail-com\/"},"uagb_comment_info":0,"uagb_excerpt":"Sobre a CreamJetFabricante Premium de \u00d3xido Nitroso Na Yolotech Co., Ltd, orgulhamo-nos de ser um dos maiores fabricantes de carregadores de natas batidas e fornecedores de \u00f3xido nitroso na China. Desde a nossa funda\u00e7\u00e3o em 2017, crescemos e tornamo-nos um parceiro de confian\u00e7a para chefs, distribuidores e clientes industriais em todo o mundo.A nossa instala\u00e7\u00e3o&hellip;","_links":{"self":[{"href":"https:\/\/getcreamjet.com\/pt-pt\/wp-json\/wp\/v2\/pages\/4543","targetHints":{"allow":["GET"]}}],"collection":[{"href":"https:\/\/getcreamjet.com\/pt-pt\/wp-json\/wp\/v2\/pages"}],"about":[{"href":"https:\/\/getcreamjet.com\/pt-pt\/wp-json\/wp\/v2\/types\/page"}],"author":[{"embeddable":true,"href":"https:\/\/getcreamjet.com\/pt-pt\/wp-json\/wp\/v2\/users\/1"}],"replies":[{"embeddable":true,"href":"https:\/\/getcreamjet.com\/pt-pt\/wp-json\/wp\/v2\/comments?post=4543"}],"version-history":[{"count":1,"href":"https:\/\/getcreamjet.com\/pt-pt\/wp-json\/wp\/v2\/pages\/4543\/revisions"}],"predecessor-version":[{"id":4545,"href":"https:\/\/getcreamjet.com\/pt-pt\/wp-json\/wp\/v2\/pages\/4543\/revisions\/4545"}],"wp:attachment":[{"href":"https:\/\/getcreamjet.com\/pt-pt\/wp-json\/wp\/v2\/media?parent=4543"}],"curies":[{"name":"wp","href":"https:\/\/api.w.org\/{rel}","templated":true}]}}