{"id":4533,"date":"2025-08-19T13:50:53","date_gmt":"2025-08-19T13:50:53","guid":{"rendered":"https:\/\/getcreamjet.com\/contacto\/"},"modified":"2025-11-11T01:31:56","modified_gmt":"2025-11-11T01:31:56","slug":"contacto","status":"publish","type":"page","link":"https:\/\/getcreamjet.com\/pt-pt\/contacto\/","title":{"rendered":"Contacto"},"content":{"rendered":"\n<div class=\"wp-block-uagb-container uagb-block-5ee8ccc4 alignfull uagb-is-root-container\"><div class=\"uagb-container-inner-blocks-wrap\">\n<div class=\"wp-block-uagb-container uagb-block-1041cd37\">\n<div class=\"wp-block-uagb-info-box uagb-block-7b3c523d uagb-infobox__content-wrap  uagb-infobox-icon-above-title uagb-infobox-image-valign-top wp-block-uagb-info-box--has-margin\"><div class=\"uagb-infobox-margin-wrapper\"><div class=\"uagb-ifb-content\"><div class=\"uagb-ifb-title-wrap\"><h1 class=\"uagb-ifb-title\">Contactar a CreamJet<\/h1><\/div><p class=\"uagb-ifb-desc\">Tem quest\u00f5es sobre <a href=\"\/?product_cat=whipped-cream-chargers\">os nossos carregadores<\/a>, <a href=\"https:\/\/getcreamjet.com\/pt-pt\/categoria-produto\/botijas-de-nata-640g\/\">cartuchos<\/a>, <a href=\"https:\/\/getcreamjet.com\/pt-pt\/categoria-produto\/garrafas-de-oxido-nitroso-1364g\/\">cilindros<\/a> ou dispensadores de natas batidas premium? Entre em contacto com a CreamJet hoje! Estamos aqui para fornecer suporte especializado e garantir que obtenha os resultados perfeitos para as suas cria\u00e7\u00f5es culin\u00e1rias. <br\/><br\/><br\/>N\u00e3o hesite em ligar ou enviar-nos um e-mail, especialmente se quiser comprar stock a granel. Somos especializados em pedidos por paletes no atacado, com envio para toda a UE e para o mundo. <\/p><div class=\"uagb-ifb-separator\"><\/div><\/div><\/div><\/div>\n\n\n\n<h2>Outras formas de Contactar a CreamJet<\/h2>\nEmail: <a href=\"mailto:sales@getcreamjet.com\">sales@getcreamjet.com<\/a>\nPhone: +1 \u202a(901) 878-0101\u202c \nMorada: Albany NY 12205 (Armaz\u00e9m de NY)\n<\/div>\n\n\n\n<div class=\"wp-block-uagb-container uagb-block-c8ebcb52\">\n<div class=\"wp-block-uagb-advanced-heading uagb-block-5fc669a1\"><h3 class=\"uagb-heading-text\">Coloque as Suas Quest\u00f5es<\/h3><\/div>\n\n\n<style id=\"wpforms-css-vars-4494\">\n\t\t\t\t#wpforms-4494 {\n\t\t\t\t--wpforms-field-border-radius: 10px;\n--wpforms-field-border-color: #B7588A;\n--wpforms-field-border-color-spare: #B7588A;\n--wpforms-field-text-color: rgba(0, 0, 0, 0.7);\n--wpforms-label-color: rgba(0, 0, 0, 0.85);\n--wpforms-label-sublabel-color: rgba(0, 0, 0, 0.55);\n--wpforms-button-border-radius: 10px;\n--wpforms-button-background-color: #B7588A;\n--wpforms-background-color: rgba(0, 0, 0, 0);\n--wpforms-field-size-input-height: 43px;\n--wpforms-field-size-input-spacing: 15px;\n--wpforms-field-size-font-size: 16px;\n--wpforms-field-size-line-height: 19px;\n--wpforms-field-size-padding-h: 14px;\n--wpforms-field-size-checkbox-size: 16px;\n--wpforms-field-size-sublabel-spacing: 5px;\n--wpforms-field-size-icon-size: 1;\n--wpforms-label-size-font-size: 16px;\n--wpforms-label-size-line-height: 19px;\n--wpforms-label-size-sublabel-font-size: 14px;\n--wpforms-label-size-sublabel-line-height: 17px;\n--wpforms-button-size-font-size: 20px;\n--wpforms-button-size-height: 48px;\n--wpforms-button-size-padding-h: 20px;\n--wpforms-button-size-margin-top: 15px;\n--wpforms-container-shadow-size-box-shadow: none;\n\t\t\t}\n\t\t\t<\/style><div class=\"wpforms-container wpforms-container-full wpforms-render-modern\" id=\"wpforms-4494\"><form id=\"wpforms-form-4494\" class=\"wpforms-validate wpforms-form wpforms-ajax-form\" data-formid=\"4494\" method=\"post\" enctype=\"multipart\/form-data\" action=\"\/pt-pt\/wp-json\/wp\/v2\/pages\/4533\" data-token=\"be87e0c2587177202cfe252d41a8667a\" data-token-time=\"1778070806\"><noscript class=\"wpforms-error-noscript\">Please enable JavaScript in your browser to complete this form.<\/noscript><div id=\"wpforms-error-noscript\" style=\"display: none;\">Please enable JavaScript in your browser to complete this form.<\/div><div class=\"wpforms-field-container\"><div id=\"wpforms-4494-field_14-container\" class=\"wpforms-field wpforms-field-text\" data-field-id=\"14\"><label class=\"wpforms-field-label\" for=\"wpforms-4494-field_14\">Assunto <span class=\"wpforms-required-label\" aria-hidden=\"true\">*<\/span><\/label><input type=\"text\" id=\"wpforms-4494-field_14\" class=\"wpforms-field-medium wpforms-field-required\" name=\"wpforms[fields][14]\" aria-errormessage=\"wpforms-4494-field_14-error\" required><\/div>\t\t<div id=\"wpforms-4494-field_1-container\"\n\t\t\tclass=\"wpforms-field wpforms-field-text\"\n\t\t\tdata-field-type=\"text\"\n\t\t\tdata-field-id=\"1\"\n\t\t\t>\n\t\t\t<label class=\"wpforms-field-label\" for=\"wpforms-4494-field_1\" >E-mail Assunto Mensagem<\/label>\n\t\t\t<input type=\"text\" id=\"wpforms-4494-field_1\" class=\"wpforms-field-medium\" name=\"wpforms[fields][1]\" >\n\t\t<\/div>\n\t\t<div id=\"wpforms-4494-field_4-container\" class=\"wpforms-field wpforms-field-email\" data-field-id=\"4\"><label class=\"wpforms-field-label\" for=\"wpforms-4494-field_4\">E-mail <span class=\"wpforms-required-label\" aria-hidden=\"true\">*<\/span><\/label><input type=\"email\" id=\"wpforms-4494-field_4\" class=\"wpforms-field-medium wpforms-field-required\" name=\"wpforms[fields][4]\" spellcheck=\"false\" aria-errormessage=\"wpforms-4494-field_4-error\" required><\/div><div id=\"wpforms-4494-field_15-container\" class=\"wpforms-field wpforms-field-textarea\" data-field-id=\"15\"><label class=\"wpforms-field-label\" for=\"wpforms-4494-field_15\">Mensagem <span class=\"wpforms-required-label\" aria-hidden=\"true\">*<\/span><\/label><textarea id=\"wpforms-4494-field_15\" class=\"wpforms-field-medium wpforms-field-required wpforms-limit-characters-enabled\" data-form-id=\"4494\" data-field-id=\"15\" data-text-limit=\"5000\" name=\"wpforms[fields][15]\" aria-errormessage=\"wpforms-4494-field_15-error\" maxlength=\"5000\" required><\/textarea><\/div><script>\n\t\t\t\t( function() {\n\t\t\t\t\tconst style = document.createElement( 'style' );\n\t\t\t\t\tstyle.appendChild( document.createTextNode( '#wpforms-4494-field_1-container { position: absolute !important; overflow: hidden !important; display: inline !important; height: 1px !important; width: 1px !important; z-index: -1000 !important; padding: 0 !important; } #wpforms-4494-field_1-container input { visibility: hidden; } #wpforms-conversational-form-page #wpforms-4494-field_1-container label { counter-increment: none; }' ) );\n\t\t\t\t\tdocument.head.appendChild( style );\n\t\t\t\t\tdocument.currentScript?.remove();\n\t\t\t\t} )();\n\t\t\t<\/script><\/div><!-- .wpforms-field-container --><div class=\"wpforms-submit-container\" ><input type=\"hidden\" name=\"wpforms[id]\" value=\"4494\"><input type=\"hidden\" name=\"page_title\" value=\"\"><input type=\"hidden\" name=\"page_url\" value=\"https:\/\/getcreamjet.com\/pt-pt\/wp-json\/wp\/v2\/pages\/4533\"><input type=\"hidden\" name=\"url_referer\" value=\"\"><button type=\"submit\" name=\"wpforms[submit]\" id=\"wpforms-submit-4494\" class=\"wpforms-submit\" data-alt-text=\"A enviar...\" data-submit-text=\"Enviar\" aria-live=\"assertive\" value=\"wpforms-submit\">Enviar<\/button><img decoding=\"async\" src=\"https:\/\/getcreamjet.com\/wp-content\/plugins\/wpforms\/assets\/images\/submit-spin.svg\" class=\"wpforms-submit-spinner\" style=\"display: none;\" width=\"26\" height=\"26\" alt=\"Loading\"><\/div><\/form><\/div>  <!-- .wpforms-container -->\n<\/div>\n<\/div><\/div>\n\n<div class=\"wp-block-uagb-separator uagb-block-77ed38e1\"><div class=\"wp-block-uagb-separator__inner\" style=\"--my-background-image:\"><\/div><\/div>\n\n<figure class=\"wp-block-image size-large\"><img fetchpriority=\"high\" decoding=\"async\" width=\"1024\" height=\"682\" src=\"https:\/\/getcreamjet.com\/wp-content\/uploads\/2025\/08\/white-mug-on-wooden-surface-1024x682.jpg\" alt=\"topo de caf&#xE9; com natas perfeitamente batidas\" class=\"wp-image-3785\" srcset=\"https:\/\/getcreamjet.com\/wp-content\/uploads\/2025\/08\/white-mug-on-wooden-surface-1024x682.jpg 1024w, https:\/\/getcreamjet.com\/wp-content\/uploads\/2025\/08\/white-mug-on-wooden-surface-600x400.jpg 600w, https:\/\/getcreamjet.com\/wp-content\/uploads\/2025\/08\/white-mug-on-wooden-surface-300x200.jpg 300w, https:\/\/getcreamjet.com\/wp-content\/uploads\/2025\/08\/white-mug-on-wooden-surface-768x512.jpg 768w, https:\/\/getcreamjet.com\/wp-content\/uploads\/2025\/08\/white-mug-on-wooden-surface-1536x1024.jpg 1536w, https:\/\/getcreamjet.com\/wp-content\/uploads\/2025\/08\/white-mug-on-wooden-surface.jpg 2000w\" sizes=\"(max-width: 1024px) 100vw, 1024px\" \/><\/figure>\n\n<h2 class=\"wp-block-heading\" id=\"h-faqs\">Perguntas Frequentes (FAQs)<\/h2>\n\n<ul class=\"wp-block-list\">\n<li><strong>P1: S\u00e3o uma f\u00e1brica ou uma empresa comercial?<\/strong><br\/>R: A CreamJet \u00e9 o principal fabricante mundial de \u00d3xido Nitroso de grau alimentar, produzindo 20.000 t m\u00e9tricas por ano. Para normas de seguran\u00e7a e regulamenta\u00e7\u00e3o de gases de grau alimentar, pode consultar a Autoridade <a href=\"https:\/\/www.efsa.europa.eu\">Europeia para a Seguran\u00e7a dos Alimentos (EFSA).<\/a> <\/li>\n\n\n\n<li><strong>P2: Quanto tempo demorarei a receber a minha encomenda?<\/strong><br\/>R: As encomendas feitas online s\u00e3o normalmente enviadas no prazo de 48 horas via FedEx ou outros servi\u00e7os expresso. Pode normalmente receber os seus produtos dentro de 3 a 5 dias \u00fateis. Para diretrizes de envio internacional, consulte o Guia de <a href=\"https:\/\/www.fedex.com\/en-us\/shipping.html\">Envio da FedEx.<\/a>  <\/li>\n\n\n\n<li>P3: Onde est\u00e3o localizados os vossos produtos?<br\/>R: Temos armaz\u00e9ns em Fran\u00e7a e nos EUA, e a sua encomenda ser\u00e1 enviada do armaz\u00e9m mais pr\u00f3ximo.<\/li>\n\n\n\n<li><strong>P4: O meu pagamento \u00e9 seguro?<\/strong><br\/>R: Absolutamente. A CreamJet utiliza sistemas de pagamento seguros e legalmente compat\u00edveis para proteger as suas transa\u00e7\u00f5es. Aceitamos todos os principais cart\u00f5es de cr\u00e9dito, incluindo Visa e Mastercard.  <\/li>\n\n\n\n<li><strong>P5: Como garantem a qualidade do produto?<\/strong><br\/>R: A nossa equipa profissional de QC inspeciona e testa diariamente todos os lotes de g\u00e1s. Cada carregador de natas \u00e9 testado individualmente ap\u00f3s a produ\u00e7\u00e3o. <\/li>\n\n\n\n<li><strong>P6: Posso encomendar grandes quantidades ou atacado?<\/strong><br\/>R: Sim, pode encomendar mais do que um contentor. Para consultas de atacado, por favor contacte a CreamJet diretamente. <\/li>\n\n\n\n<li><strong>P7: Posso tornar-me um agente da CreamJet?<\/strong><br\/>R: Sim, damos as boas-vindas a agentes e parceiros em todos os principais mercados. Por favor, preencha o <a href=\"https:\/\/getcreamjet.com\/pt-pt\/contacto\/\">formul\u00e1rio de Contacto.<\/a> <\/li>\n\n\n\n<li><strong>P8: Como posso obter suporte para a minha encomenda?<\/strong><br\/>R: Para quaisquer quest\u00f5es relativas a encomendas, envio ou produtos, a nossa equipa de suporte ao cliente est\u00e1 pronta para o ajudar. Envie um e-mail para <a href=\"mailto:sales@getcreamjet.com\">sales@getcreamjet.com<\/a> ou preencha o formul\u00e1rio de contacto. <\/li>\n<\/ul>\n\n<p><\/p>\n","protected":false},"excerpt":{"rendered":"<p>Outras formas de Contactar a CreamJet Email: sales@getcreamjet.com Phone: +1 \u202a(901) 878-0101\u202c Morada: Albany NY 12205 (Armaz\u00e9m de NY) Coloque as Suas Quest\u00f5es Perguntas Frequentes (FAQs)<\/p>\n","protected":false},"author":1,"featured_media":0,"parent":0,"menu_order":0,"comment_status":"closed","ping_status":"closed","template":"","meta":{"_uag_custom_page_level_css":"","site-sidebar-layout":"no-sidebar","site-content-layout":"plain-container","ast-site-content-layout":"full-width-container","site-content-style":"unboxed","site-sidebar-style":"unboxed","ast-global-header-display":"","ast-banner-title-visibility":"","ast-main-header-display":"","ast-hfb-above-header-display":"","ast-hfb-below-header-display":"","ast-hfb-mobile-header-display":"","site-post-title":"disabled","ast-breadcrumbs-content":"","ast-featured-img":"disabled","footer-sml-layout":"","ast-disable-related-posts":"","theme-transparent-header-meta":"enabled","adv-header-id-meta":"","stick-header-meta":"","header-above-stick-meta":"","header-main-stick-meta":"","header-below-stick-meta":"","astra-migrate-meta-layouts":"default","ast-page-background-enabled":"default","ast-page-background-meta":{"desktop":{"background-color":"","background-image":"","background-repeat":"repeat","background-position":"center center","background-size":"auto","background-attachment":"scroll","background-type":"","background-media":"","overlay-type":"","overlay-color":"","overlay-opacity":"","overlay-gradient":""},"tablet":{"background-color":"","background-image":"","background-repeat":"repeat","background-position":"center center","background-size":"auto","background-attachment":"scroll","background-type":"","background-media":"","overlay-type":"","overlay-color":"","overlay-opacity":"","overlay-gradient":""},"mobile":{"background-color":"","background-image":"","background-repeat":"repeat","background-position":"center center","background-size":"auto","background-attachment":"scroll","background-type":"","background-media":"","overlay-type":"","overlay-color":"","overlay-opacity":"","overlay-gradient":""}},"ast-content-background-meta":{"desktop":{"background-color":"var(--ast-global-color-5)","background-image":"","background-repeat":"repeat","background-position":"center center","background-size":"auto","background-attachment":"scroll","background-type":"","background-media":"","overlay-type":"","overlay-color":"","overlay-opacity":"","overlay-gradient":""},"tablet":{"background-color":"var(--ast-global-color-5)","background-image":"","background-repeat":"repeat","background-position":"center center","background-size":"auto","background-attachment":"scroll","background-type":"","background-media":"","overlay-type":"","overlay-color":"","overlay-opacity":"","overlay-gradient":""},"mobile":{"background-color":"var(--ast-global-color-5)","background-image":"","background-repeat":"repeat","background-position":"center center","background-size":"auto","background-attachment":"scroll","background-type":"","background-media":"","overlay-type":"","overlay-color":"","overlay-opacity":"","overlay-gradient":""}},"footnotes":""},"class_list":["post-4533","page","type-page","status-publish","hentry"],"_hostinger_reach_plugin_has_subscription_block":false,"_hostinger_reach_plugin_is_elementor":false,"uagb_featured_image_src":{"full":false,"thumbnail":false,"medium":false,"medium_large":false,"large":false,"1536x1536":false,"2048x2048":false,"woocommerce_thumbnail":false,"woocommerce_single":false,"woocommerce_gallery_thumbnail":false},"uagb_author_info":{"display_name":"Whipped Chief","author_link":"https:\/\/getcreamjet.com\/pt-pt\/author\/yuyuuyuuugmail-com\/"},"uagb_comment_info":0,"uagb_excerpt":"Outras formas de Contactar a CreamJet Email: sales@getcreamjet.com Phone: +1 \u202a(901) 878-0101\u202c Morada: Albany NY 12205 (Armaz\u00e9m de NY) Coloque as Suas Quest\u00f5es Perguntas Frequentes (FAQs)","_links":{"self":[{"href":"https:\/\/getcreamjet.com\/pt-pt\/wp-json\/wp\/v2\/pages\/4533","targetHints":{"allow":["GET"]}}],"collection":[{"href":"https:\/\/getcreamjet.com\/pt-pt\/wp-json\/wp\/v2\/pages"}],"about":[{"href":"https:\/\/getcreamjet.com\/pt-pt\/wp-json\/wp\/v2\/types\/page"}],"author":[{"embeddable":true,"href":"https:\/\/getcreamjet.com\/pt-pt\/wp-json\/wp\/v2\/users\/1"}],"replies":[{"embeddable":true,"href":"https:\/\/getcreamjet.com\/pt-pt\/wp-json\/wp\/v2\/comments?post=4533"}],"version-history":[{"count":1,"href":"https:\/\/getcreamjet.com\/pt-pt\/wp-json\/wp\/v2\/pages\/4533\/revisions"}],"predecessor-version":[{"id":4534,"href":"https:\/\/getcreamjet.com\/pt-pt\/wp-json\/wp\/v2\/pages\/4533\/revisions\/4534"}],"wp:attachment":[{"href":"https:\/\/getcreamjet.com\/pt-pt\/wp-json\/wp\/v2\/media?parent=4533"}],"curies":[{"name":"wp","href":"https:\/\/api.w.org\/{rel}","templated":true}]}}