{"id":4379,"date":"2025-10-31T03:56:40","date_gmt":"2025-10-31T03:56:40","guid":{"rendered":"https:\/\/getcreamjet.com\/product\/bouteille-doxyde-nitreux-creamjet-3000g-originale\/"},"modified":"2025-10-31T03:56:40","modified_gmt":"2025-10-31T03:56:40","slug":"bouteille-doxyde-nitreux-creamjet-3000g-originale","status":"publish","type":"product","link":"https:\/\/getcreamjet.com\/fr\/produit\/bouteille-doxyde-nitreux-creamjet-3000g-originale\/","title":{"rendered":"Bouteille d&rsquo;Oxyde Nitreux CreamJet 3000g Originale"},"content":{"rendered":"<h2>CreamJet Original 4.5L \/ 3000g \u2013 Pure Puissance Culinaire<\/h2>\n<p data-start=\"175\" data-end=\"338\">Sublimez vos cr\u00e9ations avec la Bouteille d&rsquo;Oxyde Nitreux CreamJet Originale 4.5L \u2014 l&rsquo;\u00e9quilibre parfait entre performance, puret\u00e9 et consistance de qualit\u00e9 professionnelle.<\/p>\n<p data-start=\"340\" data-end=\"545\">Rempli de 3000g de N2O de qualit\u00e9 alimentaire \u00e0 99,99 %, ce r\u00e9servoir puissant \u00e9quivaut \u00e0 375 cartouches standard de 8g, offrant ainsi un rapport qualit\u00e9-pre\u00e7o imbattable qui dure assez longtemps pour que les cuisines, caf\u00e9s et traiteurs d&rsquo;\u00e9v\u00e9nements continuent de travailler.<\/p>\n<h3 data-start=\"552\" data-end=\"575\"><strong data-start=\"559\" data-end=\"575\">\ud83c\udf1f Caract\u00e9ristiques Cl\u00e9s<\/strong><\/h3>\n<p data-start=\"577\" data-end=\"817\">\u2022 Gaz de Qualit\u00e9 Alimentaire Pur \u00e0 99,99 %<br data-start=\"609\" data-end=\"612\">Profitez d&rsquo;une saveur propre et neutre \u00e0 chaque utilisation. Le N2O de CreamJet ne contient aucun r\u00e9sidu ni additif, offrant \u00e0 votre cr\u00e8me fouett\u00e9e, mousses ou infusions une puret\u00e9, une onctuosit\u00e9 et un \u00e9quilibre \u00e0 tous \u00e9gards.\u00a0\u00bb <\/p>\n<p data-start=\"819\" data-end=\"1064\">\u2022 Haute Capacit\u00e9. Faible D\u00e9chet !!<br data-start=\"850\" data-end=\"853\">La bouteille de 4.5L \/ 3000g est con\u00e7ue pour minimiser les recharges et maximiser l&rsquo;efficacit\u00e9. Chaque charge fournit un rendement puissant et constant, rendant la bouteille id\u00e9ale pour la production de desserts en grand volume, les infusions de boissons ou les \u00e9v\u00e9nements traiteurs \u00e0 grande \u00e9chelle.\u00a0\u00bb <\/p>\n<p data-start=\"1066\" data-end=\"1273\">\u2022 Con\u00e7u Aussi Bien pour les Professionnels que les Cr\u00e9ateurs \u00e0 Domicile<br data-start=\"1117\" data-end=\"1120\">Que vous soyez P\u00e2tissier, Barista ou Mixologiste Cr\u00e9atif, CreamJet peut simplifier l&rsquo;application de textures et obtenir rapidement des r\u00e9sultats de qualit\u00e9 \u00e0 chaque fois.\u00a0\u00bb<\/p>\n<p data-start=\"1275\" data-end=\"1469\">\u2022 Compatibilit\u00e9 Universelle<br data-start=\"1304\" data-end=\"1307\">Con\u00e7u pour fonctionner avec la plupart des distributeurs et r\u00e9gulateurs de cr\u00e8me fouett\u00e9e standard. Un syst\u00e8me de valve con\u00e7u avec soin lib\u00e8re le gaz en douceur, tout en offrant \u00e0 l&rsquo;utilisateur un contr\u00f4le et    une sortie totale de gaz avec une fuite minimale, permettant une pr\u00e9cision maximale.<\/p>\n<p data-start=\"1471\" data-end=\"1693\"><strong data-start=\"1471\" data-end=\"1503\">\u2022 Qualit\u00e9 et S\u00e9curit\u00e9 Certifi\u00e9es<\/strong><br data-start=\"1503\" data-end=\"1506\">Produit selon les normes rigoureuses ISO 9001 et ISO 9002 pour la s\u00e9curit\u00e9 alimentaire, la qualit\u00e9 et la performance. De nombreuses \u00e9tapes sont prises pour nettoyer chaque bouteille afin de fournir le   r\u00e9sultat le plus pur pour le consommateur<\/p>\n<h3 data-start=\"1700\" data-end=\"1722\"><strong data-start=\"1707\" data-end=\"1722\">\ud83c\udf70 Parfait Pour<\/strong><\/h3>\n<p data-start=\"1723\" data-end=\"1823\">Cr\u00e8me fouett\u00e9e \u2022 Mousses \u2022 Desserts \u2022 Sauces \u2022 Cocktails \u2022 Infusion Nitro \u2022 Arts de la mousse culinaire<\/p>\n<p data-start=\"1825\" data-end=\"1992\">Des caf\u00e9s aux bars \u00e0 cocktails, CreamJet Original est votre partenaire pour fouetter facilement, infuser en douceur, tout en offrant une utilisation professionnelle ou en restauration \u00e0 chaque fois.<\/p>\n<h3 data-start=\"1999\" data-end=\"2023\"><strong data-start=\"2006\" data-end=\"2023\">\u26a0\ufe0f Avertissement de S\u00e9curit\u00e9<\/strong><\/h3>\n<p data-start=\"2024\" data-end=\"2195\">NE PAS inhaler le contenu. Une mauvaise utilisation peut \u00eatre nocive pour la sant\u00e9.<br data-start=\"2091\" data-end=\"2094\">Retirez toujours la buse apr\u00e8s utilisation pour \u00e9viter les fuites. Conserver dans un endroit frais et sec, \u00e0 l&rsquo;abri du soleil direct.\u00a0\u00bb <\/p>\n<hr data-start=\"2197\" data-end=\"2200\">\n<p data-start=\"2202\" data-end=\"2241\"><strong data-start=\"2202\" data-end=\"2241\">CreamJet \u2014 Pr\u00e9cision dans Chaque Fouett\u00e9e.<\/strong><\/p>\n","protected":false},"excerpt":{"rendered":"<p>CreamJet Original 3000g(4.5L) fournit 99,99 % de N2O de qualit\u00e9 alimentaire pur pour une cr\u00e8me fouett\u00e9e, des desserts et des cocktails lisses et constants. Con\u00e7u pour les professionnels et les cr\u00e9ateurs \u00e0 domicile, il offre une grande capacit\u00e9, une compatibilit\u00e9 universelle et une s\u00e9curit\u00e9 certifi\u00e9e ISO. <\/p>\n","protected":false},"featured_media":4728,"comment_status":"open","ping_status":"closed","template":"","meta":{"_uag_custom_page_level_css":"","site-sidebar-layout":"default","site-content-layout":"","ast-site-content-layout":"default","site-content-style":"default","site-sidebar-style":"default","ast-global-header-display":"","ast-banner-title-visibility":"","ast-main-header-display":"","ast-hfb-above-header-display":"","ast-hfb-below-header-display":"","ast-hfb-mobile-header-display":"","site-post-title":"","ast-breadcrumbs-content":"","ast-featured-img":"","footer-sml-layout":"","ast-disable-related-posts":"","theme-transparent-header-meta":"default","adv-header-id-meta":"","stick-header-meta":"","header-above-stick-meta":"","header-main-stick-meta":"","header-below-stick-meta":"","astra-migrate-meta-layouts":"default","ast-page-background-enabled":"default","ast-page-background-meta":{"desktop":{"background-color":"","background-image":"","background-repeat":"repeat","background-position":"center center","background-size":"auto","background-attachment":"scroll","background-type":"","background-media":"","overlay-type":"","overlay-color":"","overlay-opacity":"","overlay-gradient":""},"tablet":{"background-color":"","background-image":"","background-repeat":"repeat","background-position":"center center","background-size":"auto","background-attachment":"scroll","background-type":"","background-media":"","overlay-type":"","overlay-color":"","overlay-opacity":"","overlay-gradient":""},"mobile":{"background-color":"","background-image":"","background-repeat":"repeat","background-position":"center center","background-size":"auto","background-attachment":"scroll","background-type":"","background-media":"","overlay-type":"","overlay-color":"","overlay-opacity":"","overlay-gradient":""}},"ast-content-background-meta":{"desktop":{"background-color":"var(--ast-global-color-5)","background-image":"","background-repeat":"repeat","background-position":"center center","background-size":"auto","background-attachment":"scroll","background-type":"","background-media":"","overlay-type":"","overlay-color":"","overlay-opacity":"","overlay-gradient":""},"tablet":{"background-color":"var(--ast-global-color-5)","background-image":"","background-repeat":"repeat","background-position":"center center","background-size":"auto","background-attachment":"scroll","background-type":"","background-media":"","overlay-type":"","overlay-color":"","overlay-opacity":"","overlay-gradient":""},"mobile":{"background-color":"var(--ast-global-color-5)","background-image":"","background-repeat":"repeat","background-position":"center center","background-size":"auto","background-attachment":"scroll","background-type":"","background-media":"","overlay-type":"","overlay-color":"","overlay-opacity":"","overlay-gradient":""}}},"product_brand":[],"product_cat":[93],"product_tag":[],"class_list":{"0":"post-4379","1":"product","2":"type-product","3":"status-publish","4":"has-post-thumbnail","6":"product_cat-reservoirs-doxyde-nitreux-3000g","7":"desktop-align-center","8":"tablet-align-center","9":"mobile-align-center","11":"first","12":"instock","13":"sale","14":"featured","15":"shipping-taxable","16":"purchasable","17":"product-type-variable"},"uagb_featured_image_src":{"full":["https:\/\/getcreamjet.com\/wp-content\/uploads\/2025\/10\/CreamJet-3000g-Original.webp",2048,2048,false],"thumbnail":["https:\/\/getcreamjet.com\/wp-content\/uploads\/2025\/10\/CreamJet-3000g-Original-150x150.webp",150,150,true],"medium":["https:\/\/getcreamjet.com\/wp-content\/uploads\/2025\/10\/CreamJet-3000g-Original-300x300.webp",300,300,true],"medium_large":["https:\/\/getcreamjet.com\/wp-content\/uploads\/2025\/10\/CreamJet-3000g-Original-768x768.webp",768,768,true],"large":["https:\/\/getcreamjet.com\/wp-content\/uploads\/2025\/10\/CreamJet-3000g-Original-1024x1024.webp",1024,1024,true],"1536x1536":["https:\/\/getcreamjet.com\/wp-content\/uploads\/2025\/10\/CreamJet-3000g-Original-1536x1536.webp",1536,1536,true],"2048x2048":["https:\/\/getcreamjet.com\/wp-content\/uploads\/2025\/10\/CreamJet-3000g-Original.webp",2048,2048,false],"woocommerce_thumbnail":["https:\/\/getcreamjet.com\/wp-content\/uploads\/2025\/10\/CreamJet-3000g-Original-300x300.webp",300,300,true],"woocommerce_single":["https:\/\/getcreamjet.com\/wp-content\/uploads\/2025\/10\/CreamJet-3000g-Original-600x600.webp",600,600,true],"woocommerce_gallery_thumbnail":["https:\/\/getcreamjet.com\/wp-content\/uploads\/2025\/10\/CreamJet-3000g-Original-100x100.webp",100,100,true]},"uagb_author_info":{"display_name":"Whipped Chief","author_link":"https:\/\/getcreamjet.com\/fr\/author\/"},"uagb_comment_info":0,"uagb_excerpt":"CreamJet Original 3000g(4.5L) fournit 99,99 % de N2O de qualit\u00e9 alimentaire pur pour une cr\u00e8me fouett\u00e9e, des desserts et des cocktails lisses et constants. Con\u00e7u pour les professionnels et les cr\u00e9ateurs \u00e0 domicile, il offre une grande capacit\u00e9, une compatibilit\u00e9 universelle et une s\u00e9curit\u00e9 certifi\u00e9e ISO.","_links":{"self":[{"href":"https:\/\/getcreamjet.com\/fr\/wp-json\/wp\/v2\/product\/4379","targetHints":{"allow":["GET"]}}],"collection":[{"href":"https:\/\/getcreamjet.com\/fr\/wp-json\/wp\/v2\/product"}],"about":[{"href":"https:\/\/getcreamjet.com\/fr\/wp-json\/wp\/v2\/types\/product"}],"replies":[{"embeddable":true,"href":"https:\/\/getcreamjet.com\/fr\/wp-json\/wp\/v2\/comments?post=4379"}],"wp:featuredmedia":[{"embeddable":true,"href":"https:\/\/getcreamjet.com\/fr\/wp-json\/wp\/v2\/media\/4728"}],"wp:attachment":[{"href":"https:\/\/getcreamjet.com\/fr\/wp-json\/wp\/v2\/media?parent=4379"}],"wp:term":[{"taxonomy":"product_brand","embeddable":true,"href":"https:\/\/getcreamjet.com\/fr\/wp-json\/wp\/v2\/product_brand?post=4379"},{"taxonomy":"product_cat","embeddable":true,"href":"https:\/\/getcreamjet.com\/fr\/wp-json\/wp\/v2\/product_cat?post=4379"},{"taxonomy":"product_tag","embeddable":true,"href":"https:\/\/getcreamjet.com\/fr\/wp-json\/wp\/v2\/product_tag?post=4379"}],"curies":[{"name":"wp","href":"https:\/\/api.w.org\/{rel}","templated":true}]}}