{"id":4565,"date":"2025-09-23T16:41:47","date_gmt":"2025-09-23T16:41:47","guid":{"rendered":"https:\/\/getcreamjet.com\/devenez-distributeur\/"},"modified":"2025-11-11T09:40:35","modified_gmt":"2025-11-11T09:40:35","slug":"devenez-distributeur","status":"publish","type":"page","link":"https:\/\/getcreamjet.com\/fr\/devenez-distributeur\/","title":{"rendered":"Devenez Distributeur"},"content":{"rendered":"\n<p><strong>Rejoignez la Famille CreamJet \u2013 Acc\u00e9dez aux Prix de Gros et D\u00e9veloppez Votre Entreprise<\/strong><\/p>\n\n<p>\u00cates-vous pr\u00eat \u00e0 proposer des bouteilles de protoxyde d&rsquo;azote CreamJet de haute qualit\u00e9 \u00e0 vos clients ? En devenant distributeur, vous aurez acc\u00e8s \u00e0 des prix de gros exclusifs, \u00e0 un support d\u00e9di\u00e9 et \u00e0 une livraison rapide qui aident votre entreprise \u00e0 prosp\u00e9rer. <\/p>\n\n<p>Que vous dirigiez un magasin de fournitures de f\u00eate, une entreprise de planification d&rsquo;\u00e9v\u00e9nements ou une boutique en ligne, un partenariat avec CreamJet vous donne l&rsquo;avantage de produits premium que les clients adorent.<\/p>\n\n<hr class=\"wp-block-separator has-alpha-channel-opacity\"\/>\n\n<h2 class=\"wp-block-heading\" id=\"h-why-partner-with-creamjet\">Pourquoi S&rsquo;associer \u00e0 CreamJet<\/h2>\n\n<ul class=\"wp-block-list\">\n<li>Tarifs de Gros Exclusifs : Profitez de tarifs sp\u00e9ciaux con\u00e7us pour les distributeurs.<\/li>\n\n\n\n<li>Produits de Haute Qualit\u00e9 : Bouteilles et r\u00e9servoirs de gaz $\\text{N}_2\\text{O}$ standard UE pour une utilisation s\u00fbre et fiable.<\/li>\n\n\n\n<li>Livraison Rapide et Fiable : Gr\u00e2ce au soutien des entrep\u00f4ts locaux dans l&rsquo;UE et aux \u00c9tats-Unis, vous pouvez recevoir vos commandes rapidement pour assurer le bon fonctionnement de votre entreprise.<\/li>\n\n\n\n<li>Support et Ressources : Mat\u00e9riels marketing, conseils et astuces pour d\u00e9velopper vos ventes.<\/li>\n<\/ul>\n\n<hr class=\"wp-block-separator has-alpha-channel-opacity\"\/>\n\n<h2 class=\"wp-block-heading\" id=\"h-who-can-become-a-distributor\">Qui Peut Devenir Distributeur ?<\/h2>\n\n<ul class=\"wp-block-list\">\n<li>Magasins de d\u00e9tail (f\u00eate, cadeaux ou marchandises g\u00e9n\u00e9rales), expertise en vente et marketing<\/li>\n\n\n\n<li>Organisateurs d&rsquo;\u00e9v\u00e9nements et d\u00e9corateurs<\/li>\n\n\n\n<li>Boutiques en ligne (e-commerce) <\/li>\n\n\n\n<li>Acheteurs en gros \u00e0 la recherche d&rsquo;un approvisionnement constant et de haute qualit\u00e9 en bouteilles de gaz protoxyde d&rsquo;azote<\/li>\n<\/ul>\n\n<p>En rejoignant notre r\u00e9seau de distribution, vous pouvez proposer \u00e0 vos clients des produits premium \u00e0 des prix de gros, tout en augmentant vos b\u00e9n\u00e9fices et en \u00e9largissant votre gamme de produits.<\/p>\n\n<h2 class=\"wp-block-heading has-text-color has-link-color wp-elements-c3d56f468ca93d5df6a395590672e16b\" id=\"h-sell-our-brand-boost-your-profit\" style=\"color:#b7588a\">VENDEZ NOTRE MARQUE, AUGMENTEZ VOTRE PROFIT<\/h2>\n<style id=\"wpforms-css-vars-4506-block-663ad544-de77-4f42-8f92-e55a5a779625\">\n\t\t\t\t#wpforms-4506.wpforms-block-663ad544-de77-4f42-8f92-e55a5a779625 {\n\t\t\t\t--wpforms-label-color: rgba(0, 0, 0, 0.85);\n--wpforms-label-sublabel-color: rgba(0, 0, 0, 0.55);\n--wpforms-field-border-radius: 10px;\n--wpforms-field-border-color: #B7588A;\n--wpforms-field-border-color-spare: #B7588A;\n--wpforms-field-text-color: rgba(0, 0, 0, 0.7);\n--wpforms-button-border-radius: 10px;\n--wpforms-button-background-color: #B7588A;\n--wpforms-background-color: rgba(0, 0, 0, 0);\n--wpforms-field-size-input-height: 43px;\n--wpforms-field-size-input-spacing: 15px;\n--wpforms-field-size-font-size: 16px;\n--wpforms-field-size-line-height: 19px;\n--wpforms-field-size-padding-h: 14px;\n--wpforms-field-size-checkbox-size: 16px;\n--wpforms-field-size-sublabel-spacing: 5px;\n--wpforms-field-size-icon-size: 1;\n--wpforms-label-size-font-size: 16px;\n--wpforms-label-size-line-height: 19px;\n--wpforms-label-size-sublabel-font-size: 14px;\n--wpforms-label-size-sublabel-line-height: 17px;\n--wpforms-button-size-font-size: 20px;\n--wpforms-button-size-height: 48px;\n--wpforms-button-size-padding-h: 20px;\n--wpforms-button-size-margin-top: 15px;\n--wpforms-container-shadow-size-box-shadow: none;\n\t\t\t}\n\t\t\t<\/style><div class=\"wpforms-container wpforms-container-full wpforms-block wpforms-block-663ad544-de77-4f42-8f92-e55a5a779625 wpforms-render-modern\" id=\"wpforms-4506\"><form id=\"wpforms-form-4506\" class=\"wpforms-validate wpforms-form wpforms-ajax-form\" data-formid=\"4506\" method=\"post\" enctype=\"multipart\/form-data\" action=\"\/fr\/wp-json\/wp\/v2\/pages\/4565\" data-token=\"f779c542e3809c4b6551d1cc52e1b19f\" data-token-time=\"1778070995\"><noscript class=\"wpforms-error-noscript\">Veuillez activer JavaScript dans votre navigateur pour remplir ce formulaire.<\/noscript><div id=\"wpforms-error-noscript\" style=\"display: none;\">Veuillez activer JavaScript dans votre navigateur pour remplir ce formulaire.<\/div><div class=\"wpforms-field-container\"><div id=\"wpforms-4506-field_2-container\" class=\"wpforms-field wpforms-field-layout\" data-field-id=\"2\"><div class=\"wpforms-field-layout-rows wpforms-field-large\"><div class=\"wpforms-layout-row\"><div class=\"wpforms-layout-column wpforms-layout-column-50\"><div id=\"wpforms-4506-field_1-container\" class=\"wpforms-field wpforms-field-text\" data-field-id=\"1\"><label class=\"wpforms-field-label\" for=\"wpforms-4506-field_1\">Nom Complet <span class=\"wpforms-required-label\" aria-hidden=\"true\">*<\/span><\/label><input type=\"text\" id=\"wpforms-4506-field_1\" class=\"wpforms-field-medium wpforms-field-required\" name=\"wpforms[fields][1]\" aria-errormessage=\"wpforms-4506-field_1-error\" required><\/div><\/div><div class=\"wpforms-layout-column wpforms-layout-column-50\"><div id=\"wpforms-4506-field_3-container\" class=\"wpforms-field wpforms-field-email\" data-field-id=\"3\"><label class=\"wpforms-field-label\" for=\"wpforms-4506-field_3\">E-mail <span class=\"wpforms-required-label\" aria-hidden=\"true\">*<\/span><\/label><input type=\"email\" id=\"wpforms-4506-field_3\" class=\"wpforms-field-medium wpforms-field-required\" name=\"wpforms[fields][3]\" spellcheck=\"false\" aria-errormessage=\"wpforms-4506-field_3-error\" required><\/div><\/div><\/div><div class=\"wpforms-layout-row\"><div class=\"wpforms-layout-column wpforms-layout-column-50\"><div id=\"wpforms-4506-field_8-container\" class=\"wpforms-field wpforms-field-text\" data-field-id=\"8\"><label class=\"wpforms-field-label\" for=\"wpforms-4506-field_8\">Ville <span class=\"wpforms-required-label\" aria-hidden=\"true\">*<\/span><\/label><input type=\"text\" id=\"wpforms-4506-field_8\" class=\"wpforms-field-medium wpforms-field-required\" name=\"wpforms[fields][8]\" aria-errormessage=\"wpforms-4506-field_8-error\" required><\/div><\/div><div class=\"wpforms-layout-column wpforms-layout-column-50\"><div id=\"wpforms-4506-field_9-container\" class=\"wpforms-field wpforms-field-text\" data-field-id=\"9\"><label class=\"wpforms-field-label\" for=\"wpforms-4506-field_9\">Pays <span class=\"wpforms-required-label\" aria-hidden=\"true\">*<\/span><\/label><input type=\"text\" id=\"wpforms-4506-field_9\" class=\"wpforms-field-medium wpforms-field-required\" name=\"wpforms[fields][9]\" aria-errormessage=\"wpforms-4506-field_9-error\" required><\/div><\/div><\/div><\/div><\/div>\t\t<div id=\"wpforms-4506-field_4-container\"\n\t\t\tclass=\"wpforms-field wpforms-field-text\"\n\t\t\tdata-field-type=\"text\"\n\t\t\tdata-field-id=\"4\"\n\t\t\t>\n\t\t\t<label class=\"wpforms-field-label\" for=\"wpforms-4506-field_4\" >Pays Message \/<\/label>\n\t\t\t<input type=\"text\" id=\"wpforms-4506-field_4\" class=\"wpforms-field-medium\" name=\"wpforms[fields][4]\" >\n\t\t<\/div>\n\t\t<div id=\"wpforms-4506-field_5-container\" class=\"wpforms-field wpforms-field-text\" data-field-id=\"5\"><label class=\"wpforms-field-label\" for=\"wpforms-4506-field_5\">T\u00e9l\u00e9phone \/ WhatsApp <span class=\"wpforms-required-label\" aria-hidden=\"true\">*<\/span><\/label><input type=\"text\" id=\"wpforms-4506-field_5\" class=\"wpforms-field-medium wpforms-field-required\" name=\"wpforms[fields][5]\" aria-errormessage=\"wpforms-4506-field_5-error\" required><\/div><div id=\"wpforms-4506-field_10-container\" class=\"wpforms-field wpforms-field-textarea\" data-field-id=\"10\"><label class=\"wpforms-field-label\" for=\"wpforms-4506-field_10\">Message<\/label><textarea id=\"wpforms-4506-field_10\" class=\"wpforms-field-medium\" name=\"wpforms[fields][10]\" aria-errormessage=\"wpforms-4506-field_10-error\" ><\/textarea><\/div><script>\n\t\t\t\t( function() {\n\t\t\t\t\tconst style = document.createElement( 'style' );\n\t\t\t\t\tstyle.appendChild( document.createTextNode( '#wpforms-4506-field_4-container { position: absolute !important; overflow: hidden !important; display: inline !important; height: 1px !important; width: 1px !important; z-index: -1000 !important; padding: 0 !important; } #wpforms-4506-field_4-container input { visibility: hidden; } #wpforms-conversational-form-page #wpforms-4506-field_4-container label { counter-increment: none; }' ) );\n\t\t\t\t\tdocument.head.appendChild( style );\n\t\t\t\t\tdocument.currentScript?.remove();\n\t\t\t\t} )();\n\t\t\t<\/script><\/div><!-- .wpforms-field-container --><div class=\"wpforms-submit-container\" ><input type=\"hidden\" name=\"wpforms[id]\" value=\"4506\"><input type=\"hidden\" name=\"page_title\" value=\"\"><input type=\"hidden\" name=\"page_url\" value=\"https:\/\/getcreamjet.com\/fr\/wp-json\/wp\/v2\/pages\/4565\"><input type=\"hidden\" name=\"url_referer\" value=\"\"><button type=\"submit\" name=\"wpforms[submit]\" id=\"wpforms-submit-4506\" class=\"wpforms-submit\" data-alt-text=\"Envoi en cours...\" data-submit-text=\"Soumettre\" aria-live=\"assertive\" value=\"wpforms-submit\">Soumettre<\/button><img decoding=\"async\" src=\"https:\/\/getcreamjet.com\/wp-content\/plugins\/wpforms\/assets\/images\/submit-spin.svg\" class=\"wpforms-submit-spinner\" style=\"display: none;\" width=\"26\" height=\"26\" alt=\"Chargement en cours\"><\/div><\/form><\/div>  <!-- .wpforms-container -->","protected":false},"excerpt":{"rendered":"<p>Rejoignez la Famille CreamJet \u2013 Acc\u00e9dez aux Prix de Gros et D\u00e9veloppez Votre Entreprise \u00cates-vous pr\u00eat \u00e0 proposer des bouteilles de protoxyde d&rsquo;azote CreamJet de haute qualit\u00e9 \u00e0 vos clients ? En devenant distributeur, vous aurez acc\u00e8s \u00e0 des prix de gros exclusifs, \u00e0 un support d\u00e9di\u00e9 et \u00e0 une livraison rapide qui aident votre [&hellip;]<\/p>\n","protected":false},"author":1,"featured_media":0,"parent":0,"menu_order":0,"comment_status":"closed","ping_status":"closed","template":"","meta":{"_uag_custom_page_level_css":"","site-sidebar-layout":"default","site-content-layout":"","ast-site-content-layout":"default","site-content-style":"default","site-sidebar-style":"default","ast-global-header-display":"","ast-banner-title-visibility":"","ast-main-header-display":"","ast-hfb-above-header-display":"","ast-hfb-below-header-display":"","ast-hfb-mobile-header-display":"","site-post-title":"","ast-breadcrumbs-content":"","ast-featured-img":"","footer-sml-layout":"","ast-disable-related-posts":"","theme-transparent-header-meta":"","adv-header-id-meta":"","stick-header-meta":"","header-above-stick-meta":"","header-main-stick-meta":"","header-below-stick-meta":"","astra-migrate-meta-layouts":"default","ast-page-background-enabled":"default","ast-page-background-meta":{"desktop":{"background-color":"","background-image":"","background-repeat":"repeat","background-position":"center center","background-size":"auto","background-attachment":"scroll","background-type":"","background-media":"","overlay-type":"","overlay-color":"","overlay-opacity":"","overlay-gradient":""},"tablet":{"background-color":"","background-image":"","background-repeat":"repeat","background-position":"center center","background-size":"auto","background-attachment":"scroll","background-type":"","background-media":"","overlay-type":"","overlay-color":"","overlay-opacity":"","overlay-gradient":""},"mobile":{"background-color":"","background-image":"","background-repeat":"repeat","background-position":"center center","background-size":"auto","background-attachment":"scroll","background-type":"","background-media":"","overlay-type":"","overlay-color":"","overlay-opacity":"","overlay-gradient":""}},"ast-content-background-meta":{"desktop":{"background-color":"var(--ast-global-color-5)","background-image":"","background-repeat":"repeat","background-position":"center center","background-size":"auto","background-attachment":"scroll","background-type":"","background-media":"","overlay-type":"","overlay-color":"","overlay-opacity":"","overlay-gradient":""},"tablet":{"background-color":"var(--ast-global-color-5)","background-image":"","background-repeat":"repeat","background-position":"center center","background-size":"auto","background-attachment":"scroll","background-type":"","background-media":"","overlay-type":"","overlay-color":"","overlay-opacity":"","overlay-gradient":""},"mobile":{"background-color":"var(--ast-global-color-5)","background-image":"","background-repeat":"repeat","background-position":"center center","background-size":"auto","background-attachment":"scroll","background-type":"","background-media":"","overlay-type":"","overlay-color":"","overlay-opacity":"","overlay-gradient":""}},"footnotes":""},"class_list":["post-4565","page","type-page","status-publish","hentry"],"_hostinger_reach_plugin_has_subscription_block":false,"_hostinger_reach_plugin_is_elementor":false,"uagb_featured_image_src":{"full":false,"thumbnail":false,"medium":false,"medium_large":false,"large":false,"1536x1536":false,"2048x2048":false,"woocommerce_thumbnail":false,"woocommerce_single":false,"woocommerce_gallery_thumbnail":false},"uagb_author_info":{"display_name":"Whipped Chief","author_link":"https:\/\/getcreamjet.com\/fr\/author\/yuyuuyuuugmail-com\/"},"uagb_comment_info":0,"uagb_excerpt":"Rejoignez la Famille CreamJet \u2013 Acc\u00e9dez aux Prix de Gros et D\u00e9veloppez Votre Entreprise \u00cates-vous pr\u00eat \u00e0 proposer des bouteilles de protoxyde d&rsquo;azote CreamJet de haute qualit\u00e9 \u00e0 vos clients ? En devenant distributeur, vous aurez acc\u00e8s \u00e0 des prix de gros exclusifs, \u00e0 un support d\u00e9di\u00e9 et \u00e0 une livraison rapide qui aident votre\u2026","_links":{"self":[{"href":"https:\/\/getcreamjet.com\/fr\/wp-json\/wp\/v2\/pages\/4565","targetHints":{"allow":["GET"]}}],"collection":[{"href":"https:\/\/getcreamjet.com\/fr\/wp-json\/wp\/v2\/pages"}],"about":[{"href":"https:\/\/getcreamjet.com\/fr\/wp-json\/wp\/v2\/types\/page"}],"author":[{"embeddable":true,"href":"https:\/\/getcreamjet.com\/fr\/wp-json\/wp\/v2\/users\/1"}],"replies":[{"embeddable":true,"href":"https:\/\/getcreamjet.com\/fr\/wp-json\/wp\/v2\/comments?post=4565"}],"version-history":[{"count":1,"href":"https:\/\/getcreamjet.com\/fr\/wp-json\/wp\/v2\/pages\/4565\/revisions"}],"predecessor-version":[{"id":4566,"href":"https:\/\/getcreamjet.com\/fr\/wp-json\/wp\/v2\/pages\/4565\/revisions\/4566"}],"wp:attachment":[{"href":"https:\/\/getcreamjet.com\/fr\/wp-json\/wp\/v2\/media?parent=4565"}],"curies":[{"name":"wp","href":"https:\/\/api.w.org\/{rel}","templated":true}]}}