{"id":4549,"date":"2025-08-19T13:50:53","date_gmt":"2025-08-19T13:50:53","guid":{"rendered":"https:\/\/getcreamjet.com\/a-propos\/"},"modified":"2025-11-11T09:13:44","modified_gmt":"2025-11-11T09:13:44","slug":"a-propos","status":"publish","type":"page","link":"https:\/\/getcreamjet.com\/fr\/a-propos\/","title":{"rendered":"\u00c0 Propos"},"content":{"rendered":"\n<div class=\"wp-block-uagb-container uagb-block-f90b5c01 alignfull uagb-is-root-container\"><div class=\"uagb-container-inner-blocks-wrap\">\n<div class=\"wp-block-uagb-advanced-heading uagb-block-a2c96383\"><h1 class=\"uagb-heading-text\">\u00c0 propos de CreamJet<br\/>Fabricant Premium de Protoxyde d&rsquo;Azote<\/h1><p class=\"uagb-desc-text\">Chez Yolotech Co., Ltd, nous sommes fiers d&rsquo;\u00eatre l&rsquo;un des plus grands fabricants de chargeurs de cr\u00e8me fouett\u00e9e et fournisseurs de protoxyde d&rsquo;azote en Chine. Depuis notre fondation en 2017, nous sommes devenus un partenaire de confiance pour les chefs, les distributeurs et les clients industriels du monde entier.<br\/>Notre installation fonctionne avec 10 lignes de production de N2O enti\u00e8rement automatis\u00e9es, atteignant une capacit\u00e9 annuelle de 10 000 tonnes m\u00e9triques. Gr\u00e2ce \u00e0 une technologie de purification avanc\u00e9e, nous garantissons une puret\u00e9 du gaz allant jusqu&rsquo;\u00e0 99,9995 %, r\u00e9pondant aux normes internationales alimentaires, \u00e9lectroniques et industrielles. Cela garantit que chaque cylindre et chaque lot de chargeurs de cr\u00e8me fouett\u00e9e que nous produisons est s\u00fbr, fiable et coh\u00e9rent.   <br\/><br\/>Nos Produits :<br\/>Chargeurs de Cr\u00e8me de 8g \u2013 petits, efficaces et largement utilis\u00e9s dans les cuisines et les caf\u00e9s.<br\/>Cylindres de N2O de 0,95L et 2,2L \u2013 con\u00e7us pour la restauration professionnelle et une utilisation \u00e0 grande \u00e9chelle.<br\/>Protoxyde d&rsquo;Azote de Qualit\u00e9 Alimentaire \u2013 certifi\u00e9 pour respecter les directives de <a href=\"https:\/\/www.efsa.europa.eu\">l&rsquo;Autorit\u00e9 europ\u00e9enne de s\u00e9curit\u00e9 des aliments (EFSA)<\/a>.<br\/>De plus, notre environnement de salle blanche et notre gestion de la qualit\u00e9 stricte sont conformes aux <a href=\"https:\/\/www.iso.org\/iso-9001-quality-management.html\">normes ISO 9001<\/a>, garantissant que chaque client re\u00e7oit des produits de la plus haute qualit\u00e9.<\/p><\/div>\n<\/div><\/div>\n\n<div class=\"wp-block-uagb-container uagb-layout-grid uagb-block-4689bb59 alignfull uagb-is-root-container\"><div class=\"uagb-container-inner-blocks-wrap\">\n<div class=\"wp-block-uagb-info-box uagb-block-789b7c5a uagb-infobox__content-wrap  uagb-infobox-icon-above-title uagb-infobox-image-valign-top\"><div class=\"uagb-ifb-content\"><div class=\"uagb-ifb-image-content\"><img loading=\"lazy\" decoding=\"async\" src=\"https:\/\/getcreamjet.com\/wp-content\/uploads\/2025\/08\/185f18139727297eec9e4b890ccdb846.jpeg\" alt=\"Whipped cream chargers factory overview &#x2013; premium N2O manufacturing facility in China.\" width=\"996\" height=\"561\" loading=\"lazy\"\/><\/div><div class=\"uagb-ifb-title-wrap\"><h4 class=\"uagb-ifb-title\">Aper\u00e7u de l&rsquo;Usine<\/h4><\/div><p class=\"uagb-ifb-desc\">Une installation de production moderne d\u00e9di\u00e9e \u00e0 la fabrication de chargeurs de cr\u00e8me fouett\u00e9e de haute qualit\u00e9 avec puret\u00e9 et \u00e9chelle.<\/p><\/div><\/div>\n\n\n\n<div class=\"wp-block-uagb-info-box uagb-block-a2559c1e uagb-infobox__content-wrap  uagb-infobox-icon-above-title uagb-infobox-image-valign-top\"><div class=\"uagb-ifb-content\"><div class=\"uagb-ifb-image-content\"><img loading=\"lazy\" decoding=\"async\" src=\"https:\/\/getcreamjet.com\/wp-content\/uploads\/2025\/08\/dcf9816ad794a8ad9e2304dd28be1838-e1756646586960.jpeg\" alt=\"Advanced equipment for whipped cream chargers production ensuring precision and consistency.\" width=\"600\" height=\"373\" loading=\"lazy\"\/><\/div><div class=\"uagb-ifb-title-wrap\"><h4 class=\"uagb-ifb-title\">\u00c9quipement Avanc\u00e9<\/h4><\/div><p class=\"uagb-ifb-desc\">Des machines de pointe garantissent la pr\u00e9cision, la s\u00e9curit\u00e9 et une qualit\u00e9 constante dans chaque lot de chargeurs de cr\u00e8me fouett\u00e9e.<\/p><\/div><\/div>\n\n\n\n<div class=\"wp-block-uagb-info-box uagb-block-2b4ca534 uagb-infobox__content-wrap  uagb-infobox-icon-above-title uagb-infobox-image-valign-top\"><div class=\"uagb-ifb-content\"><div class=\"uagb-ifb-image-content\"><img loading=\"lazy\" decoding=\"async\" src=\"https:\/\/getcreamjet.com\/wp-content\/uploads\/2025\/08\/u39860287121821230971fm253fmtautoapp120fJPEG-e1756646654410.webp\" alt=\"Cleanroom environment for whipped cream chargers production &#x2013; hygienic and controlled.\" width=\"750\" height=\"436\" loading=\"lazy\"\/><\/div><div class=\"uagb-ifb-title-wrap\"><h4 class=\"uagb-ifb-title\">Environnement de Salle Blanche<\/h4><\/div><p class=\"uagb-ifb-desc\">Une salle blanche ultramoderne qui fournit un environnement sans poussi\u00e8re pour assurer les normes les plus \u00e9lev\u00e9es pour les cartouches de cr\u00e8me fouett\u00e9e.<\/p><\/div><\/div>\n<\/div><\/div>\n\n<div class=\"wp-block-uagb-container uagb-layout-grid uagb-block-96cc2b14 alignfull uagb-is-root-container\"><div class=\"uagb-container-inner-blocks-wrap\">\n<div class=\"wp-block-uagb-advanced-heading uagb-block-a3e4e806\"><h2 class=\"uagb-heading-text\">Notre Parcours<\/h2><p class=\"uagb-desc-text\">L&rsquo;histoire de CreamJet a commenc\u00e9 avec la curiosit\u00e9 et la science. Au d\u00e9but des ann\u00e9es 1980, notre consultant, M. Liu, travaillait \u00e0 l&rsquo;Institut de recherche sur le gaz de P\u00e9kin. Son expertise a ensuite guid\u00e9 une jeune \u00e9quipe de R&amp;D en 2011 pour explorer de nouvelles m\u00e9thodes de production de gaz N2O par d\u00e9composition thermique avanc\u00e9e.<br\/>En d\u00e9cembre 2017, nous avions construit notre premi\u00e8re base de production. Aujourd&rsquo;hui, nous exploitons 10 lignes de production, desservant les march\u00e9s mondiaux avec des chargeurs de cr\u00e8me fouett\u00e9e et des cylindres de N2O premium. En cons\u00e9quence, Yolotech est devenu un fournisseur cl\u00e9 pour les entreprises de services alimentaires, les laboratoires et les distributeurs en gros du monde entier.    <\/p><\/div>\n\n\n\n<div class=\"wp-block-uagb-container uagb-layout-grid uagb-block-3ba89de4\">\n<div class=\"wp-block-uagb-info-box uagb-block-fa00d0ac uagb-infobox__content-wrap  uagb-infobox-icon-above-title uagb-infobox-image-valign-top wp-block-uagb-info-box--has-margin\"><div class=\"uagb-infobox-margin-wrapper\"><div class=\"uagb-ifb-content\"><div class=\"uagb-ifb-icon-wrap\"><svg xmlns=\"https:\/\/www.w3.org\/2000\/svg\" viewbox=\"0 0 448 512\"><path d=\"M400 480H48c-26.4 0-48-21.6-48-48V80c0-26.4 21.6-48 48-48h352c26.4 0 48 21.6 48 48v352c0 26.4-21.6 48-48 48zM199.6 178.5c0-30.7-17.6-45.1-39.7-45.1-25.8 0-40 19.8-40 44.5v154.8c0 25.8 13.7 45.6 40.5 45.6 21.5 0 39.2-14 39.2-45.6v-41.8l60.6 75.7c12.3 14.9 39 16.8 55.8 0 14.6-15.1 14.8-36.8 4-50.4l-49.1-62.8 40.5-58.7c9.4-13.5 9.5-34.5-5.6-49.1-16.4-15.9-44.6-17.3-61.4 7l-44.8 64.7v-38.8z\"><\/path><\/svg><\/div><div class=\"uagb-ifb-title-wrap\"><h4 class=\"uagb-ifb-title\">D\u00e9but<\/h4><\/div><p class=\"uagb-ifb-desc\">D\u00e9but des ann\u00e9es 1980. Notre consultant technique, M. Liu, a travaill\u00e9 \u00e0 l&rsquo;Institut de recherche sur le gaz de P\u00e9kin <\/p><\/div><\/div><\/div>\n\n\n\n<div class=\"wp-block-uagb-info-box uagb-block-af8a42c3 uagb-infobox__content-wrap  uagb-infobox-icon-above-title uagb-infobox-image-valign-top wp-block-uagb-info-box--has-margin\"><div class=\"uagb-infobox-margin-wrapper\"><div class=\"uagb-ifb-content\"><div class=\"uagb-ifb-icon-wrap\"><svg xmlns=\"https:\/\/www.w3.org\/2000\/svg\" viewbox=\"0 0 448 512\"><path d=\"M448 336v-288C448 21.49 426.5 0 400 0H96C42.98 0 0 42.98 0 96v320c0 53.02 42.98 96 96 96h320c17.67 0 32-14.33 32-31.1c0-11.72-6.607-21.52-16-27.1v-81.36C441.8 362.8 448 350.2 448 336zM143.1 128h192C344.8 128 352 135.2 352 144C352 152.8 344.8 160 336 160H143.1C135.2 160 128 152.8 128 144C128 135.2 135.2 128 143.1 128zM143.1 192h192C344.8 192 352 199.2 352 208C352 216.8 344.8 224 336 224H143.1C135.2 224 128 216.8 128 208C128 199.2 135.2 192 143.1 192zM384 448H96c-17.67 0-32-14.33-32-32c0-17.67 14.33-32 32-32h288V448z\"><\/path><\/svg><\/div><div class=\"uagb-ifb-title-wrap\"><h4 class=\"uagb-ifb-title\">Recherche sur la Ligne de Production<\/h4><\/div><p class=\"uagb-ifb-desc\">Octobre 2011. Avec le soutien de M. Liu, une jeune \u00e9quipe de R&amp;D a commenc\u00e9 \u00e0 faire des recherches sur la ligne de production de gaz N2O bas\u00e9e sur la d\u00e9composition thermique du nitrate d&rsquo;ammonium. <\/p><\/div><\/div><\/div>\n\n\n\n<div class=\"wp-block-uagb-info-box uagb-block-fda31292 uagb-infobox__content-wrap  uagb-infobox-icon-above-title uagb-infobox-image-valign-top wp-block-uagb-info-box--has-margin\"><div class=\"uagb-infobox-margin-wrapper\"><div class=\"uagb-ifb-content\"><div class=\"uagb-ifb-icon-wrap\"><svg xmlns=\"https:\/\/www.w3.org\/2000\/svg\" viewbox=\"0 0 384 512\"><path d=\"M336 0C362.5 0 384 21.49 384 48V464C384 490.5 362.5 512 336 512H240V432C240 405.5 218.5 384 192 384C165.5 384 144 405.5 144 432V512H48C21.49 512 0 490.5 0 464V48C0 21.49 21.49 0 48 0H336zM64 272C64 280.8 71.16 288 80 288H112C120.8 288 128 280.8 128 272V240C128 231.2 120.8 224 112 224H80C71.16 224 64 231.2 64 240V272zM176 224C167.2 224 160 231.2 160 240V272C160 280.8 167.2 288 176 288H208C216.8 288 224 280.8 224 272V240C224 231.2 216.8 224 208 224H176zM256 272C256 280.8 263.2 288 272 288H304C312.8 288 320 280.8 320 272V240C320 231.2 312.8 224 304 224H272C263.2 224 256 231.2 256 240V272zM80 96C71.16 96 64 103.2 64 112V144C64 152.8 71.16 160 80 160H112C120.8 160 128 152.8 128 144V112C128 103.2 120.8 96 112 96H80zM160 144C160 152.8 167.2 160 176 160H208C216.8 160 224 152.8 224 144V112C224 103.2 216.8 96 208 96H176C167.2 96 160 103.2 160 112V144zM272 96C263.2 96 256 103.2 256 112V144C256 152.8 263.2 160 272 160H304C312.8 160 320 152.8 320 144V112C320 103.2 312.8 96 304 96H272z\"><\/path><\/svg><\/div><div class=\"uagb-ifb-title-wrap\"><h4 class=\"uagb-ifb-title\"><br\/><strong>Construction de la Base de Production<\/strong><\/h4><\/div><p class=\"uagb-ifb-desc\">D\u00e9cembre 2017, nous avons construit la 1\u00e8re ligne de production.<\/p><\/div><\/div><\/div>\n\n\n\n<div class=\"wp-block-uagb-info-box uagb-block-58e06198 uagb-infobox__content-wrap  uagb-infobox-icon-above-title uagb-infobox-image-valign-top wp-block-uagb-info-box--has-margin\"><div class=\"uagb-infobox-margin-wrapper\"><div class=\"uagb-ifb-content\"><div class=\"uagb-ifb-icon-wrap\"><svg xmlns=\"https:\/\/www.w3.org\/2000\/svg\" viewbox=\"0 0 512 512\"><path d=\"M470.7 9.441C473.7 12.49 476 16 477.6 19.75C479.1 23.5 479.1 27.6 480 31.9V32V128C480 145.7 465.7 160 448 160C430.3 160 416 145.7 416 128V109.3L310.6 214.6C298.8 226.5 279.9 227.2 267.2 216.3L175.1 138.1L84.82 216.3C71.41 227.8 51.2 226.2 39.7 212.8C28.2 199.4 29.76 179.2 43.17 167.7L155.2 71.7C167.2 61.43 184.8 61.43 196.8 71.7L286.3 148.4L370.7 64H352C334.3 64 320 49.67 320 32C320 14.33 334.3 0 352 0H447.1C456.8 0 464.8 3.554 470.6 9.305L470.7 9.441zM0 304C0 277.5 21.49 256 48 256H464C490.5 256 512 277.5 512 304V464C512 490.5 490.5 512 464 512H48C21.49 512 0 490.5 0 464V304zM48 464H96C96 437.5 74.51 416 48 416V464zM48 304V352C74.51 352 96 330.5 96 304H48zM464 416C437.5 416 416 437.5 416 464H464V416zM416 304C416 330.5 437.5 352 464 352V304H416zM256 320C220.7 320 192 348.7 192 384C192 419.3 220.7 448 256 448C291.3 448 320 419.3 320 384C320 348.7 291.3 320 256 320z\"><\/path><\/svg><\/div><div class=\"uagb-ifb-title-wrap\"><h4 class=\"uagb-ifb-title\">Fabricant Majeur<\/h4><\/div><p class=\"uagb-ifb-desc\">En l&rsquo;an 2023, nous avons 10 lignes de production avec une production de 10.000tonnes m\u00e9triques. Nous avons une ligne automatique pour les chargeurs de cr\u00e8me de 8g et les cylindres de 0,95L, 2,2L et 3,3L. <\/p><\/div><\/div><\/div>\n<\/div>\n<\/div><\/div>\n\n<div class=\"wp-block-uagb-container uagb-layout-grid uagb-block-f078c05e alignfull uagb-is-root-container\"><div class=\"uagb-container-inner-blocks-wrap\">\n<div class=\"wp-block-uagb-advanced-heading uagb-block-51999f88\"><h2 class=\"uagb-heading-text\">Obtenez Aujourd&rsquo;hui les Meilleures Bouteilles de Chargeur de Cr\u00e8me!<\/h2><\/div>\n\n\n\n<div class=\"wp-block-uagb-buttons uagb-buttons__outer-wrap uagb-btn__default-btn uagb-btn-tablet__default-btn uagb-btn-mobile__default-btn uagb-block-59a9eda1\"><div class=\"uagb-buttons__wrap uagb-buttons-layout-wrap \">\n<div class=\"wp-block-uagb-buttons-child uagb-buttons__outer-wrap uagb-block-7b8e4b74 wp-block-button\"><div class=\"uagb-button__wrapper\"><a class=\"uagb-buttons-repeater wp-block-button__link\" aria-label=\"\" href=\"shop-2\/\" rel=\"follow noopener\" target=\"_self\" role=\"button\"><div class=\"uagb-button__link\">ACHETEZ MAINTENANT<\/div><span class=\"uagb-button__icon uagb-button__icon-position-after\"><svg xmlns=\"https:\/\/www.w3.org\/2000\/svg\" viewbox=\"0 0 256 512\" aria-hidden=\"true\" focussable=\"false\"><path d=\"M64 448c-8.188 0-16.38-3.125-22.62-9.375c-12.5-12.5-12.5-32.75 0-45.25L178.8 256L41.38 118.6c-12.5-12.5-12.5-32.75 0-45.25s32.75-12.5 45.25 0l160 160c12.5 12.5 12.5 32.75 0 45.25l-160 160C80.38 444.9 72.19 448 64 448z\"><\/path><\/svg><\/span><\/a><\/div><\/div>\n<\/div><\/div>\n<\/div><\/div>\n\n<h4 class=\"wp-block-heading\" id=\"h-why-choose-yolotech-amp-creamjet\">Pourquoi Choisir Yolotech &amp; CreamJet ?<\/h4>\n\n<ul class=\"wp-block-list\">\n<li>Fabricant de gaz N2O de confiance avec technologie brevet\u00e9e<\/li>\n\n\n\n<li>Large gamme de produits de chargeurs de cr\u00e8me fouett\u00e9e et de cylindres<\/li>\n\n\n\n<li>Certifications internationales de s\u00e9curit\u00e9 et de qualit\u00e9<\/li>\n\n\n\n<li>R\u00e9seau d&rsquo;exportation atteignant l&rsquo;Europe, l&rsquo;Am\u00e9rique du Nord et l&rsquo;Asie, si vous recherchez des \u00ab\u00a0chargeurs de cr\u00e8me fouett\u00e9e pr\u00e8s de moi\u00a0\u00bb, envisagez de commander en ligne maintenant. <\/li>\n<\/ul>\n\n<p>De plus, notre mission est simple : fournir des chargeurs de cr\u00e8me fouett\u00e9e purs, premium et parfaits qui subliment chaque recette, des desserts moelleux aux cocktails cr\u00e9atifs.<\/p>\n\n<div class=\"wp-block-uagb-container uagb-block-2feb6b2f alignfull uagb-is-root-container\">\n<div class=\"wp-block-uagb-image uagb-block-e9b32d74 wp-block-uagb-image--layout-default wp-block-uagb-image--effect-static wp-block-uagb-image--align-none\"><figure class=\"wp-block-uagb-image__figure\"><img loading=\"lazy\" decoding=\"async\" srcset=\"https:\/\/getcreamjet.com\/wp-content\/uploads\/2022\/06\/graphic05-free-img.png ,https:\/\/getcreamjet.com\/wp-content\/uploads\/2022\/06\/graphic05-free-img.png 780w, https:\/\/getcreamjet.com\/wp-content\/uploads\/2022\/06\/graphic05-free-img.png 360w\" sizes=\"auto, (max-width: 480px) 150px\" src=\"https:\/\/getcreamjet.com\/wp-content\/uploads\/2022\/06\/graphic05-free-img.png\" alt=\"\" class=\"uag-image-2571\" width=\"1929\" height=\"79\" title=\"graphic05-free-img\" loading=\"lazy\" role=\"img\"><\/figure><\/div>\n<\/div>\n\n<div class=\"wp-block-uagb-container uagb-layout-grid uagb-block-baca6a3d alignfull uagb-is-root-container\"><div class=\"uagb-container-inner-blocks-wrap\">\n<div class=\"wp-block-uagb-info-box uagb-block-cff3259d uagb-infobox__content-wrap  uagb-infobox-icon-above-title uagb-infobox-image-valign-top wp-block-uagb-info-box--has-margin\"><div class=\"uagb-infobox-margin-wrapper\"><div class=\"uagb-ifb-content\"><div class=\"uagb-ifb-image-content\"><img loading=\"lazy\" decoding=\"async\" src=\"https:\/\/getcreamjet.com\/wp-content\/uploads\/2020\/03\/globe-free-img.png\" alt=\"\" width=\"20\" height=\"20\" loading=\"lazy\"\/><\/div><div class=\"uagb-ifb-title-wrap\"><h4 class=\"uagb-ifb-title\">Exp\u00e9dition Mondiale<\/h4><\/div><p class=\"uagb-ifb-desc\">Nous livrons nos produits rapidement et de mani\u00e8re fiable dans tous les coins du globe.<\/p><\/div><\/div><\/div>\n\n\n\n<div class=\"wp-block-uagb-info-box uagb-block-5979dbc8 uagb-infobox__content-wrap  uagb-infobox-icon-above-title uagb-infobox-image-valign-top wp-block-uagb-info-box--has-margin\"><div class=\"uagb-infobox-margin-wrapper\"><div class=\"uagb-ifb-content\"><div class=\"uagb-ifb-image-content\"><img loading=\"lazy\" decoding=\"async\" src=\"https:\/\/getcreamjet.com\/wp-content\/uploads\/2020\/03\/quality-free-img.png\" alt=\"\" width=\"20\" height=\"20\" loading=\"lazy\"\/><\/div><div class=\"uagb-ifb-title-wrap\"><h4 class=\"uagb-ifb-title\">Meilleure Qualit\u00e9<\/h4><\/div><p class=\"uagb-ifb-desc\">Fabriqu\u00e9 avec pr\u00e9cision pour garantir des performances pures, premium et parfaites \u00e0 chaque fois.<\/p><\/div><\/div><\/div>\n\n\n\n<div class=\"wp-block-uagb-info-box uagb-block-82cf9d53 uagb-infobox__content-wrap  uagb-infobox-icon-above-title uagb-infobox-image-valign-top wp-block-uagb-info-box--has-margin\"><div class=\"uagb-infobox-margin-wrapper\"><div class=\"uagb-ifb-content\"><div class=\"uagb-ifb-image-content\"><img loading=\"lazy\" decoding=\"async\" src=\"https:\/\/getcreamjet.com\/wp-content\/uploads\/2020\/03\/tag-free-img.png\" alt=\"\" width=\"20\" height=\"20\" loading=\"lazy\"\/><\/div><div class=\"uagb-ifb-title-wrap\"><h4 class=\"uagb-ifb-title\">Meilleures Offres<\/h4><\/div><p class=\"uagb-ifb-desc\">Profitez des prix les plus bas et d&rsquo;offres exclusives de Chine et fabriqu\u00e9es en Chine.<\/p><\/div><\/div><\/div>\n\n\n\n<div class=\"wp-block-uagb-info-box uagb-block-aef228c5 uagb-infobox__content-wrap  uagb-infobox-icon-above-title uagb-infobox-image-valign-top wp-block-uagb-info-box--has-margin\"><div class=\"uagb-infobox-margin-wrapper\"><div class=\"uagb-ifb-content\"><div class=\"uagb-ifb-image-content\"><img loading=\"lazy\" decoding=\"async\" src=\"https:\/\/getcreamjet.com\/wp-content\/uploads\/2020\/03\/lock-free-img.png\" alt=\"\" width=\"20\" height=\"20\" loading=\"lazy\"\/><\/div><div class=\"uagb-ifb-title-wrap\"><h4 class=\"uagb-ifb-title\">Paiements S\u00e9curis\u00e9s<\/h4><\/div><p class=\"uagb-ifb-desc\">Achetez en toute confiance en utilisant nos syst\u00e8mes de paiement s\u00e9curis\u00e9s et crypt\u00e9s.<\/p><\/div><\/div><\/div>\n<\/div><\/div>\n\n<p><\/p>\n","protected":false},"excerpt":{"rendered":"<p>\u00c0 propos de CreamJetFabricant Premium de Protoxyde d&rsquo;Azote Chez Yolotech Co., Ltd, nous sommes fiers d&rsquo;\u00eatre l&rsquo;un des plus grands fabricants de chargeurs de cr\u00e8me fouett\u00e9e et fournisseurs de protoxyde d&rsquo;azote en Chine. Depuis notre fondation en 2017, nous sommes devenus un partenaire de confiance pour les chefs, les distributeurs et les clients industriels du [&hellip;]<\/p>\n","protected":false},"author":1,"featured_media":0,"parent":0,"menu_order":0,"comment_status":"closed","ping_status":"closed","template":"","meta":{"_uag_custom_page_level_css":"","site-sidebar-layout":"no-sidebar","site-content-layout":"plain-container","ast-site-content-layout":"full-width-container","site-content-style":"unboxed","site-sidebar-style":"unboxed","ast-global-header-display":"","ast-banner-title-visibility":"","ast-main-header-display":"","ast-hfb-above-header-display":"","ast-hfb-below-header-display":"","ast-hfb-mobile-header-display":"","site-post-title":"disabled","ast-breadcrumbs-content":"","ast-featured-img":"disabled","footer-sml-layout":"","ast-disable-related-posts":"","theme-transparent-header-meta":"enabled","adv-header-id-meta":"","stick-header-meta":"","header-above-stick-meta":"","header-main-stick-meta":"","header-below-stick-meta":"","astra-migrate-meta-layouts":"default","ast-page-background-enabled":"default","ast-page-background-meta":{"desktop":{"background-color":"","background-image":"","background-repeat":"repeat","background-position":"center center","background-size":"auto","background-attachment":"scroll","background-type":"","background-media":"","overlay-type":"","overlay-color":"","overlay-opacity":"","overlay-gradient":""},"tablet":{"background-color":"","background-image":"","background-repeat":"repeat","background-position":"center center","background-size":"auto","background-attachment":"scroll","background-type":"","background-media":"","overlay-type":"","overlay-color":"","overlay-opacity":"","overlay-gradient":""},"mobile":{"background-color":"","background-image":"","background-repeat":"repeat","background-position":"center center","background-size":"auto","background-attachment":"scroll","background-type":"","background-media":"","overlay-type":"","overlay-color":"","overlay-opacity":"","overlay-gradient":""}},"ast-content-background-meta":{"desktop":{"background-color":"var(--ast-global-color-5)","background-image":"","background-repeat":"repeat","background-position":"center center","background-size":"auto","background-attachment":"scroll","background-type":"","background-media":"","overlay-type":"","overlay-color":"","overlay-opacity":"","overlay-gradient":""},"tablet":{"background-color":"var(--ast-global-color-5)","background-image":"","background-repeat":"repeat","background-position":"center center","background-size":"auto","background-attachment":"scroll","background-type":"","background-media":"","overlay-type":"","overlay-color":"","overlay-opacity":"","overlay-gradient":""},"mobile":{"background-color":"var(--ast-global-color-5)","background-image":"","background-repeat":"repeat","background-position":"center center","background-size":"auto","background-attachment":"scroll","background-type":"","background-media":"","overlay-type":"","overlay-color":"","overlay-opacity":"","overlay-gradient":""}},"footnotes":""},"class_list":["post-4549","page","type-page","status-publish","hentry"],"_hostinger_reach_plugin_has_subscription_block":false,"_hostinger_reach_plugin_is_elementor":false,"uagb_featured_image_src":{"full":false,"thumbnail":false,"medium":false,"medium_large":false,"large":false,"1536x1536":false,"2048x2048":false,"woocommerce_thumbnail":false,"woocommerce_single":false,"woocommerce_gallery_thumbnail":false},"uagb_author_info":{"display_name":"Whipped Chief","author_link":"https:\/\/getcreamjet.com\/fr\/author\/yuyuuyuuugmail-com\/"},"uagb_comment_info":0,"uagb_excerpt":"\u00c0 propos de CreamJetFabricant Premium de Protoxyde d&rsquo;Azote Chez Yolotech Co., Ltd, nous sommes fiers d&rsquo;\u00eatre l&rsquo;un des plus grands fabricants de chargeurs de cr\u00e8me fouett\u00e9e et fournisseurs de protoxyde d&rsquo;azote en Chine. Depuis notre fondation en 2017, nous sommes devenus un partenaire de confiance pour les chefs, les distributeurs et les clients industriels du\u2026","_links":{"self":[{"href":"https:\/\/getcreamjet.com\/fr\/wp-json\/wp\/v2\/pages\/4549","targetHints":{"allow":["GET"]}}],"collection":[{"href":"https:\/\/getcreamjet.com\/fr\/wp-json\/wp\/v2\/pages"}],"about":[{"href":"https:\/\/getcreamjet.com\/fr\/wp-json\/wp\/v2\/types\/page"}],"author":[{"embeddable":true,"href":"https:\/\/getcreamjet.com\/fr\/wp-json\/wp\/v2\/users\/1"}],"replies":[{"embeddable":true,"href":"https:\/\/getcreamjet.com\/fr\/wp-json\/wp\/v2\/comments?post=4549"}],"version-history":[{"count":1,"href":"https:\/\/getcreamjet.com\/fr\/wp-json\/wp\/v2\/pages\/4549\/revisions"}],"predecessor-version":[{"id":4551,"href":"https:\/\/getcreamjet.com\/fr\/wp-json\/wp\/v2\/pages\/4549\/revisions\/4551"}],"wp:attachment":[{"href":"https:\/\/getcreamjet.com\/fr\/wp-json\/wp\/v2\/media?parent=4549"}],"curies":[{"name":"wp","href":"https:\/\/api.w.org\/{rel}","templated":true}]}}