{"id":4537,"date":"2025-08-19T13:50:53","date_gmt":"2025-08-19T13:50:53","guid":{"rendered":"https:\/\/getcreamjet.com\/contact\/"},"modified":"2025-11-11T01:38:18","modified_gmt":"2025-11-11T01:38:18","slug":"contact","status":"publish","type":"page","link":"https:\/\/getcreamjet.com\/fr\/contact\/","title":{"rendered":"Contact"},"content":{"rendered":"\n<div class=\"wp-block-uagb-container uagb-block-5ee8ccc4 alignfull uagb-is-root-container\"><div class=\"uagb-container-inner-blocks-wrap\">\n<div class=\"wp-block-uagb-container uagb-block-1041cd37\">\n<div class=\"wp-block-uagb-info-box uagb-block-7b3c523d uagb-infobox__content-wrap  uagb-infobox-icon-above-title uagb-infobox-image-valign-top wp-block-uagb-info-box--has-margin\"><div class=\"uagb-infobox-margin-wrapper\"><div class=\"uagb-ifb-content\"><div class=\"uagb-ifb-title-wrap\"><h1 class=\"uagb-ifb-title\">Contacter CreamJet<\/h1><\/div><p class=\"uagb-ifb-desc\">Vous avez des questions sur<a href=\"\/?product_cat=whipped-cream-chargers\"> nos chargeurs<\/a>, <a href=\"https:\/\/getcreamjet.com\/fr\/categorie-produit\/bouteilles-de-creme-640g\/\">cartouches<\/a>, <a href=\"https:\/\/getcreamjet.com\/fr\/categorie-produit\/bouteilles-doxyde-nitreux-1364g\/\">cylindres<\/a> ou distributeurs de cr\u00e8me fouett\u00e9e premium ? Contactez CreamJet d\u00e8s aujourd&rsquo;hui ! Nous sommes l\u00e0 pour vous fournir un soutien expert et vous assurer d&rsquo;obtenir les r\u00e9sultats parfaits pour vos cr\u00e9ations culinaires. <br\/><br\/><br\/>N&rsquo;h\u00e9sitez pas \u00e0 nous appeler ou \u00e0 nous envoyer un e-mail, surtout si vous souhaitez acheter des stocks en vrac. Nous sommes sp\u00e9cialis\u00e9s dans les commandes de palettes en gros, avec exp\u00e9dition dans toute l&rsquo;UE et dans le monde. <\/p><div class=\"uagb-ifb-separator\"><\/div><\/div><\/div><\/div>\n\n\n\n<h2>Autres moyens de Contacter CreamJet<\/h2>\nEmail: <a href=\"mailto:sales@getcreamjet.com\">sales@getcreamjet.com<\/a>\nPhone: +1 \u202a(901) 878-0101\u202c \nAdresse : Albany NY 12205 (Entrep\u00f4t de NY)\n<\/div>\n\n\n\n<div class=\"wp-block-uagb-container uagb-block-c8ebcb52\">\n<div class=\"wp-block-uagb-advanced-heading uagb-block-5fc669a1\"><h3 class=\"uagb-heading-text\">Posez Vos Questions<\/h3><\/div>\n\n\n<style id=\"wpforms-css-vars-4494\">\n\t\t\t\t#wpforms-4494 {\n\t\t\t\t--wpforms-field-border-radius: 10px;\n--wpforms-field-border-color: #B7588A;\n--wpforms-field-border-color-spare: #B7588A;\n--wpforms-field-text-color: rgba(0, 0, 0, 0.7);\n--wpforms-label-color: rgba(0, 0, 0, 0.85);\n--wpforms-label-sublabel-color: rgba(0, 0, 0, 0.55);\n--wpforms-button-border-radius: 10px;\n--wpforms-button-background-color: #B7588A;\n--wpforms-background-color: rgba(0, 0, 0, 0);\n--wpforms-field-size-input-height: 43px;\n--wpforms-field-size-input-spacing: 15px;\n--wpforms-field-size-font-size: 16px;\n--wpforms-field-size-line-height: 19px;\n--wpforms-field-size-padding-h: 14px;\n--wpforms-field-size-checkbox-size: 16px;\n--wpforms-field-size-sublabel-spacing: 5px;\n--wpforms-field-size-icon-size: 1;\n--wpforms-label-size-font-size: 16px;\n--wpforms-label-size-line-height: 19px;\n--wpforms-label-size-sublabel-font-size: 14px;\n--wpforms-label-size-sublabel-line-height: 17px;\n--wpforms-button-size-font-size: 20px;\n--wpforms-button-size-height: 48px;\n--wpforms-button-size-padding-h: 20px;\n--wpforms-button-size-margin-top: 15px;\n--wpforms-container-shadow-size-box-shadow: none;\n\t\t\t}\n\t\t\t<\/style><div class=\"wpforms-container wpforms-container-full wpforms-render-modern\" id=\"wpforms-4494\"><form id=\"wpforms-form-4494\" class=\"wpforms-validate wpforms-form wpforms-ajax-form\" data-formid=\"4494\" method=\"post\" enctype=\"multipart\/form-data\" action=\"\/fr\/wp-json\/wp\/v2\/pages\/4537\" data-token=\"be87e0c2587177202cfe252d41a8667a\" data-token-time=\"1778070795\"><noscript class=\"wpforms-error-noscript\">Veuillez activer JavaScript dans votre navigateur pour remplir ce formulaire.<\/noscript><div id=\"wpforms-error-noscript\" style=\"display: none;\">Veuillez activer JavaScript dans votre navigateur pour remplir ce formulaire.<\/div><div class=\"wpforms-field-container\"><div id=\"wpforms-4494-field_14-container\" class=\"wpforms-field wpforms-field-text\" data-field-id=\"14\"><label class=\"wpforms-field-label\" for=\"wpforms-4494-field_14\">Objet <span class=\"wpforms-required-label\" aria-hidden=\"true\">*<\/span><\/label><input type=\"text\" id=\"wpforms-4494-field_14\" class=\"wpforms-field-medium wpforms-field-required\" name=\"wpforms[fields][14]\" aria-errormessage=\"wpforms-4494-field_14-error\" required><\/div>\t\t<div id=\"wpforms-4494-field_1-container\"\n\t\t\tclass=\"wpforms-field wpforms-field-text\"\n\t\t\tdata-field-type=\"text\"\n\t\t\tdata-field-id=\"1\"\n\t\t\t>\n\t\t\t<label class=\"wpforms-field-label\" for=\"wpforms-4494-field_1\" >E-mail Objet Message<\/label>\n\t\t\t<input type=\"text\" id=\"wpforms-4494-field_1\" class=\"wpforms-field-medium\" name=\"wpforms[fields][1]\" >\n\t\t<\/div>\n\t\t<div id=\"wpforms-4494-field_4-container\" class=\"wpforms-field wpforms-field-email\" data-field-id=\"4\"><label class=\"wpforms-field-label\" for=\"wpforms-4494-field_4\">E-mail <span class=\"wpforms-required-label\" aria-hidden=\"true\">*<\/span><\/label><input type=\"email\" id=\"wpforms-4494-field_4\" class=\"wpforms-field-medium wpforms-field-required\" name=\"wpforms[fields][4]\" spellcheck=\"false\" aria-errormessage=\"wpforms-4494-field_4-error\" required><\/div><div id=\"wpforms-4494-field_15-container\" class=\"wpforms-field wpforms-field-textarea\" data-field-id=\"15\"><label class=\"wpforms-field-label\" for=\"wpforms-4494-field_15\">Message <span class=\"wpforms-required-label\" aria-hidden=\"true\">*<\/span><\/label><textarea id=\"wpforms-4494-field_15\" class=\"wpforms-field-medium wpforms-field-required wpforms-limit-characters-enabled\" data-form-id=\"4494\" data-field-id=\"15\" data-text-limit=\"5000\" name=\"wpforms[fields][15]\" aria-errormessage=\"wpforms-4494-field_15-error\" maxlength=\"5000\" required><\/textarea><\/div><script>\n\t\t\t\t( function() {\n\t\t\t\t\tconst style = document.createElement( 'style' );\n\t\t\t\t\tstyle.appendChild( document.createTextNode( '#wpforms-4494-field_1-container { position: absolute !important; overflow: hidden !important; display: inline !important; height: 1px !important; width: 1px !important; z-index: -1000 !important; padding: 0 !important; } #wpforms-4494-field_1-container input { visibility: hidden; } #wpforms-conversational-form-page #wpforms-4494-field_1-container label { counter-increment: none; }' ) );\n\t\t\t\t\tdocument.head.appendChild( style );\n\t\t\t\t\tdocument.currentScript?.remove();\n\t\t\t\t} )();\n\t\t\t<\/script><\/div><!-- .wpforms-field-container --><div class=\"wpforms-submit-container\" ><input type=\"hidden\" name=\"wpforms[id]\" value=\"4494\"><input type=\"hidden\" name=\"page_title\" value=\"\"><input type=\"hidden\" name=\"page_url\" value=\"https:\/\/getcreamjet.com\/fr\/wp-json\/wp\/v2\/pages\/4537\"><input type=\"hidden\" name=\"url_referer\" value=\"\"><button type=\"submit\" name=\"wpforms[submit]\" id=\"wpforms-submit-4494\" class=\"wpforms-submit\" data-alt-text=\"Envoi en cours...\" data-submit-text=\"Soumettre\" aria-live=\"assertive\" value=\"wpforms-submit\">Soumettre<\/button><img decoding=\"async\" src=\"https:\/\/getcreamjet.com\/wp-content\/plugins\/wpforms\/assets\/images\/submit-spin.svg\" class=\"wpforms-submit-spinner\" style=\"display: none;\" width=\"26\" height=\"26\" alt=\"Chargement en cours\"><\/div><\/form><\/div>  <!-- .wpforms-container -->\n<\/div>\n<\/div><\/div>\n\n<div class=\"wp-block-uagb-separator uagb-block-77ed38e1\"><div class=\"wp-block-uagb-separator__inner\" style=\"--my-background-image:\"><\/div><\/div>\n\n<figure class=\"wp-block-image size-large\"><img fetchpriority=\"high\" decoding=\"async\" width=\"1024\" height=\"682\" src=\"https:\/\/getcreamjet.com\/wp-content\/uploads\/2025\/08\/white-mug-on-wooden-surface-1024x682.jpg\" alt=\"cr&#xE8;me fouett&#xE9;e parfaitement au-dessus du caf&#xE9;\" class=\"wp-image-3785\" srcset=\"https:\/\/getcreamjet.com\/wp-content\/uploads\/2025\/08\/white-mug-on-wooden-surface-1024x682.jpg 1024w, https:\/\/getcreamjet.com\/wp-content\/uploads\/2025\/08\/white-mug-on-wooden-surface-600x400.jpg 600w, https:\/\/getcreamjet.com\/wp-content\/uploads\/2025\/08\/white-mug-on-wooden-surface-300x200.jpg 300w, https:\/\/getcreamjet.com\/wp-content\/uploads\/2025\/08\/white-mug-on-wooden-surface-768x512.jpg 768w, https:\/\/getcreamjet.com\/wp-content\/uploads\/2025\/08\/white-mug-on-wooden-surface-1536x1024.jpg 1536w, https:\/\/getcreamjet.com\/wp-content\/uploads\/2025\/08\/white-mug-on-wooden-surface.jpg 2000w\" sizes=\"(max-width: 1024px) 100vw, 1024px\" \/><\/figure>\n\n<h2 class=\"wp-block-heading\" id=\"h-faqs\">Foire Aux Questions (FAQ)<\/h2>\n\n<ul class=\"wp-block-list\">\n<li><strong>Q1 : \u00cates-vous une usine ou une soci\u00e9t\u00e9 de n\u00e9goce ?<\/strong><br\/>R : CreamJet est le principal fabricant mondial de protoxyde d&rsquo;azote de qualit\u00e9 alimentaire, produisant 20 000 tonnes m\u00e9triques par an. Pour les normes de s\u00e9curit\u00e9 et de r\u00e9glementation des gaz de qualit\u00e9 alimentaire, vous pouvez vous r\u00e9f\u00e9rer \u00e0 l&rsquo;Autorit\u00e9 europ\u00e9enne de <a href=\"https:\/\/www.efsa.europa.eu\">s\u00e9curit\u00e9 des aliments (EFSA).<\/a> <\/li>\n\n\n\n<li><strong>Q2 : Combien de temps faudra-t-il pour recevoir ma commande ?<\/strong><br\/>R : Les commandes pass\u00e9es en ligne sont g\u00e9n\u00e9ralement exp\u00e9di\u00e9es sous 48 heures via FedEx ou d&rsquo;autres services express. Vous pouvez normalement recevoir vos marchandises dans les 3 \u00e0 5 jours ouvrables. Pour les directives d&rsquo;exp\u00e9dition internationale, consultez le <a href=\"https:\/\/www.fedex.com\/en-us\/shipping.html\">Guide d&rsquo;exp\u00e9dition FedEx.<\/a>  <\/li>\n\n\n\n<li>Q3 : O\u00f9 sont situ\u00e9es vos marchandises ?<br\/>R : Nous avons des entrep\u00f4ts en France et aux \u00c9tats-Unis, et votre commande sera exp\u00e9di\u00e9e depuis l&rsquo;entrep\u00f4t le plus proche.<\/li>\n\n\n\n<li><strong>Q4 : Mon paiement est-il s\u00e9curis\u00e9 ?<\/strong><br\/>R : Absolument. CreamJet utilise des syst\u00e8mes de paiement s\u00e9curis\u00e9s et conformes \u00e0 la loi pour prot\u00e9ger vos transactions. Nous acceptons toutes les principales cartes de cr\u00e9dit, y compris Visa et Mastercard.  <\/li>\n\n\n\n<li><strong>Q5 : Comment garantissez-vous la qualit\u00e9 des produits ?<\/strong><br\/>R : Notre \u00e9quipe professionnelle de contr\u00f4le qualit\u00e9 inspecte et teste chaque lot de gaz quotidiennement. Chaque chargeur de cr\u00e8me est test\u00e9 individuellement apr\u00e8s la production. <\/li>\n\n\n\n<li><strong>Q6 : Puis-je commander de grandes quantit\u00e9s ou en gros ?<\/strong><br\/>R : Oui, vous pouvez commander plus d&rsquo;un conteneur. Pour les demandes de renseignements en gros, veuillez contacter CreamJet directement. <\/li>\n\n\n\n<li><strong>Q7 : Puis-je devenir un agent CreamJet ?<\/strong><br\/>R : Oui, nous accueillons les agents et partenaires sur tous les principaux march\u00e9s. Veuillez remplir le <a href=\"https:\/\/getcreamjet.com\/fr\/contact\/\">formulaire de Contact.<\/a> <\/li>\n\n\n\n<li><strong>Q8 : Comment puis-je obtenir de l&rsquo;aide pour ma commande ?<\/strong><br\/>R : Pour toute question concernant les commandes, l&rsquo;exp\u00e9dition ou les produits, notre \u00e9quipe de support client est pr\u00eate \u00e0 vous aider. Envoyez un e-mail \u00e0 <a href=\"mailto:sales@getcreamjet.com\">sales@getcreamjet.com<\/a> ou remplissez le formulaire de contact. <\/li>\n<\/ul>\n\n<p><\/p>\n","protected":false},"excerpt":{"rendered":"<p>Autres moyens de Contacter CreamJet Email: sales@getcreamjet.com Phone: +1 \u202a(901) 878-0101\u202c Adresse : Albany NY 12205 (Entrep\u00f4t de NY) Posez Vos Questions Foire Aux Questions (FAQ)<\/p>\n","protected":false},"author":1,"featured_media":0,"parent":0,"menu_order":0,"comment_status":"closed","ping_status":"closed","template":"","meta":{"_uag_custom_page_level_css":"","site-sidebar-layout":"no-sidebar","site-content-layout":"plain-container","ast-site-content-layout":"full-width-container","site-content-style":"unboxed","site-sidebar-style":"unboxed","ast-global-header-display":"","ast-banner-title-visibility":"","ast-main-header-display":"","ast-hfb-above-header-display":"","ast-hfb-below-header-display":"","ast-hfb-mobile-header-display":"","site-post-title":"disabled","ast-breadcrumbs-content":"","ast-featured-img":"disabled","footer-sml-layout":"","ast-disable-related-posts":"","theme-transparent-header-meta":"enabled","adv-header-id-meta":"","stick-header-meta":"","header-above-stick-meta":"","header-main-stick-meta":"","header-below-stick-meta":"","astra-migrate-meta-layouts":"default","ast-page-background-enabled":"default","ast-page-background-meta":{"desktop":{"background-color":"","background-image":"","background-repeat":"repeat","background-position":"center center","background-size":"auto","background-attachment":"scroll","background-type":"","background-media":"","overlay-type":"","overlay-color":"","overlay-opacity":"","overlay-gradient":""},"tablet":{"background-color":"","background-image":"","background-repeat":"repeat","background-position":"center center","background-size":"auto","background-attachment":"scroll","background-type":"","background-media":"","overlay-type":"","overlay-color":"","overlay-opacity":"","overlay-gradient":""},"mobile":{"background-color":"","background-image":"","background-repeat":"repeat","background-position":"center center","background-size":"auto","background-attachment":"scroll","background-type":"","background-media":"","overlay-type":"","overlay-color":"","overlay-opacity":"","overlay-gradient":""}},"ast-content-background-meta":{"desktop":{"background-color":"var(--ast-global-color-5)","background-image":"","background-repeat":"repeat","background-position":"center center","background-size":"auto","background-attachment":"scroll","background-type":"","background-media":"","overlay-type":"","overlay-color":"","overlay-opacity":"","overlay-gradient":""},"tablet":{"background-color":"var(--ast-global-color-5)","background-image":"","background-repeat":"repeat","background-position":"center center","background-size":"auto","background-attachment":"scroll","background-type":"","background-media":"","overlay-type":"","overlay-color":"","overlay-opacity":"","overlay-gradient":""},"mobile":{"background-color":"var(--ast-global-color-5)","background-image":"","background-repeat":"repeat","background-position":"center center","background-size":"auto","background-attachment":"scroll","background-type":"","background-media":"","overlay-type":"","overlay-color":"","overlay-opacity":"","overlay-gradient":""}},"footnotes":""},"class_list":["post-4537","page","type-page","status-publish","hentry"],"_hostinger_reach_plugin_has_subscription_block":false,"_hostinger_reach_plugin_is_elementor":false,"uagb_featured_image_src":{"full":false,"thumbnail":false,"medium":false,"medium_large":false,"large":false,"1536x1536":false,"2048x2048":false,"woocommerce_thumbnail":false,"woocommerce_single":false,"woocommerce_gallery_thumbnail":false},"uagb_author_info":{"display_name":"Whipped Chief","author_link":"https:\/\/getcreamjet.com\/fr\/author\/yuyuuyuuugmail-com\/"},"uagb_comment_info":0,"uagb_excerpt":"Autres moyens de Contacter CreamJet Email: sales@getcreamjet.com Phone: +1 \u202a(901) 878-0101\u202c Adresse : Albany NY 12205 (Entrep\u00f4t de NY) Posez Vos Questions Foire Aux Questions (FAQ)","_links":{"self":[{"href":"https:\/\/getcreamjet.com\/fr\/wp-json\/wp\/v2\/pages\/4537","targetHints":{"allow":["GET"]}}],"collection":[{"href":"https:\/\/getcreamjet.com\/fr\/wp-json\/wp\/v2\/pages"}],"about":[{"href":"https:\/\/getcreamjet.com\/fr\/wp-json\/wp\/v2\/types\/page"}],"author":[{"embeddable":true,"href":"https:\/\/getcreamjet.com\/fr\/wp-json\/wp\/v2\/users\/1"}],"replies":[{"embeddable":true,"href":"https:\/\/getcreamjet.com\/fr\/wp-json\/wp\/v2\/comments?post=4537"}],"version-history":[{"count":1,"href":"https:\/\/getcreamjet.com\/fr\/wp-json\/wp\/v2\/pages\/4537\/revisions"}],"predecessor-version":[{"id":4538,"href":"https:\/\/getcreamjet.com\/fr\/wp-json\/wp\/v2\/pages\/4537\/revisions\/4538"}],"wp:attachment":[{"href":"https:\/\/getcreamjet.com\/fr\/wp-json\/wp\/v2\/media?parent=4537"}],"curies":[{"name":"wp","href":"https:\/\/api.w.org\/{rel}","templated":true}]}}