{"id":4322,"date":"2025-08-19T13:50:53","date_gmt":"2025-08-19T13:50:53","guid":{"rendered":"https:\/\/getcreamjet.com\/accueil\/"},"modified":"2025-11-19T01:44:22","modified_gmt":"2025-11-19T01:44:22","slug":"accueil","status":"publish","type":"page","link":"https:\/\/getcreamjet.com\/fr\/","title":{"rendered":"Accueil"},"content":{"rendered":"\n<div class=\"wp-block-uagb-container uagb-layout-grid uagb-block-9e299122 alignfull uagb-is-root-container\"><div class=\"uagb-container-inner-blocks-wrap\">\n<div class=\"wp-block-uagb-info-box uagb-block-bd36c495 uagb-infobox__content-wrap  uagb-infobox-icon-above-title uagb-infobox-image-valign-top\"><div class=\"uagb-ifb-content\"><div class=\"uagb-ifb-separator\"><\/div><div class=\"uagb-ifb-title-wrap\"><h5 class=\"uagb-ifb-title-prefix\">Cartouches, bonbonnes et cylindres de chantilly premium, siphon \u00e0 chantilly et outils de fouettage<\/h5><h1 class=\"uagb-ifb-title\">Pur<br\/>Premium<br\/>Parfait !<\/h1><\/div><p class=\"uagb-ifb-desc\">Cylindres et cartouches de chantilly de qualit\u00e9 professionnelle qui offrent des r\u00e9sultats parfaits \u00e0 chaque fois. Approuv\u00e9s par les chefs et les boulangers amateurs pour cr\u00e9er de la chantilly soyeuse, des mousses et des entremets. <\/p><div class=\"uagb-ifb-button-wrapper wp-block-button\"><a href=\"shop-2\/\" class=\"uagb-infobox-cta-link wp-block-button__link\" target=\"_self\" rel=\"noopener noreferrer\" onclick=\"return true;\"><span class=\"uagb-inline-editing\">Acheter des cartouches<\/span><svg xmlns=\"https:\/\/www.w3.org\/2000\/svg\" viewbox=\"0 0 256 512\"><path d=\"M64 448c-8.188 0-16.38-3.125-22.62-9.375c-12.5-12.5-12.5-32.75 0-45.25L178.8 256L41.38 118.6c-12.5-12.5-12.5-32.75 0-45.25s32.75-12.5 45.25 0l160 160c12.5 12.5 12.5 32.75 0 45.25l-160 160C80.38 444.9 72.19 448 64 448z\"><\/path><\/svg><\/a><\/div><\/div><\/div>\n\n\n\n<div class=\"wp-block-uagb-image aligncenter uagb-block-6b6a1861 wp-block-uagb-image--layout-default wp-block-uagb-image--effect-static wp-block-uagb-image--align-center\"><figure class=\"wp-block-uagb-image__figure\"><img loading=\"lazy\" decoding=\"async\" srcset=\"https:\/\/getcreamjet.com\/wp-content\/uploads\/2025\/09\/hero-1024x1024.jpg ,https:\/\/getcreamjet.com\/wp-content\/uploads\/2025\/09\/hero.jpg 780w, https:\/\/getcreamjet.com\/wp-content\/uploads\/2025\/09\/hero.jpg 360w\" sizes=\"auto, (max-width: 480px) 150px\" src=\"https:\/\/getcreamjet.com\/wp-content\/uploads\/2025\/09\/hero-1024x1024.jpg\" alt=\"Cylindres, r\u00e9servoirs et bonbonnes CreamJet de diff\u00e9rents parfums sur une table de cuisine\" class=\"uag-image-3971\" width=\"630\" height=\"614\" title=\"h\u00e9ros\" loading=\"lazy\" role=\"img\"><\/figure><\/div>\n<\/div><\/div>\n\n<hr class=\"wp-block-separator has-alpha-channel-opacity\"\/>\n\n<h2 class=\"wp-block-heading has-text-align-center\" id=\"h-we-ve-just-released-our-brand-new-design\">Nous venons de lancer notre <span style=\"color: #2EB9BA\">tout nouveau<\/span> <span style=\"color: #C5508D\">design<\/span>.<\/h2>\n\n<div class=\"wp-block-uagb-container uagb-block-08cef606 alignfull uagb-is-root-container\"><div class=\"uagb-container-inner-blocks-wrap\">\n<div class=\"wp-block-uagb-info-box uagb-block-1228455c uagb-infobox__content-wrap  uagb-infobox_cta-type-all uagb-infobox-icon-above-title uagb-infobox-image-valign-top\"><a href=\"product-category\/whipped-cream-canister-nitrous-oxide-cylinder-640g\/\" class=\"uagb-infobox-link-wrap uagb-infbox__link-to-all\" target=\"_self\" aria-label=\"Infobox Link\" rel=\"noopener noreferrer\" onclick=\"return true;\"><\/a><div class=\"uagb-ifb-content\"><div class=\"uagb-ifb-image-content\"><img loading=\"lazy\" decoding=\"async\" src=\"https:\/\/getcreamjet.com\/wp-content\/uploads\/2025\/09\/image-from-models.jpg\" alt=\"whipped cream canister original flavor nitrous oxide canister\" width=\"832\" height=\"832\" loading=\"lazy\"\/><\/div><div class=\"uagb-ifb-title-wrap\"><span class=\"uagb-ifb-title-prefix\">Les plus appr\u00e9ci\u00e9es<\/span><h5 class=\"uagb-ifb-title\">Cartouches de chantilly 640g<\/h5><\/div><div class=\"uagb-ifb-button-wrapper wp-block-button\"><\/div><\/div><\/div>\n\n\n\n<div class=\"wp-block-uagb-info-box uagb-block-2229438b uagb-infobox__content-wrap  uagb-infobox_cta-type-all uagb-infobox-icon-above-title uagb-infobox-image-valign-top\"><a href=\"product-category\/n2o-cream-chargers-2000g\/\" class=\"uagb-infobox-link-wrap uagb-infbox__link-to-all\" target=\"_self\" aria-label=\"Infobox Link\" rel=\"noopener noreferrer\" onclick=\"return true;\"><\/a><div class=\"uagb-ifb-content\"><div class=\"uagb-ifb-image-content\"><img loading=\"lazy\" decoding=\"async\" src=\"https:\/\/getcreamjet.com\/wp-content\/uploads\/2025\/11\/pool-party-n2o-2000g-tank.webp\" alt=\"pool party n2o 2000g tank\" width=\"768\" height=\"768\" loading=\"lazy\"\/><\/div><div class=\"uagb-ifb-title-wrap\"><span class=\"uagb-ifb-title-prefix\">Plaisir pour tous<\/span><h5 class=\"uagb-ifb-title\">R\u00e9servoirs de protoxyde d&rsquo;azote 2000g<\/h5><\/div><div class=\"uagb-ifb-button-wrapper wp-block-button\"><\/div><\/div><\/div>\n\n\n\n<div class=\"wp-block-uagb-info-box uagb-block-c8949611 uagb-infobox__content-wrap  uagb-infobox_cta-type-all uagb-infobox-icon-above-title uagb-infobox-image-valign-top\"><a href=\"contact\/\" class=\"uagb-infobox-link-wrap uagb-infbox__link-to-all\" target=\"_self\" aria-label=\"Infobox Link\" rel=\"noopener noreferrer\" onclick=\"return true;\"><\/a><div class=\"uagb-ifb-content\"><div class=\"uagb-ifb-image-content\"><img loading=\"lazy\" decoding=\"async\" src=\"https:\/\/getcreamjet.com\/wp-content\/uploads\/2025\/10\/image-9.png\" alt=\"48 cylinders 8 cartons 2000g creamjet cream charger\" width=\"1024\" height=\"1024\" loading=\"lazy\"\/><\/div><div class=\"uagb-ifb-title-wrap\"><span class=\"uagb-ifb-title-prefix\">Meilleur rapport qualit\u00e9-prix<\/span><h5 class=\"uagb-ifb-title\">Vente en gros<\/h5><\/div><div class=\"uagb-ifb-button-wrapper wp-block-button\"><\/div><\/div><\/div>\n<\/div><\/div>\n\n<div class=\"wp-block-uagb-container uagb-block-a2b1c335 alignfull uagb-is-root-container\"><div class=\"uagb-container-inner-blocks-wrap\">\n<div class=\"wp-block-uagb-advanced-heading uagb-block-38d557ea\"><h3 class=\"uagb-heading-text\">Produits vedettes<\/h3><div class=\"uagb-separator\"><\/div><\/div>\n\n\n<div class=\"woocommerce columns-4 \"><ul class=\"products columns-4\">\n<li class=\"desktop-align-center tablet-align-center mobile-align-center product type-product post-4379 status-publish first instock product_cat-reservoirs-doxyde-nitreux-3000g has-post-thumbnail sale featured shipping-taxable purchasable product-type-variable\">\n\t<a href=\"https:\/\/getcreamjet.com\/fr\/produit\/bouteille-doxyde-nitreux-creamjet-3000g-originale\/\" class=\"woocommerce-LoopProduct-link woocommerce-loop-product__link\">\n\t<span  class=\"onsale\" data-notification=\"default\">Promo\u00a0!<\/span>\n\t<img fetchpriority=\"high\" decoding=\"async\" width=\"300\" height=\"300\" src=\"https:\/\/getcreamjet.com\/wp-content\/uploads\/2025\/10\/CreamJet-3000g-Original-300x300.webp\" class=\"attachment-woocommerce_thumbnail size-woocommerce_thumbnail\" alt=\"CreamJet 3000g Original\" srcset=\"https:\/\/getcreamjet.com\/wp-content\/uploads\/2025\/10\/CreamJet-3000g-Original-300x300.webp 300w, https:\/\/getcreamjet.com\/wp-content\/uploads\/2025\/10\/CreamJet-3000g-Original-100x100.webp 100w, https:\/\/getcreamjet.com\/wp-content\/uploads\/2025\/10\/CreamJet-3000g-Original-600x600.webp 600w, https:\/\/getcreamjet.com\/wp-content\/uploads\/2025\/10\/CreamJet-3000g-Original-1024x1024.webp 1024w, https:\/\/getcreamjet.com\/wp-content\/uploads\/2025\/10\/CreamJet-3000g-Original-150x150.webp 150w, https:\/\/getcreamjet.com\/wp-content\/uploads\/2025\/10\/CreamJet-3000g-Original-768x768.webp 768w, https:\/\/getcreamjet.com\/wp-content\/uploads\/2025\/10\/CreamJet-3000g-Original-1536x1536.webp 1536w, https:\/\/getcreamjet.com\/wp-content\/uploads\/2025\/10\/CreamJet-3000g-Original.webp 2048w\" sizes=\"(max-width: 300px) 100vw, 300px\" \/><h2 class=\"woocommerce-loop-product__title\">Bouteille d&rsquo;Oxyde Nitreux CreamJet 3000g Originale<\/h2>\n\t<span class=\"price\"><del aria-hidden=\"true\"><span class=\"woocommerce-Price-amount amount\"><bdi>78,00&nbsp;<span class=\"woocommerce-Price-currencySymbol\">&euro;<\/span><\/bdi><\/span><\/del> <span class=\"screen-reader-text\">Le prix initial \u00e9tait\u00a0: 78,00&nbsp;&euro;.<\/span><ins aria-hidden=\"true\"><span class=\"woocommerce-Price-amount amount\"><bdi>66,00&nbsp;<span class=\"woocommerce-Price-currencySymbol\">&euro;<\/span><\/bdi><\/span><\/ins><span class=\"screen-reader-text\">Le prix actuel est\u00a0: 66,00&nbsp;&euro;.<\/span><\/span>\n<\/a><a href=\"https:\/\/getcreamjet.com\/fr\/produit\/bouteille-doxyde-nitreux-creamjet-3000g-originale\/\" aria-describedby=\"woocommerce_loop_add_to_cart_link_describedby_4379\" data-quantity=\"1\" class=\"button product_type_variable add_to_cart_button cfvsw_ajax_add_to_cart\" data-product_id=\"4379\" data-product_sku=\"\" aria-label=\"S\u00e9lectionner les options pour &ldquo;Bouteille d&#039;Oxyde Nitreux CreamJet 3000g Originale&rdquo;\" rel=\"nofollow\" data-add_to_cart_text=\"Add to Cart\" data-select_options_text=\"Choix des options\">Choix des options<\/a>\t<span id=\"woocommerce_loop_add_to_cart_link_describedby_4379\" class=\"screen-reader-text\">\n\t\tCe produit a plusieurs variations. Les options peuvent \u00eatre choisies sur la page du produit\t<\/span>\n<\/li>\n<li class=\"desktop-align-center tablet-align-center mobile-align-center product type-product post-4341 status-publish instock product_cat-bouteilles-de-creme-640g has-post-thumbnail sale featured shipping-taxable purchasable product-type-variable\">\n\t<a href=\"https:\/\/getcreamjet.com\/fr\/produit\/creamjet-640g-original-cartouche-de-creme-chantilly\/\" class=\"woocommerce-LoopProduct-link woocommerce-loop-product__link\">\n\t<span  class=\"onsale\" data-notification=\"default\">Promo\u00a0!<\/span>\n\t<img decoding=\"async\" width=\"300\" height=\"300\" src=\"https:\/\/getcreamjet.com\/wp-content\/uploads\/2025\/10\/CreamJet-640g-Original-300x300.webp\" class=\"attachment-woocommerce_thumbnail size-woocommerce_thumbnail\" alt=\"CreamJet 640g Original\" srcset=\"https:\/\/getcreamjet.com\/wp-content\/uploads\/2025\/10\/CreamJet-640g-Original-300x300.webp 300w, https:\/\/getcreamjet.com\/wp-content\/uploads\/2025\/10\/CreamJet-640g-Original-100x100.webp 100w, https:\/\/getcreamjet.com\/wp-content\/uploads\/2025\/10\/CreamJet-640g-Original-600x600.webp 600w, https:\/\/getcreamjet.com\/wp-content\/uploads\/2025\/10\/CreamJet-640g-Original-1024x1024.webp 1024w, https:\/\/getcreamjet.com\/wp-content\/uploads\/2025\/10\/CreamJet-640g-Original-150x150.webp 150w, https:\/\/getcreamjet.com\/wp-content\/uploads\/2025\/10\/CreamJet-640g-Original-768x768.webp 768w, https:\/\/getcreamjet.com\/wp-content\/uploads\/2025\/10\/CreamJet-640g-Original-1536x1536.webp 1536w, https:\/\/getcreamjet.com\/wp-content\/uploads\/2025\/10\/CreamJet-640g-Original.webp 2048w\" sizes=\"(max-width: 300px) 100vw, 300px\" \/><h2 class=\"woocommerce-loop-product__title\">CreamJet 640g Original Cartouche de Cr\u00e8me Chantilly<\/h2>\n\t<span class=\"price\"><del aria-hidden=\"true\"><span class=\"woocommerce-Price-amount amount\"><bdi>88,00&nbsp;<span class=\"woocommerce-Price-currencySymbol\">&euro;<\/span><\/bdi><\/span><\/del> <span class=\"screen-reader-text\">Le prix initial \u00e9tait\u00a0: 88,00&nbsp;&euro;.<\/span><ins aria-hidden=\"true\"><span class=\"woocommerce-Price-amount amount\"><bdi>76,00&nbsp;<span class=\"woocommerce-Price-currencySymbol\">&euro;<\/span><\/bdi><\/span><\/ins><span class=\"screen-reader-text\">Le prix actuel est\u00a0: 76,00&nbsp;&euro;.<\/span><\/span>\n<\/a><a href=\"https:\/\/getcreamjet.com\/fr\/produit\/creamjet-640g-original-cartouche-de-creme-chantilly\/\" aria-describedby=\"woocommerce_loop_add_to_cart_link_describedby_4341\" data-quantity=\"1\" class=\"button product_type_variable add_to_cart_button cfvsw_ajax_add_to_cart\" data-product_id=\"4341\" data-product_sku=\"\" aria-label=\"S\u00e9lectionner les options pour &ldquo;CreamJet 640g Original Cartouche de Cr\u00e8me Chantilly&rdquo;\" rel=\"nofollow\" data-add_to_cart_text=\"Add to Cart\" data-select_options_text=\"Choix des options\">Choix des options<\/a>\t<span id=\"woocommerce_loop_add_to_cart_link_describedby_4341\" class=\"screen-reader-text\">\n\t\tCe produit a plusieurs variations. Les options peuvent \u00eatre choisies sur la page du produit\t<\/span>\n<\/li>\n<\/ul>\n<\/div>\n<\/div><\/div>\n\n<div class=\"wp-block-uagb-container uagb-block-5ea35ddd alignfull uagb-is-root-container\">\n<div class=\"wp-block-uagb-advanced-heading uagb-block-6dc54e0d\"><h3 class=\"uagb-heading-text\">D\u00e9p\u00eachez-vous !<\/h3><\/div>\n\n\n\n<div class=\"wp-block-uagb-info-box uagb-block-25f65de6 uagb-infobox__content-wrap  uagb-infobox-icon-above-title uagb-infobox-image-valign-top\"><div class=\"uagb-ifb-content\"><div class=\"uagb-ifb-title-wrap\"><h2 class=\"uagb-ifb-title-prefix\">Offre du jour !<\/h2><h5 class=\"uagb-ifb-title\">Achetez des bonbonnes de chantilly et des r\u00e9servoirs de protoxyde d&rsquo;azote avec 20 % de remise, utilisez le code JETOFF20<\/h5><\/div><div class=\"uagb-ifb-button-wrapper wp-block-button\"><a href=\"shop-2\/\" class=\"uagb-infobox-cta-link wp-block-button__link\" target=\"_self\" rel=\"noopener noreferrer\" onclick=\"return true;\"><span class=\"uagb-inline-editing\">Acheter maintenant<\/span><svg xmlns=\"https:\/\/www.w3.org\/2000\/svg\" viewbox=\"0 0 256 512\"><path d=\"M64 448c-8.188 0-16.38-3.125-22.62-9.375c-12.5-12.5-12.5-32.75 0-45.25L178.8 256L41.38 118.6c-12.5-12.5-12.5-32.75 0-45.25s32.75-12.5 45.25 0l160 160c12.5 12.5 12.5 32.75 0 45.25l-160 160C80.38 444.9 72.19 448 64 448z\"><\/path><\/svg><\/a><\/div><\/div><\/div>\n<\/div>\n\n<div class=\"wp-block-uagb-container uagb-block-1bc04e8a alignfull uagb-is-root-container\">\n<div class=\"wp-block-uagb-image uagb-block-de9386eb wp-block-uagb-image--layout-default wp-block-uagb-image--effect-static wp-block-uagb-image--align-none\"><figure class=\"wp-block-uagb-image__figure\"><img loading=\"lazy\" decoding=\"async\" srcset=\"https:\/\/getcreamjet.com\/wp-content\/uploads\/2022\/06\/graphic05-free-img.png\n \" sizes=\"auto, (max-width: 480px) 150px\" src=\"https:\/\/getcreamjet.com\/wp-content\/uploads\/2022\/06\/graphic05-free-img.png\" alt=\"\" class=\"uag-image-2571\" width=\"1929\" height=\"30\" title=\"\" loading=\"lazy\" role=\"img\"><\/figure><\/div>\n<\/div>\n\n<div class=\"wp-block-uagb-container uagb-block-e4916f1c alignfull uagb-is-root-container\"><div class=\"uagb-container-inner-blocks-wrap\">\n<div class=\"wp-block-uagb-advanced-heading uagb-block-0ff44f3b\"><h2 class=\"uagb-heading-text\">Nos clients satisfaits !<\/h2><div class=\"uagb-separator\"><\/div><\/div>\n\n\n\n<div class=\"wp-block-uagb-container uagb-block-673f6834\">\n<div class=\"wp-block-uagb-container uagb-block-079ba51d\">\n<div class=\"wp-block-uagb-star-rating uagb-block-874090fb\"><div class=\"uag-star-rating\" title=\"5\/5\"><span class=\"uag-star\">\u2605<\/span><span class=\"uag-star\">\u2605<\/span><span class=\"uag-star\">\u2605<\/span><span class=\"uag-star\">\u2605<\/span><span class=\"uag-star\">\u2605<\/span><\/div><\/div>\n\n\n\n<div class=\"wp-block-uagb-testimonial uagb-slick-carousel uagb-tm__arrow-outside uagb-block-1c420dfc uagb-post__carousel_equal-height uagb-post__carousel_notset uagb-post__carousel_notset-tablet uagb-post__carousel_notset-mobile\"><div class=\"is-carousel uagb-tm__columns-1 uagb-tm__items\"><div class=\"uagb-testimonial__wrap  uagb-tm__imgicon-style-circle uagb-tm__image-position-bottom uagb-tm__bg-type-none \"><div class=\"uagb-tm__content\"><div class=\"uagb-tm__overlay\"><\/div><div class=\"uagb-tm__text-wrap\"><div class=\"uagb-tm__desc\">\u00ab Les bonbonnes de protoxyde d&rsquo;azote sont exactement ce que je cherchais. Le gaz est pur et constant. Mes mousses et cr\u00e8mes n&rsquo;ont jamais \u00e9t\u00e9 aussi onctueuses ! \u00bb<\/div><div class=\"uagb-tm__meta-inner\"><div class=\"uagb-tm__image-content\"><div class=\"uagb-tm__image\"><img loading=\"lazy\" decoding=\"async\" class=\"uagb-tm-img-src\" src=\"https:\/\/getcreamjet.com\/wp-content\/uploads\/2025\/08\/alex-suprun-mynsNaNwVDc-unsplash-150x150.jpg\" alt=\"\" width=\"60\" height=\"60\" loading=\"lazy\"\/><\/div><\/div><div class=\"uagb-testimonial-details\"><span class=\"uagb-tm__author-name\">Sophia r.<\/span><span class=\"uagb-tm__company\"><br\/>Chef p\u00e2tissi\u00e8re<\/span><\/div><\/div><\/div><\/div><\/div><\/div><\/div>\n<\/div>\n\n\n\n<div class=\"wp-block-uagb-container uagb-block-e38aafaf\">\n<div class=\"wp-block-uagb-star-rating uagb-block-885190f1\"><div class=\"uag-star-rating\" title=\"5\/5\"><span class=\"uag-star\">\u2605<\/span><span class=\"uag-star\">\u2605<\/span><span class=\"uag-star\">\u2605<\/span><span class=\"uag-star\">\u2605<\/span><span class=\"uag-star\">\u2605<\/span><\/div><\/div>\n\n\n\n<div class=\"wp-block-uagb-testimonial uagb-slick-carousel uagb-tm__arrow-outside uagb-block-1ebd9173 uagb-post__carousel_equal-height uagb-post__carousel_notset uagb-post__carousel_notset-tablet uagb-post__carousel_notset-mobile\"><div class=\"is-carousel uagb-tm__columns-1 uagb-tm__items\"><div class=\"uagb-testimonial__wrap  uagb-tm__imgicon-style-circle uagb-tm__image-position-bottom uagb-tm__bg-type-none \"><div class=\"uagb-tm__content\"><div class=\"uagb-tm__overlay\"><\/div><div class=\"uagb-tm__text-wrap\"><div class=\"uagb-tm__desc\">\u00ab J&rsquo;ai essay\u00e9 d&rsquo;autres marques, mais CreamJet se d\u00e9marque. Les r\u00e9sultats sont tout simplement parfaits. Les clients adorent la texture de nos caf\u00e9s et desserts. \u00bb<\/div><div class=\"uagb-tm__meta-inner\"><div class=\"uagb-tm__image-content\"><div class=\"uagb-tm__image\"><img loading=\"lazy\" decoding=\"async\" class=\"uagb-tm-img-src\" src=\"https:\/\/getcreamjet.com\/wp-content\/uploads\/2025\/08\/harry-pappas-xyauiSBWRFs-unsplash-150x150.jpg\" alt=\"\" width=\"60\" height=\"60\" loading=\"lazy\"\/><\/div><\/div><div class=\"uagb-testimonial-details\"><span class=\"uagb-tm__author-name\">Daniel m.<\/span><span class=\"uagb-tm__company\"><br\/>Propri\u00e9taire de caf\u00e9<\/span><\/div><\/div><\/div><\/div><\/div><\/div><\/div>\n<\/div>\n\n\n\n<div class=\"wp-block-uagb-container uagb-block-b152271b\">\n<div class=\"wp-block-uagb-star-rating uagb-block-e5ed8eb1\"><div class=\"uag-star-rating\" title=\"5\/5\"><span class=\"uag-star\">\u2605<\/span><span class=\"uag-star\">\u2605<\/span><span class=\"uag-star\">\u2605<\/span><span class=\"uag-star\">\u2605<\/span><span class=\"uag-star\">\u2605<\/span><\/div><\/div>\n\n\n\n<div class=\"wp-block-uagb-testimonial uagb-slick-carousel uagb-tm__arrow-outside uagb-block-5f908198 uagb-post__carousel_equal-height uagb-post__carousel_notset uagb-post__carousel_notset-tablet uagb-post__carousel_notset-mobile\"><div class=\"is-carousel uagb-tm__columns-1 uagb-tm__items\"><div class=\"uagb-testimonial__wrap  uagb-tm__imgicon-style-circle uagb-tm__image-position-bottom uagb-tm__bg-type-none \"><div class=\"uagb-tm__content\"><div class=\"uagb-tm__overlay\"><\/div><div class=\"uagb-tm__text-wrap\"><div class=\"uagb-tm__desc\">\u00ab Facile \u00e0 utiliser, \u00e9cologique, et les r\u00e9sultats sont de qualit\u00e9 restaurant directement dans ma cuisine. Avec ce r\u00e9servoir de protoxyde d&rsquo;azote, je n&rsquo;utiliserai plus rien d&rsquo;autre maintenant. \u00bb<\/div><div class=\"uagb-tm__meta-inner\"><div class=\"uagb-tm__image-content\"><div class=\"uagb-tm__image\"><img loading=\"lazy\" decoding=\"async\" class=\"uagb-tm-img-src\" src=\"https:\/\/getcreamjet.com\/wp-content\/uploads\/2025\/08\/portrait-150x150.jpg\" alt=\"\" width=\"60\" height=\"60\" loading=\"lazy\"\/><\/div><\/div><div class=\"uagb-testimonial-details\"><span class=\"uagb-tm__author-name\">James k.<\/span><span class=\"uagb-tm__company\"><br\/>Boulanger amateur<\/span><\/div><\/div><\/div><\/div><\/div><\/div><\/div>\n<\/div>\n<\/div>\n<\/div><\/div>\n\n<p><\/p>\n","protected":false},"excerpt":{"rendered":"<p>Nous venons de lancer notre tout nouveau design. Produits vedettes D\u00e9p\u00eachez-vous ! Nos clients satisfaits !<\/p>\n","protected":false},"author":1,"featured_media":0,"parent":0,"menu_order":0,"comment_status":"closed","ping_status":"closed","template":"","meta":{"_uag_custom_page_level_css":"","site-sidebar-layout":"no-sidebar","site-content-layout":"plain-container","ast-site-content-layout":"full-width-container","site-content-style":"unboxed","site-sidebar-style":"unboxed","ast-global-header-display":"","ast-banner-title-visibility":"","ast-main-header-display":"","ast-hfb-above-header-display":"","ast-hfb-below-header-display":"","ast-hfb-mobile-header-display":"","site-post-title":"disabled","ast-breadcrumbs-content":"","ast-featured-img":"disabled","footer-sml-layout":"","ast-disable-related-posts":"","theme-transparent-header-meta":"enabled","adv-header-id-meta":"","stick-header-meta":"","header-above-stick-meta":"","header-main-stick-meta":"","header-below-stick-meta":"","astra-migrate-meta-layouts":"default","ast-page-background-enabled":"default","ast-page-background-meta":{"desktop":{"background-color":"","background-image":"","background-repeat":"repeat","background-position":"center center","background-size":"auto","background-attachment":"scroll","background-type":"","background-media":"","overlay-type":"","overlay-color":"","overlay-opacity":"","overlay-gradient":""},"tablet":{"background-color":"","background-image":"","background-repeat":"repeat","background-position":"center center","background-size":"auto","background-attachment":"scroll","background-type":"","background-media":"","overlay-type":"","overlay-color":"","overlay-opacity":"","overlay-gradient":""},"mobile":{"background-color":"","background-image":"","background-repeat":"repeat","background-position":"center center","background-size":"auto","background-attachment":"scroll","background-type":"","background-media":"","overlay-type":"","overlay-color":"","overlay-opacity":"","overlay-gradient":""}},"ast-content-background-meta":{"desktop":{"background-color":"var(--ast-global-color-5)","background-image":"","background-repeat":"repeat","background-position":"center center","background-size":"auto","background-attachment":"scroll","background-type":"","background-media":"","overlay-type":"","overlay-color":"","overlay-opacity":"","overlay-gradient":""},"tablet":{"background-color":"var(--ast-global-color-5)","background-image":"","background-repeat":"repeat","background-position":"center center","background-size":"auto","background-attachment":"scroll","background-type":"","background-media":"","overlay-type":"","overlay-color":"","overlay-opacity":"","overlay-gradient":""},"mobile":{"background-color":"var(--ast-global-color-5)","background-image":"","background-repeat":"repeat","background-position":"center center","background-size":"auto","background-attachment":"scroll","background-type":"","background-media":"","overlay-type":"","overlay-color":"","overlay-opacity":"","overlay-gradient":""}},"footnotes":""},"class_list":["post-4322","page","type-page","status-publish","hentry"],"_hostinger_reach_plugin_has_subscription_block":false,"_hostinger_reach_plugin_is_elementor":false,"uagb_featured_image_src":{"full":false,"thumbnail":false,"medium":false,"medium_large":false,"large":false,"1536x1536":false,"2048x2048":false,"woocommerce_thumbnail":false,"woocommerce_single":false,"woocommerce_gallery_thumbnail":false},"uagb_author_info":{"display_name":"Whipped Chief","author_link":"https:\/\/getcreamjet.com\/fr\/author\/yuyuuyuuugmail-com\/"},"uagb_comment_info":0,"uagb_excerpt":"Nous venons de lancer notre tout nouveau design. Produits vedettes D\u00e9p\u00eachez-vous ! Nos clients satisfaits !","_links":{"self":[{"href":"https:\/\/getcreamjet.com\/fr\/wp-json\/wp\/v2\/pages\/4322","targetHints":{"allow":["GET"]}}],"collection":[{"href":"https:\/\/getcreamjet.com\/fr\/wp-json\/wp\/v2\/pages"}],"about":[{"href":"https:\/\/getcreamjet.com\/fr\/wp-json\/wp\/v2\/types\/page"}],"author":[{"embeddable":true,"href":"https:\/\/getcreamjet.com\/fr\/wp-json\/wp\/v2\/users\/1"}],"replies":[{"embeddable":true,"href":"https:\/\/getcreamjet.com\/fr\/wp-json\/wp\/v2\/comments?post=4322"}],"version-history":[{"count":7,"href":"https:\/\/getcreamjet.com\/fr\/wp-json\/wp\/v2\/pages\/4322\/revisions"}],"predecessor-version":[{"id":4703,"href":"https:\/\/getcreamjet.com\/fr\/wp-json\/wp\/v2\/pages\/4322\/revisions\/4703"}],"wp:attachment":[{"href":"https:\/\/getcreamjet.com\/fr\/wp-json\/wp\/v2\/media?parent=4322"}],"curies":[{"name":"wp","href":"https:\/\/api.w.org\/{rel}","templated":true}]}}