{"id":4375,"date":"2025-10-31T03:56:40","date_gmt":"2025-10-31T03:56:40","guid":{"rendered":"https:\/\/getcreamjet.com\/product\/creamjet-tanque-de-oxido-nitroso-3000g-original\/"},"modified":"2025-10-31T03:56:40","modified_gmt":"2025-10-31T03:56:40","slug":"creamjet-tanque-de-oxido-nitroso-3000g-original","status":"publish","type":"product","link":"https:\/\/getcreamjet.com\/es\/producto\/creamjet-tanque-de-oxido-nitroso-3000g-original\/","title":{"rendered":"CreamJet Tanque de \u00d3xido Nitroso 3000g Original"},"content":{"rendered":"<h2>CreamJet Original 4.5L \/ 3000g \u2013 Potencia Culinaria Pura<\/h2>\n<p data-start=\"175\" data-end=\"338\">Mejora tus creaciones con el Cilindro de \u00d3xido Nitroso CreamJet Original de 4.5L \u2014 el equilibrio perfecto entre rendimiento, pureza y consistencia de grado profesional.<\/p>\n<p data-start=\"340\" data-end=\"545\">Lleno con 3000g de N2O de grado alimenticio al 99.99%, este potente tanque proporciona el equivalente a 375 cargadores est\u00e1ndar de 8g, lo que lo convierte en un medio de valor inigualable que dura lo suficiente para que cocinas, cafeter\u00edas y empresas de catering de eventos sigan trabajando.<\/p>\n<h3 data-start=\"552\" data-end=\"575\"><strong data-start=\"559\" data-end=\"575\">\ud83c\udf1f Caracter\u00edsticas Clave<\/strong><\/h3>\n<p data-start=\"577\" data-end=\"817\">\u2022 Gas de Grado Alimenticio Puro al 99.99%<br data-start=\"609\" data-end=\"612\">Disfruta del sabor limpio y neutro en todo momento. El N2O de CreamJet no tiene residuos ni aditivos, proporcionando a tu nata montada, mousses o infusiones una pureza, suavidad y equilibrio en todos los aspectos.\u00bb <\/p>\n<p data-start=\"819\" data-end=\"1064\">\u2022 Alta Capacidad. \u00a1Bajo Desperdicio!<br data-start=\"850\" data-end=\"853\">El tanque de 4.5L \/ 3000g est\u00e1 dise\u00f1ado para minimizar las recargas y maximizar la eficiencia. Cada carga proporciona una salida potente y consistente, lo que hace que el tanque sea ideal para la producci\u00f3n de postres de gran volumen, infusiones de bebidas o eventos de catering a gran escala.\u00bb <\/p>\n<p data-start=\"1066\" data-end=\"1273\">\u2022 Construido Tanto para Profesionales como para Creadores Caseros<br data-start=\"1117\" data-end=\"1120\">Ya seas Pastelero, Barista o Mix\u00f3logo Creativo, CreamJet puede simplificar la aplicaci\u00f3n de texturas y obtener resultados de calidad r\u00e1pidamente en todo momento.\u00bb<\/p>\n<p data-start=\"1275\" data-end=\"1469\">\u2022 Compatibilidad Universal<br data-start=\"1304\" data-end=\"1307\">Dise\u00f1ado para funcionar con la mayor\u00eda de dispensadores y reguladores de nata montada est\u00e1ndar. Un sistema de v\u00e1lvula cuidadosamente dise\u00f1ado libera el gas suavemente, al tiempo que ofrece al usuario control y    salida total de gas con una fuga m\u00ednima, permitiendo la m\u00e1xima precisi\u00f3n.<\/p>\n<p data-start=\"1471\" data-end=\"1693\"><strong data-start=\"1471\" data-end=\"1503\">\u2022 Calidad y Seguridad Certificadas<\/strong><br data-start=\"1503\" data-end=\"1506\">Producido de acuerdo con las rigurosas normas ISO 9001 e ISO 9002 de seguridad alimentaria, calidad y rendimiento. Se llevan a cabo numerosos pasos para limpiar cada cilindro para proporcionar la   resultado m\u00e1s puro para el consumidor<\/p>\n<h3 data-start=\"1700\" data-end=\"1722\">\ud83c\udf70 Perfecto Para<\/h3>\n<p data-start=\"1723\" data-end=\"1823\">Nata montada \u2022 Mousses \u2022 Postres \u2022 Salsas \u2022 C\u00f3cteles \u2022 Infusi\u00f3n Nitro \u2022 Artes de espuma culinaria<\/p>\n<p data-start=\"1825\" data-end=\"1992\">Desde cafeter\u00edas hasta bares de c\u00f3cteles, CreamJet Original es tu socio para batir f\u00e1cilmente, infusi\u00f3n suave, proporcionando un uso profesional o de restaurante en todo momento.<\/p>\n<h3 data-start=\"1999\" data-end=\"2023\">\u26a0\ufe0f Advertencia de Seguridad<\/h3>\n<p data-start=\"2024\" data-end=\"2195\">NO inhale el contenido. El mal uso puede ser perjudicial para la salud.<br data-start=\"2091\" data-end=\"2094\">Quita siempre la boquilla despu\u00e9s de usar para evitar fugas. Almacena en un \u00e1rea fresca y seca, fuera de la luz solar directa.\u00bb <\/p>\n<hr data-start=\"2197\" data-end=\"2200\">\n<p data-start=\"2202\" data-end=\"2241\"><strong data-start=\"2202\" data-end=\"2241\">CreamJet \u2014 Precisi\u00f3n en Cada Batido.<\/strong><\/p>\n","protected":false},"excerpt":{"rendered":"<p>CreamJet Original 3000g(4.5L) ofrece N2O de grado alimenticio puro al 99.99% para nata montada, postres y c\u00f3cteles suaves y consistentes. Construido para profesionales y creadores caseros, ofrece alta capacidad, compatibilidad universal y seguridad certificada ISO. <\/p>\n","protected":false},"featured_media":4727,"comment_status":"open","ping_status":"closed","template":"","meta":{"_uag_custom_page_level_css":"","site-sidebar-layout":"default","site-content-layout":"","ast-site-content-layout":"default","site-content-style":"default","site-sidebar-style":"default","ast-global-header-display":"","ast-banner-title-visibility":"","ast-main-header-display":"","ast-hfb-above-header-display":"","ast-hfb-below-header-display":"","ast-hfb-mobile-header-display":"","site-post-title":"","ast-breadcrumbs-content":"","ast-featured-img":"","footer-sml-layout":"","ast-disable-related-posts":"","theme-transparent-header-meta":"default","adv-header-id-meta":"","stick-header-meta":"","header-above-stick-meta":"","header-main-stick-meta":"","header-below-stick-meta":"","astra-migrate-meta-layouts":"default","ast-page-background-enabled":"default","ast-page-background-meta":{"desktop":{"background-color":"","background-image":"","background-repeat":"repeat","background-position":"center center","background-size":"auto","background-attachment":"scroll","background-type":"","background-media":"","overlay-type":"","overlay-color":"","overlay-opacity":"","overlay-gradient":""},"tablet":{"background-color":"","background-image":"","background-repeat":"repeat","background-position":"center center","background-size":"auto","background-attachment":"scroll","background-type":"","background-media":"","overlay-type":"","overlay-color":"","overlay-opacity":"","overlay-gradient":""},"mobile":{"background-color":"","background-image":"","background-repeat":"repeat","background-position":"center center","background-size":"auto","background-attachment":"scroll","background-type":"","background-media":"","overlay-type":"","overlay-color":"","overlay-opacity":"","overlay-gradient":""}},"ast-content-background-meta":{"desktop":{"background-color":"var(--ast-global-color-5)","background-image":"","background-repeat":"repeat","background-position":"center center","background-size":"auto","background-attachment":"scroll","background-type":"","background-media":"","overlay-type":"","overlay-color":"","overlay-opacity":"","overlay-gradient":""},"tablet":{"background-color":"var(--ast-global-color-5)","background-image":"","background-repeat":"repeat","background-position":"center center","background-size":"auto","background-attachment":"scroll","background-type":"","background-media":"","overlay-type":"","overlay-color":"","overlay-opacity":"","overlay-gradient":""},"mobile":{"background-color":"var(--ast-global-color-5)","background-image":"","background-repeat":"repeat","background-position":"center center","background-size":"auto","background-attachment":"scroll","background-type":"","background-media":"","overlay-type":"","overlay-color":"","overlay-opacity":"","overlay-gradient":""}}},"product_brand":[],"product_cat":[96],"product_tag":[],"class_list":{"0":"post-4375","1":"product","2":"type-product","3":"status-publish","4":"has-post-thumbnail","6":"product_cat-tanques-de-oxido-nitroso-3000g","7":"desktop-align-center","8":"tablet-align-center","9":"mobile-align-center","11":"first","12":"instock","13":"sale","14":"featured","15":"shipping-taxable","16":"purchasable","17":"product-type-variable"},"uagb_featured_image_src":{"full":["https:\/\/getcreamjet.com\/wp-content\/uploads\/2025\/10\/CreamJet-3000g-Original.webp",2048,2048,false],"thumbnail":["https:\/\/getcreamjet.com\/wp-content\/uploads\/2025\/10\/CreamJet-3000g-Original-150x150.webp",150,150,true],"medium":["https:\/\/getcreamjet.com\/wp-content\/uploads\/2025\/10\/CreamJet-3000g-Original-300x300.webp",300,300,true],"medium_large":["https:\/\/getcreamjet.com\/wp-content\/uploads\/2025\/10\/CreamJet-3000g-Original-768x768.webp",768,768,true],"large":["https:\/\/getcreamjet.com\/wp-content\/uploads\/2025\/10\/CreamJet-3000g-Original-1024x1024.webp",1024,1024,true],"1536x1536":["https:\/\/getcreamjet.com\/wp-content\/uploads\/2025\/10\/CreamJet-3000g-Original-1536x1536.webp",1536,1536,true],"2048x2048":["https:\/\/getcreamjet.com\/wp-content\/uploads\/2025\/10\/CreamJet-3000g-Original.webp",2048,2048,false],"woocommerce_thumbnail":["https:\/\/getcreamjet.com\/wp-content\/uploads\/2025\/10\/CreamJet-3000g-Original-300x300.webp",300,300,true],"woocommerce_single":["https:\/\/getcreamjet.com\/wp-content\/uploads\/2025\/10\/CreamJet-3000g-Original-600x600.webp",600,600,true],"woocommerce_gallery_thumbnail":["https:\/\/getcreamjet.com\/wp-content\/uploads\/2025\/10\/CreamJet-3000g-Original-100x100.webp",100,100,true]},"uagb_author_info":{"display_name":"Whipped Chief","author_link":"https:\/\/getcreamjet.com\/es\/author\/"},"uagb_comment_info":0,"uagb_excerpt":"CreamJet Original 3000g(4.5L) ofrece N2O de grado alimenticio puro al 99.99% para nata montada, postres y c\u00f3cteles suaves y consistentes. Construido para profesionales y creadores caseros, ofrece alta capacidad, compatibilidad universal y seguridad certificada ISO.","_links":{"self":[{"href":"https:\/\/getcreamjet.com\/es\/wp-json\/wp\/v2\/product\/4375","targetHints":{"allow":["GET"]}}],"collection":[{"href":"https:\/\/getcreamjet.com\/es\/wp-json\/wp\/v2\/product"}],"about":[{"href":"https:\/\/getcreamjet.com\/es\/wp-json\/wp\/v2\/types\/product"}],"replies":[{"embeddable":true,"href":"https:\/\/getcreamjet.com\/es\/wp-json\/wp\/v2\/comments?post=4375"}],"wp:featuredmedia":[{"embeddable":true,"href":"https:\/\/getcreamjet.com\/es\/wp-json\/wp\/v2\/media\/4727"}],"wp:attachment":[{"href":"https:\/\/getcreamjet.com\/es\/wp-json\/wp\/v2\/media?parent=4375"}],"wp:term":[{"taxonomy":"product_brand","embeddable":true,"href":"https:\/\/getcreamjet.com\/es\/wp-json\/wp\/v2\/product_brand?post=4375"},{"taxonomy":"product_cat","embeddable":true,"href":"https:\/\/getcreamjet.com\/es\/wp-json\/wp\/v2\/product_cat?post=4375"},{"taxonomy":"product_tag","embeddable":true,"href":"https:\/\/getcreamjet.com\/es\/wp-json\/wp\/v2\/product_tag?post=4375"}],"curies":[{"name":"wp","href":"https:\/\/api.w.org\/{rel}","templated":true}]}}