{"id":4351,"date":"2025-10-23T13:50:53","date_gmt":"2025-10-23T13:50:53","guid":{"rendered":"https:\/\/getcreamjet.com\/product\/creamjet-640g-original-bote-de-nata-montada\/"},"modified":"2025-10-23T13:50:53","modified_gmt":"2025-10-23T13:50:53","slug":"creamjet-640g-original-bote-de-nata-montada","status":"publish","type":"product","link":"https:\/\/getcreamjet.com\/es\/producto\/creamjet-640g-original-bote-de-nata-montada\/","title":{"rendered":"CreamJet 640g Original Bote de Nata Montada"},"content":{"rendered":"<h2>CreamJet 640g Original Bote de Nata Montada<\/h2>\n<h4><strong>Cilindro Premium de N\u2082O para dispensador de nata \u2013 Sabor Original \u2013 Tanque de \u00d3xido Nitroso Puro de Grado Alimenticio<\/strong><\/h4>\n<p>&nbsp;<\/p>\n<p data-start=\"384\" data-end=\"698\">Te presentamos el <strong data-start=\"463\" data-end=\"489\">CreamJet 640g<\/strong>, la combinaci\u00f3n perfecta de <strong data-start=\"416\" data-end=\"453\">capacidad, pureza y comodidad<\/strong>. Equivalente a <strong data-start=\"505\" data-end=\"547\">80\u2013100 porciones<\/strong> de nata montada, este cilindro mediano es ideal para reposteros <strong data-start=\"596\" data-end=\"644\">dom\u00e9sticos, peque\u00f1os caf\u00e9s y caterings<\/strong> que buscan resultados profesionales sin necesidad de almacenamiento a granel. <\/p>\n<p data-start=\"700\" data-end=\"721\"><strong data-start=\"702\" data-end=\"719\">\u2728 Caracter\u00edsticas principales:<\/strong><\/p>\n<ul data-start=\"722\" data-end=\"1253\">\n<li data-start=\"722\" data-end=\"817\">\n<p data-start=\"724\" data-end=\"817\">\u2705 <strong data-start=\"726\" data-end=\"765\">640g de N\u2082O grado alimenticio (99,99% de pureza)<\/strong> \u2013 para una nata limpia, suave y estable<\/p>\n<\/li>\n<li data-start=\"818\" data-end=\"903\">\n<p data-start=\"820\" data-end=\"903\">\u2705 <strong data-start=\"822\" data-end=\"852\">Popular bote ligero de 0,95L<\/strong> \u2013 port\u00e1til y eficaz para el uso diario<\/p>\n<\/li>\n<li data-start=\"904\" data-end=\"1044\">\n<p data-start=\"906\" data-end=\"1044\">\u2705 <strong data-start=\"908\" data-end=\"941\">Equivalente a 80\u2013100 porciones<\/strong>, seg\u00fan el dispensador y la textura deseada (<a class=\"decorated-link cursor-pointer\" href=\"https:\/\/getcreamjet.com\/whipped-cream-charger-calculator\/\" rel=\"noopener\" data-start=\"986\" data-end=\"1041\">calcula aqu\u00ed<\/a>)<\/p>\n<\/li>\n<li data-start=\"1045\" data-end=\"1108\">\n<p data-start=\"1047\" data-end=\"1108\">\u2705 <strong data-start=\"1049\" data-end=\"1075\">Compatible con <\/strong>dispensadores est\u00e1ndar<\/p>\n<\/li>\n<li data-start=\"1109\" data-end=\"1174\">\n<p data-start=\"1111\" data-end=\"1174\">\u2705 <strong data-start=\"1113\" data-end=\"1145\">A prueba de fugas y certificado<\/strong> ISO para m\u00e1xima seguridad<\/p>\n<\/li>\n<li data-start=\"1175\" data-end=\"1253\">\n<p data-start=\"1177\" data-end=\"1253\">\u2705 Perfecto para<strong data-start=\"1189\" data-end=\"1251\"> postres, caf\u00e9s, c\u00f3cteles e infusiones creativas<\/strong><\/p>\n<\/li>\n<\/ul>\n<p data-start=\"1255\" data-end=\"1466\">\ud83d\udca1 \u00bfBuscas una opci\u00f3n m\u00e1s peque\u00f1a? Prueba un <a href=\"https:\/\/isi-store.com\/products\/gourmet-whip-1-2-pint\">dispensador de 1\/2 pinta<\/a> para postres r\u00e1pidos o los<a href=\"\/product\/whip-cream-canister-nitrous-oxide-cylinder-nos-whippet-original-1364g\/\"> cilindros grandes de CreamJet<\/a> para uso profesional. <\/p>\n<p data-start=\"1468\" data-end=\"1825\">Si necesitas inspiraci\u00f3n, visita nuestro <a class=\"decorated-link cursor-pointer\" href=\"https:\/\/getcreamjet.com\/es\/categoria-producto\/sin-categoria\/\" rel=\"noopener\" data-start=\"1498\" data-end=\"1555\">Blog de Recetas<\/a> de Nata Montada o explora gu\u00edas en <a class=\"decorated-link cursor-pointer\" href=\"https:\/\/www.seriouseats.com\/dessert-recipes-5117878\" target=\"_new\" rel=\"noopener\" data-start=\"1592\" data-end=\"1649\">Serious Eats<\/a>, <a class=\"decorated-link cursor-pointer\" href=\"https:\/\/www.thespruceeats.com\/american-food-desserts-4162668\" target=\"_new\" rel=\"noopener\" data-start=\"1651\" data-end=\"1738\">The Spruce Eats<\/a> y <a class=\"decorated-link cursor-pointer\" href=\"https:\/\/www.tasteofhome.com\/?s=whipped+cream\" target=\"_new\" rel=\"noopener\" data-start=\"1744\" data-end=\"1822\">Taste of Home<\/a>.<\/p>\n<p data-start=\"1827\" data-end=\"2000\">Con el bote <strong data-start=\"1836\" data-end=\"1871\">original de CreamJet<\/strong>, siempre tendr\u00e1s la cantidad perfecta de potencia para tu nata: <strong data-start=\"1945\" data-end=\"1997\">f\u00e1cil de guardar, sencilla de usar y siempre deliciosa<\/strong>.<\/p>\n<p>Usa tus cargadores CreamJet para mejorar tus postres, bebidas y creaciones culinarias. Fabricados con N\u2082O puro al 99,99% y bajo estrictos est\u00e1ndares ISO 9001 &amp; 9002, los cargadores CreamJet garantizan calidad, seguridad y resultados consistentes.  <\/p>\n<p>A diferencia de los cargadores desechables, nuestros tanques grandes contienen suficiente gas N\u2082O para varias cargas antes de recargarse. Perfectos para cocinas, cafeter\u00edas y reposteros dom\u00e9sticos que quieren rendimiento sin interrupciones. Con CreamJet, obtendr\u00e1s nata firme y esponjosa para cupcakes, cappuccinos o incluso gastronom\u00eda molecular, sin el desagradable sabor met\u00e1lico t\u00edpico de otros cargadores.   <\/p>\n<h4>\u2728 Por qu\u00e9 elegir CreamJet:<\/h4>\n<p>\u2705 N\u2082O ultrapuro (99,99%) para un sabor y textura excepcionales<\/p>\n<p>\u2705 Cilindros duraderos y herm\u00e9ticos<\/p>\n<p>\u2705 Compatible con la mayor\u00eda de dispensadores (encuentra el de 1\/2 pinta aqu\u00ed)<\/p>\n<p>\u2705 Ideal para uso dom\u00e9stico y profesional<\/p>\n<p>\u2705 Perfecto para infusiones y c\u00f3cteles<\/p>\n<p>\ud83d\udca1 \u00bfTienes un evento grande? <a href=\"https:\/\/getcreamjet.com\/whipped-cream-charger-calculator\/\">Nuestro Calculador de Cargadores CreamJet<\/a> te ayuda a calcular cu\u00e1ntos necesitas para tus invitados. <\/p>\n<p>Con CreamJet, cada giro de nata montada es una declaraci\u00f3n de confianza.<\/p>\n","protected":false},"excerpt":{"rendered":"<p>Crafted from recyclable stainless steel and filled with pure food-grade N\u2082O, CreamJet 640g Cylinders ensure safe, efficient, and eco-friendly culinary performance.<\/p>\n","protected":false},"featured_media":4731,"comment_status":"open","ping_status":"closed","template":"","meta":{"_uag_custom_page_level_css":"","site-sidebar-layout":"default","site-content-layout":"default","ast-site-content-layout":"default","site-content-style":"default","site-sidebar-style":"default","ast-global-header-display":"","ast-banner-title-visibility":"","ast-main-header-display":"","ast-hfb-above-header-display":"","ast-hfb-below-header-display":"","ast-hfb-mobile-header-display":"","site-post-title":"","ast-breadcrumbs-content":"","ast-featured-img":"","footer-sml-layout":"","ast-disable-related-posts":"","theme-transparent-header-meta":"default","adv-header-id-meta":"","stick-header-meta":"","header-above-stick-meta":"","header-main-stick-meta":"","header-below-stick-meta":"","astra-migrate-meta-layouts":"default","ast-page-background-enabled":"default","ast-page-background-meta":{"desktop":{"background-color":"","background-image":"","background-repeat":"repeat","background-position":"center center","background-size":"auto","background-attachment":"scroll","background-type":"","background-media":"","overlay-type":"","overlay-color":"","overlay-opacity":"","overlay-gradient":""},"tablet":{"background-color":"","background-image":"","background-repeat":"repeat","background-position":"center center","background-size":"auto","background-attachment":"scroll","background-type":"","background-media":"","overlay-type":"","overlay-color":"","overlay-opacity":"","overlay-gradient":""},"mobile":{"background-color":"","background-image":"","background-repeat":"repeat","background-position":"center center","background-size":"auto","background-attachment":"scroll","background-type":"","background-media":"","overlay-type":"","overlay-color":"","overlay-opacity":"","overlay-gradient":""}},"ast-content-background-meta":{"desktop":{"background-color":"var(--ast-global-color-5)","background-image":"","background-repeat":"repeat","background-position":"center center","background-size":"auto","background-attachment":"scroll","background-type":"","background-media":"","overlay-type":"","overlay-color":"","overlay-opacity":"","overlay-gradient":""},"tablet":{"background-color":"var(--ast-global-color-5)","background-image":"","background-repeat":"repeat","background-position":"center center","background-size":"auto","background-attachment":"scroll","background-type":"","background-media":"","overlay-type":"","overlay-color":"","overlay-opacity":"","overlay-gradient":""},"mobile":{"background-color":"var(--ast-global-color-5)","background-image":"","background-repeat":"repeat","background-position":"center center","background-size":"auto","background-attachment":"scroll","background-type":"","background-media":"","overlay-type":"","overlay-color":"","overlay-opacity":"","overlay-gradient":""}}},"product_brand":[],"product_cat":[67],"product_tag":[],"class_list":{"0":"post-4351","1":"product","2":"type-product","3":"status-publish","4":"has-post-thumbnail","6":"product_cat-botes-de-crema-640g","7":"desktop-align-center","8":"tablet-align-center","9":"mobile-align-center","11":"first","12":"instock","13":"sale","14":"featured","15":"shipping-taxable","16":"purchasable","17":"product-type-variable"},"uagb_featured_image_src":{"full":["https:\/\/getcreamjet.com\/wp-content\/uploads\/2025\/10\/CreamJet-640g-Original.webp",2048,2048,false],"thumbnail":["https:\/\/getcreamjet.com\/wp-content\/uploads\/2025\/10\/CreamJet-640g-Original-150x150.webp",150,150,true],"medium":["https:\/\/getcreamjet.com\/wp-content\/uploads\/2025\/10\/CreamJet-640g-Original-300x300.webp",300,300,true],"medium_large":["https:\/\/getcreamjet.com\/wp-content\/uploads\/2025\/10\/CreamJet-640g-Original-768x768.webp",768,768,true],"large":["https:\/\/getcreamjet.com\/wp-content\/uploads\/2025\/10\/CreamJet-640g-Original-1024x1024.webp",1024,1024,true],"1536x1536":["https:\/\/getcreamjet.com\/wp-content\/uploads\/2025\/10\/CreamJet-640g-Original-1536x1536.webp",1536,1536,true],"2048x2048":["https:\/\/getcreamjet.com\/wp-content\/uploads\/2025\/10\/CreamJet-640g-Original.webp",2048,2048,false],"woocommerce_thumbnail":["https:\/\/getcreamjet.com\/wp-content\/uploads\/2025\/10\/CreamJet-640g-Original-300x300.webp",300,300,true],"woocommerce_single":["https:\/\/getcreamjet.com\/wp-content\/uploads\/2025\/10\/CreamJet-640g-Original-600x600.webp",600,600,true],"woocommerce_gallery_thumbnail":["https:\/\/getcreamjet.com\/wp-content\/uploads\/2025\/10\/CreamJet-640g-Original-100x100.webp",100,100,true]},"uagb_author_info":{"display_name":"Whipped Chief","author_link":"https:\/\/getcreamjet.com\/es\/author\/"},"uagb_comment_info":0,"uagb_excerpt":"Crafted from recyclable stainless steel and filled with pure food-grade N\u2082O, CreamJet 640g Cylinders ensure safe, efficient, and eco-friendly culinary performance.","_links":{"self":[{"href":"https:\/\/getcreamjet.com\/es\/wp-json\/wp\/v2\/product\/4351","targetHints":{"allow":["GET"]}}],"collection":[{"href":"https:\/\/getcreamjet.com\/es\/wp-json\/wp\/v2\/product"}],"about":[{"href":"https:\/\/getcreamjet.com\/es\/wp-json\/wp\/v2\/types\/product"}],"replies":[{"embeddable":true,"href":"https:\/\/getcreamjet.com\/es\/wp-json\/wp\/v2\/comments?post=4351"}],"wp:featuredmedia":[{"embeddable":true,"href":"https:\/\/getcreamjet.com\/es\/wp-json\/wp\/v2\/media\/4731"}],"wp:attachment":[{"href":"https:\/\/getcreamjet.com\/es\/wp-json\/wp\/v2\/media?parent=4351"}],"wp:term":[{"taxonomy":"product_brand","embeddable":true,"href":"https:\/\/getcreamjet.com\/es\/wp-json\/wp\/v2\/product_brand?post=4351"},{"taxonomy":"product_cat","embeddable":true,"href":"https:\/\/getcreamjet.com\/es\/wp-json\/wp\/v2\/product_cat?post=4351"},{"taxonomy":"product_tag","embeddable":true,"href":"https:\/\/getcreamjet.com\/es\/wp-json\/wp\/v2\/product_tag?post=4351"}],"curies":[{"name":"wp","href":"https:\/\/api.w.org\/{rel}","templated":true}]}}