{"id":4573,"date":"2025-10-24T15:20:05","date_gmt":"2025-10-24T15:20:05","guid":{"rendered":"https:\/\/getcreamjet.com\/consultas-mayoristas-pedidos-a-granel-y-por-pales-creamjet\/"},"modified":"2025-11-11T09:56:15","modified_gmt":"2025-11-11T09:56:15","slug":"consultas-mayoristas-pedidos-a-granel-y-por-pales-creamjet","status":"publish","type":"page","link":"https:\/\/getcreamjet.com\/es\/consultas-mayoristas-pedidos-a-granel-y-por-pales-creamjet\/","title":{"rendered":"Consultas Mayoristas \u2014 Pedidos a Granel y por Pal\u00e9s CreamJet"},"content":{"rendered":"\n<h2 class=\"wp-block-heading\" id=\"h-premium-cream-chargers-delivered-in-bulk\">Cargadores de Crema Premium, Entregados a Granel<\/h2>\n\n<h6 class=\"wp-block-heading\" id=\"h-partner-with-creamjet-for-reliable-wholesale-and-pallet-size-supply-of-cream-chargers-cylinders-and-tanks-trusted-by-cafes-restaurants-and-distributors-worldwide\">As\u00f3ciese con CreamJet para un suministro mayorista confiable y en tama\u00f1o de pal\u00e9 de cargadores de crema, cilindros y tanques, en los que conf\u00edan caf\u00e9s, restaurantes y distribuidores a nivel mundial.<\/h6>\n\n<h2 class=\"wp-block-heading has-text-align-center\" id=\"h-talk-to-our-sales-team\">Hable con Nuestro Equipo de Ventas<\/h2>\n\n<figure class=\"wp-block-image aligncenter size-full is-resized\"><a href=\"https:\/\/wa.me\/8618668198178?text=Hello,%20I%27d%20like%20to%20know%20your%20price\"><img decoding=\"async\" width=\"378\" height=\"80\" src=\"https:\/\/getcreamjet.com\/wp-content\/uploads\/2025\/10\/chatwhatsapp.png\" alt=\"Chatear en WhatsApp\" class=\"wp-image-4083\" style=\"width:200px\" srcset=\"https:\/\/getcreamjet.com\/wp-content\/uploads\/2025\/10\/chatwhatsapp.png 378w, https:\/\/getcreamjet.com\/wp-content\/uploads\/2025\/10\/chatwhatsapp-300x63.png 300w\" sizes=\"(max-width: 378px) 100vw, 378px\" \/><\/a><\/figure>\n\n<div class=\"wp-block-uagb-advanced-heading uagb-block-0650100a\"><h2 class=\"uagb-heading-text\">Por Qu\u00e9 Comprar al Por Mayor a CreamJet<\/h2><\/div>\n\n<h5 class=\"wp-block-heading\" id=\"h-your-trusted-source-for-bulk-cream-chargers\">Su Fuente Confiable de Cargadores de Crema a Granel<\/h5>\n\n<p>En CreamJet, nos especializamos en el suministro mayorista y de gran volumen de cargadores de crema, cilindros y tanques de N2O. Ya sea que usted sea un distribuidor, una cadena hotelera o un negocio de producci\u00f3n de alimentos, nuestra red log\u00edstica global le garantiza: <\/p>\n\n<ul class=\"wp-block-list\">\n<li>\u2705 Precios mayoristas competitivos directamente de la fuente<\/li>\n\n\n\n<li>\ud83d\ude9a Env\u00edo r\u00e1pido de pal\u00e9s a toda la UE y a nivel mundial<\/li>\n\n\n\n<li>\ud83c\udfed Calidad de producto consistente respaldada por producci\u00f3n con certificaci\u00f3n ISO<\/li>\n\n\n\n<li>\ud83d\udce6 Opciones personalizadas o de marca privada para distribuidores<\/li>\n<\/ul>\n\n<h2 class=\"wp-block-heading\" id=\"h-pallet-amp-bulk-ordering-made-simple\">Pedidos por Pal\u00e9s y a Granel Simplificados<\/h2>\n\n<h5 class=\"wp-block-heading\" id=\"h-we-handle-logistics-you-focus-on-business\">Nosotros Manejamos la Log\u00edstica, Usted Se Enfoca en el Negocio<\/h5>\n\n<p>Desde un solo pal\u00e9 hasta env\u00edos a nivel de contenedor, CreamJet ofrece un cumplimiento B2B fluido. Nuestros expertos en log\u00edstica coordinan el env\u00edo internacional, la documentaci\u00f3n y el despacho de aduanas, para que pueda centrarse en sus clientes, no en el papeleo. <\/p>\n\n<h2 class=\"wp-block-heading\" id=\"h-who-we-work-with\">Con Qui\u00e9n Trabajamos<\/h2>\n\n<h5 class=\"wp-block-heading\" id=\"h-supplying-professionals-worldwide\">Suministrando a Profesionales en Todo el Mundo<\/h5>\n\n<p>Suministramos con orgullo a:<\/p>\n\n<ul class=\"wp-block-list\">\n<li>\ud83e\uddc1 Chefs de reposter\u00eda y panader\u00edas<\/li>\n\n\n\n<li>\u2615 Cafeter\u00edas y empresas de catering<\/li>\n\n\n\n<li>\ud83c\udfea Mayoristas y revendedores<\/li>\n\n\n\n<li>\ud83c\udf0d Distribuidores e importadores<\/li>\n<\/ul>\n\n<p>No importa su escala, CreamJet ofrece soluciones flexibles adaptadas a su regi\u00f3n y volumen.<\/p>\n\n<h2 class=\"wp-block-heading\" id=\"h-ready-to-order-in-bulk\">\u00bfListo para Ordenar al por Mayor?<\/h2>\n\n<h5 class=\"wp-block-heading\" id=\"h-let-s-build-your-supply-plan\">Construyamos Tu Plan de Suministro<\/h5>\n\n<p>P\u00f3ngase en contacto con nuestro equipo mayorista hoy mismo para discutir precios de pal\u00e9s, plazos de entrega y opciones de asociaci\u00f3n. Estamos aqu\u00ed para ayudarle a mantener su negocio abastecido y pr\u00f3spero. <\/p>\n\n<h4 class=\"wp-block-heading has-text-align-center\" id=\"h-talk-to-our-sales-team-0\">Hable con Nuestro Equipo de Ventas<\/h4>\n\n<figure class=\"wp-block-image aligncenter size-full is-resized\"><a href=\"https:\/\/wa.me\/8618668198178?text=Hello,%20I%27d%20like%20to%20know%20your%20price\"><img decoding=\"async\" width=\"378\" height=\"80\" src=\"https:\/\/getcreamjet.com\/wp-content\/uploads\/2025\/10\/chatwhatsapp.png\" alt=\"Chatear en WhatsApp\" class=\"wp-image-4083\" style=\"width:200px\" srcset=\"https:\/\/getcreamjet.com\/wp-content\/uploads\/2025\/10\/chatwhatsapp.png 378w, https:\/\/getcreamjet.com\/wp-content\/uploads\/2025\/10\/chatwhatsapp-300x63.png 300w\" sizes=\"(max-width: 378px) 100vw, 378px\" \/><\/a><\/figure>\n\n<p><\/p>\n\n<h2 class=\"wp-block-heading has-text-align-center has-text-color has-link-color wp-elements-9fa877630e3effdeaf427b7aa3ceffb3\" id=\"h-wholesale-inquiries\" style=\"color:#b7588a;margin-top:90px;margin-bottom:0px\">Consultas Mayoristas<\/h2>\n<style id=\"wpforms-css-vars-4500\">\n\t\t\t\t#wpforms-4500 {\n\t\t\t\t--wpforms-field-border-radius: 10px;\n--wpforms-field-border-color: #B7588A;\n--wpforms-field-border-color-spare: #B7588A;\n--wpforms-field-text-color: rgba(0, 0, 0, 0.7);\n--wpforms-label-color: rgba(0, 0, 0, 0.85);\n--wpforms-label-sublabel-color: rgba(0, 0, 0, 0.55);\n--wpforms-button-border-radius: 10px;\n--wpforms-button-background-color: #B7588A;\n--wpforms-background-color: rgba(0, 0, 0, 0);\n--wpforms-field-size-input-height: 43px;\n--wpforms-field-size-input-spacing: 15px;\n--wpforms-field-size-font-size: 16px;\n--wpforms-field-size-line-height: 19px;\n--wpforms-field-size-padding-h: 14px;\n--wpforms-field-size-checkbox-size: 16px;\n--wpforms-field-size-sublabel-spacing: 5px;\n--wpforms-field-size-icon-size: 1;\n--wpforms-label-size-font-size: 16px;\n--wpforms-label-size-line-height: 19px;\n--wpforms-label-size-sublabel-font-size: 14px;\n--wpforms-label-size-sublabel-line-height: 17px;\n--wpforms-button-size-font-size: 20px;\n--wpforms-button-size-height: 48px;\n--wpforms-button-size-padding-h: 20px;\n--wpforms-button-size-margin-top: 15px;\n--wpforms-container-shadow-size-box-shadow: none;\n\t\t\t}\n\t\t\t<\/style><div class=\"wpforms-container wpforms-container-full wpforms-render-modern\" id=\"wpforms-4500\"><form id=\"wpforms-form-4500\" class=\"wpforms-validate wpforms-form wpforms-ajax-form\" data-formid=\"4500\" method=\"post\" enctype=\"multipart\/form-data\" action=\"\/es\/wp-json\/wp\/v2\/pages\/4573\" data-token=\"76da28186526a1a33deaca910371c0af\" data-token-time=\"1778071270\"><noscript class=\"wpforms-error-noscript\">Por favor, activa JavaScript en tu navegador para completar este formulario.<\/noscript><div id=\"wpforms-error-noscript\" style=\"display: none;\">Por favor, activa JavaScript en tu navegador para completar este formulario.<\/div><div class=\"wpforms-field-container\">\t\t<div id=\"wpforms-4500-field_5-container\"\n\t\t\tclass=\"wpforms-field wpforms-field-text\"\n\t\t\tdata-field-type=\"text\"\n\t\t\tdata-field-id=\"5\"\n\t\t\t>\n\t\t\t<label class=\"wpforms-field-label\" for=\"wpforms-4500-field_5\" >el de Completo<\/label>\n\t\t\t<input type=\"text\" id=\"wpforms-4500-field_5\" class=\"wpforms-field-medium\" name=\"wpforms[fields][5]\" >\n\t\t<\/div>\n\t\t<div id=\"wpforms-4500-field_2-container\" class=\"wpforms-field wpforms-field-layout\" data-field-id=\"2\"><div class=\"wpforms-field-layout-rows wpforms-field-large\"><div class=\"wpforms-layout-row\"><div class=\"wpforms-layout-column wpforms-layout-column-50\"><div id=\"wpforms-4500-field_1-container\" class=\"wpforms-field wpforms-field-text\" data-field-id=\"1\"><label class=\"wpforms-field-label\" for=\"wpforms-4500-field_1\">Nombre Completo <span class=\"wpforms-required-label\" aria-hidden=\"true\">*<\/span><\/label><input type=\"text\" id=\"wpforms-4500-field_1\" class=\"wpforms-field-medium wpforms-field-required\" name=\"wpforms[fields][1]\" aria-errormessage=\"wpforms-4500-field_1-error\" required><\/div><\/div><div class=\"wpforms-layout-column wpforms-layout-column-50\"><div id=\"wpforms-4500-field_7-container\" class=\"wpforms-field wpforms-field-email\" data-field-id=\"7\"><label class=\"wpforms-field-label\" for=\"wpforms-4500-field_7\">Email <span class=\"wpforms-required-label\" aria-hidden=\"true\">*<\/span><\/label><input type=\"email\" id=\"wpforms-4500-field_7\" class=\"wpforms-field-medium wpforms-field-required\" name=\"wpforms[fields][7]\" spellcheck=\"false\" aria-errormessage=\"wpforms-4500-field_7-error\" required><\/div><\/div><\/div><\/div><\/div><div id=\"wpforms-4500-field_3-container\" class=\"wpforms-field wpforms-field-text\" data-field-id=\"3\"><label class=\"wpforms-field-label\" for=\"wpforms-4500-field_3\">Correo Electr\u00f3nico \/ Tel\u00e9fono \/ WhatsApp<\/label><input type=\"text\" id=\"wpforms-4500-field_3\" class=\"wpforms-field-medium\" name=\"wpforms[fields][3]\" aria-errormessage=\"wpforms-4500-field_3-error\" ><\/div><div id=\"wpforms-4500-field_4-container\" class=\"wpforms-field wpforms-field-textarea\" data-field-id=\"4\"><label class=\"wpforms-field-label\" for=\"wpforms-4500-field_4\">Ubicaci\u00f3n de Entrega + Inter\u00e9s en el Producto <span class=\"wpforms-required-label\" aria-hidden=\"true\">*<\/span><\/label><textarea id=\"wpforms-4500-field_4\" class=\"wpforms-field-medium wpforms-field-required\" name=\"wpforms[fields][4]\" aria-errormessage=\"wpforms-4500-field_4-error\" aria-describedby=\"wpforms-4500-field_4-description\" required><\/textarea><div id=\"wpforms-4500-field_4-description\" class=\"wpforms-field-description\">ej. Berl\u00edn, Alemania + 640g original, 1364g Ar\u00e1ndano<\/div><\/div><script>\n\t\t\t\t( function() {\n\t\t\t\t\tconst style = document.createElement( 'style' );\n\t\t\t\t\tstyle.appendChild( document.createTextNode( '#wpforms-4500-field_5-container { position: absolute !important; overflow: hidden !important; display: inline !important; height: 1px !important; width: 1px !important; z-index: -1000 !important; padding: 0 !important; } #wpforms-4500-field_5-container input { visibility: hidden; } #wpforms-conversational-form-page #wpforms-4500-field_5-container label { counter-increment: none; }' ) );\n\t\t\t\t\tdocument.head.appendChild( style );\n\t\t\t\t\tdocument.currentScript?.remove();\n\t\t\t\t} )();\n\t\t\t<\/script><\/div><!-- .wpforms-field-container --><div class=\"wpforms-submit-container\" ><input type=\"hidden\" name=\"wpforms[id]\" value=\"4500\"><input type=\"hidden\" name=\"page_title\" value=\"\"><input type=\"hidden\" name=\"page_url\" value=\"https:\/\/getcreamjet.com\/es\/wp-json\/wp\/v2\/pages\/4573\"><input type=\"hidden\" name=\"url_referer\" value=\"\"><button type=\"submit\" name=\"wpforms[submit]\" id=\"wpforms-submit-4500\" class=\"wpforms-submit\" data-alt-text=\"Enviando...\" data-submit-text=\"Obtener Cotizaci\u00f3n al por Mayor\" aria-live=\"assertive\" value=\"wpforms-submit\">Obtener Cotizaci\u00f3n al por Mayor<\/button><img decoding=\"async\" src=\"https:\/\/getcreamjet.com\/wp-content\/plugins\/wpforms\/assets\/images\/submit-spin.svg\" class=\"wpforms-submit-spinner\" style=\"display: none;\" width=\"26\" height=\"26\" alt=\"Cargando\"><\/div><\/form><\/div>  <!-- .wpforms-container -->\n\n<p><\/p>\n","protected":false},"excerpt":{"rendered":"<p>Cargadores de Crema Premium, Entregados a Granel As\u00f3ciese con CreamJet para un suministro mayorista confiable y en tama\u00f1o de pal\u00e9 de cargadores de crema, cilindros y tanques, en los que conf\u00edan caf\u00e9s, restaurantes y distribuidores a nivel mundial. Hable con Nuestro Equipo de Ventas Por Qu\u00e9 Comprar al Por Mayor a CreamJet Su Fuente Confiable [&hellip;]<\/p>\n","protected":false},"author":1,"featured_media":0,"parent":0,"menu_order":0,"comment_status":"closed","ping_status":"closed","template":"","meta":{"_uag_custom_page_level_css":"","site-sidebar-layout":"default","site-content-layout":"","ast-site-content-layout":"default","site-content-style":"default","site-sidebar-style":"default","ast-global-header-display":"","ast-banner-title-visibility":"","ast-main-header-display":"","ast-hfb-above-header-display":"","ast-hfb-below-header-display":"","ast-hfb-mobile-header-display":"","site-post-title":"","ast-breadcrumbs-content":"","ast-featured-img":"","footer-sml-layout":"","ast-disable-related-posts":"","theme-transparent-header-meta":"","adv-header-id-meta":"","stick-header-meta":"","header-above-stick-meta":"","header-main-stick-meta":"","header-below-stick-meta":"","astra-migrate-meta-layouts":"default","ast-page-background-enabled":"default","ast-page-background-meta":{"desktop":{"background-color":"","background-image":"","background-repeat":"repeat","background-position":"center center","background-size":"auto","background-attachment":"scroll","background-type":"","background-media":"","overlay-type":"","overlay-color":"","overlay-opacity":"","overlay-gradient":""},"tablet":{"background-color":"","background-image":"","background-repeat":"repeat","background-position":"center center","background-size":"auto","background-attachment":"scroll","background-type":"","background-media":"","overlay-type":"","overlay-color":"","overlay-opacity":"","overlay-gradient":""},"mobile":{"background-color":"","background-image":"","background-repeat":"repeat","background-position":"center center","background-size":"auto","background-attachment":"scroll","background-type":"","background-media":"","overlay-type":"","overlay-color":"","overlay-opacity":"","overlay-gradient":""}},"ast-content-background-meta":{"desktop":{"background-color":"var(--ast-global-color-5)","background-image":"","background-repeat":"repeat","background-position":"center center","background-size":"auto","background-attachment":"scroll","background-type":"","background-media":"","overlay-type":"","overlay-color":"","overlay-opacity":"","overlay-gradient":""},"tablet":{"background-color":"var(--ast-global-color-5)","background-image":"","background-repeat":"repeat","background-position":"center center","background-size":"auto","background-attachment":"scroll","background-type":"","background-media":"","overlay-type":"","overlay-color":"","overlay-opacity":"","overlay-gradient":""},"mobile":{"background-color":"var(--ast-global-color-5)","background-image":"","background-repeat":"repeat","background-position":"center center","background-size":"auto","background-attachment":"scroll","background-type":"","background-media":"","overlay-type":"","overlay-color":"","overlay-opacity":"","overlay-gradient":""}},"footnotes":""},"class_list":["post-4573","page","type-page","status-publish","hentry"],"_hostinger_reach_plugin_has_subscription_block":false,"_hostinger_reach_plugin_is_elementor":false,"uagb_featured_image_src":{"full":false,"thumbnail":false,"medium":false,"medium_large":false,"large":false,"1536x1536":false,"2048x2048":false,"woocommerce_thumbnail":false,"woocommerce_single":false,"woocommerce_gallery_thumbnail":false},"uagb_author_info":{"display_name":"Whipped Chief","author_link":"https:\/\/getcreamjet.com\/es\/author\/yuyuuyuuugmail-com\/"},"uagb_comment_info":0,"uagb_excerpt":"Cargadores de Crema Premium, Entregados a Granel As\u00f3ciese con CreamJet para un suministro mayorista confiable y en tama\u00f1o de pal\u00e9 de cargadores de crema, cilindros y tanques, en los que conf\u00edan caf\u00e9s, restaurantes y distribuidores a nivel mundial. Hable con Nuestro Equipo de Ventas Por Qu\u00e9 Comprar al Por Mayor a CreamJet Su Fuente Confiable&hellip;","_links":{"self":[{"href":"https:\/\/getcreamjet.com\/es\/wp-json\/wp\/v2\/pages\/4573","targetHints":{"allow":["GET"]}}],"collection":[{"href":"https:\/\/getcreamjet.com\/es\/wp-json\/wp\/v2\/pages"}],"about":[{"href":"https:\/\/getcreamjet.com\/es\/wp-json\/wp\/v2\/types\/page"}],"author":[{"embeddable":true,"href":"https:\/\/getcreamjet.com\/es\/wp-json\/wp\/v2\/users\/1"}],"replies":[{"embeddable":true,"href":"https:\/\/getcreamjet.com\/es\/wp-json\/wp\/v2\/comments?post=4573"}],"version-history":[{"count":1,"href":"https:\/\/getcreamjet.com\/es\/wp-json\/wp\/v2\/pages\/4573\/revisions"}],"predecessor-version":[{"id":4574,"href":"https:\/\/getcreamjet.com\/es\/wp-json\/wp\/v2\/pages\/4573\/revisions\/4574"}],"wp:attachment":[{"href":"https:\/\/getcreamjet.com\/es\/wp-json\/wp\/v2\/media?parent=4573"}],"curies":[{"name":"wp","href":"https:\/\/api.w.org\/{rel}","templated":true}]}}