{"id":4562,"date":"2025-09-23T16:41:47","date_gmt":"2025-09-23T16:41:47","guid":{"rendered":"https:\/\/getcreamjet.com\/conviertase-en-distribuidor\/"},"modified":"2025-11-11T09:38:34","modified_gmt":"2025-11-11T09:38:34","slug":"conviertase-en-distribuidor","status":"publish","type":"page","link":"https:\/\/getcreamjet.com\/es\/conviertase-en-distribuidor\/","title":{"rendered":"Convi\u00e9rtase en Distribuidor"},"content":{"rendered":"\n<p><strong>\u00danase a la Familia CreamJet \u2013 Acceda a Precios Mayoristas y Haga Crecer su Negocio<\/strong><\/p>\n\n<p>\u00bfEst\u00e1 listo para ofrecer tanques de \u00d3xido Nitroso CreamJet de alta calidad a sus clientes? Al convertirse en distribuidor, obtendr\u00e1 acceso a precios mayoristas exclusivos, soporte dedicado y entrega r\u00e1pida que ayuda a que su negocio prospere. <\/p>\n\n<p>Ya sea que dirija una tienda de art\u00edculos para fiestas, un negocio de planificaci\u00f3n de eventos o una tienda en l\u00ednea, asociarse con CreamJet le brinda la ventaja de productos premium que los clientes adoran.<\/p>\n\n<hr class=\"wp-block-separator has-alpha-channel-opacity\"\/>\n\n<h2 class=\"wp-block-heading\" id=\"h-why-partner-with-creamjet\">Por Qu\u00e9 Asociarse con CreamJet<\/h2>\n\n<ul class=\"wp-block-list\">\n<li>Precios Mayoristas Exclusivos: Disfrute de tarifas especiales dise\u00f1adas para distribuidores.<\/li>\n\n\n\n<li>Productos de Alta Calidad: Cilindros y tanques de gas $\\text{N}_2\\text{O}$ est\u00e1ndar UE para un uso seguro y confiable.<\/li>\n\n\n\n<li>Entrega R\u00e1pida y Confiable: Con el soporte de almacenes locales en la UE y EE. UU., puede recibir sus pedidos r\u00e1pidamente para mantener su negocio funcionando sin problemas.<\/li>\n\n\n\n<li>Soporte y Recursos: Materiales de marketing, orientaci\u00f3n y consejos para aumentar sus ventas.<\/li>\n<\/ul>\n\n<hr class=\"wp-block-separator has-alpha-channel-opacity\"\/>\n\n<h2 class=\"wp-block-heading\" id=\"h-who-can-become-a-distributor\">\u00bfQui\u00e9n Puede Convertirse en Distribuidor?<\/h2>\n\n<ul class=\"wp-block-list\">\n<li>Tiendas minoristas (fiestas, regalos o mercanc\u00eda general), experiencia en ventas y marketing<\/li>\n\n\n\n<li>Planificadores de eventos y decoradores<\/li>\n\n\n\n<li>Tiendas en l\u00ednea (Comercio Electr\u00f3nico) <\/li>\n\n\n\n<li>Compradores a granel que buscan un suministro constante y de alta calidad de botellas de gas \u00f3xido nitroso<\/li>\n<\/ul>\n\n<p>Al unirse a nuestra red de distribuci\u00f3n, puede ofrecer a sus clientes productos premium a precios mayoristas, mientras aumenta sus ganancias y ampl\u00eda su gama de productos.<\/p>\n\n<h2 class=\"wp-block-heading has-text-color has-link-color wp-elements-df58159d257af053231ff3651b3698e9\" id=\"h-sell-our-brand-boost-your-profit\" style=\"color:#b7588a\">VENDA NUESTRA MARCA, AUMENTE SU GANANCIA<\/h2>\n<style id=\"wpforms-css-vars-4506-block-663ad544-de77-4f42-8f92-e55a5a779625\">\n\t\t\t\t#wpforms-4506.wpforms-block-663ad544-de77-4f42-8f92-e55a5a779625 {\n\t\t\t\t--wpforms-label-color: rgba(0, 0, 0, 0.85);\n--wpforms-label-sublabel-color: rgba(0, 0, 0, 0.55);\n--wpforms-field-border-radius: 10px;\n--wpforms-field-border-color: #B7588A;\n--wpforms-field-border-color-spare: #B7588A;\n--wpforms-field-text-color: rgba(0, 0, 0, 0.7);\n--wpforms-button-border-radius: 10px;\n--wpforms-button-background-color: #B7588A;\n--wpforms-background-color: rgba(0, 0, 0, 0);\n--wpforms-field-size-input-height: 43px;\n--wpforms-field-size-input-spacing: 15px;\n--wpforms-field-size-font-size: 16px;\n--wpforms-field-size-line-height: 19px;\n--wpforms-field-size-padding-h: 14px;\n--wpforms-field-size-checkbox-size: 16px;\n--wpforms-field-size-sublabel-spacing: 5px;\n--wpforms-field-size-icon-size: 1;\n--wpforms-label-size-font-size: 16px;\n--wpforms-label-size-line-height: 19px;\n--wpforms-label-size-sublabel-font-size: 14px;\n--wpforms-label-size-sublabel-line-height: 17px;\n--wpforms-button-size-font-size: 20px;\n--wpforms-button-size-height: 48px;\n--wpforms-button-size-padding-h: 20px;\n--wpforms-button-size-margin-top: 15px;\n--wpforms-container-shadow-size-box-shadow: none;\n\t\t\t}\n\t\t\t<\/style><div class=\"wpforms-container wpforms-container-full wpforms-block wpforms-block-663ad544-de77-4f42-8f92-e55a5a779625 wpforms-render-modern\" id=\"wpforms-4506\"><form id=\"wpforms-form-4506\" class=\"wpforms-validate wpforms-form wpforms-ajax-form\" data-formid=\"4506\" method=\"post\" enctype=\"multipart\/form-data\" action=\"\/es\/wp-json\/wp\/v2\/pages\/4562\" data-token=\"f779c542e3809c4b6551d1cc52e1b19f\" data-token-time=\"1778070996\"><noscript class=\"wpforms-error-noscript\">Por favor, activa JavaScript en tu navegador para completar este formulario.<\/noscript><div id=\"wpforms-error-noscript\" style=\"display: none;\">Por favor, activa JavaScript en tu navegador para completar este formulario.<\/div><div class=\"wpforms-field-container\"><div id=\"wpforms-4506-field_2-container\" class=\"wpforms-field wpforms-field-layout\" data-field-id=\"2\"><div class=\"wpforms-field-layout-rows wpforms-field-large\"><div class=\"wpforms-layout-row\"><div class=\"wpforms-layout-column wpforms-layout-column-50\"><div id=\"wpforms-4506-field_1-container\" class=\"wpforms-field wpforms-field-text\" data-field-id=\"1\"><label class=\"wpforms-field-label\" for=\"wpforms-4506-field_1\">Nombre Completo <span class=\"wpforms-required-label\" aria-hidden=\"true\">*<\/span><\/label><input type=\"text\" id=\"wpforms-4506-field_1\" class=\"wpforms-field-medium wpforms-field-required\" name=\"wpforms[fields][1]\" aria-errormessage=\"wpforms-4506-field_1-error\" required><\/div><\/div><div class=\"wpforms-layout-column wpforms-layout-column-50\"><div id=\"wpforms-4506-field_3-container\" class=\"wpforms-field wpforms-field-email\" data-field-id=\"3\"><label class=\"wpforms-field-label\" for=\"wpforms-4506-field_3\">Correo Electr\u00f3nico <span class=\"wpforms-required-label\" aria-hidden=\"true\">*<\/span><\/label><input type=\"email\" id=\"wpforms-4506-field_3\" class=\"wpforms-field-medium wpforms-field-required\" name=\"wpforms[fields][3]\" spellcheck=\"false\" aria-errormessage=\"wpforms-4506-field_3-error\" required><\/div><\/div><\/div><div class=\"wpforms-layout-row\"><div class=\"wpforms-layout-column wpforms-layout-column-50\"><div id=\"wpforms-4506-field_8-container\" class=\"wpforms-field wpforms-field-text\" data-field-id=\"8\"><label class=\"wpforms-field-label\" for=\"wpforms-4506-field_8\">Ciudad <span class=\"wpforms-required-label\" aria-hidden=\"true\">*<\/span><\/label><input type=\"text\" id=\"wpforms-4506-field_8\" class=\"wpforms-field-medium wpforms-field-required\" name=\"wpforms[fields][8]\" aria-errormessage=\"wpforms-4506-field_8-error\" required><\/div><\/div><div class=\"wpforms-layout-column wpforms-layout-column-50\"><div id=\"wpforms-4506-field_9-container\" class=\"wpforms-field wpforms-field-text\" data-field-id=\"9\"><label class=\"wpforms-field-label\" for=\"wpforms-4506-field_9\">Pa\u00eds <span class=\"wpforms-required-label\" aria-hidden=\"true\">*<\/span><\/label><input type=\"text\" id=\"wpforms-4506-field_9\" class=\"wpforms-field-medium wpforms-field-required\" name=\"wpforms[fields][9]\" aria-errormessage=\"wpforms-4506-field_9-error\" required><\/div><\/div><\/div><\/div><\/div><div id=\"wpforms-4506-field_5-container\" class=\"wpforms-field wpforms-field-text\" data-field-id=\"5\"><label class=\"wpforms-field-label\" for=\"wpforms-4506-field_5\">Tel\u00e9fono \/ WhatsApp <span class=\"wpforms-required-label\" aria-hidden=\"true\">*<\/span><\/label><input type=\"text\" id=\"wpforms-4506-field_5\" class=\"wpforms-field-medium wpforms-field-required\" name=\"wpforms[fields][5]\" aria-errormessage=\"wpforms-4506-field_5-error\" required><\/div>\t\t<div id=\"wpforms-4506-field_4-container\"\n\t\t\tclass=\"wpforms-field wpforms-field-text\"\n\t\t\tdata-field-type=\"text\"\n\t\t\tdata-field-id=\"4\"\n\t\t\t>\n\t\t\t<label class=\"wpforms-field-label\" for=\"wpforms-4506-field_4\" >Correo Pa\u00eds Electr\u00f3nico<\/label>\n\t\t\t<input type=\"text\" id=\"wpforms-4506-field_4\" class=\"wpforms-field-medium\" name=\"wpforms[fields][4]\" >\n\t\t<\/div>\n\t\t<div id=\"wpforms-4506-field_10-container\" class=\"wpforms-field wpforms-field-textarea\" data-field-id=\"10\"><label class=\"wpforms-field-label\" for=\"wpforms-4506-field_10\">Mensaje<\/label><textarea id=\"wpforms-4506-field_10\" class=\"wpforms-field-medium\" name=\"wpforms[fields][10]\" aria-errormessage=\"wpforms-4506-field_10-error\" ><\/textarea><\/div><script>\n\t\t\t\t( function() {\n\t\t\t\t\tconst style = document.createElement( 'style' );\n\t\t\t\t\tstyle.appendChild( document.createTextNode( '#wpforms-4506-field_4-container { position: absolute !important; overflow: hidden !important; display: inline !important; height: 1px !important; width: 1px !important; z-index: -1000 !important; padding: 0 !important; } #wpforms-4506-field_4-container input { visibility: hidden; } #wpforms-conversational-form-page #wpforms-4506-field_4-container label { counter-increment: none; }' ) );\n\t\t\t\t\tdocument.head.appendChild( style );\n\t\t\t\t\tdocument.currentScript?.remove();\n\t\t\t\t} )();\n\t\t\t<\/script><\/div><!-- .wpforms-field-container --><div class=\"wpforms-submit-container\" ><input type=\"hidden\" name=\"wpforms[id]\" value=\"4506\"><input type=\"hidden\" name=\"page_title\" value=\"\"><input type=\"hidden\" name=\"page_url\" value=\"https:\/\/getcreamjet.com\/es\/wp-json\/wp\/v2\/pages\/4562\"><input type=\"hidden\" name=\"url_referer\" value=\"\"><button type=\"submit\" name=\"wpforms[submit]\" id=\"wpforms-submit-4506\" class=\"wpforms-submit\" data-alt-text=\"Enviando...\" data-submit-text=\"Enviar\" aria-live=\"assertive\" value=\"wpforms-submit\">Enviar<\/button><img decoding=\"async\" src=\"https:\/\/getcreamjet.com\/wp-content\/plugins\/wpforms\/assets\/images\/submit-spin.svg\" class=\"wpforms-submit-spinner\" style=\"display: none;\" width=\"26\" height=\"26\" alt=\"Cargando\"><\/div><\/form><\/div>  <!-- .wpforms-container -->","protected":false},"excerpt":{"rendered":"<p>\u00danase a la Familia CreamJet \u2013 Acceda a Precios Mayoristas y Haga Crecer su Negocio \u00bfEst\u00e1 listo para ofrecer tanques de \u00d3xido Nitroso CreamJet de alta calidad a sus clientes? Al convertirse en distribuidor, obtendr\u00e1 acceso a precios mayoristas exclusivos, soporte dedicado y entrega r\u00e1pida que ayuda a que su negocio prospere. Ya sea que [&hellip;]<\/p>\n","protected":false},"author":1,"featured_media":0,"parent":0,"menu_order":0,"comment_status":"closed","ping_status":"closed","template":"","meta":{"_uag_custom_page_level_css":"","site-sidebar-layout":"default","site-content-layout":"","ast-site-content-layout":"default","site-content-style":"default","site-sidebar-style":"default","ast-global-header-display":"","ast-banner-title-visibility":"","ast-main-header-display":"","ast-hfb-above-header-display":"","ast-hfb-below-header-display":"","ast-hfb-mobile-header-display":"","site-post-title":"","ast-breadcrumbs-content":"","ast-featured-img":"","footer-sml-layout":"","ast-disable-related-posts":"","theme-transparent-header-meta":"","adv-header-id-meta":"","stick-header-meta":"","header-above-stick-meta":"","header-main-stick-meta":"","header-below-stick-meta":"","astra-migrate-meta-layouts":"default","ast-page-background-enabled":"default","ast-page-background-meta":{"desktop":{"background-color":"","background-image":"","background-repeat":"repeat","background-position":"center center","background-size":"auto","background-attachment":"scroll","background-type":"","background-media":"","overlay-type":"","overlay-color":"","overlay-opacity":"","overlay-gradient":""},"tablet":{"background-color":"","background-image":"","background-repeat":"repeat","background-position":"center center","background-size":"auto","background-attachment":"scroll","background-type":"","background-media":"","overlay-type":"","overlay-color":"","overlay-opacity":"","overlay-gradient":""},"mobile":{"background-color":"","background-image":"","background-repeat":"repeat","background-position":"center center","background-size":"auto","background-attachment":"scroll","background-type":"","background-media":"","overlay-type":"","overlay-color":"","overlay-opacity":"","overlay-gradient":""}},"ast-content-background-meta":{"desktop":{"background-color":"var(--ast-global-color-5)","background-image":"","background-repeat":"repeat","background-position":"center center","background-size":"auto","background-attachment":"scroll","background-type":"","background-media":"","overlay-type":"","overlay-color":"","overlay-opacity":"","overlay-gradient":""},"tablet":{"background-color":"var(--ast-global-color-5)","background-image":"","background-repeat":"repeat","background-position":"center center","background-size":"auto","background-attachment":"scroll","background-type":"","background-media":"","overlay-type":"","overlay-color":"","overlay-opacity":"","overlay-gradient":""},"mobile":{"background-color":"var(--ast-global-color-5)","background-image":"","background-repeat":"repeat","background-position":"center center","background-size":"auto","background-attachment":"scroll","background-type":"","background-media":"","overlay-type":"","overlay-color":"","overlay-opacity":"","overlay-gradient":""}},"footnotes":""},"class_list":["post-4562","page","type-page","status-publish","hentry"],"_hostinger_reach_plugin_has_subscription_block":false,"_hostinger_reach_plugin_is_elementor":false,"uagb_featured_image_src":{"full":false,"thumbnail":false,"medium":false,"medium_large":false,"large":false,"1536x1536":false,"2048x2048":false,"woocommerce_thumbnail":false,"woocommerce_single":false,"woocommerce_gallery_thumbnail":false},"uagb_author_info":{"display_name":"Whipped Chief","author_link":"https:\/\/getcreamjet.com\/es\/author\/yuyuuyuuugmail-com\/"},"uagb_comment_info":0,"uagb_excerpt":"\u00danase a la Familia CreamJet \u2013 Acceda a Precios Mayoristas y Haga Crecer su Negocio \u00bfEst\u00e1 listo para ofrecer tanques de \u00d3xido Nitroso CreamJet de alta calidad a sus clientes? Al convertirse en distribuidor, obtendr\u00e1 acceso a precios mayoristas exclusivos, soporte dedicado y entrega r\u00e1pida que ayuda a que su negocio prospere. Ya sea que&hellip;","_links":{"self":[{"href":"https:\/\/getcreamjet.com\/es\/wp-json\/wp\/v2\/pages\/4562","targetHints":{"allow":["GET"]}}],"collection":[{"href":"https:\/\/getcreamjet.com\/es\/wp-json\/wp\/v2\/pages"}],"about":[{"href":"https:\/\/getcreamjet.com\/es\/wp-json\/wp\/v2\/types\/page"}],"author":[{"embeddable":true,"href":"https:\/\/getcreamjet.com\/es\/wp-json\/wp\/v2\/users\/1"}],"replies":[{"embeddable":true,"href":"https:\/\/getcreamjet.com\/es\/wp-json\/wp\/v2\/comments?post=4562"}],"version-history":[{"count":1,"href":"https:\/\/getcreamjet.com\/es\/wp-json\/wp\/v2\/pages\/4562\/revisions"}],"predecessor-version":[{"id":4563,"href":"https:\/\/getcreamjet.com\/es\/wp-json\/wp\/v2\/pages\/4562\/revisions\/4563"}],"wp:attachment":[{"href":"https:\/\/getcreamjet.com\/es\/wp-json\/wp\/v2\/media?parent=4562"}],"curies":[{"name":"wp","href":"https:\/\/api.w.org\/{rel}","templated":true}]}}