{"id":4535,"date":"2025-08-19T13:50:53","date_gmt":"2025-08-19T13:50:53","guid":{"rendered":"https:\/\/getcreamjet.com\/contacto\/"},"modified":"2025-11-11T01:35:16","modified_gmt":"2025-11-11T01:35:16","slug":"contacto","status":"publish","type":"page","link":"https:\/\/getcreamjet.com\/es\/contacto\/","title":{"rendered":"Contacto"},"content":{"rendered":"\n<div class=\"wp-block-uagb-container uagb-block-5ee8ccc4 alignfull uagb-is-root-container\"><div class=\"uagb-container-inner-blocks-wrap\">\n<div class=\"wp-block-uagb-container uagb-block-1041cd37\">\n<div class=\"wp-block-uagb-info-box uagb-block-7b3c523d uagb-infobox__content-wrap  uagb-infobox-icon-above-title uagb-infobox-image-valign-top wp-block-uagb-info-box--has-margin\"><div class=\"uagb-infobox-margin-wrapper\"><div class=\"uagb-ifb-content\"><div class=\"uagb-ifb-title-wrap\"><h1 class=\"uagb-ifb-title\">Contactar con CreamJet<\/h1><\/div><p class=\"uagb-ifb-desc\">\u00bfTiene preguntas sobre <a href=\"\/?product_cat=whipped-cream-chargers\">nuestros cargadores<\/a>, <a href=\"https:\/\/getcreamjet.com\/es\/categoria-producto\/botes-de-crema-640g\/\">cartuchos<\/a>, <a href=\"https:\/\/getcreamjet.com\/es\/categoria-producto\/cilindros-de-oxido-nitroso-1364g\/\">cilindros<\/a> o dispensadores de crema batida premium? \u00a1P\u00f3ngase en contacto con CreamJet hoy mismo! Estamos aqu\u00ed para brindarle soporte experto y garantizar que obtenga los resultados perfectos para sus creaciones culinarias. <br\/><br\/><br\/>No dude en llamarnos o enviarnos un correo electr\u00f3nico, especialmente si desea comprar existencias al por mayor. Nos especializamos en pedidos de pal\u00e9s al por mayor, con env\u00edos a toda la UE y a nivel mundial. <\/p><div class=\"uagb-ifb-separator\"><\/div><\/div><\/div><\/div>\n\n\n\n<h2>Otras formas de Contactar con CreamJet<\/h2>\nEmail: <a href=\"mailto:sales@getcreamjet.com\">sales@getcreamjet.com<\/a>\nPhone: +1 \u202a(901) 878-0101\u202c \nDirecci\u00f3n: Albany NY 12205 (Almac\u00e9n de NY)\n<\/div>\n\n\n\n<div class=\"wp-block-uagb-container uagb-block-c8ebcb52\">\n<div class=\"wp-block-uagb-advanced-heading uagb-block-5fc669a1\"><h3 class=\"uagb-heading-text\">Haga Sus Consultas<\/h3><\/div>\n\n\n<style id=\"wpforms-css-vars-4494\">\n\t\t\t\t#wpforms-4494 {\n\t\t\t\t--wpforms-field-border-radius: 10px;\n--wpforms-field-border-color: #B7588A;\n--wpforms-field-border-color-spare: #B7588A;\n--wpforms-field-text-color: rgba(0, 0, 0, 0.7);\n--wpforms-label-color: rgba(0, 0, 0, 0.85);\n--wpforms-label-sublabel-color: rgba(0, 0, 0, 0.55);\n--wpforms-button-border-radius: 10px;\n--wpforms-button-background-color: #B7588A;\n--wpforms-background-color: rgba(0, 0, 0, 0);\n--wpforms-field-size-input-height: 43px;\n--wpforms-field-size-input-spacing: 15px;\n--wpforms-field-size-font-size: 16px;\n--wpforms-field-size-line-height: 19px;\n--wpforms-field-size-padding-h: 14px;\n--wpforms-field-size-checkbox-size: 16px;\n--wpforms-field-size-sublabel-spacing: 5px;\n--wpforms-field-size-icon-size: 1;\n--wpforms-label-size-font-size: 16px;\n--wpforms-label-size-line-height: 19px;\n--wpforms-label-size-sublabel-font-size: 14px;\n--wpforms-label-size-sublabel-line-height: 17px;\n--wpforms-button-size-font-size: 20px;\n--wpforms-button-size-height: 48px;\n--wpforms-button-size-padding-h: 20px;\n--wpforms-button-size-margin-top: 15px;\n--wpforms-container-shadow-size-box-shadow: none;\n\t\t\t}\n\t\t\t<\/style><div class=\"wpforms-container wpforms-container-full wpforms-render-modern\" id=\"wpforms-4494\"><form id=\"wpforms-form-4494\" class=\"wpforms-validate wpforms-form wpforms-ajax-form\" data-formid=\"4494\" method=\"post\" enctype=\"multipart\/form-data\" action=\"\/es\/wp-json\/wp\/v2\/pages\/4535\" data-token=\"be87e0c2587177202cfe252d41a8667a\" data-token-time=\"1778070776\"><noscript class=\"wpforms-error-noscript\">Por favor, activa JavaScript en tu navegador para completar este formulario.<\/noscript><div id=\"wpforms-error-noscript\" style=\"display: none;\">Por favor, activa JavaScript en tu navegador para completar este formulario.<\/div><div class=\"wpforms-field-container\"><div id=\"wpforms-4494-field_14-container\" class=\"wpforms-field wpforms-field-text\" data-field-id=\"14\"><label class=\"wpforms-field-label\" for=\"wpforms-4494-field_14\">Asunto <span class=\"wpforms-required-label\" aria-hidden=\"true\">*<\/span><\/label><input type=\"text\" id=\"wpforms-4494-field_14\" class=\"wpforms-field-medium wpforms-field-required\" name=\"wpforms[fields][14]\" aria-errormessage=\"wpforms-4494-field_14-error\" required><\/div>\t\t<div id=\"wpforms-4494-field_1-container\"\n\t\t\tclass=\"wpforms-field wpforms-field-text\"\n\t\t\tdata-field-type=\"text\"\n\t\t\tdata-field-id=\"1\"\n\t\t\t>\n\t\t\t<label class=\"wpforms-field-label\" for=\"wpforms-4494-field_1\" >Electr\u00f3nico Mensaje Correo<\/label>\n\t\t\t<input type=\"text\" id=\"wpforms-4494-field_1\" class=\"wpforms-field-medium\" name=\"wpforms[fields][1]\" >\n\t\t<\/div>\n\t\t<div id=\"wpforms-4494-field_4-container\" class=\"wpforms-field wpforms-field-email\" data-field-id=\"4\"><label class=\"wpforms-field-label\" for=\"wpforms-4494-field_4\">Correo Electr\u00f3nico <span class=\"wpforms-required-label\" aria-hidden=\"true\">*<\/span><\/label><input type=\"email\" id=\"wpforms-4494-field_4\" class=\"wpforms-field-medium wpforms-field-required\" name=\"wpforms[fields][4]\" spellcheck=\"false\" aria-errormessage=\"wpforms-4494-field_4-error\" required><\/div><div id=\"wpforms-4494-field_15-container\" class=\"wpforms-field wpforms-field-textarea\" data-field-id=\"15\"><label class=\"wpforms-field-label\" for=\"wpforms-4494-field_15\">Mensaje <span class=\"wpforms-required-label\" aria-hidden=\"true\">*<\/span><\/label><textarea id=\"wpforms-4494-field_15\" class=\"wpforms-field-medium wpforms-field-required wpforms-limit-characters-enabled\" data-form-id=\"4494\" data-field-id=\"15\" data-text-limit=\"5000\" name=\"wpforms[fields][15]\" aria-errormessage=\"wpforms-4494-field_15-error\" maxlength=\"5000\" required><\/textarea><\/div><script>\n\t\t\t\t( function() {\n\t\t\t\t\tconst style = document.createElement( 'style' );\n\t\t\t\t\tstyle.appendChild( document.createTextNode( '#wpforms-4494-field_1-container { position: absolute !important; overflow: hidden !important; display: inline !important; height: 1px !important; width: 1px !important; z-index: -1000 !important; padding: 0 !important; } #wpforms-4494-field_1-container input { visibility: hidden; } #wpforms-conversational-form-page #wpforms-4494-field_1-container label { counter-increment: none; }' ) );\n\t\t\t\t\tdocument.head.appendChild( style );\n\t\t\t\t\tdocument.currentScript?.remove();\n\t\t\t\t} )();\n\t\t\t<\/script><\/div><!-- .wpforms-field-container --><div class=\"wpforms-submit-container\" ><input type=\"hidden\" name=\"wpforms[id]\" value=\"4494\"><input type=\"hidden\" name=\"page_title\" value=\"\"><input type=\"hidden\" name=\"page_url\" value=\"https:\/\/getcreamjet.com\/es\/wp-json\/wp\/v2\/pages\/4535\"><input type=\"hidden\" name=\"url_referer\" value=\"\"><button type=\"submit\" name=\"wpforms[submit]\" id=\"wpforms-submit-4494\" class=\"wpforms-submit\" data-alt-text=\"Enviando...\" data-submit-text=\"Enviar\" aria-live=\"assertive\" value=\"wpforms-submit\">Enviar<\/button><img decoding=\"async\" src=\"https:\/\/getcreamjet.com\/wp-content\/plugins\/wpforms\/assets\/images\/submit-spin.svg\" class=\"wpforms-submit-spinner\" style=\"display: none;\" width=\"26\" height=\"26\" alt=\"Cargando\"><\/div><\/form><\/div>  <!-- .wpforms-container -->\n<\/div>\n<\/div><\/div>\n\n<div class=\"wp-block-uagb-separator uagb-block-77ed38e1\"><div class=\"wp-block-uagb-separator__inner\" style=\"--my-background-image:\"><\/div><\/div>\n\n<figure class=\"wp-block-image size-large\"><img fetchpriority=\"high\" decoding=\"async\" width=\"1024\" height=\"682\" src=\"https:\/\/getcreamjet.com\/wp-content\/uploads\/2025\/08\/white-mug-on-wooden-surface-1024x682.jpg\" alt=\"crema batida perfecta para la parte superior del caf&#xE9;\" class=\"wp-image-3785\" srcset=\"https:\/\/getcreamjet.com\/wp-content\/uploads\/2025\/08\/white-mug-on-wooden-surface-1024x682.jpg 1024w, https:\/\/getcreamjet.com\/wp-content\/uploads\/2025\/08\/white-mug-on-wooden-surface-600x400.jpg 600w, https:\/\/getcreamjet.com\/wp-content\/uploads\/2025\/08\/white-mug-on-wooden-surface-300x200.jpg 300w, https:\/\/getcreamjet.com\/wp-content\/uploads\/2025\/08\/white-mug-on-wooden-surface-768x512.jpg 768w, https:\/\/getcreamjet.com\/wp-content\/uploads\/2025\/08\/white-mug-on-wooden-surface-1536x1024.jpg 1536w, https:\/\/getcreamjet.com\/wp-content\/uploads\/2025\/08\/white-mug-on-wooden-surface.jpg 2000w\" sizes=\"(max-width: 1024px) 100vw, 1024px\" \/><\/figure>\n\n<h2 class=\"wp-block-heading\" id=\"h-faqs\">Preguntas Frecuentes (FAQ)<\/h2>\n\n<ul class=\"wp-block-list\">\n<li><strong>P1: \u00bfSon una f\u00e1brica o una empresa comercial?<\/strong><br\/>R: CreamJet es el principal fabricante mundial de \u00f3xido nitroso de grado alimenticio, produciendo 20.000 toneladas m\u00e9tricas por a\u00f1o. Para los est\u00e1ndares de seguridad y regulaci\u00f3n de gases de grado alimenticio, puede consultar a la Autoridad <a href=\"https:\/\/www.efsa.europa.eu\">Europea de Seguridad Alimentaria (EFSA).<\/a> <\/li>\n\n\n\n<li><strong>P2: \u00bfCu\u00e1nto tiempo tardar\u00e9 en recibir mi pedido?<\/strong><br\/>R: Los pedidos realizados en l\u00ednea generalmente se env\u00edan dentro de las 48 horas a trav\u00e9s de FedEx u otros servicios expr\u00e9s. Normalmente puede recibir sus productos dentro de 3 a 5 d\u00edas h\u00e1biles. Para las pautas de env\u00edo internacional, consulte la <a href=\"https:\/\/www.fedex.com\/en-us\/shipping.html\">Gu\u00eda de Env\u00edo de FedEx.<\/a>  <\/li>\n\n\n\n<li>P3: \u00bfD\u00f3nde se encuentran sus productos?<br\/>R: Tenemos almacenes en Francia y EE. UU., y su pedido se enviar\u00e1 desde el almac\u00e9n m\u00e1s cercano.<\/li>\n\n\n\n<li><strong>P4: \u00bfEs seguro mi pago?<\/strong><br\/>R: Absolutamente. CreamJet utiliza sistemas de pago seguros y legalmente compatibles para proteger sus transacciones. Aceptamos todas las principales tarjetas de cr\u00e9dito, incluidas Visa y Mastercard.  <\/li>\n\n\n\n<li><strong>P5: \u00bfC\u00f3mo garantizan la calidad del producto?<\/strong><br\/>R: Nuestro equipo profesional de control de calidad inspecciona y prueba cada lote de gas a diario. Cada cargador de crema se prueba individualmente despu\u00e9s de la producci\u00f3n. <\/li>\n\n\n\n<li><strong>P6: \u00bfPuedo pedir grandes cantidades o al por mayor?<\/strong><br\/>R: S\u00ed, puede pedir m\u00e1s de un contenedor. Para consultas al por mayor, p\u00f3ngase en contacto directamente con CreamJet. <\/li>\n\n\n\n<li><strong>P7: \u00bfPuedo convertirme en un agente de CreamJet?<\/strong><br\/>R: S\u00ed, damos la bienvenida a agentes y socios en todos los mercados principales. Por favor, rellene el <a href=\"https:\/\/getcreamjet.com\/es\/contacto\/\">formulario de Contacto.<\/a> <\/li>\n\n\n\n<li><strong>P8: \u00bfC\u00f3mo puedo obtener soporte para mi pedido?<\/strong><br\/>R: Para cualquier pregunta sobre pedidos, env\u00edos o productos, nuestro equipo de atenci\u00f3n al cliente est\u00e1 listo para ayudarle. Env\u00ede un correo electr\u00f3nico a <a href=\"mailto:sales@getcreamjet.com\">sales@getcreamjet.com<\/a> o rellene el formulario de contacto. <\/li>\n<\/ul>\n\n<p><\/p>\n","protected":false},"excerpt":{"rendered":"<p>Otras formas de Contactar con CreamJet Email: sales@getcreamjet.com Phone: +1 \u202a(901) 878-0101\u202c Direcci\u00f3n: Albany NY 12205 (Almac\u00e9n de NY) Haga Sus Consultas Preguntas Frecuentes (FAQ)<\/p>\n","protected":false},"author":1,"featured_media":0,"parent":0,"menu_order":0,"comment_status":"closed","ping_status":"closed","template":"","meta":{"_uag_custom_page_level_css":"","site-sidebar-layout":"no-sidebar","site-content-layout":"plain-container","ast-site-content-layout":"full-width-container","site-content-style":"unboxed","site-sidebar-style":"unboxed","ast-global-header-display":"","ast-banner-title-visibility":"","ast-main-header-display":"","ast-hfb-above-header-display":"","ast-hfb-below-header-display":"","ast-hfb-mobile-header-display":"","site-post-title":"disabled","ast-breadcrumbs-content":"","ast-featured-img":"disabled","footer-sml-layout":"","ast-disable-related-posts":"","theme-transparent-header-meta":"enabled","adv-header-id-meta":"","stick-header-meta":"","header-above-stick-meta":"","header-main-stick-meta":"","header-below-stick-meta":"","astra-migrate-meta-layouts":"default","ast-page-background-enabled":"default","ast-page-background-meta":{"desktop":{"background-color":"","background-image":"","background-repeat":"repeat","background-position":"center center","background-size":"auto","background-attachment":"scroll","background-type":"","background-media":"","overlay-type":"","overlay-color":"","overlay-opacity":"","overlay-gradient":""},"tablet":{"background-color":"","background-image":"","background-repeat":"repeat","background-position":"center center","background-size":"auto","background-attachment":"scroll","background-type":"","background-media":"","overlay-type":"","overlay-color":"","overlay-opacity":"","overlay-gradient":""},"mobile":{"background-color":"","background-image":"","background-repeat":"repeat","background-position":"center center","background-size":"auto","background-attachment":"scroll","background-type":"","background-media":"","overlay-type":"","overlay-color":"","overlay-opacity":"","overlay-gradient":""}},"ast-content-background-meta":{"desktop":{"background-color":"var(--ast-global-color-5)","background-image":"","background-repeat":"repeat","background-position":"center center","background-size":"auto","background-attachment":"scroll","background-type":"","background-media":"","overlay-type":"","overlay-color":"","overlay-opacity":"","overlay-gradient":""},"tablet":{"background-color":"var(--ast-global-color-5)","background-image":"","background-repeat":"repeat","background-position":"center center","background-size":"auto","background-attachment":"scroll","background-type":"","background-media":"","overlay-type":"","overlay-color":"","overlay-opacity":"","overlay-gradient":""},"mobile":{"background-color":"var(--ast-global-color-5)","background-image":"","background-repeat":"repeat","background-position":"center center","background-size":"auto","background-attachment":"scroll","background-type":"","background-media":"","overlay-type":"","overlay-color":"","overlay-opacity":"","overlay-gradient":""}},"footnotes":""},"class_list":["post-4535","page","type-page","status-publish","hentry"],"_hostinger_reach_plugin_has_subscription_block":false,"_hostinger_reach_plugin_is_elementor":false,"uagb_featured_image_src":{"full":false,"thumbnail":false,"medium":false,"medium_large":false,"large":false,"1536x1536":false,"2048x2048":false,"woocommerce_thumbnail":false,"woocommerce_single":false,"woocommerce_gallery_thumbnail":false},"uagb_author_info":{"display_name":"Whipped Chief","author_link":"https:\/\/getcreamjet.com\/es\/author\/yuyuuyuuugmail-com\/"},"uagb_comment_info":0,"uagb_excerpt":"Otras formas de Contactar con CreamJet Email: sales@getcreamjet.com Phone: +1 \u202a(901) 878-0101\u202c Direcci\u00f3n: Albany NY 12205 (Almac\u00e9n de NY) Haga Sus Consultas Preguntas Frecuentes (FAQ)","_links":{"self":[{"href":"https:\/\/getcreamjet.com\/es\/wp-json\/wp\/v2\/pages\/4535","targetHints":{"allow":["GET"]}}],"collection":[{"href":"https:\/\/getcreamjet.com\/es\/wp-json\/wp\/v2\/pages"}],"about":[{"href":"https:\/\/getcreamjet.com\/es\/wp-json\/wp\/v2\/types\/page"}],"author":[{"embeddable":true,"href":"https:\/\/getcreamjet.com\/es\/wp-json\/wp\/v2\/users\/1"}],"replies":[{"embeddable":true,"href":"https:\/\/getcreamjet.com\/es\/wp-json\/wp\/v2\/comments?post=4535"}],"version-history":[{"count":1,"href":"https:\/\/getcreamjet.com\/es\/wp-json\/wp\/v2\/pages\/4535\/revisions"}],"predecessor-version":[{"id":4536,"href":"https:\/\/getcreamjet.com\/es\/wp-json\/wp\/v2\/pages\/4535\/revisions\/4536"}],"wp:attachment":[{"href":"https:\/\/getcreamjet.com\/es\/wp-json\/wp\/v2\/media?parent=4535"}],"curies":[{"name":"wp","href":"https:\/\/api.w.org\/{rel}","templated":true}]}}