{"id":4623,"date":"2025-10-23T03:37:54","date_gmt":"2025-10-23T03:37:54","guid":{"rendered":"https:\/\/getcreamjet.com\/product\/creamjet-sahnekartusche-2000g-original\/"},"modified":"2025-10-23T03:37:54","modified_gmt":"2025-10-23T03:37:54","slug":"creamjet-sahnekartusche-2000g-original","status":"publish","type":"product","link":"https:\/\/getcreamjet.com\/de\/produkt\/creamjet-sahnekartusche-2000g-original\/","title":{"rendered":"CreamJet Sahnekartusche 2000g Original"},"content":{"rendered":"<h2>CreamJet 2000g Original Sahne-Tank<\/h2>\n<h4><strong>Premium Lachgas-Tank in Lebensmittelqualit\u00e4t \u2022 99.99% Reinheit \u2022 Zylinder mit gro\u00dfer Kapazit\u00e4t f\u00fcr den professionellen Einsatz<!-- notionvc: a0b8e79f-0fe8-4f7d-b52d-fd3821a90413 --><\/strong><\/h4>\n<p data-start=\"406\" data-end=\"885\">Wir stellen die CreamJet 2000 g \/ 3.3 L Original-Kartusche vor \u2013 unser Monstertank, der f\u00fcr Gro\u00dfk\u00fcchen, Caf\u00e9s, B\u00e4ckereien, Catering und Veranstaltungsorte konzipiert ist. Wenn es um Volumen gepaart mit Qualit\u00e4t geht, ist diese   Maschine ist perfekt f\u00fcr beides: gro\u00dfe Kapazit\u00e4t mit sauberem Lachgas in Lebensmittelqualit\u00e4t. Hergestellt unter Verwendung strenger Qualit\u00e4tskontrollen und Sicherheitsprotokolle,   kan du vara s\u00e4ker p\u00e5 att med CreamJets stora cylinder kommer du aldrig att f\u00e5  das Lachgas ausgeht, wenn das Gesch\u00e4ft am gesch\u00e4ftigsten ist, und Sie immer Schlagsahne liefern, die leicht, stabil und frei von Fehlaromen ist.<\/p>\n<hr data-start=\"887\" data-end=\"890\">\n<h4 data-start=\"892\" data-end=\"927\">Hauptmerkmale &amp; Technische Daten<\/h4>\n<div class=\"_tableContainer_1rjym_1\">\n<div class=\"_tableWrapper_1rjym_13 group flex w-fit flex-col-reverse\" tabindex=\"-1\">\n<table class=\"w-fit min-w-(--thread-content-width)\" data-start=\"929\" data-end=\"1947\">\n<thead data-start=\"929\" data-end=\"950\">\n<tr data-start=\"929\" data-end=\"950\">\n<th data-start=\"929\" data-end=\"939\" data-col-size=\"sm\">Merkmal<\/th>\n<th data-start=\"939\" data-end=\"950\" data-col-size=\"lg\">Details<\/th>\n<\/tr>\n<\/thead>\n<tbody data-start=\"961\" data-end=\"1947\">\n<tr data-start=\"961\" data-end=\"1058\">\n<td data-start=\"961\" data-end=\"987\" data-col-size=\"sm\">Gasgewicht \/ Volumen<\/td>\n<td data-start=\"987\" data-end=\"1058\" data-col-size=\"lg\">2000 Gramm N2O, Wasservolumen: ungef\u00e4hr 3.3 Liter<\/td>\n<\/tr>\n<tr data-start=\"1059\" data-end=\"1188\">\n<td data-start=\"1059\" data-end=\"1072\" data-col-size=\"sm\">Reinheit<\/td>\n<td data-start=\"1072\" data-end=\"1188\" data-col-size=\"lg\">\u2265 99.99% N2O in Lebensmittelqualit\u00e4t \u2014 ultrahohe Reinheit f\u00fcr sauberen Geschmack, glatte Textur und stabile Schlagsahne<\/td>\n<\/tr>\n<tr data-start=\"1189\" data-end=\"1384\">\n<td data-start=\"1189\" data-end=\"1221\" data-col-size=\"sm\">Standards &amp; Zertifizierung<\/td>\n<td data-start=\"1221\" data-end=\"1384\" data-col-size=\"lg\">Hergestellt unter ISO-9001 \/ ISO-9002 (oder gleichwertigen europ\u00e4ischen Sicherheits- &amp; Qualit\u00e4tssystemen), getestet nach relevanten EN \/ Europ\u00e4ischen Normen (z.B. EN ISO 11118 oder \u00e4hnlich)<\/td>\n<\/tr>\n<tr data-start=\"1385\" data-end=\"1534\">\n<td data-start=\"1385\" data-end=\"1409\" data-col-size=\"sm\">Material &amp; Geh\u00e4use<\/td>\n<td data-start=\"1409\" data-end=\"1534\" data-col-size=\"lg\">Robuster Zylinder aus Stahl oder Eisenmetall, Einweg, aber recycelbar; ausgelegt f\u00fcr Haltbarkeit und Sicherheit unter hohem Druck<\/td>\n<\/tr>\n<tr data-start=\"1535\" data-end=\"1679\">\n<td data-start=\"1535\" data-end=\"1565\" data-col-size=\"sm\">Arbeits- &amp; Pr\u00fcfdruck<\/td>\n<td data-start=\"1565\" data-end=\"1679\" data-col-size=\"lg\">Typischer Arbeitsdruck ~ 110-120 bar, Pr\u00fcfdruck h\u00f6her (z.B. 165 bar oder mehr), um Sicherheitsmargen zu gew\u00e4hrleisten<\/td>\n<\/tr>\n<tr data-start=\"1680\" data-end=\"1792\">\n<td data-start=\"1680\" data-end=\"1697\" data-col-size=\"sm\">Abmessungen<\/td>\n<td data-start=\"1697\" data-end=\"1792\" data-col-size=\"lg\">(Ungef\u00e4hre) Durchmesser ~ 105 mm, H\u00f6he ~ 540 mm (variiert leicht je nach Geh\u00e4usedesign)<\/td>\n<\/tr>\n<tr data-start=\"1793\" data-end=\"1947\">\n<td data-start=\"1793\" data-end=\"1818\" data-col-size=\"sm\">Ventil \/ Anschluss<\/td>\n<td data-col-size=\"lg\" data-start=\"1818\" data-end=\"1947\">Standardventil (z.B. M11x1 oder \u00e4hnlich), kompatibel mit Druckreglern \/ Adaptern, die f\u00fcr Sahnespender und -spender verwendet werden<\/td>\n<\/tr>\n<\/tbody>\n<\/table>\n<\/div>\n<\/div>\n<hr data-start=\"1949\" data-end=\"1952\">\n<h4 data-start=\"1954\" data-end=\"1979\">Vorteile &amp; Anwendungsf\u00e4lle<\/h4>\n<ul data-start=\"1981\" data-end=\"2855\">\n<li data-start=\"1981\" data-end=\"2191\">\n<p data-start=\"1983\" data-end=\"2191\">Riesiger Aussto\u00df: Entspricht vielen Dutzenden kleiner 8-g-Kartuschen \u2014 perfekt f\u00fcr Caf\u00e9s, Catering-Fahrzeuge oder gesch\u00e4ftige Dessertl\u00e4den. Diese Anwendungen erfordern insgesamt weniger Zylinder, was Lagerung, Kosten und Abfall reduziert. <\/p>\n<\/li>\n<li data-start=\"2192\" data-end=\"2396\">\n<p data-start=\"2194\" data-end=\"2396\">Zuverl\u00e4ssigkeit bei hoher Nachfrage: Egal, ob es sich um eine hochvolumige Dessertproduktion, einen kontinuierlichen Service in einem Caf\u00e9 oder Serviceveranstaltungen mit hoher Nachfrage handelt, dieser Lachgastank     liefert den Lachgasaussto\u00df, ohne dass Kartuschen gewechselt werden m\u00fcssen.<\/p>\n<\/li>\n<li data-start=\"2397\" data-end=\"2540\">\n<p data-start=\"2399\" data-end=\"2540\">Kosteneffizient: Pro Portion gemessen, reduzieren gro\u00dfe Zylinder die Gaskosten pro Verwendung im Vergleich zu einzelnen kleinen Kartuschen drastisch.<\/p>\n<\/li>\n<li data-start=\"2541\" data-end=\"2730\">\n<p data-start=\"2543\" data-end=\"2730\">Zuverl\u00e4ssige Leistung: Aufgrund der hohen Reinheit und Pr\u00e4zisionsfertigung k\u00f6nnen Sie in der Regel eine zuverl\u00e4ssige Schaumstabilit\u00e4t, schnelle Erholung nach der Ausgabe und minimalen metallischen oder keinen scharfen Nachgeschmack erwarten.<\/p>\n<\/li>\n<li data-start=\"2731\" data-end=\"2855\">\n<p data-start=\"2733\" data-end=\"2855\">Sicher &amp; Konform: Besteht strenge Sicherheitstests und beh\u00f6rdliche Materialstandards, um es zur sichersten, einfachsten und konformsten Option f\u00fcr Benutzer zu machen.<\/p>\n<\/li>\n<\/ul>\n<hr data-start=\"2857\" data-end=\"2860\">\n<h4 data-start=\"2862\" data-end=\"2879\">F\u00fcr wen es gedacht ist<\/h4>\n<ul data-start=\"2881\" data-end=\"3111\">\n<li data-start=\"2881\" data-end=\"2934\">\n<p data-start=\"2883\" data-end=\"2934\">Kulinarische Profis, Konditoreien, s\u00fc\u00dfe Caf\u00e9s<\/p>\n<\/li>\n<li data-start=\"2935\" data-end=\"2998\">\n<p data-start=\"2937\" data-end=\"2998\">Coffee-Shop-Ketten mit t\u00e4glich servierten h\u00e4ufigen Schlagsahnegetr\u00e4nken<\/p>\n<\/li>\n<li data-start=\"2999\" data-end=\"3035\">\n<p data-start=\"3001\" data-end=\"3035\">Catering-Unternehmen &amp; Food Trucks<\/p>\n<\/li>\n<li data-start=\"3036\" data-end=\"3111\">\n<p data-start=\"3038\" data-end=\"3111\">Veranstaltungsorte, die gro\u00dfe Mengen an unterschiedlichen, qualitativ hochwertigen Ausgaben erfordern<\/p>\n<\/li>\n<\/ul>\n<hr data-start=\"3113\" data-end=\"3116\">\n<h4 data-start=\"3118\" data-end=\"3133\">Anwendungstipps<\/h4>\n<ul data-start=\"3135\" data-end=\"3514\">\n<li data-start=\"3135\" data-end=\"3249\">\n<p data-start=\"3137\" data-end=\"3249\">Mit einem Druckregler oder Gasadapter (f\u00fcr Gasflaschen mit gr\u00f6\u00dferem Volumen) verwenden, um das freigesetzte Gas pro Abgabe zu steuern.<\/p>\n<\/li>\n<li data-start=\"3250\" data-end=\"3343\">\n<p data-start=\"3252\" data-end=\"3343\">Bewahren Sie die Kartusche immer aufrecht, in einer k\u00fchlen, trockenen Umgebung ohne direkte Sonneneinstrahlung oder hohe Umgebungstemperaturen \u00fcber lange Zeitr\u00e4ume auf.<\/p>\n<\/li>\n<li data-start=\"3344\" data-end=\"3457\">\n<p data-start=\"3346\" data-end=\"3457\">Stellen Sie sicher, dass die Kartusche mit Ihrem Sahnespender kompatibel ist; \u00fcberpr\u00fcfen Sie die Kompatibilit\u00e4t des Schlauchanschlusses, Gewindegr\u00f6\u00dfen, Ventilgr\u00f6\u00dfen und Sicherheitsadapter.<\/p>\n<\/li>\n<li data-start=\"3458\" data-end=\"3514\">\n<p data-start=\"3460\" data-end=\"3514\">Nachdem das Gas im Spender ist, gut sch\u00fctteln, um die optimale Textur zu erzielen.<\/p>\n<\/li>\n<\/ul>\n<hr data-start=\"3516\" data-end=\"3519\">\n<h4 data-start=\"3521\" data-end=\"3588\">Wer w\u00fcrde die Gro\u00dfformat-Kartusche von CreamJet gegen\u00fcber kleineren Beh\u00e4ltern f\u00fcr Schlagsahne bevorzugen?<\/h4>\n<ul data-start=\"3590\" data-end=\"3905\">\n<li data-start=\"3590\" data-end=\"3689\">\n<p data-start=\"3592\" data-end=\"3689\">Sie f\u00fcllen die Gastanks viel seltener nach: ein 2000-g-Tank kann Dutzende \u00fcber Dutzende von Standard-8-g-Kartuschen ersetzen.<\/p>\n<\/li>\n<li data-start=\"3690\" data-end=\"3760\">\n<p data-start=\"3692\" data-end=\"3760\">Weniger behinderte gesch\u00e4ftige Servicezeit: konsistentere t\u00e4gliche Versorgung.<\/p>\n<\/li>\n<li data-start=\"3761\" data-end=\"3813\">\n<p data-start=\"3763\" data-end=\"3813\">Geringere Kosten pro Nutzung f\u00fcr kosteneffiziente Arbeitsproduktion und Verpackungsm\u00fcll.<\/p>\n<\/li>\n<li data-start=\"3814\" data-end=\"3905\">\n<p data-start=\"3816\" data-end=\"3905\">Standardm\u00e4\u00dfige Beibehaltung der CreamJet-Qualit\u00e4t: gleiche hohe Reinheit, gleiche Leistung, skalierte Produktion.<\/p>\n<\/li>\n<\/ul>\n<hr data-start=\"3907\" data-end=\"3910\">\n<h4 data-start=\"3912\" data-end=\"3934\">Links &amp; Ressourcen<\/h4>\n<ul data-start=\"3936\" data-end=\"4289\">\n<li data-start=\"4053\" data-end=\"4169\">\n<p data-start=\"4055\" data-end=\"4169\">Vergleichen Sie mit unserer <a href=\"https:\/\/getcreamjet.com\/de\/produkt\/creamjet-640g-original-sahnekapsel\/\">640 g Original-Kartusche<\/a> f\u00fcr den kleineren Einsatz<\/p>\n<\/li>\n<li data-start=\"4170\" data-end=\"4289\">\n<p data-start=\"4172\" data-end=\"4289\">Sie sind sich nicht sicher, wie viele Sie f\u00fcr eine Veranstaltung ben\u00f6tigen? Probieren Sie unseren <a class=\"decorated-link cursor-pointer\" href=\"https:\/\/getcreamjet.com\/whipped-cream-charger-calculator\/\" rel=\"noopener\" data-start=\"4224\" data-end=\"4289\">Sahnekartuschen-Verbrauchsrechner aus<\/a> <\/p>\n<\/li>\n<\/ul>\n<p data-start=\"4291\" data-end=\"4347\">F\u00fcr Inspiration, Rezepte und Best Practices schauen Sie vorbei bei:<\/p>\n<ul data-start=\"4349\" data-end=\"4696\">\n<li data-start=\"4349\" data-end=\"4446\">\n<p data-start=\"4351\" data-end=\"4446\"><a class=\"decorated-link cursor-pointer\" href=\"https:\/\/www.seriouseats.com\/super-thick-fruity-whipped-cream-recipe\" target=\"_new\" rel=\"noopener\" data-start=\"4351\" data-end=\"4444\">Serious Eats \u2013 Rezept f\u00fcr super dicke, fruchtige Schlagsahne<\/a><\/p>\n<\/li>\n<li data-start=\"4349\" data-end=\"4446\"><a href=\"https:\/\/www.seriouseats.com\/the-science-of-whipped-cream-butter-creme-fraiche\">Serious Eats &#8211; Sahne-Wissenschaft: Zum Aufschlagen, Butter und dar\u00fcber hinaus<\/a><\/li>\n<li data-start=\"4447\" data-end=\"4571\">\n<p data-start=\"4449\" data-end=\"4571\"><a class=\"decorated-link cursor-pointer\" href=\"https:\/\/www.thespruceeats.com\/dessert-4162795\" target=\"_new\" rel=\"noopener\" data-start=\"4449\" data-end=\"4569\">The Spruce Eats \u2013 Rezepte f\u00fcr hausgemachte Schlagsahne<\/a><\/p>\n<\/li>\n<li data-start=\"4572\" data-end=\"4696\">\n<p data-start=\"4574\" data-end=\"4696\"><a class=\"decorated-link cursor-pointer\" href=\"https:\/\/www.tasteofhome.com\/recipes\/sweetened-whipped-cream\/\" target=\"_new\" rel=\"noopener\" data-start=\"4574\" data-end=\"4694\">Taste of Home \u2013 Hausgemachte Schlagsahne<\/a><\/p>\n<\/li>\n<li data-start=\"4572\" data-end=\"4696\"><a href=\"https:\/\/www.inspiredtaste.net\/55823\/whipped-cream\/\">InspiredTaste &#8211; Perfekte Schlagsahne<\/a><\/li>\n<li data-start=\"4572\" data-end=\"4696\"><a href=\"https:\/\/sallysbakingaddiction.com\/homemade-whipped-cream\/\">Sally&#8217;s Baking &#8211; Hausgemachte Schlagsahne<\/a><\/li>\n<\/ul>\n<h4 data-start=\"4703\" data-end=\"4715\"><\/h4>\n<p data-start=\"4717\" data-end=\"5044\">Wenn Ihr Betrieb ein erhebliches Volumen, konsistente Qualit\u00e4t und Kosteneffizienz erfordert, ist der CreamJet 2000 g Original N2O Tank das, was Sie brauchen. Er ist zu professioneller Leistung f\u00e4hig, ohne auf Reinheit oder Sicherheit zu verzichten.  CreamJet gibt Ihnen die Kraft in gro\u00dfen Mengen \u2014 immer zur Hand, um Exzellenz zu schaffen.<\/p>\n","protected":false},"excerpt":{"rendered":"<p>CreamJet Sahnekartuschen 3.3L \/ 2000g \u2013 Gro\u00dfer Zylinder Sahnespender-Tank \u2013 Originalgeschmack \u2013 N2O Sahnekartuschen in Lebensmittelqualit\u00e4t f\u00fcr Spender \u2013 Reines Premium-Lachgas<\/p>\n","protected":false},"featured_media":4734,"comment_status":"open","ping_status":"closed","template":"","meta":{"_uag_custom_page_level_css":"","site-sidebar-layout":"default","site-content-layout":"default","ast-site-content-layout":"default","site-content-style":"default","site-sidebar-style":"default","ast-global-header-display":"","ast-banner-title-visibility":"","ast-main-header-display":"","ast-hfb-above-header-display":"","ast-hfb-below-header-display":"","ast-hfb-mobile-header-display":"","site-post-title":"","ast-breadcrumbs-content":"","ast-featured-img":"","footer-sml-layout":"","ast-disable-related-posts":"","theme-transparent-header-meta":"default","adv-header-id-meta":"","stick-header-meta":"","header-above-stick-meta":"","header-main-stick-meta":"","header-below-stick-meta":"","astra-migrate-meta-layouts":"default","ast-page-background-enabled":"default","ast-page-background-meta":{"desktop":{"background-color":"","background-image":"","background-repeat":"repeat","background-position":"center center","background-size":"auto","background-attachment":"scroll","background-type":"","background-media":"","overlay-type":"","overlay-color":"","overlay-opacity":"","overlay-gradient":""},"tablet":{"background-color":"","background-image":"","background-repeat":"repeat","background-position":"center center","background-size":"auto","background-attachment":"scroll","background-type":"","background-media":"","overlay-type":"","overlay-color":"","overlay-opacity":"","overlay-gradient":""},"mobile":{"background-color":"","background-image":"","background-repeat":"repeat","background-position":"center center","background-size":"auto","background-attachment":"scroll","background-type":"","background-media":"","overlay-type":"","overlay-color":"","overlay-opacity":"","overlay-gradient":""}},"ast-content-background-meta":{"desktop":{"background-color":"var(--ast-global-color-5)","background-image":"","background-repeat":"repeat","background-position":"center center","background-size":"auto","background-attachment":"scroll","background-type":"","background-media":"","overlay-type":"","overlay-color":"","overlay-opacity":"","overlay-gradient":""},"tablet":{"background-color":"var(--ast-global-color-5)","background-image":"","background-repeat":"repeat","background-position":"center center","background-size":"auto","background-attachment":"scroll","background-type":"","background-media":"","overlay-type":"","overlay-color":"","overlay-opacity":"","overlay-gradient":""},"mobile":{"background-color":"var(--ast-global-color-5)","background-image":"","background-repeat":"repeat","background-position":"center center","background-size":"auto","background-attachment":"scroll","background-type":"","background-media":"","overlay-type":"","overlay-color":"","overlay-opacity":"","overlay-gradient":""}}},"product_brand":[],"product_cat":[82],"product_tag":[],"class_list":{"0":"post-4623","1":"product","2":"type-product","3":"status-publish","4":"has-post-thumbnail","6":"product_cat-n2o-kapseln-2000g","7":"desktop-align-center","8":"tablet-align-center","9":"mobile-align-center","11":"first","12":"instock","13":"sale","14":"shipping-taxable","15":"purchasable","16":"product-type-variable"},"uagb_featured_image_src":{"full":["https:\/\/getcreamjet.com\/wp-content\/uploads\/2025\/10\/CreamJet-2000g-Original.webp",2048,2048,false],"thumbnail":["https:\/\/getcreamjet.com\/wp-content\/uploads\/2025\/10\/CreamJet-2000g-Original-150x150.webp",150,150,true],"medium":["https:\/\/getcreamjet.com\/wp-content\/uploads\/2025\/10\/CreamJet-2000g-Original-300x300.webp",300,300,true],"medium_large":["https:\/\/getcreamjet.com\/wp-content\/uploads\/2025\/10\/CreamJet-2000g-Original-768x768.webp",768,768,true],"large":["https:\/\/getcreamjet.com\/wp-content\/uploads\/2025\/10\/CreamJet-2000g-Original-1024x1024.webp",1024,1024,true],"1536x1536":["https:\/\/getcreamjet.com\/wp-content\/uploads\/2025\/10\/CreamJet-2000g-Original-1536x1536.webp",1536,1536,true],"2048x2048":["https:\/\/getcreamjet.com\/wp-content\/uploads\/2025\/10\/CreamJet-2000g-Original.webp",2048,2048,false],"woocommerce_thumbnail":["https:\/\/getcreamjet.com\/wp-content\/uploads\/2025\/10\/CreamJet-2000g-Original-300x300.webp",300,300,true],"woocommerce_single":["https:\/\/getcreamjet.com\/wp-content\/uploads\/2025\/10\/CreamJet-2000g-Original-600x600.webp",600,600,true],"woocommerce_gallery_thumbnail":["https:\/\/getcreamjet.com\/wp-content\/uploads\/2025\/10\/CreamJet-2000g-Original-100x100.webp",100,100,true]},"uagb_author_info":{"display_name":"Whipped Chief","author_link":"https:\/\/getcreamjet.com\/de\/author\/"},"uagb_comment_info":0,"uagb_excerpt":"CreamJet Sahnekartuschen 3.3L \/ 2000g \u2013 Gro\u00dfer Zylinder Sahnespender-Tank \u2013 Originalgeschmack \u2013 N2O Sahnekartuschen in Lebensmittelqualit\u00e4t f\u00fcr Spender \u2013 Reines Premium-Lachgas","_links":{"self":[{"href":"https:\/\/getcreamjet.com\/de\/wp-json\/wp\/v2\/product\/4623","targetHints":{"allow":["GET"]}}],"collection":[{"href":"https:\/\/getcreamjet.com\/de\/wp-json\/wp\/v2\/product"}],"about":[{"href":"https:\/\/getcreamjet.com\/de\/wp-json\/wp\/v2\/types\/product"}],"replies":[{"embeddable":true,"href":"https:\/\/getcreamjet.com\/de\/wp-json\/wp\/v2\/comments?post=4623"}],"wp:featuredmedia":[{"embeddable":true,"href":"https:\/\/getcreamjet.com\/de\/wp-json\/wp\/v2\/media\/4734"}],"wp:attachment":[{"href":"https:\/\/getcreamjet.com\/de\/wp-json\/wp\/v2\/media?parent=4623"}],"wp:term":[{"taxonomy":"product_brand","embeddable":true,"href":"https:\/\/getcreamjet.com\/de\/wp-json\/wp\/v2\/product_brand?post=4623"},{"taxonomy":"product_cat","embeddable":true,"href":"https:\/\/getcreamjet.com\/de\/wp-json\/wp\/v2\/product_cat?post=4623"},{"taxonomy":"product_tag","embeddable":true,"href":"https:\/\/getcreamjet.com\/de\/wp-json\/wp\/v2\/product_tag?post=4623"}],"curies":[{"name":"wp","href":"https:\/\/api.w.org\/{rel}","templated":true}]}}