{"id":4361,"date":"2025-10-23T13:50:53","date_gmt":"2025-10-23T13:50:53","guid":{"rendered":"https:\/\/getcreamjet.com\/product\/creamjet-640g-original-sahnekapsel\/"},"modified":"2025-11-07T01:09:30","modified_gmt":"2025-11-07T01:09:30","slug":"creamjet-640g-original-sahnekapsel","status":"publish","type":"product","link":"https:\/\/getcreamjet.com\/de\/produkt\/creamjet-640g-original-sahnekapsel\/","title":{"rendered":"CreamJet 640g Original Sahnekapsel"},"content":{"rendered":"<h2><strong>CreamJet 640g Original Sahnekapsel<\/strong><\/h2>\n<h4><strong>Premium N\u2082O Zylinder f\u00fcr jeden Sahnespender \u2013 Originalgeschmack \u2013 Lebensmittelreiner Lachgastank<\/strong><\/h4>\n<p>&nbsp;<\/p>\n<p data-start=\"384\" data-end=\"698\">Der CreamJet 640g ist die perfekte Kombination aus Kapazit\u00e4t, Reinheit und Komfort. Entspricht 80\u2013100 Portionen frischer Schlagsahne \u2013 ideal f\u00fcr Hobbyb\u00e4cker, kleine Caf\u00e9s und Caterer, die professionelle Ergebnisse ohne Gro\u00dflagerung w\u00fcnschen. <\/p>\n<p data-start=\"700\" data-end=\"721\">\u2728 Hauptmerkmale:<\/p>\n<ul data-start=\"722\" data-end=\"1253\">\n<li data-start=\"722\" data-end=\"817\">\n<p data-start=\"724\" data-end=\"817\">\u2705 640g Lebensmittelreines N\u2082O (99,99% Reinheit) \u2013 f\u00fcr saubere, glatte und stabile Schlagsahne<\/p>\n<\/li>\n<li data-start=\"818\" data-end=\"903\">\n<p data-start=\"820\" data-end=\"903\">\u2705 Beliebter, leichter 0,95L Zylinder \u2013 tragbar und alltagstauglich<\/p>\n<\/li>\n<li data-start=\"904\" data-end=\"1044\">\n<p data-start=\"906\" data-end=\"1044\">\u2705 Entspricht 80\u2013100 Portionen (<a class=\"decorated-link cursor-pointer\" href=\"https:\/\/getcreamjet.com\/whipped-cream-charger-calculator\/\" rel=\"noopener\" data-start=\"986\" data-end=\"1041\">je nach Spender und gew\u00fcnschter Konsistenz<\/a>)<\/p>\n<\/li>\n<li data-start=\"1045\" data-end=\"1108\">\n<p data-start=\"1047\" data-end=\"1108\">\u2705 Universell kompatibel mit Standard-Sahnespendern<\/p>\n<\/li>\n<li data-start=\"1109\" data-end=\"1174\">\n<p data-start=\"1111\" data-end=\"1174\">\u2705 Auslaufsicher und ISO-zertifiziert f\u00fcr Sicherheit und Zuverl\u00e4ssigkeit<\/p>\n<\/li>\n<li data-start=\"1175\" data-end=\"1253\">\n<p data-start=\"1177\" data-end=\"1253\">\u2705 Ideal f\u00fcr Desserts, Kaffees, Cocktails und kreative Infusionen<\/p>\n<\/li>\n<\/ul>\n<p data-start=\"1255\" data-end=\"1466\">\ud83d\udca1 Suchen Sie eine kleinere Option? Probieren Sie einen <a href=\"https:\/\/isi-store.com\/products\/gourmet-whip-1-2-pint\">1\/2-Pint-Sahnespender<\/a> f\u00fcr schnelle Desserts oder gr\u00f6\u00dfere <a href=\"\/product\/whip-cream-canister-nitrous-oxide-cylinder-nos-whippet-original-1364g\/\">CreamJet-Zylinder <\/a>f\u00fcr professionellen Einsatz. <\/p>\n<p data-start=\"1468\" data-end=\"1825\">Brauchen Sie Inspiration? Besuchen Sie unseren <a class=\"decorated-link cursor-pointer\" href=\"https:\/\/getcreamjet.com\/de\/produkt-kategorie\/nicht-kategorisiert\/\" rel=\"noopener\" data-start=\"1498\" data-end=\"1555\">Blog f\u00fcr Schlagsahne-Rezepte<\/a> oder st\u00f6bern Sie auf <a class=\"decorated-link cursor-pointer\" href=\"https:\/\/www.seriouseats.com\/dessert-recipes-5117878\" target=\"_new\" rel=\"noopener\" data-start=\"1592\" data-end=\"1649\">Serious Eats<\/a>, <a class=\"decorated-link cursor-pointer\" href=\"https:\/\/www.thespruceeats.com\/american-food-desserts-4162668\" target=\"_new\" rel=\"noopener\" data-start=\"1651\" data-end=\"1738\">The Spruce Eats<\/a> und <a class=\"decorated-link cursor-pointer\" href=\"https:\/\/www.tasteofhome.com\/?s=whipped+cream\" target=\"_new\" rel=\"noopener\" data-start=\"1744\" data-end=\"1822\">Taste of Home<\/a>.<\/p>\n<p data-start=\"1827\" data-end=\"2000\">Mit dem <strong data-start=\"1836\" data-end=\"1871\">CreamJet Original-Zylinder <\/strong>haben Sie immer die perfekte Menge Schlagsahne zur Hand \u2013 <strong data-start=\"1945\" data-end=\"1997\">einfach zu lagern, leicht zu bedienen und stets k\u00f6stlich.<\/strong><\/p>\n<p>Verwenden Sie CreamJet-Kapseln, um Ihre Desserts, Getr\u00e4nke und kreativen Projekte aufzuwerten. Hergestellt aus 99,99% reinem, lebensmittelgeeignetem N\u2082O und unter strengen ISO 9001 &amp; 9002 Standards gefertigt. Mit CreamJet erhalten Sie die h\u00f6chste Qualit\u00e4t und konstante Ergebnisse \u2013 sicher und zuverl\u00e4ssig.  <\/p>\n<p>Im Gegensatz zu Einwegkapseln enthalten unsere gro\u00dfen Tanks genug Gas f\u00fcr mehrere Anwendungen. Perfekt f\u00fcr K\u00fcchen, Caf\u00e9s und Hobbyb\u00e4cker, die ohne Unterbrechungen arbeiten m\u00f6chten. Mit CreamJet erzielen Sie fluffige, stabile Sahne f\u00fcr Cupcakes, Cappuccinos oder molekulare Gastronomie \u2013 ohne metallischen Nachgeschmack.   <\/p>\n<h4>\u2728 Warum CreamJet w\u00e4hlen:<\/h4>\n<p>\u2705 Ultrareines 99,99% N\u2082O f\u00fcr hervorragenden Geschmack und Textur<\/p>\n<p>\u2705 Robuste, auslaufsichere Zylinder f\u00fcr langlebige Nutzung<\/p>\n<p>\u2705 Kompatibel mit den meisten Spendern (1\/2-Pint-Version hier erh\u00e4ltlich)<\/p>\n<p>\u2705 Ideal f\u00fcr Zuhause und Profis<\/p>\n<p>\u2705 Perfekt f\u00fcr Aroma-Infusionen und Cocktails<\/p>\n<p>\ud83d\udca1 Gro\u00dfes Event geplant? Mit unserem <a href=\"https:\/\/getcreamjet.com\/whipped-cream-charger-calculator\/\">CreamJet Charger Rechner <\/a>berechnen Sie genau, wie viele Zylinder Sie ben\u00f6tigen. <\/p>\n<p>Mit CreamJet wird jede Sahnewolke zum Ausdruck von Perfektion!<\/p>\n","protected":false},"excerpt":{"rendered":"<p>Crafted from recyclable stainless steel and filled with pure food-grade N\u2082O, CreamJet 640g Cylinders ensure safe, efficient, and eco-friendly culinary performance.<\/p>\n","protected":false},"featured_media":4730,"comment_status":"open","ping_status":"closed","template":"","meta":{"_uag_custom_page_level_css":"","site-sidebar-layout":"default","site-content-layout":"default","ast-site-content-layout":"default","site-content-style":"default","site-sidebar-style":"default","ast-global-header-display":"","ast-banner-title-visibility":"","ast-main-header-display":"","ast-hfb-above-header-display":"","ast-hfb-below-header-display":"","ast-hfb-mobile-header-display":"","site-post-title":"","ast-breadcrumbs-content":"","ast-featured-img":"","footer-sml-layout":"","ast-disable-related-posts":"","theme-transparent-header-meta":"default","adv-header-id-meta":"","stick-header-meta":"","header-above-stick-meta":"","header-main-stick-meta":"","header-below-stick-meta":"","astra-migrate-meta-layouts":"default","ast-page-background-enabled":"default","ast-page-background-meta":{"desktop":{"background-color":"","background-image":"","background-repeat":"repeat","background-position":"center center","background-size":"auto","background-attachment":"scroll","background-type":"","background-media":"","overlay-type":"","overlay-color":"","overlay-opacity":"","overlay-gradient":""},"tablet":{"background-color":"","background-image":"","background-repeat":"repeat","background-position":"center center","background-size":"auto","background-attachment":"scroll","background-type":"","background-media":"","overlay-type":"","overlay-color":"","overlay-opacity":"","overlay-gradient":""},"mobile":{"background-color":"","background-image":"","background-repeat":"repeat","background-position":"center center","background-size":"auto","background-attachment":"scroll","background-type":"","background-media":"","overlay-type":"","overlay-color":"","overlay-opacity":"","overlay-gradient":""}},"ast-content-background-meta":{"desktop":{"background-color":"var(--ast-global-color-5)","background-image":"","background-repeat":"repeat","background-position":"center center","background-size":"auto","background-attachment":"scroll","background-type":"","background-media":"","overlay-type":"","overlay-color":"","overlay-opacity":"","overlay-gradient":""},"tablet":{"background-color":"var(--ast-global-color-5)","background-image":"","background-repeat":"repeat","background-position":"center center","background-size":"auto","background-attachment":"scroll","background-type":"","background-media":"","overlay-type":"","overlay-color":"","overlay-opacity":"","overlay-gradient":""},"mobile":{"background-color":"var(--ast-global-color-5)","background-image":"","background-repeat":"repeat","background-position":"center center","background-size":"auto","background-attachment":"scroll","background-type":"","background-media":"","overlay-type":"","overlay-color":"","overlay-opacity":"","overlay-gradient":""}}},"product_brand":[],"product_cat":[68],"product_tag":[],"class_list":{"0":"post-4361","1":"product","2":"type-product","3":"status-publish","4":"has-post-thumbnail","6":"product_cat-sahnekartuschen-640g","7":"desktop-align-center","8":"tablet-align-center","9":"mobile-align-center","11":"first","12":"instock","13":"sale","14":"featured","15":"shipping-taxable","16":"purchasable","17":"product-type-variable"},"uagb_featured_image_src":{"full":["https:\/\/getcreamjet.com\/wp-content\/uploads\/2025\/10\/CreamJet-640g-Original.webp",2048,2048,false],"thumbnail":["https:\/\/getcreamjet.com\/wp-content\/uploads\/2025\/10\/CreamJet-640g-Original-150x150.webp",150,150,true],"medium":["https:\/\/getcreamjet.com\/wp-content\/uploads\/2025\/10\/CreamJet-640g-Original-300x300.webp",300,300,true],"medium_large":["https:\/\/getcreamjet.com\/wp-content\/uploads\/2025\/10\/CreamJet-640g-Original-768x768.webp",768,768,true],"large":["https:\/\/getcreamjet.com\/wp-content\/uploads\/2025\/10\/CreamJet-640g-Original-1024x1024.webp",1024,1024,true],"1536x1536":["https:\/\/getcreamjet.com\/wp-content\/uploads\/2025\/10\/CreamJet-640g-Original-1536x1536.webp",1536,1536,true],"2048x2048":["https:\/\/getcreamjet.com\/wp-content\/uploads\/2025\/10\/CreamJet-640g-Original.webp",2048,2048,false],"woocommerce_thumbnail":["https:\/\/getcreamjet.com\/wp-content\/uploads\/2025\/10\/CreamJet-640g-Original-300x300.webp",300,300,true],"woocommerce_single":["https:\/\/getcreamjet.com\/wp-content\/uploads\/2025\/10\/CreamJet-640g-Original-600x600.webp",600,600,true],"woocommerce_gallery_thumbnail":["https:\/\/getcreamjet.com\/wp-content\/uploads\/2025\/10\/CreamJet-640g-Original-100x100.webp",100,100,true]},"uagb_author_info":{"display_name":"Whipped Chief","author_link":"https:\/\/getcreamjet.com\/de\/author\/"},"uagb_comment_info":0,"uagb_excerpt":"Crafted from recyclable stainless steel and filled with pure food-grade N\u2082O, CreamJet 640g Cylinders ensure safe, efficient, and eco-friendly culinary performance.","_links":{"self":[{"href":"https:\/\/getcreamjet.com\/de\/wp-json\/wp\/v2\/product\/4361","targetHints":{"allow":["GET"]}}],"collection":[{"href":"https:\/\/getcreamjet.com\/de\/wp-json\/wp\/v2\/product"}],"about":[{"href":"https:\/\/getcreamjet.com\/de\/wp-json\/wp\/v2\/types\/product"}],"replies":[{"embeddable":true,"href":"https:\/\/getcreamjet.com\/de\/wp-json\/wp\/v2\/comments?post=4361"}],"wp:featuredmedia":[{"embeddable":true,"href":"https:\/\/getcreamjet.com\/de\/wp-json\/wp\/v2\/media\/4730"}],"wp:attachment":[{"href":"https:\/\/getcreamjet.com\/de\/wp-json\/wp\/v2\/media?parent=4361"}],"wp:term":[{"taxonomy":"product_brand","embeddable":true,"href":"https:\/\/getcreamjet.com\/de\/wp-json\/wp\/v2\/product_brand?post=4361"},{"taxonomy":"product_cat","embeddable":true,"href":"https:\/\/getcreamjet.com\/de\/wp-json\/wp\/v2\/product_cat?post=4361"},{"taxonomy":"product_tag","embeddable":true,"href":"https:\/\/getcreamjet.com\/de\/wp-json\/wp\/v2\/product_tag?post=4361"}],"curies":[{"name":"wp","href":"https:\/\/api.w.org\/{rel}","templated":true}]}}