{"id":4575,"date":"2025-10-24T15:20:05","date_gmt":"2025-10-24T15:20:05","guid":{"rendered":"https:\/\/getcreamjet.com\/grosshandelsanfragen-creamjet-gross-palettenbestellungen\/"},"modified":"2025-11-11T09:59:36","modified_gmt":"2025-11-11T09:59:36","slug":"grosshandelsanfragen-creamjet-gross-palettenbestellungen","status":"publish","type":"page","link":"https:\/\/getcreamjet.com\/de\/grosshandelsanfragen-creamjet-gross-palettenbestellungen\/","title":{"rendered":"Gro\u00dfhandelsanfragen \u2014 CreamJet Gro\u00df- &amp; Palettenbestellungen"},"content":{"rendered":"\n<h2 class=\"wp-block-heading\" id=\"h-premium-cream-chargers-delivered-in-bulk\">Premium Sahnekartuschen, in gro\u00dfen Mengen geliefert<\/h2>\n\n<h6 class=\"wp-block-heading\" id=\"h-partner-with-creamjet-for-reliable-wholesale-and-pallet-size-supply-of-cream-chargers-cylinders-and-tanks-trusted-by-cafes-restaurants-and-distributors-worldwide\">Partnern Sie mit CreamJet f\u00fcr eine zuverl\u00e4ssige Gro\u00dfhandels- und Palettenlieferung von Sahnekartuschen, Zylindern und Tanks \u2014 weltweit vertraut von Caf\u00e9s, Restaurants und H\u00e4ndlern.<\/h6>\n\n<h2 class=\"wp-block-heading has-text-align-center\" id=\"h-talk-to-our-sales-team\">Sprechen Sie mit unserem Verkaufsteam<\/h2>\n\n<figure class=\"wp-block-image aligncenter size-full is-resized\"><a href=\"https:\/\/wa.me\/8618668198178?text=Hello,%20I%27d%20like%20to%20know%20your%20price\"><img decoding=\"async\" width=\"378\" height=\"80\" src=\"https:\/\/getcreamjet.com\/wp-content\/uploads\/2025\/10\/chatwhatsapp.png\" alt=\"Chatten Sie auf WhatsApp\" class=\"wp-image-4083\" style=\"width:200px\" srcset=\"https:\/\/getcreamjet.com\/wp-content\/uploads\/2025\/10\/chatwhatsapp.png 378w, https:\/\/getcreamjet.com\/wp-content\/uploads\/2025\/10\/chatwhatsapp-300x63.png 300w\" sizes=\"(max-width: 378px) 100vw, 378px\" \/><\/a><\/figure>\n\n<div class=\"wp-block-uagb-advanced-heading uagb-block-0650100a\"><h2 class=\"uagb-heading-text\">Warum im Gro\u00dfhandel bei CreamJet kaufen<\/h2><\/div>\n\n<h5 class=\"wp-block-heading\" id=\"h-your-trusted-source-for-bulk-cream-chargers\">Ihre vertrauensw\u00fcrdige Quelle f\u00fcr Sahnekapseln in gro\u00dfen Mengen<\/h5>\n\n<p>Bei CreamJet sind wir auf die Gro\u00dfmengen- und Gro\u00dfhandelslieferung von N2O-Sahnekartuschen, Zylindern und Tanks spezialisiert. Egal, ob Sie H\u00e4ndler, Hotelkette oder Lebensmittelproduzent sind, unser globales Logistiknetzwerk stellt sicher, dass Sie Folgendes erhalten: <\/p>\n\n<ul class=\"wp-block-list\">\n<li>\u2705 Wettbewerbsf\u00e4hige Gro\u00dfhandelspreise direkt vom Hersteller<\/li>\n\n\n\n<li>\ud83d\ude9a Schneller Palettenversand in der gesamten EU und weltweit<\/li>\n\n\n\n<li>\ud83c\udfed Konsistente Produktqualit\u00e4t, unterst\u00fctzt durch ISO-zertifizierte Produktion<\/li>\n\n\n\n<li>\ud83d\udce6 Kundenspezifische oder Eigenmarken-Optionen f\u00fcr H\u00e4ndler<\/li>\n<\/ul>\n\n<h2 class=\"wp-block-heading\" id=\"h-pallet-amp-bulk-ordering-made-simple\">Paletten- &amp; Gro\u00dfbestellung leicht gemacht<\/h2>\n\n<h5 class=\"wp-block-heading\" id=\"h-we-handle-logistics-you-focus-on-business\">Wir k\u00fcmmern uns um die Logistik, Sie konzentrieren sich aufs Gesch\u00e4ft<\/h5>\n\n<p>Von einer einzelnen Palette bis hin zu Containerlieferungen bietet CreamJet eine reibungslose B2B-Abwicklung. Unsere Logistikexperten koordinieren internationalen Versand, Dokumentation und Zollabfertigung, damit Sie sich auf Ihre Kunden konzentrieren k\u00f6nnen \u2013 nicht auf den Papierkram. <\/p>\n\n<h2 class=\"wp-block-heading\" id=\"h-who-we-work-with\">Mit wem wir zusammenarbeiten<\/h2>\n\n<h5 class=\"wp-block-heading\" id=\"h-supplying-professionals-worldwide\">Belieferung von Profis weltweit<\/h5>\n\n<p>Wir beliefern stolz:<\/p>\n\n<ul class=\"wp-block-list\">\n<li>\ud83e\uddc1 Konditoren und B\u00e4ckereien<\/li>\n\n\n\n<li>\u2615 Caf\u00e9s und Catering-Unternehmen<\/li>\n\n\n\n<li>\ud83c\udfea Gro\u00dfh\u00e4ndler und Wiederverk\u00e4ufer<\/li>\n\n\n\n<li>\ud83c\udf0d H\u00e4ndler und Importeure<\/li>\n<\/ul>\n\n<p>Unabh\u00e4ngig von Ihrer Gr\u00f6\u00dfe bietet CreamJet flexible L\u00f6sungen, die auf Ihre Region und Ihr Volumen zugeschnitten sind.<\/p>\n\n<h2 class=\"wp-block-heading\" id=\"h-ready-to-order-in-bulk\">Bereit f\u00fcr die Gro\u00dfbestellung?<\/h2>\n\n<h5 class=\"wp-block-heading\" id=\"h-let-s-build-your-supply-plan\">Lassen Sie uns Ihren Lieferplan erstellen<\/h5>\n\n<p>Kontaktieren Sie noch heute unser Gro\u00dfhandelsteam, um Palettenpreise, Lieferzeiten und Partnerschaftsoptionen zu besprechen. Wir sind f\u00fcr Sie da, um Ihr Gesch\u00e4ft auf Lager zu halten und zum Bl\u00fchen zu bringen. <\/p>\n\n<h4 class=\"wp-block-heading has-text-align-center\" id=\"h-talk-to-our-sales-team-0\">Sprechen Sie mit unserem Verkaufsteam<\/h4>\n\n<figure class=\"wp-block-image aligncenter size-full is-resized\"><a href=\"https:\/\/wa.me\/8618668198178?text=Hello,%20I%27d%20like%20to%20know%20your%20price\"><img decoding=\"async\" width=\"378\" height=\"80\" src=\"https:\/\/getcreamjet.com\/wp-content\/uploads\/2025\/10\/chatwhatsapp.png\" alt=\"Chatten Sie auf WhatsApp\" class=\"wp-image-4083\" style=\"width:200px\" srcset=\"https:\/\/getcreamjet.com\/wp-content\/uploads\/2025\/10\/chatwhatsapp.png 378w, https:\/\/getcreamjet.com\/wp-content\/uploads\/2025\/10\/chatwhatsapp-300x63.png 300w\" sizes=\"(max-width: 378px) 100vw, 378px\" \/><\/a><\/figure>\n\n<p><\/p>\n\n<h2 class=\"wp-block-heading has-text-align-center has-text-color has-link-color wp-elements-dfa74ee3a60be78ad6f4f8b141b6785f\" id=\"h-wholesale-inquiries\" style=\"color:#b7588a;margin-top:90px;margin-bottom:0px\">Gro\u00dfhandelsanfragen<\/h2>\n<style id=\"wpforms-css-vars-4500\">\n\t\t\t\t#wpforms-4500 {\n\t\t\t\t--wpforms-field-border-radius: 10px;\n--wpforms-field-border-color: #B7588A;\n--wpforms-field-border-color-spare: #B7588A;\n--wpforms-field-text-color: rgba(0, 0, 0, 0.7);\n--wpforms-label-color: rgba(0, 0, 0, 0.85);\n--wpforms-label-sublabel-color: rgba(0, 0, 0, 0.55);\n--wpforms-button-border-radius: 10px;\n--wpforms-button-background-color: #B7588A;\n--wpforms-background-color: rgba(0, 0, 0, 0);\n--wpforms-field-size-input-height: 43px;\n--wpforms-field-size-input-spacing: 15px;\n--wpforms-field-size-font-size: 16px;\n--wpforms-field-size-line-height: 19px;\n--wpforms-field-size-padding-h: 14px;\n--wpforms-field-size-checkbox-size: 16px;\n--wpforms-field-size-sublabel-spacing: 5px;\n--wpforms-field-size-icon-size: 1;\n--wpforms-label-size-font-size: 16px;\n--wpforms-label-size-line-height: 19px;\n--wpforms-label-size-sublabel-font-size: 14px;\n--wpforms-label-size-sublabel-line-height: 17px;\n--wpforms-button-size-font-size: 20px;\n--wpforms-button-size-height: 48px;\n--wpforms-button-size-padding-h: 20px;\n--wpforms-button-size-margin-top: 15px;\n--wpforms-container-shadow-size-box-shadow: none;\n\t\t\t}\n\t\t\t<\/style><div class=\"wpforms-container wpforms-container-full wpforms-render-modern\" id=\"wpforms-4500\"><form id=\"wpforms-form-4500\" class=\"wpforms-validate wpforms-form wpforms-ajax-form\" data-formid=\"4500\" method=\"post\" enctype=\"multipart\/form-data\" action=\"\/de\/wp-json\/wp\/v2\/pages\/4575\" data-token=\"3df66c11e08c42840d855dc028ff9c0b\" data-token-time=\"1777705398\"><noscript class=\"wpforms-error-noscript\">Bitte aktiviere JavaScript in deinem Browser, um dieses Formular fertigzustellen.<\/noscript><div id=\"wpforms-error-noscript\" style=\"display: none;\">Bitte aktiviere JavaScript in deinem Browser, um dieses Formular fertigzustellen.<\/div><div class=\"wpforms-field-container\"><div id=\"wpforms-4500-field_2-container\" class=\"wpforms-field wpforms-field-layout\" data-field-id=\"2\"><div class=\"wpforms-field-layout-rows wpforms-field-large\"><div class=\"wpforms-layout-row\"><div class=\"wpforms-layout-column wpforms-layout-column-50\"><div id=\"wpforms-4500-field_1-container\" class=\"wpforms-field wpforms-field-text\" data-field-id=\"1\"><label class=\"wpforms-field-label\" for=\"wpforms-4500-field_1\">Vollst\u00e4ndiger Name <span class=\"wpforms-required-label\" aria-hidden=\"true\">*<\/span><\/label><input type=\"text\" id=\"wpforms-4500-field_1\" class=\"wpforms-field-medium wpforms-field-required\" name=\"wpforms[fields][1]\" aria-errormessage=\"wpforms-4500-field_1-error\" required><\/div><\/div><div class=\"wpforms-layout-column wpforms-layout-column-50\"><div id=\"wpforms-4500-field_7-container\" class=\"wpforms-field wpforms-field-email\" data-field-id=\"7\"><label class=\"wpforms-field-label\" for=\"wpforms-4500-field_7\">Email <span class=\"wpforms-required-label\" aria-hidden=\"true\">*<\/span><\/label><input type=\"email\" id=\"wpforms-4500-field_7\" class=\"wpforms-field-medium wpforms-field-required\" name=\"wpforms[fields][7]\" spellcheck=\"false\" aria-errormessage=\"wpforms-4500-field_7-error\" required><\/div><\/div><\/div><\/div><\/div><div id=\"wpforms-4500-field_3-container\" class=\"wpforms-field wpforms-field-text\" data-field-id=\"3\"><label class=\"wpforms-field-label\" for=\"wpforms-4500-field_3\">E-Mail \/ Telefon \/ WhatsApp<\/label><input type=\"text\" id=\"wpforms-4500-field_3\" class=\"wpforms-field-medium\" name=\"wpforms[fields][3]\" aria-errormessage=\"wpforms-4500-field_3-error\" ><\/div>\t\t<div id=\"wpforms-4500-field_5-container\"\n\t\t\tclass=\"wpforms-field wpforms-field-text\"\n\t\t\tdata-field-type=\"text\"\n\t\t\tdata-field-id=\"5\"\n\t\t\t>\n\t\t\t<label class=\"wpforms-field-label\" for=\"wpforms-4500-field_5\" >E-Mail \/ WhatsApp<\/label>\n\t\t\t<input type=\"text\" id=\"wpforms-4500-field_5\" class=\"wpforms-field-medium\" name=\"wpforms[fields][5]\" >\n\t\t<\/div>\n\t\t<div id=\"wpforms-4500-field_4-container\" class=\"wpforms-field wpforms-field-textarea\" data-field-id=\"4\"><label class=\"wpforms-field-label\" for=\"wpforms-4500-field_4\">Lieferort + Produktinteresse <span class=\"wpforms-required-label\" aria-hidden=\"true\">*<\/span><\/label><textarea id=\"wpforms-4500-field_4\" class=\"wpforms-field-medium wpforms-field-required\" name=\"wpforms[fields][4]\" aria-errormessage=\"wpforms-4500-field_4-error\" aria-describedby=\"wpforms-4500-field_4-description\" required><\/textarea><div id=\"wpforms-4500-field_4-description\" class=\"wpforms-field-description\">z.B. Berlin, Deutschland + 640g Original, 1364g Blaubeere<\/div><\/div><script>\n\t\t\t\t( function() {\n\t\t\t\t\tconst style = document.createElement( 'style' );\n\t\t\t\t\tstyle.appendChild( document.createTextNode( '#wpforms-4500-field_5-container { position: absolute !important; overflow: hidden !important; display: inline !important; height: 1px !important; width: 1px !important; z-index: -1000 !important; padding: 0 !important; } #wpforms-4500-field_5-container input { visibility: hidden; } #wpforms-conversational-form-page #wpforms-4500-field_5-container label { counter-increment: none; }' ) );\n\t\t\t\t\tdocument.head.appendChild( style );\n\t\t\t\t\tdocument.currentScript?.remove();\n\t\t\t\t} )();\n\t\t\t<\/script><\/div><!-- .wpforms-field-container --><div class=\"wpforms-submit-container\" ><input type=\"hidden\" name=\"wpforms[id]\" value=\"4500\"><input type=\"hidden\" name=\"page_title\" value=\"\"><input type=\"hidden\" name=\"page_url\" value=\"https:\/\/getcreamjet.com\/de\/wp-json\/wp\/v2\/pages\/4575\"><input type=\"hidden\" name=\"url_referer\" value=\"\"><button type=\"submit\" name=\"wpforms[submit]\" id=\"wpforms-submit-4500\" class=\"wpforms-submit\" data-alt-text=\"Wird gesendet...\" data-submit-text=\"Gro\u00dfhandelsangebot anfordern\" aria-live=\"assertive\" value=\"wpforms-submit\">Gro\u00dfhandelsangebot anfordern<\/button><img decoding=\"async\" src=\"https:\/\/getcreamjet.com\/wp-content\/plugins\/wpforms\/assets\/images\/submit-spin.svg\" class=\"wpforms-submit-spinner\" style=\"display: none;\" width=\"26\" height=\"26\" alt=\"Wird geladen\"><\/div><\/form><\/div>  <!-- .wpforms-container -->\n\n<p><\/p>\n","protected":false},"excerpt":{"rendered":"<p>Premium Sahnekartuschen, in gro\u00dfen Mengen geliefert Partnern Sie mit CreamJet f\u00fcr eine zuverl\u00e4ssige Gro\u00dfhandels- und Palettenlieferung von Sahnekartuschen, Zylindern und Tanks \u2014 weltweit vertraut von Caf\u00e9s, Restaurants und H\u00e4ndlern. Sprechen Sie mit unserem Verkaufsteam Warum im Gro\u00dfhandel bei CreamJet kaufen Ihre vertrauensw\u00fcrdige Quelle f\u00fcr Sahnekapseln in gro\u00dfen Mengen Bei CreamJet sind wir auf die Gro\u00dfmengen- [&hellip;]<\/p>\n","protected":false},"author":1,"featured_media":0,"parent":0,"menu_order":0,"comment_status":"closed","ping_status":"closed","template":"","meta":{"_uag_custom_page_level_css":"","site-sidebar-layout":"default","site-content-layout":"","ast-site-content-layout":"default","site-content-style":"default","site-sidebar-style":"default","ast-global-header-display":"","ast-banner-title-visibility":"","ast-main-header-display":"","ast-hfb-above-header-display":"","ast-hfb-below-header-display":"","ast-hfb-mobile-header-display":"","site-post-title":"","ast-breadcrumbs-content":"","ast-featured-img":"","footer-sml-layout":"","ast-disable-related-posts":"","theme-transparent-header-meta":"","adv-header-id-meta":"","stick-header-meta":"","header-above-stick-meta":"","header-main-stick-meta":"","header-below-stick-meta":"","astra-migrate-meta-layouts":"default","ast-page-background-enabled":"default","ast-page-background-meta":{"desktop":{"background-color":"","background-image":"","background-repeat":"repeat","background-position":"center center","background-size":"auto","background-attachment":"scroll","background-type":"","background-media":"","overlay-type":"","overlay-color":"","overlay-opacity":"","overlay-gradient":""},"tablet":{"background-color":"","background-image":"","background-repeat":"repeat","background-position":"center center","background-size":"auto","background-attachment":"scroll","background-type":"","background-media":"","overlay-type":"","overlay-color":"","overlay-opacity":"","overlay-gradient":""},"mobile":{"background-color":"","background-image":"","background-repeat":"repeat","background-position":"center center","background-size":"auto","background-attachment":"scroll","background-type":"","background-media":"","overlay-type":"","overlay-color":"","overlay-opacity":"","overlay-gradient":""}},"ast-content-background-meta":{"desktop":{"background-color":"var(--ast-global-color-5)","background-image":"","background-repeat":"repeat","background-position":"center center","background-size":"auto","background-attachment":"scroll","background-type":"","background-media":"","overlay-type":"","overlay-color":"","overlay-opacity":"","overlay-gradient":""},"tablet":{"background-color":"var(--ast-global-color-5)","background-image":"","background-repeat":"repeat","background-position":"center center","background-size":"auto","background-attachment":"scroll","background-type":"","background-media":"","overlay-type":"","overlay-color":"","overlay-opacity":"","overlay-gradient":""},"mobile":{"background-color":"var(--ast-global-color-5)","background-image":"","background-repeat":"repeat","background-position":"center center","background-size":"auto","background-attachment":"scroll","background-type":"","background-media":"","overlay-type":"","overlay-color":"","overlay-opacity":"","overlay-gradient":""}},"footnotes":""},"class_list":["post-4575","page","type-page","status-publish","hentry"],"_hostinger_reach_plugin_has_subscription_block":false,"_hostinger_reach_plugin_is_elementor":false,"uagb_featured_image_src":{"full":false,"thumbnail":false,"medium":false,"medium_large":false,"large":false,"1536x1536":false,"2048x2048":false,"woocommerce_thumbnail":false,"woocommerce_single":false,"woocommerce_gallery_thumbnail":false},"uagb_author_info":{"display_name":"Whipped Chief","author_link":"https:\/\/getcreamjet.com\/de\/author\/yuyuuyuuugmail-com\/"},"uagb_comment_info":0,"uagb_excerpt":"Premium Sahnekartuschen, in gro\u00dfen Mengen geliefert Partnern Sie mit CreamJet f\u00fcr eine zuverl\u00e4ssige Gro\u00dfhandels- und Palettenlieferung von Sahnekartuschen, Zylindern und Tanks \u2014 weltweit vertraut von Caf\u00e9s, Restaurants und H\u00e4ndlern. Sprechen Sie mit unserem Verkaufsteam Warum im Gro\u00dfhandel bei CreamJet kaufen Ihre vertrauensw\u00fcrdige Quelle f\u00fcr Sahnekapseln in gro\u00dfen Mengen Bei CreamJet sind wir auf die Gro\u00dfmengen-&hellip;","_links":{"self":[{"href":"https:\/\/getcreamjet.com\/de\/wp-json\/wp\/v2\/pages\/4575","targetHints":{"allow":["GET"]}}],"collection":[{"href":"https:\/\/getcreamjet.com\/de\/wp-json\/wp\/v2\/pages"}],"about":[{"href":"https:\/\/getcreamjet.com\/de\/wp-json\/wp\/v2\/types\/page"}],"author":[{"embeddable":true,"href":"https:\/\/getcreamjet.com\/de\/wp-json\/wp\/v2\/users\/1"}],"replies":[{"embeddable":true,"href":"https:\/\/getcreamjet.com\/de\/wp-json\/wp\/v2\/comments?post=4575"}],"version-history":[{"count":1,"href":"https:\/\/getcreamjet.com\/de\/wp-json\/wp\/v2\/pages\/4575\/revisions"}],"predecessor-version":[{"id":4576,"href":"https:\/\/getcreamjet.com\/de\/wp-json\/wp\/v2\/pages\/4575\/revisions\/4576"}],"wp:attachment":[{"href":"https:\/\/getcreamjet.com\/de\/wp-json\/wp\/v2\/media?parent=4575"}],"curies":[{"name":"wp","href":"https:\/\/api.w.org\/{rel}","templated":true}]}}