{"id":4568,"date":"2025-09-23T16:41:47","date_gmt":"2025-09-23T16:41:47","guid":{"rendered":"https:\/\/getcreamjet.com\/werden-sie-haendler\/"},"modified":"2025-11-11T09:44:19","modified_gmt":"2025-11-11T09:44:19","slug":"werden-sie-haendler","status":"publish","type":"page","link":"https:\/\/getcreamjet.com\/de\/werden-sie-haendler\/","title":{"rendered":"Werden Sie H\u00e4ndler"},"content":{"rendered":"\n<p><strong>Treten Sie der CreamJet-Familie bei \u2013 Erhalten Sie Gro\u00dfhandelspreise und bauen Sie Ihr Gesch\u00e4ft aus<\/strong><\/p>\n\n<p>Sind Sie bereit, Ihren Kunden hochwertige Lachgasflaschen von CreamJet anzubieten? Als H\u00e4ndler erhalten Sie Zugang zu exklusiven Gro\u00dfhandelspreisen, dediziertem Support und schneller Lieferung, die Ihrem Unternehmen zum Erfolg verhelfen. <\/p>\n\n<p>Egal, ob Sie einen Partyladen, ein Eventplanungsunternehmen oder einen Online-Shop betreiben, die Partnerschaft mit CreamJet verschafft Ihnen einen Vorteil durch Premium-Produkte, die Kunden lieben.<\/p>\n\n<hr class=\"wp-block-separator has-alpha-channel-opacity\"\/>\n\n<h2 class=\"wp-block-heading\" id=\"h-why-partner-with-creamjet\">Warum mit CreamJet zusammenarbeiten<\/h2>\n\n<ul class=\"wp-block-list\">\n<li>Exklusive Gro\u00dfhandelspreise: Profitieren Sie von speziellen Tarifen f\u00fcr H\u00e4ndler.<\/li>\n\n\n\n<li>Hochwertige Produkte: N2O-Gaszylinder und -Tanks nach EU-Standard f\u00fcr sichere und zuverl\u00e4ssige Verwendung.<\/li>\n\n\n\n<li>Schnelle und zuverl\u00e4ssige Lieferung: Mit lokaler Lagerunterst\u00fctzung in der EU und den USA erhalten Sie Ihre Bestellungen schnell, damit Ihr Gesch\u00e4ft reibungslos l\u00e4uft.<\/li>\n\n\n\n<li>Support und Ressourcen: Marketingmaterialien, Anleitungen und Tipps zur Steigerung Ihrer Verk\u00e4ufe.<\/li>\n<\/ul>\n\n<hr class=\"wp-block-separator has-alpha-channel-opacity\"\/>\n\n<h2 class=\"wp-block-heading\" id=\"h-who-can-become-a-distributor\">Wer kann H\u00e4ndler werden?<\/h2>\n\n<ul class=\"wp-block-list\">\n<li>Einzelhandelsgesch\u00e4fte (Party-, Geschenk- oder allgemeine Ware), Vertriebs- und Marketing-Know-how<\/li>\n\n\n\n<li>Eventplaner und Dekorateure<\/li>\n\n\n\n<li>Online-Shops (E-Commerce) <\/li>\n\n\n\n<li>Gro\u00dfabnehmer, die eine konsistente, qualitativ hochwertige Lachgasflaschenversorgung suchen<\/li>\n<\/ul>\n\n<p>Durch den Beitritt zu unserem Vertriebsnetz k\u00f6nnen Sie Ihren Kunden Premium-Produkte zu Gro\u00dfhandelspreisen anbieten, Ihre Gewinne steigern und Ihre Produktpalette erweitern.<\/p>\n\n<h2 class=\"wp-block-heading has-text-color has-link-color wp-elements-98c0adf2d18b747bd2560a6fdf8a8999\" id=\"h-sell-our-brand-boost-your-profit\" style=\"color:#b7588a\">VERKAUFEN SIE UNSERE MARKE, STEIGERN SIE IHREN GEWINN<\/h2>\n<style id=\"wpforms-css-vars-4506-block-663ad544-de77-4f42-8f92-e55a5a779625\">\n\t\t\t\t#wpforms-4506.wpforms-block-663ad544-de77-4f42-8f92-e55a5a779625 {\n\t\t\t\t--wpforms-label-color: rgba(0, 0, 0, 0.85);\n--wpforms-label-sublabel-color: rgba(0, 0, 0, 0.55);\n--wpforms-field-border-radius: 10px;\n--wpforms-field-border-color: #B7588A;\n--wpforms-field-border-color-spare: #B7588A;\n--wpforms-field-text-color: rgba(0, 0, 0, 0.7);\n--wpforms-button-border-radius: 10px;\n--wpforms-button-background-color: #B7588A;\n--wpforms-background-color: rgba(0, 0, 0, 0);\n--wpforms-field-size-input-height: 43px;\n--wpforms-field-size-input-spacing: 15px;\n--wpforms-field-size-font-size: 16px;\n--wpforms-field-size-line-height: 19px;\n--wpforms-field-size-padding-h: 14px;\n--wpforms-field-size-checkbox-size: 16px;\n--wpforms-field-size-sublabel-spacing: 5px;\n--wpforms-field-size-icon-size: 1;\n--wpforms-label-size-font-size: 16px;\n--wpforms-label-size-line-height: 19px;\n--wpforms-label-size-sublabel-font-size: 14px;\n--wpforms-label-size-sublabel-line-height: 17px;\n--wpforms-button-size-font-size: 20px;\n--wpforms-button-size-height: 48px;\n--wpforms-button-size-padding-h: 20px;\n--wpforms-button-size-margin-top: 15px;\n--wpforms-container-shadow-size-box-shadow: none;\n\t\t\t}\n\t\t\t<\/style><div class=\"wpforms-container wpforms-container-full wpforms-block wpforms-block-663ad544-de77-4f42-8f92-e55a5a779625 wpforms-render-modern\" id=\"wpforms-4506\"><form id=\"wpforms-form-4506\" class=\"wpforms-validate wpforms-form wpforms-ajax-form\" data-formid=\"4506\" method=\"post\" enctype=\"multipart\/form-data\" action=\"\/de\/wp-json\/wp\/v2\/pages\/4568\" data-token=\"f779c542e3809c4b6551d1cc52e1b19f\" data-token-time=\"1778070769\"><noscript class=\"wpforms-error-noscript\">Bitte aktiviere JavaScript in deinem Browser, um dieses Formular fertigzustellen.<\/noscript><div id=\"wpforms-error-noscript\" style=\"display: none;\">Bitte aktiviere JavaScript in deinem Browser, um dieses Formular fertigzustellen.<\/div><div class=\"wpforms-field-container\">\t\t<div id=\"wpforms-4506-field_4-container\"\n\t\t\tclass=\"wpforms-field wpforms-field-text\"\n\t\t\tdata-field-type=\"text\"\n\t\t\tdata-field-id=\"4\"\n\t\t\t>\n\t\t\t<label class=\"wpforms-field-label\" for=\"wpforms-4506-field_4\" >Stadt \/ Telefon<\/label>\n\t\t\t<input type=\"text\" id=\"wpforms-4506-field_4\" class=\"wpforms-field-medium\" name=\"wpforms[fields][4]\" >\n\t\t<\/div>\n\t\t<div id=\"wpforms-4506-field_2-container\" class=\"wpforms-field wpforms-field-layout\" data-field-id=\"2\"><div class=\"wpforms-field-layout-rows wpforms-field-large\"><div class=\"wpforms-layout-row\"><div class=\"wpforms-layout-column wpforms-layout-column-50\"><div id=\"wpforms-4506-field_1-container\" class=\"wpforms-field wpforms-field-text\" data-field-id=\"1\"><label class=\"wpforms-field-label\" for=\"wpforms-4506-field_1\">Vollst\u00e4ndiger Name <span class=\"wpforms-required-label\" aria-hidden=\"true\">*<\/span><\/label><input type=\"text\" id=\"wpforms-4506-field_1\" class=\"wpforms-field-medium wpforms-field-required\" name=\"wpforms[fields][1]\" aria-errormessage=\"wpforms-4506-field_1-error\" required><\/div><\/div><div class=\"wpforms-layout-column wpforms-layout-column-50\"><div id=\"wpforms-4506-field_3-container\" class=\"wpforms-field wpforms-field-email\" data-field-id=\"3\"><label class=\"wpforms-field-label\" for=\"wpforms-4506-field_3\">E-Mail <span class=\"wpforms-required-label\" aria-hidden=\"true\">*<\/span><\/label><input type=\"email\" id=\"wpforms-4506-field_3\" class=\"wpforms-field-medium wpforms-field-required\" name=\"wpforms[fields][3]\" spellcheck=\"false\" aria-errormessage=\"wpforms-4506-field_3-error\" required><\/div><\/div><\/div><div class=\"wpforms-layout-row\"><div class=\"wpforms-layout-column wpforms-layout-column-50\"><div id=\"wpforms-4506-field_8-container\" class=\"wpforms-field wpforms-field-text\" data-field-id=\"8\"><label class=\"wpforms-field-label\" for=\"wpforms-4506-field_8\">Stadt <span class=\"wpforms-required-label\" aria-hidden=\"true\">*<\/span><\/label><input type=\"text\" id=\"wpforms-4506-field_8\" class=\"wpforms-field-medium wpforms-field-required\" name=\"wpforms[fields][8]\" aria-errormessage=\"wpforms-4506-field_8-error\" required><\/div><\/div><div class=\"wpforms-layout-column wpforms-layout-column-50\"><div id=\"wpforms-4506-field_9-container\" class=\"wpforms-field wpforms-field-text\" data-field-id=\"9\"><label class=\"wpforms-field-label\" for=\"wpforms-4506-field_9\">Land <span class=\"wpforms-required-label\" aria-hidden=\"true\">*<\/span><\/label><input type=\"text\" id=\"wpforms-4506-field_9\" class=\"wpforms-field-medium wpforms-field-required\" name=\"wpforms[fields][9]\" aria-errormessage=\"wpforms-4506-field_9-error\" required><\/div><\/div><\/div><\/div><\/div><div id=\"wpforms-4506-field_5-container\" class=\"wpforms-field wpforms-field-text\" data-field-id=\"5\"><label class=\"wpforms-field-label\" for=\"wpforms-4506-field_5\">Telefon \/ WhatsApp <span class=\"wpforms-required-label\" aria-hidden=\"true\">*<\/span><\/label><input type=\"text\" id=\"wpforms-4506-field_5\" class=\"wpforms-field-medium wpforms-field-required\" name=\"wpforms[fields][5]\" aria-errormessage=\"wpforms-4506-field_5-error\" required><\/div><div id=\"wpforms-4506-field_10-container\" class=\"wpforms-field wpforms-field-textarea\" data-field-id=\"10\"><label class=\"wpforms-field-label\" for=\"wpforms-4506-field_10\">Nachricht<\/label><textarea id=\"wpforms-4506-field_10\" class=\"wpforms-field-medium\" name=\"wpforms[fields][10]\" aria-errormessage=\"wpforms-4506-field_10-error\" ><\/textarea><\/div><script>\n\t\t\t\t( function() {\n\t\t\t\t\tconst style = document.createElement( 'style' );\n\t\t\t\t\tstyle.appendChild( document.createTextNode( '#wpforms-4506-field_4-container { position: absolute !important; overflow: hidden !important; display: inline !important; height: 1px !important; width: 1px !important; z-index: -1000 !important; padding: 0 !important; } #wpforms-4506-field_4-container input { visibility: hidden; } #wpforms-conversational-form-page #wpforms-4506-field_4-container label { counter-increment: none; }' ) );\n\t\t\t\t\tdocument.head.appendChild( style );\n\t\t\t\t\tdocument.currentScript?.remove();\n\t\t\t\t} )();\n\t\t\t<\/script><\/div><!-- .wpforms-field-container --><div class=\"wpforms-submit-container\" ><input type=\"hidden\" name=\"wpforms[id]\" value=\"4506\"><input type=\"hidden\" name=\"page_title\" value=\"\"><input type=\"hidden\" name=\"page_url\" value=\"https:\/\/getcreamjet.com\/de\/wp-json\/wp\/v2\/pages\/4568\"><input type=\"hidden\" name=\"url_referer\" value=\"\"><button type=\"submit\" name=\"wpforms[submit]\" id=\"wpforms-submit-4506\" class=\"wpforms-submit\" data-alt-text=\"Wird gesendet...\" data-submit-text=\"Senden\" aria-live=\"assertive\" value=\"wpforms-submit\">Senden<\/button><img decoding=\"async\" src=\"https:\/\/getcreamjet.com\/wp-content\/plugins\/wpforms\/assets\/images\/submit-spin.svg\" class=\"wpforms-submit-spinner\" style=\"display: none;\" width=\"26\" height=\"26\" alt=\"Wird geladen\"><\/div><\/form><\/div>  <!-- .wpforms-container -->","protected":false},"excerpt":{"rendered":"<p>Treten Sie der CreamJet-Familie bei \u2013 Erhalten Sie Gro\u00dfhandelspreise und bauen Sie Ihr Gesch\u00e4ft aus Sind Sie bereit, Ihren Kunden hochwertige Lachgasflaschen von CreamJet anzubieten? Als H\u00e4ndler erhalten Sie Zugang zu exklusiven Gro\u00dfhandelspreisen, dediziertem Support und schneller Lieferung, die Ihrem Unternehmen zum Erfolg verhelfen. Egal, ob Sie einen Partyladen, ein Eventplanungsunternehmen oder einen Online-Shop betreiben, [&hellip;]<\/p>\n","protected":false},"author":1,"featured_media":0,"parent":0,"menu_order":0,"comment_status":"closed","ping_status":"closed","template":"","meta":{"_uag_custom_page_level_css":"","site-sidebar-layout":"default","site-content-layout":"","ast-site-content-layout":"default","site-content-style":"default","site-sidebar-style":"default","ast-global-header-display":"","ast-banner-title-visibility":"","ast-main-header-display":"","ast-hfb-above-header-display":"","ast-hfb-below-header-display":"","ast-hfb-mobile-header-display":"","site-post-title":"","ast-breadcrumbs-content":"","ast-featured-img":"","footer-sml-layout":"","ast-disable-related-posts":"","theme-transparent-header-meta":"","adv-header-id-meta":"","stick-header-meta":"","header-above-stick-meta":"","header-main-stick-meta":"","header-below-stick-meta":"","astra-migrate-meta-layouts":"default","ast-page-background-enabled":"default","ast-page-background-meta":{"desktop":{"background-color":"","background-image":"","background-repeat":"repeat","background-position":"center center","background-size":"auto","background-attachment":"scroll","background-type":"","background-media":"","overlay-type":"","overlay-color":"","overlay-opacity":"","overlay-gradient":""},"tablet":{"background-color":"","background-image":"","background-repeat":"repeat","background-position":"center center","background-size":"auto","background-attachment":"scroll","background-type":"","background-media":"","overlay-type":"","overlay-color":"","overlay-opacity":"","overlay-gradient":""},"mobile":{"background-color":"","background-image":"","background-repeat":"repeat","background-position":"center center","background-size":"auto","background-attachment":"scroll","background-type":"","background-media":"","overlay-type":"","overlay-color":"","overlay-opacity":"","overlay-gradient":""}},"ast-content-background-meta":{"desktop":{"background-color":"var(--ast-global-color-5)","background-image":"","background-repeat":"repeat","background-position":"center center","background-size":"auto","background-attachment":"scroll","background-type":"","background-media":"","overlay-type":"","overlay-color":"","overlay-opacity":"","overlay-gradient":""},"tablet":{"background-color":"var(--ast-global-color-5)","background-image":"","background-repeat":"repeat","background-position":"center center","background-size":"auto","background-attachment":"scroll","background-type":"","background-media":"","overlay-type":"","overlay-color":"","overlay-opacity":"","overlay-gradient":""},"mobile":{"background-color":"var(--ast-global-color-5)","background-image":"","background-repeat":"repeat","background-position":"center center","background-size":"auto","background-attachment":"scroll","background-type":"","background-media":"","overlay-type":"","overlay-color":"","overlay-opacity":"","overlay-gradient":""}},"footnotes":""},"class_list":["post-4568","page","type-page","status-publish","hentry"],"_hostinger_reach_plugin_has_subscription_block":false,"_hostinger_reach_plugin_is_elementor":false,"uagb_featured_image_src":{"full":false,"thumbnail":false,"medium":false,"medium_large":false,"large":false,"1536x1536":false,"2048x2048":false,"woocommerce_thumbnail":false,"woocommerce_single":false,"woocommerce_gallery_thumbnail":false},"uagb_author_info":{"display_name":"Whipped Chief","author_link":"https:\/\/getcreamjet.com\/de\/author\/yuyuuyuuugmail-com\/"},"uagb_comment_info":0,"uagb_excerpt":"Treten Sie der CreamJet-Familie bei \u2013 Erhalten Sie Gro\u00dfhandelspreise und bauen Sie Ihr Gesch\u00e4ft aus Sind Sie bereit, Ihren Kunden hochwertige Lachgasflaschen von CreamJet anzubieten? Als H\u00e4ndler erhalten Sie Zugang zu exklusiven Gro\u00dfhandelspreisen, dediziertem Support und schneller Lieferung, die Ihrem Unternehmen zum Erfolg verhelfen. Egal, ob Sie einen Partyladen, ein Eventplanungsunternehmen oder einen Online-Shop betreiben,&hellip;","_links":{"self":[{"href":"https:\/\/getcreamjet.com\/de\/wp-json\/wp\/v2\/pages\/4568","targetHints":{"allow":["GET"]}}],"collection":[{"href":"https:\/\/getcreamjet.com\/de\/wp-json\/wp\/v2\/pages"}],"about":[{"href":"https:\/\/getcreamjet.com\/de\/wp-json\/wp\/v2\/types\/page"}],"author":[{"embeddable":true,"href":"https:\/\/getcreamjet.com\/de\/wp-json\/wp\/v2\/users\/1"}],"replies":[{"embeddable":true,"href":"https:\/\/getcreamjet.com\/de\/wp-json\/wp\/v2\/comments?post=4568"}],"version-history":[{"count":1,"href":"https:\/\/getcreamjet.com\/de\/wp-json\/wp\/v2\/pages\/4568\/revisions"}],"predecessor-version":[{"id":4569,"href":"https:\/\/getcreamjet.com\/de\/wp-json\/wp\/v2\/pages\/4568\/revisions\/4569"}],"wp:attachment":[{"href":"https:\/\/getcreamjet.com\/de\/wp-json\/wp\/v2\/media?parent=4568"}],"curies":[{"name":"wp","href":"https:\/\/api.w.org\/{rel}","templated":true}]}}