{"id":4552,"date":"2025-08-19T13:50:53","date_gmt":"2025-08-19T13:50:53","guid":{"rendered":"https:\/\/getcreamjet.com\/ueber-uns\/"},"modified":"2025-11-11T09:22:20","modified_gmt":"2025-11-11T09:22:20","slug":"ueber-uns","status":"publish","type":"page","link":"https:\/\/getcreamjet.com\/de\/ueber-uns\/","title":{"rendered":"\u00dcber Uns"},"content":{"rendered":"\n<div class=\"wp-block-uagb-container uagb-block-f90b5c01 alignfull uagb-is-root-container\"><div class=\"uagb-container-inner-blocks-wrap\">\n<div class=\"wp-block-uagb-advanced-heading uagb-block-a2c96383\"><h1 class=\"uagb-heading-text\">\u00dcber CreamJet<br\/>Premium Lachgas-Hersteller<\/h1><p class=\"uagb-desc-text\">Wir bei Yolotech Co., Ltd sind stolz darauf, einer der gr\u00f6\u00dften Hersteller von Sahnekartuschen und Anbieter von Lachgas in China zu sein. Seit unserer Gr\u00fcndung im Jahr 2017 sind wir zu einem vertrauensw\u00fcrdigen Partner f\u00fcr K\u00f6che, H\u00e4ndler und Industriekunden weltweit herangewachsen.<br\/>Unsere Anlage arbeitet mit 10 vollautomatischen N2O-Produktionslinien und erreicht eine Jahreskapazit\u00e4t von 10.000 Tonnen. Mit fortschrittlicher Reinigungstechnologie garantieren wir eine Gasreinheit von bis zu 99,9995 %, die internationalen Lebensmittel-, Elektronik- und Industriestandards entspricht. Dies gew\u00e4hrleistet, dass jede Kartusche und jede Charge von Sahnekartuschen, die wir produzieren, sicher, zuverl\u00e4ssig und konsistent ist.   <br\/><br\/>Unsere Produkte:<br\/>8g Sahnekartuschen \u2013 klein, effizient und weit verbreitet in K\u00fcchen und Caf\u00e9s.<br\/>0,95L &amp; 2,2L N2O-Zylinder \u2013 konzipiert f\u00fcr professionelles Catering und Gro\u00dfanwendungen.<br\/>Lachgas in Lebensmittelqualit\u00e4t \u2013 zertifiziert nach den Richtlinien der <a href=\"https:\/\/www.efsa.europa.eu\">Europ\u00e4ischen Beh\u00f6rde f\u00fcr Lebensmittelsicherheit (EFSA)<\/a>.<br\/>Dar\u00fcber hinaus entsprechen unsere Reinraumumgebung und unser striktes Qualit\u00e4tsmanagement den <a href=\"https:\/\/www.iso.org\/iso-9001-quality-management.html\">ISO 9001-Standards<\/a>, wodurch sichergestellt wird, dass jeder Kunde Produkte von h\u00f6chster Qualit\u00e4t erh\u00e4lt.<\/p><\/div>\n<\/div><\/div>\n\n<div class=\"wp-block-uagb-container uagb-layout-grid uagb-block-4689bb59 alignfull uagb-is-root-container\"><div class=\"uagb-container-inner-blocks-wrap\">\n<div class=\"wp-block-uagb-info-box uagb-block-789b7c5a uagb-infobox__content-wrap  uagb-infobox-icon-above-title uagb-infobox-image-valign-top\"><div class=\"uagb-ifb-content\"><div class=\"uagb-ifb-image-content\"><img loading=\"lazy\" decoding=\"async\" src=\"https:\/\/getcreamjet.com\/wp-content\/uploads\/2025\/08\/185f18139727297eec9e4b890ccdb846.jpeg\" alt=\"Whipped cream chargers factory overview &#x2013; premium N2O manufacturing facility in China.\" width=\"996\" height=\"561\" loading=\"lazy\"\/><\/div><div class=\"uagb-ifb-title-wrap\"><h4 class=\"uagb-ifb-title\">Fabrik\u00fcbersicht<\/h4><\/div><p class=\"uagb-ifb-desc\">Eine moderne Produktionsanlage, die sich der Herstellung hochwertiger Sahnekartuschen mit Reinheit und Umfang widmet.<\/p><\/div><\/div>\n\n\n\n<div class=\"wp-block-uagb-info-box uagb-block-a2559c1e uagb-infobox__content-wrap  uagb-infobox-icon-above-title uagb-infobox-image-valign-top\"><div class=\"uagb-ifb-content\"><div class=\"uagb-ifb-image-content\"><img loading=\"lazy\" decoding=\"async\" src=\"https:\/\/getcreamjet.com\/wp-content\/uploads\/2025\/08\/dcf9816ad794a8ad9e2304dd28be1838-e1756646586960.jpeg\" alt=\"Advanced equipment for whipped cream chargers production ensuring precision and consistency.\" width=\"600\" height=\"373\" loading=\"lazy\"\/><\/div><div class=\"uagb-ifb-title-wrap\"><h4 class=\"uagb-ifb-title\">Fortschrittliche Ausr\u00fcstung<\/h4><\/div><p class=\"uagb-ifb-desc\">Modernste Maschinen garantieren Pr\u00e4zision, Sicherheit und gleichbleibende Qualit\u00e4t in jeder Sahnekartuschen-Charge.<\/p><\/div><\/div>\n\n\n\n<div class=\"wp-block-uagb-info-box uagb-block-2b4ca534 uagb-infobox__content-wrap  uagb-infobox-icon-above-title uagb-infobox-image-valign-top\"><div class=\"uagb-ifb-content\"><div class=\"uagb-ifb-image-content\"><img loading=\"lazy\" decoding=\"async\" src=\"https:\/\/getcreamjet.com\/wp-content\/uploads\/2025\/08\/u39860287121821230971fm253fmtautoapp120fJPEG-e1756646654410.webp\" alt=\"Cleanroom environment for whipped cream chargers production &#x2013; hygienic and controlled.\" width=\"750\" height=\"436\" loading=\"lazy\"\/><\/div><div class=\"uagb-ifb-title-wrap\"><h4 class=\"uagb-ifb-title\">Reinraum-Umgebung<\/h4><\/div><p class=\"uagb-ifb-desc\">Ein hochmoderner Reinraum, der eine staubfreie Umgebung bietet, um die h\u00f6chsten Standards f\u00fcr Sahnekapseln zu gew\u00e4hrleisten.<\/p><\/div><\/div>\n<\/div><\/div>\n\n<div class=\"wp-block-uagb-container uagb-layout-grid uagb-block-96cc2b14 alignfull uagb-is-root-container\"><div class=\"uagb-container-inner-blocks-wrap\">\n<div class=\"wp-block-uagb-advanced-heading uagb-block-a3e4e806\"><h2 class=\"uagb-heading-text\">Unser Werdegang<\/h2><p class=\"uagb-desc-text\">Die Geschichte von CreamJet begann mit Neugier und Wissenschaft. In den fr\u00fchen 1980er Jahren arbeitete unser Berater, Herr Liu, am Beijing Gas Research Institute. Sein Fachwissen leitete sp\u00e4ter ein junges F&amp;E-Team im Jahr 2011 an, um neue Methoden zur Herstellung von N2O-Gas durch fortschrittliche thermische Zersetzung zu erforschen.<br\/>Bis Dezember 2017 hatten wir unsere erste Produktionsbasis aufgebaut. Heute betreiben wir 10 Produktionslinien und bedienen globale M\u00e4rkte mit Premium-Sahnekartuschen und N2O-Zylindern. Infolgedessen ist Yolotech zu einem wichtigen Lieferanten f\u00fcr Gastronomiebetriebe, Labore und Gro\u00dfh\u00e4ndler weltweit geworden.    <\/p><\/div>\n\n\n\n<div class=\"wp-block-uagb-container uagb-layout-grid uagb-block-3ba89de4\">\n<div class=\"wp-block-uagb-info-box uagb-block-fa00d0ac uagb-infobox__content-wrap  uagb-infobox-icon-above-title uagb-infobox-image-valign-top wp-block-uagb-info-box--has-margin\"><div class=\"uagb-infobox-margin-wrapper\"><div class=\"uagb-ifb-content\"><div class=\"uagb-ifb-icon-wrap\"><svg xmlns=\"https:\/\/www.w3.org\/2000\/svg\" viewbox=\"0 0 448 512\"><path d=\"M400 480H48c-26.4 0-48-21.6-48-48V80c0-26.4 21.6-48 48-48h352c26.4 0 48 21.6 48 48v352c0 26.4-21.6 48-48 48zM199.6 178.5c0-30.7-17.6-45.1-39.7-45.1-25.8 0-40 19.8-40 44.5v154.8c0 25.8 13.7 45.6 40.5 45.6 21.5 0 39.2-14 39.2-45.6v-41.8l60.6 75.7c12.3 14.9 39 16.8 55.8 0 14.6-15.1 14.8-36.8 4-50.4l-49.1-62.8 40.5-58.7c9.4-13.5 9.5-34.5-5.6-49.1-16.4-15.9-44.6-17.3-61.4 7l-44.8 64.7v-38.8z\"><\/path><\/svg><\/div><div class=\"uagb-ifb-title-wrap\"><h4 class=\"uagb-ifb-title\">Start<\/h4><\/div><p class=\"uagb-ifb-desc\">Fr\u00fche 1980er Jahre. Unser technischer Berater, Herr Liu, arbeitete am Beijing Gas Research Institute <\/p><\/div><\/div><\/div>\n\n\n\n<div class=\"wp-block-uagb-info-box uagb-block-af8a42c3 uagb-infobox__content-wrap  uagb-infobox-icon-above-title uagb-infobox-image-valign-top wp-block-uagb-info-box--has-margin\"><div class=\"uagb-infobox-margin-wrapper\"><div class=\"uagb-ifb-content\"><div class=\"uagb-ifb-icon-wrap\"><svg xmlns=\"https:\/\/www.w3.org\/2000\/svg\" viewbox=\"0 0 448 512\"><path d=\"M448 336v-288C448 21.49 426.5 0 400 0H96C42.98 0 0 42.98 0 96v320c0 53.02 42.98 96 96 96h320c17.67 0 32-14.33 32-31.1c0-11.72-6.607-21.52-16-27.1v-81.36C441.8 362.8 448 350.2 448 336zM143.1 128h192C344.8 128 352 135.2 352 144C352 152.8 344.8 160 336 160H143.1C135.2 160 128 152.8 128 144C128 135.2 135.2 128 143.1 128zM143.1 192h192C344.8 192 352 199.2 352 208C352 216.8 344.8 224 336 224H143.1C135.2 224 128 216.8 128 208C128 199.2 135.2 192 143.1 192zM384 448H96c-17.67 0-32-14.33-32-32c0-17.67 14.33-32 32-32h288V448z\"><\/path><\/svg><\/div><div class=\"uagb-ifb-title-wrap\"><h4 class=\"uagb-ifb-title\">Forschung zur Produktionslinie<\/h4><\/div><p class=\"uagb-ifb-desc\">Okt. 2011. Mit der Unterst\u00fctzung von Herrn Liu begann ein junges $\\text{F\\&amp;E}$-Team mit der Forschung an der Produktionslinie f\u00fcr N2O-Gas basierend auf der thermischen Zersetzung von Ammoniumnitrat. <\/p><\/div><\/div><\/div>\n\n\n\n<div class=\"wp-block-uagb-info-box uagb-block-fda31292 uagb-infobox__content-wrap  uagb-infobox-icon-above-title uagb-infobox-image-valign-top wp-block-uagb-info-box--has-margin\"><div class=\"uagb-infobox-margin-wrapper\"><div class=\"uagb-ifb-content\"><div class=\"uagb-ifb-icon-wrap\"><svg xmlns=\"https:\/\/www.w3.org\/2000\/svg\" viewbox=\"0 0 384 512\"><path d=\"M336 0C362.5 0 384 21.49 384 48V464C384 490.5 362.5 512 336 512H240V432C240 405.5 218.5 384 192 384C165.5 384 144 405.5 144 432V512H48C21.49 512 0 490.5 0 464V48C0 21.49 21.49 0 48 0H336zM64 272C64 280.8 71.16 288 80 288H112C120.8 288 128 280.8 128 272V240C128 231.2 120.8 224 112 224H80C71.16 224 64 231.2 64 240V272zM176 224C167.2 224 160 231.2 160 240V272C160 280.8 167.2 288 176 288H208C216.8 288 224 280.8 224 272V240C224 231.2 216.8 224 208 224H176zM256 272C256 280.8 263.2 288 272 288H304C312.8 288 320 280.8 320 272V240C320 231.2 312.8 224 304 224H272C263.2 224 256 231.2 256 240V272zM80 96C71.16 96 64 103.2 64 112V144C64 152.8 71.16 160 80 160H112C120.8 160 128 152.8 128 144V112C128 103.2 120.8 96 112 96H80zM160 144C160 152.8 167.2 160 176 160H208C216.8 160 224 152.8 224 144V112C224 103.2 216.8 96 208 96H176C167.2 96 160 103.2 160 112V144zM272 96C263.2 96 256 103.2 256 112V144C256 152.8 263.2 160 272 160H304C312.8 160 320 152.8 320 144V112C320 103.2 312.8 96 304 96H272z\"><\/path><\/svg><\/div><div class=\"uagb-ifb-title-wrap\"><h4 class=\"uagb-ifb-title\"><br\/><strong>Bau der Produktionsbasis<\/strong><\/h4><\/div><p class=\"uagb-ifb-desc\">Dez. 2017, bauten wir die 1. Produktionslinie.<\/p><\/div><\/div><\/div>\n\n\n\n<div class=\"wp-block-uagb-info-box uagb-block-58e06198 uagb-infobox__content-wrap  uagb-infobox-icon-above-title uagb-infobox-image-valign-top wp-block-uagb-info-box--has-margin\"><div class=\"uagb-infobox-margin-wrapper\"><div class=\"uagb-ifb-content\"><div class=\"uagb-ifb-icon-wrap\"><svg xmlns=\"https:\/\/www.w3.org\/2000\/svg\" viewbox=\"0 0 512 512\"><path d=\"M470.7 9.441C473.7 12.49 476 16 477.6 19.75C479.1 23.5 479.1 27.6 480 31.9V32V128C480 145.7 465.7 160 448 160C430.3 160 416 145.7 416 128V109.3L310.6 214.6C298.8 226.5 279.9 227.2 267.2 216.3L175.1 138.1L84.82 216.3C71.41 227.8 51.2 226.2 39.7 212.8C28.2 199.4 29.76 179.2 43.17 167.7L155.2 71.7C167.2 61.43 184.8 61.43 196.8 71.7L286.3 148.4L370.7 64H352C334.3 64 320 49.67 320 32C320 14.33 334.3 0 352 0H447.1C456.8 0 464.8 3.554 470.6 9.305L470.7 9.441zM0 304C0 277.5 21.49 256 48 256H464C490.5 256 512 277.5 512 304V464C512 490.5 490.5 512 464 512H48C21.49 512 0 490.5 0 464V304zM48 464H96C96 437.5 74.51 416 48 416V464zM48 304V352C74.51 352 96 330.5 96 304H48zM464 416C437.5 416 416 437.5 416 464H464V416zM416 304C416 330.5 437.5 352 464 352V304H416zM256 320C220.7 320 192 348.7 192 384C192 419.3 220.7 448 256 448C291.3 448 320 419.3 320 384C320 348.7 291.3 320 256 320z\"><\/path><\/svg><\/div><div class=\"uagb-ifb-title-wrap\"><h4 class=\"uagb-ifb-title\">Wichtiger Hersteller<\/h4><\/div><p class=\"uagb-ifb-desc\">Im Jahr 2023 verf\u00fcgen wir \u00fcber 10 Produktionslinien mit einer Leistung von 10.000 Tonnen. Wir haben automatische Linien f\u00fcr 8g Sahnekartuschen und 0,95L, 2,2L und 3,3L Zylinder. <\/p><\/div><\/div><\/div>\n<\/div>\n<\/div><\/div>\n\n<div class=\"wp-block-uagb-container uagb-layout-grid uagb-block-f078c05e alignfull uagb-is-root-container\"><div class=\"uagb-container-inner-blocks-wrap\">\n<div class=\"wp-block-uagb-advanced-heading uagb-block-51999f88\"><h2 class=\"uagb-heading-text\">Holen Sie sich noch heute die Sahnekartuschen-Zylinder zum besten Preis!<\/h2><\/div>\n\n\n\n<div class=\"wp-block-uagb-buttons uagb-buttons__outer-wrap uagb-btn__default-btn uagb-btn-tablet__default-btn uagb-btn-mobile__default-btn uagb-block-59a9eda1\"><div class=\"uagb-buttons__wrap uagb-buttons-layout-wrap \">\n<div class=\"wp-block-uagb-buttons-child uagb-buttons__outer-wrap uagb-block-7b8e4b74 wp-block-button\"><div class=\"uagb-button__wrapper\"><a class=\"uagb-buttons-repeater wp-block-button__link\" aria-label=\"\" href=\"shop-2\/\" rel=\"follow noopener\" target=\"_self\" role=\"button\"><div class=\"uagb-button__link\">JETZT KAUFEN<\/div><span class=\"uagb-button__icon uagb-button__icon-position-after\"><svg xmlns=\"https:\/\/www.w3.org\/2000\/svg\" viewbox=\"0 0 256 512\" aria-hidden=\"true\" focussable=\"false\"><path d=\"M64 448c-8.188 0-16.38-3.125-22.62-9.375c-12.5-12.5-12.5-32.75 0-45.25L178.8 256L41.38 118.6c-12.5-12.5-12.5-32.75 0-45.25s32.75-12.5 45.25 0l160 160c12.5 12.5 12.5 32.75 0 45.25l-160 160C80.38 444.9 72.19 448 64 448z\"><\/path><\/svg><\/span><\/a><\/div><\/div>\n<\/div><\/div>\n<\/div><\/div>\n\n<h4 class=\"wp-block-heading\" id=\"h-why-choose-yolotech-amp-creamjet\">Warum Yolotech &amp; CreamJet w\u00e4hlen?<\/h4>\n\n<ul class=\"wp-block-list\">\n<li>Vertrauensw\u00fcrdiger N2O-Gashersteller mit patentierter Technologie<\/li>\n\n\n\n<li>Breites Produktsortiment an Sahnekartuschen und Zylindern<\/li>\n\n\n\n<li>Internationale Zertifizierungen f\u00fcr Sicherheit und Qualit\u00e4t<\/li>\n\n\n\n<li>Exportnetzwerk, das Europa, Nordamerika und Asien erreicht. Wenn Sie nach &#8222;Sahnekartuschen in meiner N\u00e4he&#8220; suchen, ziehen Sie in Betracht, jetzt online zu bestellen. <\/li>\n<\/ul>\n\n<p>Dar\u00fcber hinaus ist unsere Mission einfach: reine, hochwertige und perfekte Sahnekartuschen zu liefern, die jedes Rezept aufwerten, von flauschigen Desserts bis hin zu kreativen Cocktails.<\/p>\n\n<div class=\"wp-block-uagb-container uagb-block-2feb6b2f alignfull uagb-is-root-container\">\n<div class=\"wp-block-uagb-image uagb-block-e9b32d74 wp-block-uagb-image--layout-default wp-block-uagb-image--effect-static wp-block-uagb-image--align-none\"><figure class=\"wp-block-uagb-image__figure\"><img loading=\"lazy\" decoding=\"async\" srcset=\"https:\/\/getcreamjet.com\/wp-content\/uploads\/2022\/06\/graphic05-free-img.png ,https:\/\/getcreamjet.com\/wp-content\/uploads\/2022\/06\/graphic05-free-img.png 780w, https:\/\/getcreamjet.com\/wp-content\/uploads\/2022\/06\/graphic05-free-img.png 360w\" sizes=\"auto, (max-width: 480px) 150px\" src=\"https:\/\/getcreamjet.com\/wp-content\/uploads\/2022\/06\/graphic05-free-img.png\" alt=\"\" class=\"uag-image-2571\" width=\"1929\" height=\"79\" title=\"graphic05-free-img\" loading=\"lazy\" role=\"img\"><\/figure><\/div>\n<\/div>\n\n<div class=\"wp-block-uagb-container uagb-layout-grid uagb-block-baca6a3d alignfull uagb-is-root-container\"><div class=\"uagb-container-inner-blocks-wrap\">\n<div class=\"wp-block-uagb-info-box uagb-block-cff3259d uagb-infobox__content-wrap  uagb-infobox-icon-above-title uagb-infobox-image-valign-top wp-block-uagb-info-box--has-margin\"><div class=\"uagb-infobox-margin-wrapper\"><div class=\"uagb-ifb-content\"><div class=\"uagb-ifb-image-content\"><img loading=\"lazy\" decoding=\"async\" src=\"https:\/\/getcreamjet.com\/wp-content\/uploads\/2020\/03\/globe-free-img.png\" alt=\"\" width=\"20\" height=\"20\" loading=\"lazy\"\/><\/div><div class=\"uagb-ifb-title-wrap\"><h4 class=\"uagb-ifb-title\">Weltweiter Versand<\/h4><\/div><p class=\"uagb-ifb-desc\">Wir liefern unsere Produkte schnell und zuverl\u00e4ssig in jeden Winkel der Welt.<\/p><\/div><\/div><\/div>\n\n\n\n<div class=\"wp-block-uagb-info-box uagb-block-5979dbc8 uagb-infobox__content-wrap  uagb-infobox-icon-above-title uagb-infobox-image-valign-top wp-block-uagb-info-box--has-margin\"><div class=\"uagb-infobox-margin-wrapper\"><div class=\"uagb-ifb-content\"><div class=\"uagb-ifb-image-content\"><img loading=\"lazy\" decoding=\"async\" src=\"https:\/\/getcreamjet.com\/wp-content\/uploads\/2020\/03\/quality-free-img.png\" alt=\"\" width=\"20\" height=\"20\" loading=\"lazy\"\/><\/div><div class=\"uagb-ifb-title-wrap\"><h4 class=\"uagb-ifb-title\">Beste Qualit\u00e4t<\/h4><\/div><p class=\"uagb-ifb-desc\">Mit Pr\u00e4zision gefertigt, um jederzeit reine, hochwertige und perfekte Leistung zu gew\u00e4hrleisten.<\/p><\/div><\/div><\/div>\n\n\n\n<div class=\"wp-block-uagb-info-box uagb-block-82cf9d53 uagb-infobox__content-wrap  uagb-infobox-icon-above-title uagb-infobox-image-valign-top wp-block-uagb-info-box--has-margin\"><div class=\"uagb-infobox-margin-wrapper\"><div class=\"uagb-ifb-content\"><div class=\"uagb-ifb-image-content\"><img loading=\"lazy\" decoding=\"async\" src=\"https:\/\/getcreamjet.com\/wp-content\/uploads\/2020\/03\/tag-free-img.png\" alt=\"\" width=\"20\" height=\"20\" loading=\"lazy\"\/><\/div><div class=\"uagb-ifb-title-wrap\"><h4 class=\"uagb-ifb-title\">Beste Angebote<\/h4><\/div><p class=\"uagb-ifb-desc\">Genie\u00dfen Sie die niedrigsten Preise und exklusive Angebote aus China und hergestellt in China.<\/p><\/div><\/div><\/div>\n\n\n\n<div class=\"wp-block-uagb-info-box uagb-block-aef228c5 uagb-infobox__content-wrap  uagb-infobox-icon-above-title uagb-infobox-image-valign-top wp-block-uagb-info-box--has-margin\"><div class=\"uagb-infobox-margin-wrapper\"><div class=\"uagb-ifb-content\"><div class=\"uagb-ifb-image-content\"><img loading=\"lazy\" decoding=\"async\" src=\"https:\/\/getcreamjet.com\/wp-content\/uploads\/2020\/03\/lock-free-img.png\" alt=\"\" width=\"20\" height=\"20\" loading=\"lazy\"\/><\/div><div class=\"uagb-ifb-title-wrap\"><h4 class=\"uagb-ifb-title\">Sichere Zahlungen<\/h4><\/div><p class=\"uagb-ifb-desc\">Kaufen Sie mit Vertrauen \u00fcber unsere sicheren und verschl\u00fcsselten Zahlungssysteme.<\/p><\/div><\/div><\/div>\n<\/div><\/div>\n\n<p><\/p>\n","protected":false},"excerpt":{"rendered":"<p>\u00dcber CreamJetPremium Lachgas-Hersteller Wir bei Yolotech Co., Ltd sind stolz darauf, einer der gr\u00f6\u00dften Hersteller von Sahnekartuschen und Anbieter von Lachgas in China zu sein. Seit unserer Gr\u00fcndung im Jahr 2017 sind wir zu einem vertrauensw\u00fcrdigen Partner f\u00fcr K\u00f6che, H\u00e4ndler und Industriekunden weltweit herangewachsen.Unsere Anlage arbeitet mit 10 vollautomatischen N2O-Produktionslinien und erreicht eine Jahreskapazit\u00e4t von [&hellip;]<\/p>\n","protected":false},"author":1,"featured_media":0,"parent":0,"menu_order":0,"comment_status":"closed","ping_status":"closed","template":"","meta":{"_uag_custom_page_level_css":"","site-sidebar-layout":"no-sidebar","site-content-layout":"plain-container","ast-site-content-layout":"full-width-container","site-content-style":"unboxed","site-sidebar-style":"unboxed","ast-global-header-display":"","ast-banner-title-visibility":"","ast-main-header-display":"","ast-hfb-above-header-display":"","ast-hfb-below-header-display":"","ast-hfb-mobile-header-display":"","site-post-title":"disabled","ast-breadcrumbs-content":"","ast-featured-img":"disabled","footer-sml-layout":"","ast-disable-related-posts":"","theme-transparent-header-meta":"enabled","adv-header-id-meta":"","stick-header-meta":"","header-above-stick-meta":"","header-main-stick-meta":"","header-below-stick-meta":"","astra-migrate-meta-layouts":"default","ast-page-background-enabled":"default","ast-page-background-meta":{"desktop":{"background-color":"","background-image":"","background-repeat":"repeat","background-position":"center center","background-size":"auto","background-attachment":"scroll","background-type":"","background-media":"","overlay-type":"","overlay-color":"","overlay-opacity":"","overlay-gradient":""},"tablet":{"background-color":"","background-image":"","background-repeat":"repeat","background-position":"center center","background-size":"auto","background-attachment":"scroll","background-type":"","background-media":"","overlay-type":"","overlay-color":"","overlay-opacity":"","overlay-gradient":""},"mobile":{"background-color":"","background-image":"","background-repeat":"repeat","background-position":"center center","background-size":"auto","background-attachment":"scroll","background-type":"","background-media":"","overlay-type":"","overlay-color":"","overlay-opacity":"","overlay-gradient":""}},"ast-content-background-meta":{"desktop":{"background-color":"var(--ast-global-color-5)","background-image":"","background-repeat":"repeat","background-position":"center center","background-size":"auto","background-attachment":"scroll","background-type":"","background-media":"","overlay-type":"","overlay-color":"","overlay-opacity":"","overlay-gradient":""},"tablet":{"background-color":"var(--ast-global-color-5)","background-image":"","background-repeat":"repeat","background-position":"center center","background-size":"auto","background-attachment":"scroll","background-type":"","background-media":"","overlay-type":"","overlay-color":"","overlay-opacity":"","overlay-gradient":""},"mobile":{"background-color":"var(--ast-global-color-5)","background-image":"","background-repeat":"repeat","background-position":"center center","background-size":"auto","background-attachment":"scroll","background-type":"","background-media":"","overlay-type":"","overlay-color":"","overlay-opacity":"","overlay-gradient":""}},"footnotes":""},"class_list":["post-4552","page","type-page","status-publish","hentry"],"_hostinger_reach_plugin_has_subscription_block":false,"_hostinger_reach_plugin_is_elementor":false,"uagb_featured_image_src":{"full":false,"thumbnail":false,"medium":false,"medium_large":false,"large":false,"1536x1536":false,"2048x2048":false,"woocommerce_thumbnail":false,"woocommerce_single":false,"woocommerce_gallery_thumbnail":false},"uagb_author_info":{"display_name":"Whipped Chief","author_link":"https:\/\/getcreamjet.com\/de\/author\/yuyuuyuuugmail-com\/"},"uagb_comment_info":0,"uagb_excerpt":"\u00dcber CreamJetPremium Lachgas-Hersteller Wir bei Yolotech Co., Ltd sind stolz darauf, einer der gr\u00f6\u00dften Hersteller von Sahnekartuschen und Anbieter von Lachgas in China zu sein. Seit unserer Gr\u00fcndung im Jahr 2017 sind wir zu einem vertrauensw\u00fcrdigen Partner f\u00fcr K\u00f6che, H\u00e4ndler und Industriekunden weltweit herangewachsen.Unsere Anlage arbeitet mit 10 vollautomatischen N2O-Produktionslinien und erreicht eine Jahreskapazit\u00e4t von&hellip;","_links":{"self":[{"href":"https:\/\/getcreamjet.com\/de\/wp-json\/wp\/v2\/pages\/4552","targetHints":{"allow":["GET"]}}],"collection":[{"href":"https:\/\/getcreamjet.com\/de\/wp-json\/wp\/v2\/pages"}],"about":[{"href":"https:\/\/getcreamjet.com\/de\/wp-json\/wp\/v2\/types\/page"}],"author":[{"embeddable":true,"href":"https:\/\/getcreamjet.com\/de\/wp-json\/wp\/v2\/users\/1"}],"replies":[{"embeddable":true,"href":"https:\/\/getcreamjet.com\/de\/wp-json\/wp\/v2\/comments?post=4552"}],"version-history":[{"count":1,"href":"https:\/\/getcreamjet.com\/de\/wp-json\/wp\/v2\/pages\/4552\/revisions"}],"predecessor-version":[{"id":4554,"href":"https:\/\/getcreamjet.com\/de\/wp-json\/wp\/v2\/pages\/4552\/revisions\/4554"}],"wp:attachment":[{"href":"https:\/\/getcreamjet.com\/de\/wp-json\/wp\/v2\/media?parent=4552"}],"curies":[{"name":"wp","href":"https:\/\/api.w.org\/{rel}","templated":true}]}}