{"id":4539,"date":"2025-08-19T13:50:53","date_gmt":"2025-08-19T13:50:53","guid":{"rendered":"https:\/\/getcreamjet.com\/kontakt\/"},"modified":"2025-11-11T01:42:01","modified_gmt":"2025-11-11T01:42:01","slug":"kontakt","status":"publish","type":"page","link":"https:\/\/getcreamjet.com\/de\/kontakt\/","title":{"rendered":"Kontakt"},"content":{"rendered":"\n<div class=\"wp-block-uagb-container uagb-block-5ee8ccc4 alignfull uagb-is-root-container\"><div class=\"uagb-container-inner-blocks-wrap\">\n<div class=\"wp-block-uagb-container uagb-block-1041cd37\">\n<div class=\"wp-block-uagb-info-box uagb-block-7b3c523d uagb-infobox__content-wrap  uagb-infobox-icon-above-title uagb-infobox-image-valign-top wp-block-uagb-info-box--has-margin\"><div class=\"uagb-infobox-margin-wrapper\"><div class=\"uagb-ifb-content\"><div class=\"uagb-ifb-title-wrap\"><h1 class=\"uagb-ifb-title\">CreamJet kontaktieren<\/h1><\/div><p class=\"uagb-ifb-desc\">Haben Sie Fragen zu unseren Premium-<a href=\"\/?product_cat=whipped-cream-chargers\">Sahnekartuschen<\/a>, &#8211;<a href=\"https:\/\/getcreamjet.com\/de\/produkt-kategorie\/sahnekartuschen-640g\/\">Kapseln<\/a>, &#8211;<a href=\"https:\/\/getcreamjet.com\/de\/produkt-kategorie\/lachgasflaschen-1364g\/\">Zylindern<\/a> oder -Spendern? Nehmen Sie noch heute Kontakt mit CreamJet auf! Wir sind hier, um Ihnen fachkundige Unterst\u00fctzung zu bieten und sicherzustellen, dass Sie die perfekten Ergebnisse f\u00fcr Ihre kulinarischen Kreationen erzielen. <br\/><br\/><br\/>Bitte rufen Sie uns an oder senden Sie uns eine E-Mail, besonders wenn Sie gr\u00f6\u00dfere Mengen auf Lager kaufen m\u00f6chten. Wir sind auf Gro\u00dfhandels-Palettenbestellungen spezialisiert und versenden in die gesamte EU und weltweit. <\/p><div class=\"uagb-ifb-separator\"><\/div><\/div><\/div><\/div>\n\n\n\n<h2>Andere M\u00f6glichkeiten, CreamJet zu kontaktieren<\/h2>\nEmail: <a href=\"mailto:sales@getcreamjet.com\">sales@getcreamjet.com<\/a>\nPhone: +1 \u202a(901) 878-0101\u202c \nAdresse: Albany NY 12205 (NY Lager)\n<\/div>\n\n\n\n<div class=\"wp-block-uagb-container uagb-block-c8ebcb52\">\n<div class=\"wp-block-uagb-advanced-heading uagb-block-5fc669a1\"><h3 class=\"uagb-heading-text\">Stellen Sie Ihre Fragen<\/h3><\/div>\n\n\n<style id=\"wpforms-css-vars-4494\">\n\t\t\t\t#wpforms-4494 {\n\t\t\t\t--wpforms-field-border-radius: 10px;\n--wpforms-field-border-color: #B7588A;\n--wpforms-field-border-color-spare: #B7588A;\n--wpforms-field-text-color: rgba(0, 0, 0, 0.7);\n--wpforms-label-color: rgba(0, 0, 0, 0.85);\n--wpforms-label-sublabel-color: rgba(0, 0, 0, 0.55);\n--wpforms-button-border-radius: 10px;\n--wpforms-button-background-color: #B7588A;\n--wpforms-background-color: rgba(0, 0, 0, 0);\n--wpforms-field-size-input-height: 43px;\n--wpforms-field-size-input-spacing: 15px;\n--wpforms-field-size-font-size: 16px;\n--wpforms-field-size-line-height: 19px;\n--wpforms-field-size-padding-h: 14px;\n--wpforms-field-size-checkbox-size: 16px;\n--wpforms-field-size-sublabel-spacing: 5px;\n--wpforms-field-size-icon-size: 1;\n--wpforms-label-size-font-size: 16px;\n--wpforms-label-size-line-height: 19px;\n--wpforms-label-size-sublabel-font-size: 14px;\n--wpforms-label-size-sublabel-line-height: 17px;\n--wpforms-button-size-font-size: 20px;\n--wpforms-button-size-height: 48px;\n--wpforms-button-size-padding-h: 20px;\n--wpforms-button-size-margin-top: 15px;\n--wpforms-container-shadow-size-box-shadow: none;\n\t\t\t}\n\t\t\t<\/style><div class=\"wpforms-container wpforms-container-full wpforms-render-modern\" id=\"wpforms-4494\"><form id=\"wpforms-form-4494\" class=\"wpforms-validate wpforms-form wpforms-ajax-form\" data-formid=\"4494\" method=\"post\" enctype=\"multipart\/form-data\" action=\"\/de\/wp-json\/wp\/v2\/pages\/4539\" data-token=\"be87e0c2587177202cfe252d41a8667a\" data-token-time=\"1778070780\"><noscript class=\"wpforms-error-noscript\">Bitte aktiviere JavaScript in deinem Browser, um dieses Formular fertigzustellen.<\/noscript><div id=\"wpforms-error-noscript\" style=\"display: none;\">Bitte aktiviere JavaScript in deinem Browser, um dieses Formular fertigzustellen.<\/div><div class=\"wpforms-field-container\">\t\t<div id=\"wpforms-4494-field_1-container\"\n\t\t\tclass=\"wpforms-field wpforms-field-text\"\n\t\t\tdata-field-type=\"text\"\n\t\t\tdata-field-id=\"1\"\n\t\t\t>\n\t\t\t<label class=\"wpforms-field-label\" for=\"wpforms-4494-field_1\" >Nachricht Betreff E-Mail<\/label>\n\t\t\t<input type=\"text\" id=\"wpforms-4494-field_1\" class=\"wpforms-field-medium\" name=\"wpforms[fields][1]\" >\n\t\t<\/div>\n\t\t<div id=\"wpforms-4494-field_14-container\" class=\"wpforms-field wpforms-field-text\" data-field-id=\"14\"><label class=\"wpforms-field-label\" for=\"wpforms-4494-field_14\">Betreff <span class=\"wpforms-required-label\" aria-hidden=\"true\">*<\/span><\/label><input type=\"text\" id=\"wpforms-4494-field_14\" class=\"wpforms-field-medium wpforms-field-required\" name=\"wpforms[fields][14]\" aria-errormessage=\"wpforms-4494-field_14-error\" required><\/div><div id=\"wpforms-4494-field_4-container\" class=\"wpforms-field wpforms-field-email\" data-field-id=\"4\"><label class=\"wpforms-field-label\" for=\"wpforms-4494-field_4\">E-Mail <span class=\"wpforms-required-label\" aria-hidden=\"true\">*<\/span><\/label><input type=\"email\" id=\"wpforms-4494-field_4\" class=\"wpforms-field-medium wpforms-field-required\" name=\"wpforms[fields][4]\" spellcheck=\"false\" aria-errormessage=\"wpforms-4494-field_4-error\" required><\/div><div id=\"wpforms-4494-field_15-container\" class=\"wpforms-field wpforms-field-textarea\" data-field-id=\"15\"><label class=\"wpforms-field-label\" for=\"wpforms-4494-field_15\">Nachricht <span class=\"wpforms-required-label\" aria-hidden=\"true\">*<\/span><\/label><textarea id=\"wpforms-4494-field_15\" class=\"wpforms-field-medium wpforms-field-required wpforms-limit-characters-enabled\" data-form-id=\"4494\" data-field-id=\"15\" data-text-limit=\"5000\" name=\"wpforms[fields][15]\" aria-errormessage=\"wpforms-4494-field_15-error\" maxlength=\"5000\" required><\/textarea><\/div><script>\n\t\t\t\t( function() {\n\t\t\t\t\tconst style = document.createElement( 'style' );\n\t\t\t\t\tstyle.appendChild( document.createTextNode( '#wpforms-4494-field_1-container { position: absolute !important; overflow: hidden !important; display: inline !important; height: 1px !important; width: 1px !important; z-index: -1000 !important; padding: 0 !important; } #wpforms-4494-field_1-container input { visibility: hidden; } #wpforms-conversational-form-page #wpforms-4494-field_1-container label { counter-increment: none; }' ) );\n\t\t\t\t\tdocument.head.appendChild( style );\n\t\t\t\t\tdocument.currentScript?.remove();\n\t\t\t\t} )();\n\t\t\t<\/script><\/div><!-- .wpforms-field-container --><div class=\"wpforms-submit-container\" ><input type=\"hidden\" name=\"wpforms[id]\" value=\"4494\"><input type=\"hidden\" name=\"page_title\" value=\"\"><input type=\"hidden\" name=\"page_url\" value=\"https:\/\/getcreamjet.com\/de\/wp-json\/wp\/v2\/pages\/4539\"><input type=\"hidden\" name=\"url_referer\" value=\"\"><button type=\"submit\" name=\"wpforms[submit]\" id=\"wpforms-submit-4494\" class=\"wpforms-submit\" data-alt-text=\"Wird gesendet...\" data-submit-text=\"Senden\" aria-live=\"assertive\" value=\"wpforms-submit\">Senden<\/button><img decoding=\"async\" src=\"https:\/\/getcreamjet.com\/wp-content\/plugins\/wpforms\/assets\/images\/submit-spin.svg\" class=\"wpforms-submit-spinner\" style=\"display: none;\" width=\"26\" height=\"26\" alt=\"Wird geladen\"><\/div><\/form><\/div>  <!-- .wpforms-container -->\n<\/div>\n<\/div><\/div>\n\n<div class=\"wp-block-uagb-separator uagb-block-77ed38e1\"><div class=\"wp-block-uagb-separator__inner\" style=\"--my-background-image:\"><\/div><\/div>\n\n<figure class=\"wp-block-image size-large\"><img fetchpriority=\"high\" decoding=\"async\" width=\"1024\" height=\"682\" src=\"https:\/\/getcreamjet.com\/wp-content\/uploads\/2025\/08\/white-mug-on-wooden-surface-1024x682.jpg\" alt=\"perfekt geschlagene Sahne auf dem Kaffee\" class=\"wp-image-3785\" srcset=\"https:\/\/getcreamjet.com\/wp-content\/uploads\/2025\/08\/white-mug-on-wooden-surface-1024x682.jpg 1024w, https:\/\/getcreamjet.com\/wp-content\/uploads\/2025\/08\/white-mug-on-wooden-surface-600x400.jpg 600w, https:\/\/getcreamjet.com\/wp-content\/uploads\/2025\/08\/white-mug-on-wooden-surface-300x200.jpg 300w, https:\/\/getcreamjet.com\/wp-content\/uploads\/2025\/08\/white-mug-on-wooden-surface-768x512.jpg 768w, https:\/\/getcreamjet.com\/wp-content\/uploads\/2025\/08\/white-mug-on-wooden-surface-1536x1024.jpg 1536w, https:\/\/getcreamjet.com\/wp-content\/uploads\/2025\/08\/white-mug-on-wooden-surface.jpg 2000w\" sizes=\"(max-width: 1024px) 100vw, 1024px\" \/><\/figure>\n\n<h2 class=\"wp-block-heading\" id=\"h-faqs\">H\u00e4ufig gestellte Fragen (FAQs)<\/h2>\n\n<ul class=\"wp-block-list\">\n<li><strong>F1: Sind Sie eine Fabrik oder ein Handelsunternehmen?<\/strong><br\/>A: CreamJet ist der weltweit f\u00fchrende Hersteller von Lachgas in Lebensmittelqualit\u00e4t und produziert 20.000 Tonnen pro Jahr. Hinsichtlich der Sicherheits- und Regulierungsstandards f\u00fcr Gase in Lebensmittelqualit\u00e4t k\u00f6nnen Sie sich <a href=\"https:\/\/www.efsa.europa.eu\">an die Europ\u00e4ische Beh\u00f6rde f\u00fcr Lebensmittelsicherheit (EFSA) wenden.<\/a> <\/li>\n\n\n\n<li><strong>F2: Wie lange dauert es, bis ich meine Bestellung erhalte?<\/strong><br\/>A: Online aufgegebene Bestellungen werden in der Regel innerhalb von 48 Stunden per FedEx oder anderen Expressdiensten versandt. Sie k\u00f6nnen Ihre Ware normalerweise innerhalb von 3-5 Werktagen erhalten. Internationale Versandrichtlinien finden <a href=\"https:\/\/www.fedex.com\/en-us\/shipping.html\">Sie im FedEx-Versandleitfaden.<\/a>  <\/li>\n\n\n\n<li>F3: Wo befinden sich Ihre Waren?<br\/>A: Wir haben Lager in Frankreich und den USA, und Ihre Bestellung wird vom n\u00e4chstgelegenen Lager versandt.<\/li>\n\n\n\n<li><strong>F4: Ist meine Zahlung sicher?<\/strong><br\/>A: Absolut. CreamJet verwendet sichere und gesetzeskonforme Zahlungssysteme, um Ihre Transaktionen zu sch\u00fctzen. Wir akzeptieren alle g\u00e4ngigen Kreditkarten, einschlie\u00dflich Visa und Mastercard.  <\/li>\n\n\n\n<li><strong>F5: Wie garantieren Sie die Produktqualit\u00e4t?<\/strong><br\/>A: Unser professionelles QC-Team inspiziert und testet t\u00e4glich jede Gascharge. Jede Sahnekartusche wird nach der Produktion einzeln getestet. <\/li>\n\n\n\n<li><strong>F6: Kann ich gro\u00dfe Mengen oder im Gro\u00dfhandel bestellen?<\/strong><br\/>A: Ja, Sie k\u00f6nnen mehr als einen Beh\u00e4lter bestellen. F\u00fcr Gro\u00dfhandelsanfragen wenden Sie sich bitte direkt an CreamJet. <\/li>\n\n\n\n<li><strong>F7: Kann ich ein CreamJet-Vertreter werden?<\/strong><br\/>A: Ja, wir begr\u00fc\u00dfen Vertreter und Partner in allen wichtigen M\u00e4rkten. Bitte f\u00fcllen Sie das <a href=\"https:\/\/getcreamjet.com\/de\/kontakt\/\">Kontaktformular aus.<\/a> <\/li>\n\n\n\n<li><strong>F8: Wie erhalte ich Unterst\u00fctzung f\u00fcr meine Bestellung?<\/strong><br\/>A: Bei allen Fragen zu Bestellungen, Versand oder Produkten steht Ihnen unser Kundensupport-Team gerne zur Verf\u00fcgung. Senden Sie eine E-Mail an <a href=\"mailto:sales@getcreamjet.com\">sales@getcreamjet.com<\/a> oder f\u00fcllen Sie das Kontaktformular aus. <\/li>\n<\/ul>\n\n<p><\/p>\n","protected":false},"excerpt":{"rendered":"<p>Andere M\u00f6glichkeiten, CreamJet zu kontaktieren Email: sales@getcreamjet.com Phone: +1 \u202a(901) 878-0101\u202c Adresse: Albany NY 12205 (NY Lager) Stellen Sie Ihre Fragen H\u00e4ufig gestellte Fragen (FAQs)<\/p>\n","protected":false},"author":1,"featured_media":0,"parent":0,"menu_order":0,"comment_status":"closed","ping_status":"closed","template":"","meta":{"_uag_custom_page_level_css":"","site-sidebar-layout":"no-sidebar","site-content-layout":"plain-container","ast-site-content-layout":"full-width-container","site-content-style":"unboxed","site-sidebar-style":"unboxed","ast-global-header-display":"","ast-banner-title-visibility":"","ast-main-header-display":"","ast-hfb-above-header-display":"","ast-hfb-below-header-display":"","ast-hfb-mobile-header-display":"","site-post-title":"disabled","ast-breadcrumbs-content":"","ast-featured-img":"disabled","footer-sml-layout":"","ast-disable-related-posts":"","theme-transparent-header-meta":"enabled","adv-header-id-meta":"","stick-header-meta":"","header-above-stick-meta":"","header-main-stick-meta":"","header-below-stick-meta":"","astra-migrate-meta-layouts":"default","ast-page-background-enabled":"default","ast-page-background-meta":{"desktop":{"background-color":"","background-image":"","background-repeat":"repeat","background-position":"center center","background-size":"auto","background-attachment":"scroll","background-type":"","background-media":"","overlay-type":"","overlay-color":"","overlay-opacity":"","overlay-gradient":""},"tablet":{"background-color":"","background-image":"","background-repeat":"repeat","background-position":"center center","background-size":"auto","background-attachment":"scroll","background-type":"","background-media":"","overlay-type":"","overlay-color":"","overlay-opacity":"","overlay-gradient":""},"mobile":{"background-color":"","background-image":"","background-repeat":"repeat","background-position":"center center","background-size":"auto","background-attachment":"scroll","background-type":"","background-media":"","overlay-type":"","overlay-color":"","overlay-opacity":"","overlay-gradient":""}},"ast-content-background-meta":{"desktop":{"background-color":"var(--ast-global-color-5)","background-image":"","background-repeat":"repeat","background-position":"center center","background-size":"auto","background-attachment":"scroll","background-type":"","background-media":"","overlay-type":"","overlay-color":"","overlay-opacity":"","overlay-gradient":""},"tablet":{"background-color":"var(--ast-global-color-5)","background-image":"","background-repeat":"repeat","background-position":"center center","background-size":"auto","background-attachment":"scroll","background-type":"","background-media":"","overlay-type":"","overlay-color":"","overlay-opacity":"","overlay-gradient":""},"mobile":{"background-color":"var(--ast-global-color-5)","background-image":"","background-repeat":"repeat","background-position":"center center","background-size":"auto","background-attachment":"scroll","background-type":"","background-media":"","overlay-type":"","overlay-color":"","overlay-opacity":"","overlay-gradient":""}},"footnotes":""},"class_list":["post-4539","page","type-page","status-publish","hentry"],"_hostinger_reach_plugin_has_subscription_block":false,"_hostinger_reach_plugin_is_elementor":false,"uagb_featured_image_src":{"full":false,"thumbnail":false,"medium":false,"medium_large":false,"large":false,"1536x1536":false,"2048x2048":false,"woocommerce_thumbnail":false,"woocommerce_single":false,"woocommerce_gallery_thumbnail":false},"uagb_author_info":{"display_name":"Whipped Chief","author_link":"https:\/\/getcreamjet.com\/de\/author\/yuyuuyuuugmail-com\/"},"uagb_comment_info":0,"uagb_excerpt":"Andere M\u00f6glichkeiten, CreamJet zu kontaktieren Email: sales@getcreamjet.com Phone: +1 \u202a(901) 878-0101\u202c Adresse: Albany NY 12205 (NY Lager) Stellen Sie Ihre Fragen H\u00e4ufig gestellte Fragen (FAQs)","_links":{"self":[{"href":"https:\/\/getcreamjet.com\/de\/wp-json\/wp\/v2\/pages\/4539","targetHints":{"allow":["GET"]}}],"collection":[{"href":"https:\/\/getcreamjet.com\/de\/wp-json\/wp\/v2\/pages"}],"about":[{"href":"https:\/\/getcreamjet.com\/de\/wp-json\/wp\/v2\/types\/page"}],"author":[{"embeddable":true,"href":"https:\/\/getcreamjet.com\/de\/wp-json\/wp\/v2\/users\/1"}],"replies":[{"embeddable":true,"href":"https:\/\/getcreamjet.com\/de\/wp-json\/wp\/v2\/comments?post=4539"}],"version-history":[{"count":1,"href":"https:\/\/getcreamjet.com\/de\/wp-json\/wp\/v2\/pages\/4539\/revisions"}],"predecessor-version":[{"id":4540,"href":"https:\/\/getcreamjet.com\/de\/wp-json\/wp\/v2\/pages\/4539\/revisions\/4540"}],"wp:attachment":[{"href":"https:\/\/getcreamjet.com\/de\/wp-json\/wp\/v2\/media?parent=4539"}],"curies":[{"name":"wp","href":"https:\/\/api.w.org\/{rel}","templated":true}]}}